{"id":8151,"date":"2024-06-08T16:42:13","date_gmt":"2024-06-08T14:42:13","guid":{"rendered":"http:\/\/agora-eoi.xtec.cat\/eoicalella\/?page_id=8151"},"modified":"2024-06-20T13:38:54","modified_gmt":"2024-06-20T11:38:54","slug":"cursos-oficials","status":"publish","type":"page","link":"https:\/\/agora-eoi.xtec.cat\/eoicalella\/cursos\/cursos-oficials\/","title":{"rendered":"Cursos Oficials"},"content":{"rendered":"<p><strong>DURADA DEL CURS<\/strong><\/p>\n<p>En aquesta EOI s&#8217;imparteixen els idiomes d&#8217;<strong>alemany,<\/strong> <strong>angl\u00e8s<\/strong> i<strong>\u00a0rus<\/strong>.<\/p>\n<p>Modalitat d&#8217;horari: curs extensiu<\/p>\n<p><strong>La matr\u00edcula oficial<\/strong> d\u00f3na dret a assistir com a m\u00ednim a <strong>130 hores de classe<\/strong> per curs i als ex\u00e0mens corresponents.<\/p>\n<p>L&#8217;EOI de Calella imparteix <strong>el curs oficial extensiu en horari altern<\/strong>, classes de dues hores i vint minuts en dies alterns (dilluns i dimecres o dimarts i dijous).<\/p>\n<ul>\n<li><strong>GRUPS A: <\/strong>dilluns i dimecres<\/li>\n<li><strong>GRUPS B:<\/strong> dimarts i dijous<\/li>\n<\/ul>\n<p><strong>HORARI DE CLASSE<\/strong><\/p>\n<p>Totes les classes es fan en horari de tarda-vespre.<br \/>\nLa franja hor\u00e0ria de classe \u00e9s de 16.00 a 21.00 hores.<\/p>\n<p><strong>PROGRAMA D&#8217;ESTUDIS<\/strong><\/p>\n<p>La LOMCE estableix una nova ordenaci\u00f3 del programa d\u2019estudis de les escoles oficials d\u2019idiomes, que queda dividit en tres nivells, que corresponen als nivells definits en el MECR (Marc europeu com\u00fa de refer\u00e8ncia per a les lleng\u00fces).<\/p>\n<p>Els ensenyaments especialitzats d&#8217;idiomes s&#8217;imparteixen en 6 cursos:<\/p>\n<ul>\n<li><strong>Nivell B\u00e0sic:<\/strong> de 2 cursos<\/li>\n<li><strong>Nivell Intermedi<\/strong><strong>:<\/strong> de 3 cursos<\/li>\n<li><strong>Nivell Avan\u00e7at<\/strong><strong>:<\/strong> de 3 cursos<\/li>\n<\/ul>\n<table style=\"height: 238px; width: 581px;\" border=\"1\" cellspacing=\"1\" cellpadding=\"1\">\n<tbody>\n<tr style=\"height: 30px;\">\n<td style=\"height: 30px; width: 80px;\"><strong>CURSOS<\/strong><\/td>\n<td style=\"width: 157px;\"><strong>CERTIFICACI\u00d3<\/strong><\/td>\n<td style=\"height: 30px; width: 159px;\"><strong>NIVELL<\/strong><\/td>\n<td style=\"height: 30px; width: 178px;\"><strong>EQUIVAL\u00c8NCIA MECR<\/strong><\/td>\n<\/tr>\n<tr style=\"height: 30px;\">\n<td style=\"height: 30px; width: 80px;\"><strong>A1<\/strong><\/td>\n<td style=\"width: 157px;\"><\/td>\n<td style=\"height: 60px; width: 159px;\" rowspan=\"2\">NIVELL B\u00c0SIC<\/td>\n<td style=\"height: 30px; width: 178px;\">A1<\/td>\n<\/tr>\n<tr style=\"height: 30px;\">\n<td style=\"height: 30px; width: 80px;\"><strong>A2<\/strong><\/td>\n<td style=\"width: 157px;\">Certificat de Nivell A2<\/td>\n<td style=\"height: 30px; width: 178px;\">A2<\/td>\n<\/tr>\n<tr style=\"height: 30px;\">\n<td style=\"height: 30px; width: 80px;\"><strong>B1<\/strong><\/td>\n<td style=\"width: 157px;\">Certificat de Nivell B1<\/td>\n<td style=\"height: 90px; width: 159px;\" rowspan=\"3\">NIVELL INTERMEDI<\/td>\n<td style=\"height: 30px; width: 178px;\">B1<\/td>\n<\/tr>\n<tr style=\"height: 30px;\">\n<td style=\"height: 30px; width: 80px;\"><strong>B2.1<\/strong><\/td>\n<td style=\"width: 157px;\"><\/td>\n<td style=\"height: 60px; width: 178px;\" rowspan=\"2\">B2<\/td>\n<\/tr>\n<tr style=\"height: 30px;\">\n<td style=\"height: 30px; width: 80px;\"><strong>B2.2<\/strong><\/td>\n<td style=\"width: 157px;\">Certificat de Nivell B2<\/td>\n<\/tr>\n<tr style=\"height: 30px;\">\n<td style=\"height: 30px; width: 80px;\"><strong>C1<\/strong><\/td>\n<td style=\"width: 157px;\">Certificat de Nivell C1<\/td>\n<td style=\"height: 58px; width: 159px;\" rowspan=\"3\">NIVELL AVAN\u00c7AT<\/td>\n<td style=\"height: 30px; width: 178px;\">C1<\/td>\n<\/tr>\n<tr style=\"height: 28px;\">\n<td style=\"height: 28px; width: 80px;\"><strong>C2.1<\/strong><\/td>\n<td style=\"width: 157px;\"><\/td>\n<td style=\"height: 28px; width: 178px;\" rowspan=\"2\">C2<\/td>\n<\/tr>\n<tr>\n<td style=\"width: 80px;\"><strong>C2.2<\/strong><\/td>\n<td style=\"width: 157px;\">Certificat de Nivell C2<\/td>\n<\/tr>\n<\/tbody>\n<\/table>\n<p>Al final del nivell intermedi B1, intermedi B2, Avan\u00e7at C1 i Avan\u00e7at C2\u00a0 els alumnes han de superar una prova de certificat, dissenyada des del Centre de Recursos de Lleng\u00fces Estrangeres del Departament d&#8217;Ensenyament de la Generalitat (\u00c0rea de Certificacions), amb uns criteris unificats per a tota Catalunya. (<a href=\"http:\/\/educacio.gencat.cat\/ca\/serveis-tramits\/proves\/proves-lliures-obtencio-titols\/convocat-ordinaria-idiomes\/\">m\u00e9s informaci\u00f3<\/a>)<\/p>\n<p>&nbsp;<\/p>\n<p><strong>PLA D&#8217;ESTUDIS<\/strong><\/p>\n<p>El pla d&#8217;estudis de les EOI desenvolupa la finalitat dels ensenyaments d&#8217;idiomes que s&#8217;hi imparteixen, que \u00e9s la capacitat de l&#8217;alumnat en l&#8217;\u00fas efectiu de l&#8217;idioma com a vehicle de comunicaci\u00f3 general.<\/p>\n<p>Per assolir aquesta finalitat, a les EOI es treballa per tal que l&#8217;alumnat:<\/p>\n<ul>\n<li>Adquireixi les habilitats b\u00e0siques receptives i productives, tant del llenguatge oral com de l&#8217;escrit;<\/li>\n<li>Desenvolupi estrat\u00e8gies comunicatives en diferents \u00e0rees de comunicaci\u00f3;<\/li>\n<li>Desenvolupi estrat\u00e8gies per a l&#8217;aprenentatge aut\u00f2nom i continu de lleng\u00fces, que puguin facilitar l&#8217;\u00fas de l&#8217;idioma en l&#8217;exercici d&#8217;activitats professionals i en altres \u00e0mbits de la cultura o d&#8217;inter\u00e8s personal;<\/li>\n<li>Desenvolupi actituds positives envers la diversitat ling\u00fc\u00edstica i el pluralisme cultural del m\u00f3n actual.<\/li>\n<\/ul>\n<p><strong>CURSOS I GRUPS PER IDIOMA I NIVELL<\/strong><\/p>\n<p>Cursos i grups per idioma i nivell &#8211; curs 2024-2025<\/p>\n<table style=\"width: 59.1666%; height: 207px;\" border=\"1\" cellspacing=\"1\" cellpadding=\"1\">\n<tbody>\n<tr style=\"height: 47px;\">\n<td style=\"width: 9.63855%; height: 47px;\"><\/td>\n<td style=\"width: 13.012%; height: 47px;\" colspan=\"2\"><strong>NIVELL B\u00c0SIC<\/strong><\/td>\n<td style=\"width: 14.4578%; height: 47px;\"><strong>NIVELL INTERMEDI B1<\/strong><\/td>\n<td style=\"width: 19.1567%; height: 47px;\" colspan=\"2\"><strong>NIVELL\u00a0 \u00a0 \u00a0 \u00a0 \u00a0 \u00a0 <\/strong><strong>INTERMEDI B2<\/strong><\/td>\n<td style=\"width: 15.6626%; height: 47px;\"><strong>NIVELL AVAN\u00c7AT C1<\/strong><\/td>\n<td style=\"width: 16.6913%; height: 47px;\" colspan=\"2\"><strong>NIVELL AVAN\u00c7AT C2<\/strong><br \/>\n<strong><br \/>\n<\/strong><\/td>\n<\/tr>\n<tr style=\"height: 32px;\">\n<td style=\"width: 9.63855%; height: 32px;\"><strong>CURSOS<\/strong><\/td>\n<td style=\"width: 6.50602%; height: 32px;\"><strong>A1<\/strong><\/td>\n<td style=\"width: 6.50602%; height: 32px;\"><strong>A2<\/strong><\/td>\n<td style=\"width: 14.4578%; height: 32px;\"><strong>B1<\/strong><\/td>\n<td style=\"width: 10.3615%; height: 32px;\"><strong>B2.1<\/strong><\/td>\n<td style=\"width: 8.79519%; height: 32px;\"><strong>B2.1<\/strong><\/td>\n<td style=\"width: 15.6626%; height: 32px;\"><strong>C1<\/strong><\/td>\n<td style=\"width: 7.97023%; height: 32px;\"><strong>C2.1<\/strong><\/td>\n<td style=\"width: 8.72104%;\"><strong>C2.2<\/strong><\/td>\n<\/tr>\n<tr style=\"height: 32px;\">\n<td style=\"width: 9.63855%; height: 32px;\"><strong>Idioma<\/strong><\/td>\n<td style=\"height: 32px; text-align: center; width: 70.2594%;\" colspan=\"7\"><strong>Grups per nivells<\/strong><strong><br \/>\n<\/strong><\/td>\n<td style=\"width: 8.72104%; text-align: center;\"><strong>\u00a0<\/strong><\/td>\n<\/tr>\n<tr style=\"height: 32px;\">\n<td style=\"width: 9.63855%; height: 32px;\">Alemany<\/td>\n<td style=\"width: 6.50602%; height: 32px;\">2<\/td>\n<td style=\"width: 6.50602%; height: 32px;\">2<\/td>\n<td style=\"width: 14.4578%; height: 32px;\">1<\/td>\n<td style=\"width: 10.3615%; height: 32px;\">&#8211;<\/td>\n<td style=\"width: 8.79519%; height: 32px;\">&#8211;<\/td>\n<td style=\"width: 15.6626%; height: 32px;\">&#8211;<\/td>\n<td style=\"width: 7.97023%; height: 32px;\">&#8211;<\/td>\n<td style=\"width: 8.72104%;\"><\/td>\n<\/tr>\n<tr style=\"height: 32px;\">\n<td style=\"width: 9.63855%; height: 32px;\">Angl\u00e8s<\/td>\n<td style=\"width: 6.50602%; height: 32px;\">1<\/td>\n<td style=\"width: 6.50602%; height: 32px;\">1<\/td>\n<td style=\"width: 14.4578%; height: 32px;\">2<\/td>\n<td style=\"width: 10.3615%; height: 32px;\">2<\/td>\n<td style=\"width: 8.79519%; height: 32px;\">2<\/td>\n<td style=\"width: 15.6626%; height: 32px;\">2<\/td>\n<td style=\"width: 7.97023%; height: 32px;\">1<\/td>\n<td style=\"width: 8.72104%;\">1<\/td>\n<\/tr>\n<tr style=\"height: 32px;\">\n<td style=\"width: 9.63855%; height: 32px;\">Rus<\/td>\n<td style=\"width: 6.50602%; height: 32px;\">&#8211;<\/td>\n<td style=\"width: 6.50602%; height: 32px;\">1<\/td>\n<td style=\"width: 14.4578%; height: 32px;\">1<\/td>\n<td style=\"width: 10.3615%; height: 32px;\">&#8211;<\/td>\n<td style=\"width: 8.79519%; height: 32px;\">&#8211;<\/td>\n<td style=\"width: 15.6626%; height: 32px;\">&#8211;<\/td>\n<td style=\"width: 7.97023%; height: 32px;\">&#8211;<\/td>\n<td style=\"width: 8.72104%;\"><\/td>\n<\/tr>\n<\/tbody>\n<\/table>\n","protected":false},"excerpt":{"rendered":"<p>DURADA DEL CURS<br \/>\nEn aquesta EOI s&#8217;imparteixen els idiomes d&#8217;alemany, angl\u00e8s i\u00a0rus.<br \/>\nModalitat d&#8217;horari: curs extensiu<br \/>\nLa matr\u00edcula oficial d\u00f3na dret a assistir com a m\u00ednim a 130 hores de classe per curs i als ex\u00e0mens corresponents.<br \/>\nL&#8217;EOI de Calella imparteix el curs oficial extensiu en horari altern, classes&hellip;  <a href=\"https:\/\/agora-eoi.xtec.cat\/eoicalella\/cursos\/cursos-oficials\/\" title=\"Read Cursos Oficials\">Llegeix m\u00e9s\u00bb<\/a><\/p>\n","protected":false},"author":1,"featured_media":0,"parent":8149,"menu_order":10,"comment_status":"closed","ping_status":"closed","template":"page-templates\/side-menu.php","meta":{"_bbp_topic_count":0,"_bbp_reply_count":0,"_bbp_total_topic_count":0,"_bbp_total_reply_count":0,"_bbp_voice_count":0,"_bbp_anonymous_reply_count":0,"_bbp_topic_count_hidden":0,"_bbp_reply_count_hidden":0,"_bbp_forum_subforum_count":0,"footnotes":""},"class_list":["post-8151","page","type-page","status-publish","hentry"],"post_mailing_queue_ids":[],"_links":{"self":[{"href":"https:\/\/agora-eoi.xtec.cat\/eoicalella\/wp-json\/wp\/v2\/pages\/8151","targetHints":{"allow":["GET"]}}],"collection":[{"href":"https:\/\/agora-eoi.xtec.cat\/eoicalella\/wp-json\/wp\/v2\/pages"}],"about":[{"href":"https:\/\/agora-eoi.xtec.cat\/eoicalella\/wp-json\/wp\/v2\/types\/page"}],"author":[{"embeddable":true,"href":"https:\/\/agora-eoi.xtec.cat\/eoicalella\/wp-json\/wp\/v2\/users\/1"}],"replies":[{"embeddable":true,"href":"https:\/\/agora-eoi.xtec.cat\/eoicalella\/wp-json\/wp\/v2\/comments?post=8151"}],"version-history":[{"count":4,"href":"https:\/\/agora-eoi.xtec.cat\/eoicalella\/wp-json\/wp\/v2\/pages\/8151\/revisions"}],"predecessor-version":[{"id":10809,"href":"https:\/\/agora-eoi.xtec.cat\/eoicalella\/wp-json\/wp\/v2\/pages\/8151\/revisions\/10809"}],"up":[{"embeddable":true,"href":"https:\/\/agora-eoi.xtec.cat\/eoicalella\/wp-json\/wp\/v2\/pages\/8149"}],"wp:attachment":[{"href":"https:\/\/agora-eoi.xtec.cat\/eoicalella\/wp-json\/wp\/v2\/media?parent=8151"}],"curies":[{"name":"wp","href":"https:\/\/api.w.org\/{rel}","templated":true}]}}