{"id":797,"date":"2023-09-28T21:06:57","date_gmt":"2023-09-28T19:06:57","guid":{"rendered":"http:\/\/agora-eoi.xtec.cat\/eoicalella\/?page_id=797"},"modified":"2023-10-02T14:15:23","modified_gmt":"2023-10-02T12:15:23","slug":"presentacio","status":"publish","type":"page","link":"https:\/\/agora-eoi.xtec.cat\/eoicalella\/el-servei-educatiu\/presentacio\/","title":{"rendered":"Presentaci\u00f3"},"content":{"rendered":"<p>L&#8217;<strong>Escola Oficial d&#8217;Idiomes de Calella<\/strong>\u00a0es va inaugurar el setembre de 2013 per iniciativa del Departament d&#8217;Ensenyament de la Generalitat de Catalunya. \u00c9s un centre p\u00fablic, no universitari, d&#8217;ensenyament d&#8217;idiomes modern que imparteix els ensenyaments especialitzats regulats per la Llei org\u00e0nica d&#8217;educaci\u00f3 (LOE).<\/p>\n<p>Les escoles oficials d&#8217;idiomes tamb\u00e9 gestionen les certificacions acad\u00e8miques corresponents a aquests ensenyaments especialitzats. <strong>Aquestes certificacions s\u00f3n reconegudes arreu de l&#8217;Estat espanyol, s\u00f3n les \u00faniques oficials<\/strong>, estan validades pel Consell d&#8217;Europa per mitj\u00e0 del Marc Europeu de Refer\u00e8ncia i es poden obtenir tant en convocat\u00f2ria oficial, com en convocat\u00f2ria lliure.<\/p>\n<p><strong>Marc legal<br \/>\n<\/strong>Els ensenyaments de les EOI a Catalunya s&#8217;inscriuen en el marc legal administratiu establert en els seg\u00fcents documents:<\/p>\n<ul>\n<li>La Llei Org\u00e0nica 2\/2006, de 3 de maig, d\u2019Educaci\u00f3 en el seu article 59.1 estableix que els ensenyaments del nivell B\u00e0sic tindran les caracter\u00edstiques i l&#8217;organitzaci\u00f3 que les administracions educatives determinin.<\/li>\n<li>El Reial Decret 1041\/2017, de 22 de desembre, estableix el curr\u00edculum b\u00e0sic dels nivells Intermedi B1, Intermedi B2, Avan\u00e7at C1 i Avan\u00e7at C2 dels ensenyaments d&#8217;idiomes de r\u00e8gim especial regulats per la Llei Org\u00e0nica 2\/2006, de 3 de maig, d&#8217;educaci\u00f3.<\/li>\n<li><strong>Els curr\u00edculums dels nivells Intermedi B1 i Intermedi B2 es poden trobar al\u00a0<a title=\"DECRET 45\/2022, de 15 de mar\u00e7\" href=\"https:\/\/dogc.gencat.cat\/ca\/document-del-dogc\/?documentId=923138\" target=\"_blank\" rel=\"noopener\">DECRET 45\/2022, de 15 de mar\u00e7<\/a><\/strong>,\u00a0<strong>pel qual s&#8217;estableix l&#8217;ordenaci\u00f3 dels ensenyaments d&#8217;idiomes de r\u00e8gim especial i el curr\u00edculum del nivell Intermedi de diversos idiomes.<\/strong><\/li>\n<li><strong>Els curr\u00edculums dels nivells B\u00e0sic i Avan\u00e7at es poden trobar al\u00a0<a title=\"https:\/\/dogc.gencat.cat\/ca\/document-del-dogc\/?documentId=940619\" href=\"https:\/\/dogc.gencat.cat\/ca\/document-del-dogc\/?documentId=940619\" target=\"_blank\" rel=\"noopener noreferrer\" data-saferedirecturl=\"https:\/\/www.google.com\/url?q=https:\/\/dogc.gencat.cat\/ca\/document-del-dogc\/?documentId%3D940619&amp;source=gmail&amp;ust=1666684254503000&amp;usg=AOvVaw2B3lpF2qUku3nrE3kwFQ3X\">DECRET 243\/2022, de 18 d&#8217;octubre<\/a>,\u00a0pel qual s&#8217;estableixen els curr\u00edculums del nivell\u00a0B\u00e0sic (A2) i del nivell Avan\u00e7at (C1 i C2)\u00a0de diversos idiomes.<\/strong><\/li>\n<\/ul>\n<p>Tant el curr\u00edculum LOE com el curr\u00edculum LOMCE segueixen les recomanacions del Consell d\u2019Europa tal com es concreten en el Marc Europeu Com\u00fa de Refer\u00e8ncia per a les Lleng\u00fces.<\/p>\n<ul>\n<li><a href=\"http:\/\/xtec.gencat.cat\/ca\/curriculum\/idiomes\/certificats\/\" target=\"_blank\" rel=\"noopener noreferrer\">El Marc europeu com\u00fa de refer\u00e8ncia a les EOIs de Catalunya<\/a><\/li>\n<li><a href=\"http:\/\/www.coe.int\/en\/web\/portfolio\" target=\"_blank\" rel=\"noopener noreferrer\">European Language Portfolio<\/a><\/li>\n<li><a href=\"http:\/\/www.ecml.at\/mtp2\/fte\/pdf\/C3_Epostl_E.pdf\" target=\"_blank\" rel=\"noopener noreferrer\">Portfolio per als professors d&#8217;idiomes<\/a><\/li>\n<li><a href=\"http:\/\/www.coe.int\/t\/dg4\/linguistic\/Manuel1_EN.asp#TopOfPage\" target=\"_blank\" rel=\"noopener noreferrer\">Manual per a relacionar ex\u00e0mens amb el Marc Com\u00fa de Refer\u00e8ncia<\/a><\/li>\n<\/ul>\n<p><strong>M\u00e9s informaci\u00f3<\/strong><\/p>\n<ul>\n<li><a href=\"https:\/\/triaeducativa.gencat.cat\/ca\/idiomes-eoi\/\">Generalitat de Catalunya. Tria Educativa. Idiomes (EOI)<\/a><\/li>\n<\/ul>\n","protected":false},"excerpt":{"rendered":"<p>L&#8217;Escola Oficial d&#8217;Idiomes de Calella\u00a0es va inaugurar el setembre de 2013 per iniciativa del Departament d&#8217;Ensenyament de la Generalitat de Catalunya. \u00c9s un centre p\u00fablic, no universitari, d&#8217;ensenyament d&#8217;idiomes modern que imparteix els ensenyaments especialitzats regulats per la Llei org\u00e0nica d&#8217;educaci\u00f3 (LOE).<br \/>\nLes escoles oficials d&#8217;idiomes&hellip;  <a href=\"https:\/\/agora-eoi.xtec.cat\/eoicalella\/el-servei-educatiu\/presentacio\/\" title=\"Read Presentaci\u00f3\">Llegeix m\u00e9s\u00bb<\/a><\/p>\n","protected":false},"author":1,"featured_media":0,"parent":806,"menu_order":10,"comment_status":"closed","ping_status":"closed","template":"page-templates\/side-menu.php","meta":{"_bbp_topic_count":0,"_bbp_reply_count":0,"_bbp_total_topic_count":0,"_bbp_total_reply_count":0,"_bbp_voice_count":0,"_bbp_anonymous_reply_count":0,"_bbp_topic_count_hidden":0,"_bbp_reply_count_hidden":0,"_bbp_forum_subforum_count":0,"footnotes":""},"class_list":["post-797","page","type-page","status-publish","hentry"],"post_mailing_queue_ids":[],"_links":{"self":[{"href":"https:\/\/agora-eoi.xtec.cat\/eoicalella\/wp-json\/wp\/v2\/pages\/797","targetHints":{"allow":["GET"]}}],"collection":[{"href":"https:\/\/agora-eoi.xtec.cat\/eoicalella\/wp-json\/wp\/v2\/pages"}],"about":[{"href":"https:\/\/agora-eoi.xtec.cat\/eoicalella\/wp-json\/wp\/v2\/types\/page"}],"author":[{"embeddable":true,"href":"https:\/\/agora-eoi.xtec.cat\/eoicalella\/wp-json\/wp\/v2\/users\/1"}],"replies":[{"embeddable":true,"href":"https:\/\/agora-eoi.xtec.cat\/eoicalella\/wp-json\/wp\/v2\/comments?post=797"}],"version-history":[{"count":4,"href":"https:\/\/agora-eoi.xtec.cat\/eoicalella\/wp-json\/wp\/v2\/pages\/797\/revisions"}],"predecessor-version":[{"id":10724,"href":"https:\/\/agora-eoi.xtec.cat\/eoicalella\/wp-json\/wp\/v2\/pages\/797\/revisions\/10724"}],"up":[{"embeddable":true,"href":"https:\/\/agora-eoi.xtec.cat\/eoicalella\/wp-json\/wp\/v2\/pages\/806"}],"wp:attachment":[{"href":"https:\/\/agora-eoi.xtec.cat\/eoicalella\/wp-json\/wp\/v2\/media?parent=797"}],"curies":[{"name":"wp","href":"https:\/\/api.w.org\/{rel}","templated":true}]}}