{"id":608,"date":"2025-06-09T10:04:51","date_gmt":"2025-06-09T08:04:51","guid":{"rendered":"http:\/\/agora-eoi.xtec.cat\/eoicalella\/?page_id=608"},"modified":"2025-06-09T15:09:45","modified_gmt":"2025-06-09T13:09:45","slug":"horari-i-calendari","status":"publish","type":"page","link":"https:\/\/agora-eoi.xtec.cat\/eoicalella\/el-servei-educatiu\/horari-i-calendari\/","title":{"rendered":"Horari i calendari"},"content":{"rendered":"<table style=\"border-collapse: collapse; width: 100%;\">\n<tbody>\n<tr>\n<td style=\"width: 50%;\">\n<h2 style=\"text-align: center;\"><a href=\"https:\/\/drive.google.com\/file\/d\/18eIMKqXx2HtTFw1QatWeKotRncRR-3Wa\/view?usp=drive_link\"><strong>CALENDARI 2025-2026<\/strong><\/a><\/h2>\n<p><a href=\"https:\/\/agora-eoi.xtec.cat\/eoicalella\/wp-content\/uploads\/usu2256\/2025\/06\/calendari_2526.png\"><img loading=\"lazy\" decoding=\"async\" class=\"alignright size-full wp-image-11015\" src=\"https:\/\/agora-eoi.xtec.cat\/eoicalella\/wp-content\/uploads\/usu2256\/2025\/06\/calendari_2526.png\" alt=\"\" width=\"572\" height=\"593\" srcset=\"https:\/\/agora-eoi.xtec.cat\/eoicalella\/wp-content\/uploads\/usu2256\/2025\/06\/calendari_2526.png 572w, https:\/\/agora-eoi.xtec.cat\/eoicalella\/wp-content\/uploads\/usu2256\/2025\/06\/calendari_2526-289x300.png 289w\" sizes=\"auto, (max-width: 572px) 100vw, 572px\" \/><\/a><\/td>\n<td style=\"width: 50%;\">\n<h3><strong>HORARI D&#8217;OBERTURA DEL CENTRE 2025-2026<\/strong><\/h3>\n<ul>\n<li>De dilluns a dijous\u00a0de<strong> 15<\/strong>\u00a0a <strong>21<\/strong>\u00a0h<\/li>\n<li>Divendres de<strong>\u00a010<\/strong>\u00a0a <strong>14 <\/strong>h<\/li>\n<li>Durant el m\u00e9s de <strong>juliol<\/strong> l&#8217;horari ser\u00e0 de dilluns a divendres de\u00a0<strong>9.30<\/strong> a <strong>13.30<\/strong>\u00a0h<\/li>\n<\/ul>\n<p>L&#8217;escola\u00a0romandr\u00e0 tancat al p\u00fablic, a part dels per\u00edodes de vacances escolars i dels dies de festes laborals oficials a Catalunya, els seg\u00fcents dies de festa local i de lliure disposici\u00f3, acordats pel Consell Escolar del centre: (per consultar el calendari escolar complet, <a href=\"https:\/\/drive.google.com\/file\/d\/18eIMKqXx2HtTFw1QatWeKotRncRR-3Wa\/view?usp=drive_link\"><strong>aneu aqu\u00ed<\/strong><\/a>)<\/p>\n<ul>\n<li>11 de setembre de 2025 (festa nacional)<\/li>\n<li>23 de setembre de 2025 (festa local de Calella)<\/li>\n<li>3 de novembre de 2025 (dia de lliure disposici\u00f3)<\/li>\n<li>8 de desembre de 2025 (festa nacional)<\/li>\n<li>9 de desembre de 2025 (dia de lliure disposici\u00f3)<\/li>\n<li>16 de febrer de 2026 (dia de lliure disposici\u00f3)<\/li>\n<li>30 d&#8217;abril de 2026 (dia de lliure disposici\u00f3)<\/li>\n<li>1 de maig de 2025 (festa nacional)<\/li>\n<li>16 de juny de 2026 (festa loca de Calella)<\/li>\n<li>24 de juny de 2026 (festa nacional)<\/li>\n<\/ul>\n<p><strong>Altres horaris\u00a0<\/strong><\/p>\n<ul>\n<li>Per consultar l&#8217;horari de <strong>Secretaria<\/strong>, aneu <a href=\"http:\/\/agora-eoi.xtec.cat\/eoicalella\/secretaria\/horari\/\">aqu\u00ed<\/a>.<\/li>\n<li>Per consultar l&#8217;horari de la <strong>Biblioteca<\/strong>, aneu <a href=\"http:\/\/agora-eoi.xtec.cat\/eoicalella\/serveis\/biblioteca\/\">aqu\u00ed<\/a>.<\/li>\n<\/ul>\n<\/td>\n<\/tr>\n<\/tbody>\n<\/table>\n","protected":false},"excerpt":{"rendered":"<p><a href=\"https:\/\/drive.google.com\/file\/d\/18eIMKqXx2HtTFw1QatWeKotRncRR-3Wa\/view?usp=drive_link\">CALENDARI 2025-2026<\/a><br \/>\n<a href=\"https:\/\/agora-eoi.xtec.cat\/eoicalella\/wp-content\/uploads\/usu2256\/2025\/06\/calendari_2526.png\"><\/a><\/p>\n<p>HORARI D&#8217;OBERTURA DEL CENTRE 2025-2026<\/p>\n<ul>\n<li>De dilluns a dijous\u00a0de 15\u00a0a 21\u00a0h<\/li>\n<li>Divendres de\u00a010\u00a0a 14 h<\/li>\n<li>Durant el m\u00e9s de juliol l&#8217;horari ser\u00e0 de dilluns a divendres de\u00a09.30 a 13.30\u00a0h<\/li>\n<\/ul>\n<p>L&#8217;escola\u00a0romandr\u00e0 tancat al p\u00fablic, a part dels per\u00edodes de vacances escolars i dels dies de festes laborals&hellip;  <a href=\"https:\/\/agora-eoi.xtec.cat\/eoicalella\/el-servei-educatiu\/horari-i-calendari\/\" title=\"Read Horari i calendari\">Llegeix m\u00e9s\u00bb<\/a><\/p>\n","protected":false},"author":1,"featured_media":0,"parent":806,"menu_order":30,"comment_status":"closed","ping_status":"closed","template":"page-templates\/side-menu.php","meta":{"_bbp_topic_count":0,"_bbp_reply_count":0,"_bbp_total_topic_count":0,"_bbp_total_reply_count":0,"_bbp_voice_count":0,"_bbp_anonymous_reply_count":0,"_bbp_topic_count_hidden":0,"_bbp_reply_count_hidden":0,"_bbp_forum_subforum_count":0,"footnotes":""},"class_list":["post-608","page","type-page","status-publish","hentry"],"post_mailing_queue_ids":[],"_links":{"self":[{"href":"https:\/\/agora-eoi.xtec.cat\/eoicalella\/wp-json\/wp\/v2\/pages\/608","targetHints":{"allow":["GET"]}}],"collection":[{"href":"https:\/\/agora-eoi.xtec.cat\/eoicalella\/wp-json\/wp\/v2\/pages"}],"about":[{"href":"https:\/\/agora-eoi.xtec.cat\/eoicalella\/wp-json\/wp\/v2\/types\/page"}],"author":[{"embeddable":true,"href":"https:\/\/agora-eoi.xtec.cat\/eoicalella\/wp-json\/wp\/v2\/users\/1"}],"replies":[{"embeddable":true,"href":"https:\/\/agora-eoi.xtec.cat\/eoicalella\/wp-json\/wp\/v2\/comments?post=608"}],"version-history":[{"count":6,"href":"https:\/\/agora-eoi.xtec.cat\/eoicalella\/wp-json\/wp\/v2\/pages\/608\/revisions"}],"predecessor-version":[{"id":11019,"href":"https:\/\/agora-eoi.xtec.cat\/eoicalella\/wp-json\/wp\/v2\/pages\/608\/revisions\/11019"}],"up":[{"embeddable":true,"href":"https:\/\/agora-eoi.xtec.cat\/eoicalella\/wp-json\/wp\/v2\/pages\/806"}],"wp:attachment":[{"href":"https:\/\/agora-eoi.xtec.cat\/eoicalella\/wp-json\/wp\/v2\/media?parent=608"}],"curies":[{"name":"wp","href":"https:\/\/api.w.org\/{rel}","templated":true}]}}