{"id":10186,"date":"2021-07-28T11:08:59","date_gmt":"2021-07-28T09:08:59","guid":{"rendered":"https:\/\/agora-eoi.xtec.cat\/eoicalella\/?page_id=10186"},"modified":"2021-07-28T11:08:59","modified_gmt":"2021-07-28T09:08:59","slug":"matricula","status":"publish","type":"page","link":"https:\/\/agora-eoi.xtec.cat\/eoicalella\/secretaria\/matricula\/","title":{"rendered":"Matr\u00edcula"},"content":{"rendered":"<p>Les persones adultes poden estudiar idiomes moderns en r\u00e8gim oficial a les escoles oficials d&#8217;idiomes (EOI) en modalitat presencial o semipresencial i tamb\u00e9 a dist\u00e0ncia a l&#8217;Institut Obert de Catalunya (IOC). La matr\u00edcula oficial a les EOI dona dret a assistir a classe i als ex\u00e0mens, que permeten obtenir els certificats acreditatius corresponents. Aquests certificats tamb\u00e9 es poden obtenir en r\u00e8gim lliure.<\/p>\n<p>Per accedir als ensenyaments d&#8217;idiomes de les EOI cal tenir com a m\u00ednim 16 anys complerts l&#8217;any en qu\u00e8 es comencen els estudis. Tamb\u00e9 s&#8217;hi pot accedir amb 14 anys per estudiar un idioma diferent del que s&#8217;estudia a l&#8217;educaci\u00f3 secund\u00e0ria.<\/p>\n<ul>\n<li><a href=\"https:\/\/agora-eoi.xtec.cat\/eoicalella\/secretaria\/preus\/alumnes-antics\/\">Matr\u00edcula Alumnes Antics<\/a><\/li>\n<li><a href=\"https:\/\/agora-eoi.xtec.cat\/eoicalella\/secretaria\/preus\/alumnes-nous\/\">Matr\u00edcula Alumnes Nous<\/a><\/li>\n<li><a href=\"https:\/\/agora-eoi.xtec.cat\/eoicalella\/secretaria\/matricula-dactualitzacio\/\">Matr\u00edcula d&#8217;Actualitzaci\u00f3<\/a><\/li>\n<li><a href=\"https:\/\/agora-eoi.xtec.cat\/eoicalella\/secretaria\/preus\/c2\/\">Matr\u00edcula C2 d&#8217;Angl\u00e8s<\/a><\/li>\n<li><a href=\"https:\/\/agora-eoi.xtec.cat\/eoicalella\/secretaria\/convalidacions-batxillerat\/\">Convalidacions Batxillerat<\/a><\/li>\n<li><a href=\"https:\/\/agora-eoi.xtec.cat\/eoicalella\/secretaria\/preus\/pla-dimpuls-de-langles-professorat\/\">Programa PIA+<\/a><\/li>\n<\/ul>\n","protected":false},"excerpt":{"rendered":"<p>Les persones adultes poden estudiar idiomes moderns en r\u00e8gim oficial a les escoles oficials d&#8217;idiomes (EOI) en modalitat presencial o semipresencial i tamb\u00e9 a dist\u00e0ncia a l&#8217;Institut Obert de Catalunya (IOC). La matr\u00edcula oficial a les EOI dona dret a assistir a classe i als&hellip;  <a href=\"https:\/\/agora-eoi.xtec.cat\/eoicalella\/secretaria\/matricula\/\" title=\"Read Matr\u00edcula\">Llegeix m\u00e9s\u00bb<\/a><\/p>\n","protected":false},"author":1,"featured_media":0,"parent":8358,"menu_order":0,"comment_status":"closed","ping_status":"closed","template":"page-templates\/side-menu.php","meta":{"_bbp_topic_count":0,"_bbp_reply_count":0,"_bbp_total_topic_count":0,"_bbp_total_reply_count":0,"_bbp_voice_count":0,"_bbp_anonymous_reply_count":0,"_bbp_topic_count_hidden":0,"_bbp_reply_count_hidden":0,"_bbp_forum_subforum_count":0,"footnotes":""},"class_list":["post-10186","page","type-page","status-publish","hentry"],"post_mailing_queue_ids":[],"_links":{"self":[{"href":"https:\/\/agora-eoi.xtec.cat\/eoicalella\/wp-json\/wp\/v2\/pages\/10186","targetHints":{"allow":["GET"]}}],"collection":[{"href":"https:\/\/agora-eoi.xtec.cat\/eoicalella\/wp-json\/wp\/v2\/pages"}],"about":[{"href":"https:\/\/agora-eoi.xtec.cat\/eoicalella\/wp-json\/wp\/v2\/types\/page"}],"author":[{"embeddable":true,"href":"https:\/\/agora-eoi.xtec.cat\/eoicalella\/wp-json\/wp\/v2\/users\/1"}],"replies":[{"embeddable":true,"href":"https:\/\/agora-eoi.xtec.cat\/eoicalella\/wp-json\/wp\/v2\/comments?post=10186"}],"version-history":[{"count":1,"href":"https:\/\/agora-eoi.xtec.cat\/eoicalella\/wp-json\/wp\/v2\/pages\/10186\/revisions"}],"predecessor-version":[{"id":10187,"href":"https:\/\/agora-eoi.xtec.cat\/eoicalella\/wp-json\/wp\/v2\/pages\/10186\/revisions\/10187"}],"up":[{"embeddable":true,"href":"https:\/\/agora-eoi.xtec.cat\/eoicalella\/wp-json\/wp\/v2\/pages\/8358"}],"wp:attachment":[{"href":"https:\/\/agora-eoi.xtec.cat\/eoicalella\/wp-json\/wp\/v2\/media?parent=10186"}],"curies":[{"name":"wp","href":"https:\/\/api.w.org\/{rel}","templated":true}]}}