{"id":9648,"date":"2022-04-12T01:47:11","date_gmt":"2022-04-11T23:47:11","guid":{"rendered":"https:\/\/agora-eoi.xtec.cat\/eoiblanes\/?page_id=9648"},"modified":"2025-06-10T16:18:32","modified_gmt":"2025-06-10T14:18:32","slug":"cursos-oficials-2","status":"publish","type":"page","link":"https:\/\/agora-eoi.xtec.cat\/eoiblanes\/informacio-general\/cursos-oficials-2\/","title":{"rendered":"Cursos oficials"},"content":{"rendered":"<p><strong>DURADA DEL CURS<\/strong><\/p>\n<p>En aquesta EOI s\u2019imparteixen els idiomes d\u2019<strong>alemany,<\/strong>\u00a0<strong>angl\u00e8s, catal\u00e0<\/strong>\u00a0i<strong>\u00a0franc\u00e8s<\/strong>.<\/p>\n<p>Trobareu els horaris dels cursos en l&#8217;apartat <a href=\"https:\/\/agora-eoi.xtec.cat\/eoiblanes\/idiomes\/\" target=\"_blank\" rel=\"noopener\">IDIOMES<\/a>.<\/p>\n<p><strong>La matr\u00edcula oficial<\/strong> dona dret a assistir com a m\u00ednim a\u00a0<strong>130 hores de classe<\/strong>\u00a0per curs i als ex\u00e0mens corresponents.<\/p>\n<p>L\u2019EOI Blanes ofereix dues modalitats de cursos:<\/p>\n<ul>\n<li><span style=\"color: #3366ff;\"><strong>cursos oficials extensiu en horari altern<\/strong><\/span>, classes de 2 h 15 m en dies alterns (dilluns i dimecres o dimarts i dijous).\n<ul>\n<li style=\"list-style-type: none;\">\n<ul>\n<li><strong>GRUPS A:\u00a0<\/strong>dilluns i dimecres<\/li>\n<li><strong>GRUPS B:<\/strong>\u00a0dimarts i dijous<\/li>\n<\/ul>\n<\/li>\n<\/ul>\n<\/li>\n<li><span style=\"color: #3366ff;\"><span style=\"color: #3366ff;\"><strong>cursos semipresencials<\/strong> (angles C1 i catal\u00e0 C2): <span style=\"color: #000000;\">u<\/span><\/span><\/span><span style=\"color: #000000;\">na<\/span> sessi\u00f3 PRESENCIAL a la setmana de 2 h 15 m. La resta d\u2019hores, fins arribar a una quantitat equivalent a la dels cursos presencials, es far\u00e0 de manera aut\u00f2noma en l\u00ednia mitjan\u00e7ant la plataforma Moodle. Per fer aquesta part no presencial no cal connectar-se de manera sincr\u00f2nica. Cal estar familiaritzat amb les tecnologies i tenir un alt grau d\u2019autonomia.<\/li>\n<\/ul>\n<p><strong>HORARI DE CLASSE<\/strong><\/p>\n<p>Les classes es fan en horari de mat\u00ed (nivells A1 i A2 d&#8217;angl\u00e8s) i la resta tarda-vespre.<br \/>\nLa franja hor\u00e0ria de classe \u00e9s de 9.15 a 13.45 hores (nivells A1 i A2 d&#8217;angl\u00e8s) i de 16.00 a 21.00 hores.<br \/>\nLa tria de l\u2019horari de classe es fa en el moment de formalitzar la matr\u00edcula, segons el torn d\u2019horari establert en el sorteig.<\/p>\n<p><strong>REQUISITS PER PODER ACCEDIR A L\u2019EOI<\/strong><\/p>\n<p>Per accedir als ensenyaments d&#8217;idiomes en les EOI cal tenir 16 anys complerts l&#8217;any que es comencen els estudis. Tamb\u00e9 hi poden accedir els m\u00e9s grans de 14 anys per seguir els ensenyaments d&#8217;un idioma diferent del cursat en l&#8217;ESO.<\/p>\n<p><strong>PROGRAMA D\u2019ESTUDIS<\/strong><\/p>\n<p><a href=\"https:\/\/agora-eoi.xtec.cat\/eoiblanes\/wp-content\/uploads\/usu2633\/2022\/04\/QuadreNivellsEstudis.pdf\" target=\"_blank\" rel=\"noopener\">Relaci\u00f3 de cursos i certificacions de diferents plans d\u2019estudis del Departament d\u2019Educaci\u00f3 dels Ensenyaments d\u2019Idiomes.<\/a><\/p>\n<p>A l&#8217;enlla\u00e7 seg\u00fcent trobareu el <a href=\"https:\/\/xtec.gencat.cat\/ca\/curriculum\/idiomes-a-les-eoi\/curriculum\/\" target=\"_blank\" rel=\"noopener\">curr\u00edculum de les Escoles Oficials d&#8217;Idiomes<\/a>.<\/p>\n<p>Els ensenyaments especialitzats d\u2019idiomes s\u2019imparteixen en 7 cursos:<\/p>\n<ul>\n<li><strong>Nivell B\u00e0sic:<\/strong> 2 cursos (A1 i A2)<\/li>\n<li><strong>Nivell Intermedi B1<\/strong><strong>:<\/strong> 1 curs (B1)<\/li>\n<li><strong>Nivell Intermedi B2<\/strong><strong>:<\/strong> 2 cursos (B2.1 i B2.2)<\/li>\n<li><strong>Nivell Avan\u00e7at C1:<\/strong> 1 curs<\/li>\n<li><strong>Nivell Avan\u00e7at C2:<\/strong> 1 curs (catal\u00e0)<\/li>\n<\/ul>\n<table style=\"width: 62%; height: 264px;\" width=\"62%\">\n<tbody>\n<tr style=\"height: 33px;\">\n<td style=\"text-align: center; height: 33px;\" width=\"20%\"><strong>CURSOS<\/strong><\/td>\n<td style=\"text-align: center; height: 33px;\" width=\"39%\"><strong>NIVELL<\/strong><\/td>\n<td style=\"text-align: center; height: 33px;\" width=\"37%\"><strong>EQUIVAL\u00c8NCIA MECR<\/strong><\/td>\n<\/tr>\n<tr style=\"height: 33px;\">\n<td style=\"height: 33px;\" width=\"20%\">1r<\/td>\n<td style=\"height: 66px; text-align: center;\" rowspan=\"2\" width=\"39%\">NIVELL B\u00c0SIC<\/td>\n<td style=\"height: 33px; text-align: center;\" width=\"37%\">A1<\/td>\n<\/tr>\n<tr style=\"height: 33px;\">\n<td style=\"height: 33px;\" width=\"20%\">2n<\/td>\n<td style=\"height: 33px; text-align: center;\" width=\"37%\">A2<\/td>\n<\/tr>\n<tr style=\"height: 33px;\">\n<td style=\"height: 33px;\" width=\"20%\">3r<\/td>\n<td style=\"height: 33px; text-align: center;\" width=\"39%\">NIVELL INTERMEDI B1<\/td>\n<td style=\"height: 33px; text-align: center;\" width=\"37%\">B1<\/td>\n<\/tr>\n<tr style=\"height: 33px;\">\n<td style=\"height: 33px;\" width=\"20%\">4t<\/td>\n<td style=\"height: 66px; text-align: center;\" rowspan=\"2\" width=\"39%\">NIVELL INTERMEDI B2<\/td>\n<td style=\"height: 66px; text-align: center;\" rowspan=\"2\" width=\"37%\">B2<\/td>\n<\/tr>\n<tr style=\"height: 33px;\">\n<td style=\"height: 33px;\" width=\"20%\">5\u00e8<\/td>\n<\/tr>\n<tr style=\"height: 33px;\">\n<td style=\"height: 33px;\" width=\"20%\">C1<\/td>\n<td style=\"height: 33px; text-align: center;\" width=\"39%\">NIVELL AVAN\u00c7AT C1<\/td>\n<td style=\"height: 33px; text-align: center;\" width=\"37%\">C1<\/td>\n<\/tr>\n<tr style=\"height: 33px;\">\n<td style=\"height: 33px;\" width=\"20%\">C2<\/td>\n<td style=\"height: 33px; text-align: center;\" width=\"39%\">NIVELL AVAN\u00c7AT C2<\/td>\n<td style=\"height: 33px; text-align: center;\" width=\"37%\">C2<\/td>\n<\/tr>\n<\/tbody>\n<\/table>\n<ul>\n<li>Els nivells dels certificats d\u2019escola oficial d\u2019idiomes poden comparar-se als nivells descrits en els documents publicats pel Consell d\u2019Europa, en especial el Marc europeu de refer\u00e8ncia. Al final del <strong style=\"font-family: inherit; font-size: 1em;\">nivell intermedi B1,<\/strong><span style=\"font-family: inherit; font-size: 1em;\">\u00a0del <\/span><strong style=\"font-family: inherit; font-size: 1em;\">nivell intermedi B2.2,<\/strong><span style=\"font-family: inherit; font-size: 1em;\"> dels <\/span><strong style=\"font-family: inherit; font-size: 1em;\">nivells avan\u00e7ats C1 i C2<\/strong><span style=\"font-family: inherit; font-size: 1em;\"> els alumnes han de superar una prova de certificat, dissenyada des del Centre de Recursos de Lleng\u00fces Estrangeres del Departament d\u2019Ensenyament de la Generalitat (\u00c0rea de Certificacions), amb uns criteris unificats per a tot Catalunya.<\/span><\/li>\n<\/ul>\n<p><strong>PLA D\u2019ESTUDIS<\/strong><\/p>\n<p>El pla d\u2019estudis de les EOI desenvolupa la finalitat dels ensenyaments d\u2019idiomes que s\u2019hi imparteixen, que \u00e9s la capacitat de l\u2019alumnat en l\u2019\u00fas efectiu de l\u2019idioma com a vehicle de comunicaci\u00f3 general.<\/p>\n<p>Per assolir aquesta finalitat, a les EOI es treballa per tal que l\u2019alumnat:<\/p>\n<ul>\n<li>Adquireixi les habilitats b\u00e0siques receptives i productives, tant del llenguatge oral com de l\u2019escrit;<\/li>\n<li>Desenvolupi estrat\u00e8gies comunicatives en diferents \u00e0rees de comunicaci\u00f3;<\/li>\n<li>Desenvolupi estrat\u00e8gies per a l\u2019aprenentatge aut\u00f2nom i continu de lleng\u00fces, que puguin facilitar l\u2019\u00fas de l\u2019idioma en l\u2019exercici d\u2019activitats professionals i en altres \u00e0mbits de la cultura o d\u2019inter\u00e8s personal;<\/li>\n<li>Desenvolupi actituds positives envers la diversitat ling\u00fc\u00edstica i el pluralisme cultural del m\u00f3n actual.<\/li>\n<\/ul>\n<p><strong>CURSOS I GRUPS PER IDIOMA I NIVELL<\/strong><\/p>\n<p>Cursos i grups per idioma i nivell curs 2025-2026<\/p>\n<table style=\"width: 89.4691%;\">\n<tbody>\n<tr>\n<td style=\"width: 15.7116%;\"><\/td>\n<td style=\"width: 21.0721%; text-align: center;\" colspan=\"2\"><strong>NIVELL B\u00c0SIC<\/strong><\/td>\n<td style=\"width: 20.7659%; text-align: center;\"><strong>NIVELL INTERMEDI B1<\/strong><\/td>\n<td style=\"width: 27.0746%; text-align: center;\" colspan=\"2\"><strong>NIVELL <\/strong><strong style=\"font-family: inherit; font-size: 1em;\">INTERMEDI B2<\/strong><\/td>\n<td style=\"width: 5.96095%; text-align: center;\"><strong>NIVEL AVAN\u00c7AT C1<\/strong><\/td>\n<td style=\"width: 77.8877%; text-align: center;\"><strong>NIVEL AVAN\u00c7AT C2<\/strong><\/td>\n<\/tr>\n<tr>\n<td style=\"width: 15.7116%;\"><strong>CURSOS<\/strong><\/td>\n<td style=\"width: 10.4492%; text-align: center;\"><strong>A1<\/strong><\/td>\n<td style=\"width: 10.6229%; text-align: center;\"><strong>A2<\/strong><\/td>\n<td style=\"width: 20.7659%; text-align: center;\"><strong>B1<\/strong><\/td>\n<td style=\"width: 14.4534%; text-align: center;\"><strong>B2.1<\/strong><\/td>\n<td style=\"width: 12.6212%; text-align: center;\"><strong>B2.2<\/strong><\/td>\n<td style=\"width: 5.96095%; text-align: center;\"><strong>C1<\/strong><\/td>\n<td style=\"width: 77.8877%; text-align: center;\"><strong>C2<\/strong><\/td>\n<\/tr>\n<tr>\n<td style=\"width: 15.7116%;\"><strong>Idioma<\/strong><\/td>\n<td style=\"text-align: center; width: 74.8736%;\" colspan=\"6\"><strong>Grups per nivells<\/strong><\/td>\n<td style=\"text-align: center; width: 77.8877%;\"><strong>\u00a0<\/strong><\/td>\n<\/tr>\n<tr>\n<td style=\"width: 15.7116%;\">Alemany<\/td>\n<td style=\"width: 10.4492%; text-align: center;\">1<\/td>\n<td style=\"width: 10.6229%; text-align: center;\">1<\/td>\n<td style=\"width: 20.7659%; text-align: center;\">1<\/td>\n<td style=\"width: 14.4534%; text-align: center;\">\u2013<\/td>\n<td style=\"width: 12.6212%; text-align: center;\">\u2013<\/td>\n<td style=\"width: 5.96095%; text-align: center;\">\u2013<\/td>\n<td style=\"width: 77.8877%; text-align: center;\">\u2013<\/td>\n<\/tr>\n<tr>\n<td style=\"width: 15.7116%;\">Angl\u00e8s<\/td>\n<td style=\"width: 10.4492%; text-align: center;\">3<\/td>\n<td style=\"width: 10.6229%; text-align: center;\">3<\/td>\n<td style=\"width: 20.7659%; text-align: center;\">2<\/td>\n<td style=\"width: 14.4534%; text-align: center;\">2<\/td>\n<td style=\"width: 12.6212%; text-align: center;\">2<\/td>\n<td style=\"width: 5.96095%; text-align: center;\">2<\/td>\n<td style=\"width: 77.8877%; text-align: center;\">\u2013<\/td>\n<\/tr>\n<tr>\n<td style=\"width: 15.7116%;\">Catal\u00e0<\/td>\n<td style=\"width: 10.4492%; text-align: center;\">\u2013<\/td>\n<td style=\"width: 10.6229%; text-align: center;\">\u2013<\/td>\n<td style=\"width: 20.7659%; text-align: center;\">\u2013<\/td>\n<td style=\"width: 14.4534%; text-align: center;\">\u2013<\/td>\n<td style=\"width: 12.6212%; text-align: center;\">\u2013<\/td>\n<td style=\"width: 5.96095%; text-align: center;\">&#8211;<\/td>\n<td style=\"width: 77.8877%; text-align: center;\">4<\/td>\n<\/tr>\n<tr>\n<td style=\"width: 15.7116%;\">Franc\u00e8s<\/td>\n<td style=\"width: 10.4492%; text-align: center;\">2<\/td>\n<td style=\"width: 10.6229%; text-align: center;\">2<\/td>\n<td style=\"width: 20.7659%; text-align: center;\">1<\/td>\n<td style=\"width: 14.4534%; text-align: center;\">1<\/td>\n<td style=\"width: 12.6212%; text-align: center;\">1<\/td>\n<td style=\"width: 5.96095%; text-align: center;\">\u2013<\/td>\n<td style=\"width: 77.8877%; text-align: center;\">\u2013<\/td>\n<\/tr>\n<\/tbody>\n<\/table>\n<p>&nbsp;<\/p>\n","protected":false},"excerpt":{"rendered":"<p>DURADA DEL CURS<br \/>\nEn aquesta EOI s\u2019imparteixen els idiomes d\u2019alemany,\u00a0angl\u00e8s, catal\u00e0\u00a0i\u00a0franc\u00e8s.<br \/>\nTrobareu els horaris dels cursos en l&#8217;apartat <a href=\"https:\/\/agora-eoi.xtec.cat\/eoiblanes\/idiomes\/\" target=\"_blank\" rel=\"noopener\">IDIOMES<\/a>.<br \/>\nLa matr\u00edcula oficial dona dret a assistir com a m\u00ednim a\u00a0130 hores de classe\u00a0per curs i als ex\u00e0mens corresponents.<br \/>\nL\u2019EOI Blanes ofereix dues modalitats de cursos:<\/p>\n<ul>\n<li>cursos oficials&hellip;  <a href=\"https:\/\/agora-eoi.xtec.cat\/eoiblanes\/informacio-general\/cursos-oficials-2\/\" title=\"Read Cursos oficials\">Llegeix m\u00e9s\u00bb<\/a><br \/>\n","protected":false},"author":1,"featured_media":0,"parent":8899,"menu_order":0,"comment_status":"closed","ping_status":"closed","template":"page-templates\/side-menu.php","meta":{"_bbp_topic_count":0,"_bbp_reply_count":0,"_bbp_total_topic_count":0,"_bbp_total_reply_count":0,"_bbp_voice_count":0,"_bbp_anonymous_reply_count":0,"_bbp_topic_count_hidden":0,"_bbp_reply_count_hidden":0,"_bbp_forum_subforum_count":0,"footnotes":""},"class_list":["post-9648","page","type-page","status-publish","hentry"],"post_mailing_queue_ids":[],"_links":{"self":[{"href":"https:\/\/agora-eoi.xtec.cat\/eoiblanes\/wp-json\/wp\/v2\/pages\/9648","targetHints":{"allow":["GET"]}}],"collection":[{"href":"https:\/\/agora-eoi.xtec.cat\/eoiblanes\/wp-json\/wp\/v2\/pages"}],"about":[{"href":"https:\/\/agora-eoi.xtec.cat\/eoiblanes\/wp-json\/wp\/v2\/types\/page"}],"author":[{"embeddable":true,"href":"https:\/\/agora-eoi.xtec.cat\/eoiblanes\/wp-json\/wp\/v2\/users\/1"}],"replies":[{"embeddable":true,"href":"https:\/\/agora-eoi.xtec.cat\/eoiblanes\/wp-json\/wp\/v2\/comments?post=9648"}],"version-history":[{"count":7,"href":"https:\/\/agora-eoi.xtec.cat\/eoiblanes\/wp-json\/wp\/v2\/pages\/9648\/revisions"}],"predecessor-version":[{"id":12011,"href":"https:\/\/agora-eoi.xtec.cat\/eoiblanes\/wp-json\/wp\/v2\/pages\/9648\/revisions\/12011"}],"up":[{"embeddable":true,"href":"https:\/\/agora-eoi.xtec.cat\/eoiblanes\/wp-json\/wp\/v2\/pages\/8899"}],"wp:attachment":[{"href":"https:\/\/agora-eoi.xtec.cat\/eoiblanes\/wp-json\/wp\/v2\/media?parent=9648"}],"curies":[{"name":"wp","href":"https:\/\/api.w.org\/{rel}","templated":true}]}}