{"id":9613,"date":"2022-04-12T00:27:55","date_gmt":"2022-04-11T22:27:55","guid":{"rendered":"https:\/\/agora-eoi.xtec.cat\/eoiblanes\/?page_id=9613"},"modified":"2024-10-31T23:36:13","modified_gmt":"2024-10-31T22:36:13","slug":"candidats-lliures","status":"publish","type":"page","link":"https:\/\/agora-eoi.xtec.cat\/eoiblanes\/secretaria-2\/candidats-lliures\/","title":{"rendered":"Candidats lliures"},"content":{"rendered":"<header class=\"entry-header\">\n<p class=\"entry-title\"><span style=\"font-family: inherit; font-size: 1em; font-weight: normal;\">El Departament d\u2019Educaci\u00f3 organitza la convocat\u00f2ria extraordin\u00e0ria de les proves per obtenir els certificats d\u2019angl\u00e8s seg\u00fcents:<\/span><\/p>\n<\/header>\n<div class=\"entry-content\">\n<ul>\n<li><strong>Nivell intermedi B1:<\/strong>\u00a0corresponent al nivell B1 del Marc europeu\u00a0com\u00fa\u00a0de refer\u00e8ncia per a les lleng\u00fces (MECR)<\/li>\n<li><strong>Nivell\u00a0<\/strong><strong>intermedi B2:\u00a0<\/strong>corresponent al nivell B2 del MECR<\/li>\n<li><strong>Nivell avan\u00e7at C1 i C2:<\/strong>\u00a0corresponent al nivell C1 del MECR<\/li>\n<\/ul>\n<h4>Convocat\u00f2ria extraordin\u00e0ria (febrer\/mar\u00e7) (nom\u00e9s angl\u00e8s)<\/h4>\n<p>A l\u2019EOI de Blanes administrem la prova de\u00a0<strong>Nivell intermedi B2 d\u2019angl\u00e8s<\/strong>.<\/p>\n<p>Podeu trobar tota la informaci\u00f3 necess\u00e0ria\u00a0a la\u00a0<a href=\"http:\/\/ensenyament.gencat.cat\/ca\/serveis-tramits\/proves\/proves-lliures-obtencio-titols\/convocat-extraord-idiomes\/\" target=\"_blank\" rel=\"noopener noreferrer\">Web del Departament d\u2019Educaci\u00f3 | Convocat\u00f2ria extraordin\u00e0ria<\/a><\/p>\n<h4>Convocat\u00f2ria ordin\u00e0ria (maig\/juny)<\/h4>\n<p>A l\u2019EOI de Blanes administrem les proves seg\u00fcents:<\/p>\n<ul>\n<li><strong>Nivell intermedi B1 d\u2019alemany, angl\u00e8s i franc\u00e8s<\/strong><\/li>\n<li><strong>Nivell intermedi B2 d\u2019angl\u00e8s i franc\u00e8s<\/strong><\/li>\n<li><strong>Nivell avan\u00e7at C1 d\u2019angl\u00e8s\u00a0<\/strong><\/li>\n<\/ul>\n<p>Podeu trobar tota la informaci\u00f3 necess\u00e0ria\u00a0a la\u00a0<a href=\"http:\/\/ensenyament.gencat.cat\/ca\/serveis-tramits\/proves\/proves-lliures-obtencio-titols\/convocat-ordinaria-idiomes\/\" target=\"_blank\" rel=\"noopener noreferrer\">Web del Departament d\u2019Educaci\u00f3 | Convocat\u00f2ria ordin\u00e0ria<\/a><\/p>\n<\/div>\n","protected":false},"excerpt":{"rendered":"<p>El Departament d\u2019Educaci\u00f3 organitza la convocat\u00f2ria extraordin\u00e0ria de les proves per obtenir els certificats d\u2019angl\u00e8s seg\u00fcents:<\/p>\n<ul>\n<li>Nivell intermedi B1:\u00a0corresponent al nivell B1 del Marc europeu\u00a0com\u00fa\u00a0de refer\u00e8ncia per a les lleng\u00fces (MECR)<\/li>\n<li>Nivell\u00a0intermedi B2:\u00a0corresponent al nivell B2 del MECR<\/li>\n<li>Nivell avan\u00e7at C1 i C2:\u00a0corresponent al nivell C1 del MECR<\/li>\n<\/ul>\n<p>Convocat\u00f2ria&hellip;  <a href=\"https:\/\/agora-eoi.xtec.cat\/eoiblanes\/secretaria-2\/candidats-lliures\/\" title=\"Read Candidats lliures\">Llegeix m\u00e9s\u00bb<\/a><\/p>\n","protected":false},"author":1,"featured_media":0,"parent":8960,"menu_order":8,"comment_status":"closed","ping_status":"closed","template":"page-templates\/side-menu.php","meta":{"_bbp_topic_count":0,"_bbp_reply_count":0,"_bbp_total_topic_count":0,"_bbp_total_reply_count":0,"_bbp_voice_count":0,"_bbp_anonymous_reply_count":0,"_bbp_topic_count_hidden":0,"_bbp_reply_count_hidden":0,"_bbp_forum_subforum_count":0,"footnotes":""},"class_list":["post-9613","page","type-page","status-publish","hentry"],"post_mailing_queue_ids":[],"_links":{"self":[{"href":"https:\/\/agora-eoi.xtec.cat\/eoiblanes\/wp-json\/wp\/v2\/pages\/9613","targetHints":{"allow":["GET"]}}],"collection":[{"href":"https:\/\/agora-eoi.xtec.cat\/eoiblanes\/wp-json\/wp\/v2\/pages"}],"about":[{"href":"https:\/\/agora-eoi.xtec.cat\/eoiblanes\/wp-json\/wp\/v2\/types\/page"}],"author":[{"embeddable":true,"href":"https:\/\/agora-eoi.xtec.cat\/eoiblanes\/wp-json\/wp\/v2\/users\/1"}],"replies":[{"embeddable":true,"href":"https:\/\/agora-eoi.xtec.cat\/eoiblanes\/wp-json\/wp\/v2\/comments?post=9613"}],"version-history":[{"count":4,"href":"https:\/\/agora-eoi.xtec.cat\/eoiblanes\/wp-json\/wp\/v2\/pages\/9613\/revisions"}],"predecessor-version":[{"id":11853,"href":"https:\/\/agora-eoi.xtec.cat\/eoiblanes\/wp-json\/wp\/v2\/pages\/9613\/revisions\/11853"}],"up":[{"embeddable":true,"href":"https:\/\/agora-eoi.xtec.cat\/eoiblanes\/wp-json\/wp\/v2\/pages\/8960"}],"wp:attachment":[{"href":"https:\/\/agora-eoi.xtec.cat\/eoiblanes\/wp-json\/wp\/v2\/media?parent=9613"}],"curies":[{"name":"wp","href":"https:\/\/api.w.org\/{rel}","templated":true}]}}