{"id":9169,"date":"2022-03-01T12:25:58","date_gmt":"2022-03-01T11:25:58","guid":{"rendered":"https:\/\/agora-eoi.xtec.cat\/eoiblanes\/?page_id=9169"},"modified":"2023-07-24T21:25:39","modified_gmt":"2023-07-24T19:25:39","slug":"cataleg-online","status":"publish","type":"page","link":"https:\/\/agora-eoi.xtec.cat\/eoiblanes\/serveis\/biblioteca\/cataleg-online\/","title":{"rendered":"Cat\u00e0leg online"},"content":{"rendered":"<h2>Cat\u00e0leg de llibres en pr\u00e9stec<\/h2>\n<p>Voldr\u00edeu agafar llibres en pr\u00e9stec en alemany, angl\u00e8s o franc\u00e8s? Hem digitalitzat el cat\u00e0leg!<\/p>\n<p>Passos:<\/p>\n<ul>\n<li>Consulteu el nostre cat\u00e0leg online de llibres al link d&#8217;aqu\u00ed sota.<\/li>\n<li>Demaneu el llibre que us interessi a la conserge\u00a0de 16.00 a 20.00h de dilluns a dijous (d&#8217;octubre a maig)<\/li>\n<li>En podeu agafar fins a 4 i teniu 1 mes per gaudir-ne!<\/li>\n<\/ul>\n<p>Acc\u00e9s al\u00a0<a href=\"https:\/\/aplicacions.gestioeducativa.gencat.cat\/epergam\/web\/biblioteca.jsp?codi=17008122\" target=\"_blank\" rel=\"noopener\">cat\u00e0leg<\/a><\/p>\n<p>Acc\u00e9s al\u00a0<a href=\"https:\/\/agora-eoi.xtec.cat\/eoiblanes\/wp-content\/uploads\/usu2633\/2022\/03\/EPergam_Guia_alumnat3.pdf\">manual d&#8217;\u00fas del cat\u00e0leg.<\/a><\/p>\n","protected":false},"excerpt":{"rendered":"<p>Cat\u00e0leg de llibres en pr\u00e9stec<br \/>\nVoldr\u00edeu agafar llibres en pr\u00e9stec en alemany, angl\u00e8s o franc\u00e8s? Hem digitalitzat el cat\u00e0leg!<br \/>\nPassos:<\/p>\n<ul>\n<li>Consulteu el nostre cat\u00e0leg online de llibres al link d&#8217;aqu\u00ed sota.<\/li>\n<li>Demaneu el llibre que us interessi a la conserge\u00a0de 16.00 a 20.00h de dilluns a dijous (d&#8217;octubre a&hellip;  <a href=\"https:\/\/agora-eoi.xtec.cat\/eoiblanes\/serveis\/biblioteca\/cataleg-online\/\" title=\"Read Cat\u00e0leg online\">Llegeix m\u00e9s\u00bb<\/a><br \/>\n","protected":false},"author":1,"featured_media":0,"parent":8414,"menu_order":1,"comment_status":"closed","ping_status":"closed","template":"page-templates\/side-menu.php","meta":{"_bbp_topic_count":0,"_bbp_reply_count":0,"_bbp_total_topic_count":0,"_bbp_total_reply_count":0,"_bbp_voice_count":0,"_bbp_anonymous_reply_count":0,"_bbp_topic_count_hidden":0,"_bbp_reply_count_hidden":0,"_bbp_forum_subforum_count":0,"footnotes":""},"class_list":["post-9169","page","type-page","status-publish","hentry"],"post_mailing_queue_ids":[],"_links":{"self":[{"href":"https:\/\/agora-eoi.xtec.cat\/eoiblanes\/wp-json\/wp\/v2\/pages\/9169","targetHints":{"allow":["GET"]}}],"collection":[{"href":"https:\/\/agora-eoi.xtec.cat\/eoiblanes\/wp-json\/wp\/v2\/pages"}],"about":[{"href":"https:\/\/agora-eoi.xtec.cat\/eoiblanes\/wp-json\/wp\/v2\/types\/page"}],"author":[{"embeddable":true,"href":"https:\/\/agora-eoi.xtec.cat\/eoiblanes\/wp-json\/wp\/v2\/users\/1"}],"replies":[{"embeddable":true,"href":"https:\/\/agora-eoi.xtec.cat\/eoiblanes\/wp-json\/wp\/v2\/comments?post=9169"}],"version-history":[{"count":3,"href":"https:\/\/agora-eoi.xtec.cat\/eoiblanes\/wp-json\/wp\/v2\/pages\/9169\/revisions"}],"predecessor-version":[{"id":9174,"href":"https:\/\/agora-eoi.xtec.cat\/eoiblanes\/wp-json\/wp\/v2\/pages\/9169\/revisions\/9174"}],"up":[{"embeddable":true,"href":"https:\/\/agora-eoi.xtec.cat\/eoiblanes\/wp-json\/wp\/v2\/pages\/8414"}],"wp:attachment":[{"href":"https:\/\/agora-eoi.xtec.cat\/eoiblanes\/wp-json\/wp\/v2\/media?parent=9169"}],"curies":[{"name":"wp","href":"https:\/\/api.w.org\/{rel}","templated":true}]}}