{"id":8997,"date":"2022-02-15T10:30:21","date_gmt":"2022-02-15T09:30:21","guid":{"rendered":"https:\/\/agora-eoi.xtec.cat\/eoiblanes\/?page_id=8997"},"modified":"2025-07-08T13:19:15","modified_gmt":"2025-07-08T11:19:15","slug":"beques-i-ajuts","status":"publish","type":"page","link":"https:\/\/agora-eoi.xtec.cat\/eoiblanes\/secretaria-2\/beques-i-ajuts\/","title":{"rendered":"Beques i ajuts"},"content":{"rendered":"<p><strong>Beques MEC<\/strong><\/p>\n<ul>\n<li><strong>Beques d\u2019estudis post obligatoris<\/strong>\u00a0(<em>termini obert des de finals de mar\u00e7 a meitat de maig de cada curs escolar)<\/em>. Consulteu\u00a0<a href=\"https:\/\/educacio.gencat.cat\/ca\/serveis-tramits\/beques\/beques-postobligatoris\/\" target=\"_blank\" rel=\"noopener\">aqu\u00ed<\/a><\/li>\n<li>Beques del\u00a0<strong>Ministeri d\u2019Educaci\u00f3<\/strong>\u00a0<em>(beques per immersi\u00f3 ling\u00fc\u00edstica en angl\u00e8s: termini obert des de principis de febrer a principis d\u2019abril de cada curs escolar).\u00a0<\/em>Consulteu\u00a0<a href=\"https:\/\/www.educacionyfp.gob.es\/servicios-al-ciudadano\/catalogo\/estudiantes\/becas-ayudas\/para-estudiar\/idiomas.html\" target=\"_blank\" rel=\"noopener\">aqu\u00ed<\/a><\/li>\n<\/ul>\n<p><strong>Ajuts Parla 3 &#8211; tercera llengua a la Universitat<\/strong><\/p>\n<p>El\u00a0<strong>Programa de Tercerces lleng\u00fces (Parla 3)<\/strong>\u00a0t\u00e9 com a objectiu promoure la\u00a0formaci\u00f3 i l&#8217;acreditaci\u00f3\u00a0d&#8217;una tercera llengua\u00a0de les i dels\u00a0estudiants matriculats en estudis de grau en una universitat catalana: Per a m\u00e9s informaci\u00f3 <a href=\"http:\/\/agaur.gencat.cat\/ca\/beques-i-ajuts\/pagines-especials\/programa-de-terceres-llengues\/\" target=\"_blank\" rel=\"noopener\"><strong>cliqueu aqu\u00ed<\/strong><\/a><\/p>\n","protected":false},"excerpt":{"rendered":"<p>Beques MEC<\/p>\n<ul>\n<li>Beques d\u2019estudis post obligatoris\u00a0(termini obert des de finals de mar\u00e7 a meitat de maig de cada curs escolar). Consulteu\u00a0<a href=\"https:\/\/educacio.gencat.cat\/ca\/serveis-tramits\/beques\/beques-postobligatoris\/\" target=\"_blank\" rel=\"noopener\">aqu\u00ed<\/a><\/li>\n<li>Beques del\u00a0Ministeri d\u2019Educaci\u00f3\u00a0(beques per immersi\u00f3 ling\u00fc\u00edstica en angl\u00e8s: termini obert des de principis de febrer a principis d\u2019abril de cada curs escolar).\u00a0Consulteu\u00a0<a href=\"https:\/\/www.educacionyfp.gob.es\/servicios-al-ciudadano\/catalogo\/estudiantes\/becas-ayudas\/para-estudiar\/idiomas.html\"&hellip;  <a href=\"https:\/\/agora-eoi.xtec.cat\/eoiblanes\/secretaria-2\/beques-i-ajuts\/\" title=\"Read Beques i ajuts\">Llegeix m\u00e9s\u00bb<\/a><br \/>\n","protected":false},"author":1,"featured_media":0,"parent":8960,"menu_order":10,"comment_status":"closed","ping_status":"closed","template":"page-templates\/side-menu.php","meta":{"_bbp_topic_count":0,"_bbp_reply_count":0,"_bbp_total_topic_count":0,"_bbp_total_reply_count":0,"_bbp_voice_count":0,"_bbp_anonymous_reply_count":0,"_bbp_topic_count_hidden":0,"_bbp_reply_count_hidden":0,"_bbp_forum_subforum_count":0,"footnotes":""},"class_list":["post-8997","page","type-page","status-publish","hentry"],"post_mailing_queue_ids":[],"_links":{"self":[{"href":"https:\/\/agora-eoi.xtec.cat\/eoiblanes\/wp-json\/wp\/v2\/pages\/8997","targetHints":{"allow":["GET"]}}],"collection":[{"href":"https:\/\/agora-eoi.xtec.cat\/eoiblanes\/wp-json\/wp\/v2\/pages"}],"about":[{"href":"https:\/\/agora-eoi.xtec.cat\/eoiblanes\/wp-json\/wp\/v2\/types\/page"}],"author":[{"embeddable":true,"href":"https:\/\/agora-eoi.xtec.cat\/eoiblanes\/wp-json\/wp\/v2\/users\/1"}],"replies":[{"embeddable":true,"href":"https:\/\/agora-eoi.xtec.cat\/eoiblanes\/wp-json\/wp\/v2\/comments?post=8997"}],"version-history":[{"count":6,"href":"https:\/\/agora-eoi.xtec.cat\/eoiblanes\/wp-json\/wp\/v2\/pages\/8997\/revisions"}],"predecessor-version":[{"id":12063,"href":"https:\/\/agora-eoi.xtec.cat\/eoiblanes\/wp-json\/wp\/v2\/pages\/8997\/revisions\/12063"}],"up":[{"embeddable":true,"href":"https:\/\/agora-eoi.xtec.cat\/eoiblanes\/wp-json\/wp\/v2\/pages\/8960"}],"wp:attachment":[{"href":"https:\/\/agora-eoi.xtec.cat\/eoiblanes\/wp-json\/wp\/v2\/media?parent=8997"}],"curies":[{"name":"wp","href":"https:\/\/api.w.org\/{rel}","templated":true}]}}