{"id":8989,"date":"2024-07-01T09:00:28","date_gmt":"2024-07-01T07:00:28","guid":{"rendered":"https:\/\/agora-eoi.xtec.cat\/eoiblanes\/?page_id=8989"},"modified":"2025-06-04T18:08:04","modified_gmt":"2025-06-04T16:08:04","slug":"matricula-antic-alumnat","status":"publish","type":"page","link":"https:\/\/agora-eoi.xtec.cat\/eoiblanes\/secretaria-2\/matricula-antic-alumnat\/","title":{"rendered":"Matricula antic alumnat \u2013 Nivells A1 a C2 curs 2025-2026"},"content":{"rendered":"<p>Les persones matriculades en un curs oficial del mateix idioma, en aquesta escola l\u2019any acad\u00e8mic immediatament anterior s\u00f3n antic alumnat i tenen prefer\u00e8ncia per matricular-se el curs seg\u00fcent.<\/p>\n<p><b>S\u2019han de matricular en aquest per\u00edode tots els alumnes del curs 2024-2025 que passen de curs o repeteixen.<\/b><\/p>\n<h2><strong>Calendari<\/strong><\/h2>\n<p>El proc\u00e9s de matr\u00edcula d&#8217;antics alumnes es fa via telem\u00e0tica, cliqueu <b><a href=\"https:\/\/agora-eoi.xtec.cat\/eoiblanes\/wp-content\/uploads\/usu2633\/2024\/07\/Calendari-matricula-AA-Jul2025-EOI-Blanes.pdf\" target=\"_blank\" rel=\"noopener\">Calendari de matricula AA 25-26 EOI Blanes\u00a0 <\/a><\/b>per veure quan us heu de matricular i tota la informaci\u00f3 del proc\u00e9s.<\/p>\n<p>&nbsp;<\/p>\n<h2><strong>Matr\u00edcula per al curs 2025-2026<\/strong><\/h2>\n<h3><strong>LA MATR\u00cdCULA ES FA\u00a0A TRAV\u00c9S DE L&#8217;APLICATIU SEG\u00dcENT:\u00a0\u00a0\u00a0\u00a0<a href=\"https:\/\/www.informaticacentros.com\/centrosnet\/ultralogin.php?tcentro=EOI&amp;centro=GE3\" target=\"_blank\" rel=\"noopener\">CENTROS NET<\/a>.<\/strong><\/h3>\n<p>Per entrar a CentrosNet:<\/p>\n<p><strong>Usuari:<\/strong>\u00a0data de naixement 00\/00\/0000<\/p>\n<p><strong>Contrasenya:<\/strong>\u00a0el vostre DNI \/NIE (sense punts, ni espais, ni lletra al final) o passaport<\/p>\n<p><strong>Contrsenya personal:<\/strong>\u00a0\u00e9s la mateixa que v\u00e0reu utilitzar quan us v\u00e0reu matricular el curs anterior<\/p>\n<p>Aneu a &#8220;Recordar contrase\u00f1a personal&#8221; (al final del missatge) si no recordeu la contrasenya que ten\u00edeu quan us v\u00e0reu matricular.\u00a0 Rebreu un correu electr\u00f2nic al mateix compte d&#8217;email que v\u00e0reu utilitzar en aquell moment. Si no rebeu el missatge mireu que no sigui al correu brossa o &#8220;spam&#8221;.<\/p>\n<p>Per matricular-vos, un cop estigueu a Centros.net, seguiu les instruccions de l&#8217;aplicatiu i recordeu el seg\u00fcent:<\/p>\n<ul>\n<li>Realitzar els pagaments (a la dreta del resguard hi ha les tres opcions de pagament)\u00a0<strong>amb targeta (de qualsevol entitat banc\u00e0ria), pagament online (per l\u00ednia oberta, CaixaBank) o imprimir el resguard per pagar per caixer autom\u00e0tic de CaixaBank (Servicaixa)<\/strong>. Per tal que la matr\u00edcula sigui efectiva s&#8217;han de fer els pagaments <strong>en un per\u00edode de 24 h<\/strong>. Atenci\u00f3 perqu\u00e8 s&#8217;han de passar els dos codis de barres del resguard (tots dos pagaments s\u00f3n obligatoris i no inclouen el preu dels llibres del curs).\u00a0 Cal conservar aquest resguard o els comprovants de pagament per possibles comprovacions.<\/li>\n<\/ul>\n<p>Important: L&#8217;alumne\/a que no es matriculi dins del per\u00edode de matr\u00edcula del mes de juliol perdr\u00e0 la seva prioritat de dia i d&#8217;horari respecte als que ja ho hagin fet. Qualsevol incid\u00e8ncia relacionada amb la matr\u00edcula, l&#8217;alumnat l&#8217;haur\u00e0 de resoldre els dies aix\u00ed estipulats.<\/p>\n<p>Aquells alumnes que no s&#8217;hagin matriculat durant el per\u00edode de matr\u00edcula del mes de juliol <strong>perdran l&#8217;oficialitat<\/strong>. Per matricular-se novament haur\u00e0 de fer preinscripci\u00f3 durant el mes de setembre.<\/p>\n<p>&nbsp;<\/p>\n<h2><strong>Normes<\/strong><\/h2>\n<p>Tenen consideraci\u00f3 d&#8217;antics alumnes a l&#8217;efecte de matr\u00edcula els alumnes del curs anterior del mateix idioma.<\/p>\n<ol>\n<li>La matr\u00edcula \u00e9s telem\u00e0tica i segueix un ordre de prioritat i un calendari que estableix el Departament d\u2019Educaci\u00f3.<\/li>\n<li>No est\u00e0 perm\u00e8s matricular-se com a alumne oficial i lliure del mateix idioma, el mateix any acad\u00e8mic.<\/li>\n<li>Per saber les vegades que est\u00e0 perm\u00e8s matricular-se en un curs consulteu les combinacions possibles<a href=\"https:\/\/agora-eoi.xtec.cat\/eoiblanes\/wp-content\/uploads\/usu2633\/2022\/02\/permanencia_estudis.pdf\" target=\"_blank\" rel=\"noopener\">\u00a0en aquest document<\/a><a href=\"https:\/\/eoiblanes.cat\/media\/files\/perman%C3%A8ncia_estudis.pdf\">.<\/a><\/li>\n<li>Si s&#8217;ha fet una ren\u00fancia oficial durant l&#8217;any acad\u00e8mic (dins del termini establert), el curs no computa a efecte de repeticions.<\/li>\n<li>Els canvis d\u2019horari nom\u00e9s s\u2019acceptaran segons la disponibilitat de places i en casos especials i justificats documentalment, per un canvi de circumst\u00e0ncies un cop acabat el termini de matr\u00edcula.<\/li>\n<\/ol>\n","protected":false},"excerpt":{"rendered":"<p>Les persones matriculades en un curs oficial del mateix idioma, en aquesta escola l\u2019any acad\u00e8mic immediatament anterior s\u00f3n antic alumnat i tenen prefer\u00e8ncia per matricular-se el curs seg\u00fcent.<br \/>\nS\u2019han de matricular en aquest per\u00edode tots els alumnes del curs 2024-2025 que passen de curs o repeteixen.<br \/>\nCalendari<br \/>\nEl&hellip;  <a href=\"https:\/\/agora-eoi.xtec.cat\/eoiblanes\/secretaria-2\/matricula-antic-alumnat\/\" title=\"Read Matricula antic alumnat \u2013 Nivells A1 a C2 curs 2025-2026\">Llegeix m\u00e9s\u00bb<\/a><\/p>\n","protected":false},"author":1,"featured_media":0,"parent":8960,"menu_order":7,"comment_status":"closed","ping_status":"closed","template":"page-templates\/side-menu.php","meta":{"_bbp_topic_count":0,"_bbp_reply_count":0,"_bbp_total_topic_count":0,"_bbp_total_reply_count":0,"_bbp_voice_count":0,"_bbp_anonymous_reply_count":0,"_bbp_topic_count_hidden":0,"_bbp_reply_count_hidden":0,"_bbp_forum_subforum_count":0,"footnotes":""},"class_list":["post-8989","page","type-page","status-publish","hentry"],"post_mailing_queue_ids":[],"_links":{"self":[{"href":"https:\/\/agora-eoi.xtec.cat\/eoiblanes\/wp-json\/wp\/v2\/pages\/8989","targetHints":{"allow":["GET"]}}],"collection":[{"href":"https:\/\/agora-eoi.xtec.cat\/eoiblanes\/wp-json\/wp\/v2\/pages"}],"about":[{"href":"https:\/\/agora-eoi.xtec.cat\/eoiblanes\/wp-json\/wp\/v2\/types\/page"}],"author":[{"embeddable":true,"href":"https:\/\/agora-eoi.xtec.cat\/eoiblanes\/wp-json\/wp\/v2\/users\/1"}],"replies":[{"embeddable":true,"href":"https:\/\/agora-eoi.xtec.cat\/eoiblanes\/wp-json\/wp\/v2\/comments?post=8989"}],"version-history":[{"count":7,"href":"https:\/\/agora-eoi.xtec.cat\/eoiblanes\/wp-json\/wp\/v2\/pages\/8989\/revisions"}],"predecessor-version":[{"id":11994,"href":"https:\/\/agora-eoi.xtec.cat\/eoiblanes\/wp-json\/wp\/v2\/pages\/8989\/revisions\/11994"}],"up":[{"embeddable":true,"href":"https:\/\/agora-eoi.xtec.cat\/eoiblanes\/wp-json\/wp\/v2\/pages\/8960"}],"wp:attachment":[{"href":"https:\/\/agora-eoi.xtec.cat\/eoiblanes\/wp-json\/wp\/v2\/media?parent=8989"}],"curies":[{"name":"wp","href":"https:\/\/api.w.org\/{rel}","templated":true}]}}