{"id":8987,"date":"2022-02-15T10:25:35","date_gmt":"2022-02-15T09:25:35","guid":{"rendered":"https:\/\/agora-eoi.xtec.cat\/eoiblanes\/?page_id=8987"},"modified":"2023-07-25T12:14:45","modified_gmt":"2023-07-25T10:14:45","slug":"convalidacions-eso-i-batxillerat","status":"publish","type":"page","link":"https:\/\/agora-eoi.xtec.cat\/eoiblanes\/secretaria-2\/convalidacions-eso-i-batxillerat\/","title":{"rendered":"Convalidacions ESO i Batxillerat"},"content":{"rendered":"<p><u><strong>Convalidacions ESO<\/strong><\/u><\/p>\n<p>L&#8217;alumnat que cursa una segona llengua estrangera, <strong>que no s&#8217;ofereixi en el centre educatiu<\/strong>, i que ho faci en una escola oficial d&#8217;idiomes o en institucions oficials o governamentals pot sol\u00b7licitar-ne el reconeixement. En aquests casos, l&#8217;alumne o alumna ha d&#8217;acreditar que est\u00e0 matriculat en un d&#8217;aquests centres i ha de comunicar, si fos el cas, l&#8217;abandonament d&#8217;aquests estudis.<\/p>\n<p>El tr\u00e0mit que han de fer les fam\u00edlies dels alumnes \u00e9s el seg\u00fcent:<\/p>\n<p><strong>a. Sol\u00b7licitar al centre el reconeixement dels estudis com a mat\u00e8ria optativa de Segona Llengua Estrangera, amb el formulari corresponent. En la sol\u00b7licitud cal adjuntar el comprovant de matr\u00edcula.<\/strong><\/p>\n<p><strong>b. Presentar al centre, a final de curs, el certificat o diploma de superaci\u00f3 dels estudis expedit per l&#8217;organitzaci\u00f3 responsable dels estudis.<\/strong><\/p>\n<p>El reconeixement de la formaci\u00f3 com a Segona Llengua Estrangera es fa efectiu en finalitzar el curs acad\u00e8mic.<\/p>\n<p>&nbsp;<\/p>\n<p><u><strong>Convalidacions Batxillerat<\/strong><\/u><\/p>\n<p>Els alumnes que cursen el batxillerat i, al mateix temps, una segona llengua estrangera en una escola oficial d\u2019idiomes (EOI) poden sol\u00b7licitar, a cada curs, la convalidaci\u00f3 de la darrera franja de quatre hores de cada curs que es completa amb una mat\u00e8ria de modalitat, pr\u00f2pia o aliena, o b\u00e9 amb dues mat\u00e8ries espec\u00edfiques, si es dona alguna de les condicions seg\u00fcents:<\/p>\n<p><strong>1. Es cursa a l\u2019EOI amb el nivell B2 o superior una segona llengua estrangera que ofereix el centre.<\/strong><\/p>\n<p><strong>2. Es cursa a l\u2019EOI una llengua estrangera que no ofereix el centre.<\/strong><\/p>\n<p>La sol\u00b7licitud de convalidaci\u00f3 la presenta l\u2019alumne el primer mes de classe, juntament amb una c\u00f2pia de la matr\u00edcula a l\u2019EOI. El centre ho comunica a la Direcci\u00f3 General de Curr\u00edculum i Personalitzaci\u00f3 i el Batxillerat abans del 31 d\u2019octubre del curs escolar corresponent.<br \/>\nLa convalidaci\u00f3 est\u00e0 condicionada a la superaci\u00f3 del curs a l\u2019EOI, que cal documentar amb un certificat del nivell assolit expedit per la secretaria de l\u2019EOI.<\/p>\n","protected":false},"excerpt":{"rendered":"<p>Convalidacions ESO<br \/>\nL&#8217;alumnat que cursa una segona llengua estrangera, que no s&#8217;ofereixi en el centre educatiu, i que ho faci en una escola oficial d&#8217;idiomes o en institucions oficials o governamentals pot sol\u00b7licitar-ne el reconeixement. En aquests casos, l&#8217;alumne o alumna ha d&#8217;acreditar que est\u00e0 matriculat&hellip;  <a href=\"https:\/\/agora-eoi.xtec.cat\/eoiblanes\/secretaria-2\/convalidacions-eso-i-batxillerat\/\" title=\"Read Convalidacions ESO i Batxillerat\">Llegeix m\u00e9s\u00bb<\/a><\/p>\n","protected":false},"author":1,"featured_media":0,"parent":8960,"menu_order":5,"comment_status":"closed","ping_status":"closed","template":"page-templates\/side-menu.php","meta":{"_bbp_topic_count":0,"_bbp_reply_count":0,"_bbp_total_topic_count":0,"_bbp_total_reply_count":0,"_bbp_voice_count":0,"_bbp_anonymous_reply_count":0,"_bbp_topic_count_hidden":0,"_bbp_reply_count_hidden":0,"_bbp_forum_subforum_count":0,"footnotes":""},"class_list":["post-8987","page","type-page","status-publish","hentry"],"post_mailing_queue_ids":[],"_links":{"self":[{"href":"https:\/\/agora-eoi.xtec.cat\/eoiblanes\/wp-json\/wp\/v2\/pages\/8987","targetHints":{"allow":["GET"]}}],"collection":[{"href":"https:\/\/agora-eoi.xtec.cat\/eoiblanes\/wp-json\/wp\/v2\/pages"}],"about":[{"href":"https:\/\/agora-eoi.xtec.cat\/eoiblanes\/wp-json\/wp\/v2\/types\/page"}],"author":[{"embeddable":true,"href":"https:\/\/agora-eoi.xtec.cat\/eoiblanes\/wp-json\/wp\/v2\/users\/1"}],"replies":[{"embeddable":true,"href":"https:\/\/agora-eoi.xtec.cat\/eoiblanes\/wp-json\/wp\/v2\/comments?post=8987"}],"version-history":[{"count":3,"href":"https:\/\/agora-eoi.xtec.cat\/eoiblanes\/wp-json\/wp\/v2\/pages\/8987\/revisions"}],"predecessor-version":[{"id":11075,"href":"https:\/\/agora-eoi.xtec.cat\/eoiblanes\/wp-json\/wp\/v2\/pages\/8987\/revisions\/11075"}],"up":[{"embeddable":true,"href":"https:\/\/agora-eoi.xtec.cat\/eoiblanes\/wp-json\/wp\/v2\/pages\/8960"}],"wp:attachment":[{"href":"https:\/\/agora-eoi.xtec.cat\/eoiblanes\/wp-json\/wp\/v2\/media?parent=8987"}],"curies":[{"name":"wp","href":"https:\/\/api.w.org\/{rel}","templated":true}]}}