{"id":8982,"date":"2022-02-15T10:23:06","date_gmt":"2022-02-15T09:23:06","guid":{"rendered":"https:\/\/agora-eoi.xtec.cat\/eoiblanes\/?page_id=8982"},"modified":"2026-03-17T11:18:05","modified_gmt":"2026-03-17T10:18:05","slug":"certificats-i-titols","status":"publish","type":"page","link":"https:\/\/agora-eoi.xtec.cat\/eoiblanes\/secretaria-2\/certificats-i-titols\/","title":{"rendered":"Certificats i t\u00edtols"},"content":{"rendered":"<p><strong>Certificats de nivell A2, B1, B2, C1 i C2 (del Consell d&#8217;Europa)<\/strong><\/p>\n<p>Els ensenyaments a les Escoles Oficials d\u2019Idiomes es divideixen en\u00a0quatre nivells. Al final de cada nivell els alumnes, si han assolit els objectius, obtenen el Certificat corresponent:<\/p>\n<ul>\n<li>Certificat de<strong>\u00a0nivell b\u00e0sic (A2)<\/strong>, en acabar el 2n curs<\/li>\n<li>Certificat de\u00a0<strong>nivell intermedi (B1),<\/strong>\u00a0en acabar el 3r curs i candidats lliures<\/li>\n<li>Certificat de\u00a0<strong>nivell intermedi (B2)<\/strong>, en acabar el 5\u00e8 curs i candidats lliures<\/li>\n<li>Certificat de\u00a0<strong>nivell C1<\/strong>, en acabar el curs C1 i candidats lliures<\/li>\n<li>Certificat de\u00a0<strong>nivell C2<\/strong>, en acabar el curs C2 i candidats lliures<\/li>\n<\/ul>\n<p>&nbsp;<\/p>\n<p><strong>Tramitaci\u00f3 de t\u00edtols oficials<\/strong><\/p>\n<p>Tramitaci\u00f3 de t\u00edtols dels nivells <strong>B2<\/strong>, <strong>C1<\/strong> i <strong>C2<\/strong>:<\/p>\n<p>A partir del curs 2025-2026 els certificats d&#8217;idiomes B2,C1 i C2 es tramiten mitjan\u00e7ant una nova aplicaci\u00f3:\u00a0<a href=\"https:\/\/tramits.gencat.cat\/ca\/tramits\/tramits-temes\/titols-academics-no-universitaris\" target=\"_blank\" rel=\"noopener\"><strong>Registre i tramitaci\u00f3 de t\u00edtols (RTT).<\/strong><\/a><\/p>\n<p>Trobareu les instruccions per tramitar els t\u00edtols acad\u00e8mics dels nivells B2, C1 i C2 en aquest <a href=\"https:\/\/agora-eoi.xtec.cat\/eoiblanes\/wp-content\/uploads\/usu2633\/2026\/03\/Instruccions-titols-B1-C1-C2-RTT.pdf\" target=\"_blank\" rel=\"noopener\">document<\/a>.<\/p>\n<p>&nbsp;<\/p>\n<p><strong>Tramitaci\u00f3 de certificats oficials<\/strong><\/p>\n<p>Tramitaci\u00f3 de certificats dels nivells <strong>A2<\/strong> i <strong>B1<\/strong>:<\/p>\n<ul>\n<li>No cal fer cap tr\u00e0mit per demanar-los.<\/li>\n<li>S\u00f3n gratu\u00efts.<\/li>\n<li>S\u00f3n expedits d&#8217;ofici per l&#8217;EOI Blanes.<\/li>\n<li>Estaran disponibles al Departament d&#8217;alumnat. Heu de sol\u00b7licitar-los <strong>pr\u00e8viament<\/strong> al correu electr\u00f2nic de l&#8217;escola eoiblanes@xtec.cat per confirmaci\u00f3 (no es tramiten durant el mes de setembre).<\/li>\n<li>Cal portar el DNI\/NIE o passaport.<\/li>\n<\/ul>\n<p>&nbsp;<\/p>\n<p><strong>Tramitaci\u00f3 d&#8217;altres certificats<\/strong><\/p>\n<ul>\n<li>Certificat acad\u00e8mic<\/li>\n<li>Certificat de matr\u00edcula<\/li>\n<\/ul>\n<p>Si ho necessiteu, podeu demanar aquests certificats on es faci constar l&#8217;idioma\/es i curs\/os que hagueu cursat, o al\/s qual\/s estigueu matriculat\/da. Tenen validesa informativa.<\/p>\n<p>Terminis per sol\u00b7licitar-los:<\/p>\n<ul>\n<li>Certificat acad\u00e8mic: a partir del dia oficial de publicaci\u00f3 de notes (finals de juny)<\/li>\n<li>Certificat de matr\u00edcula: durant el curs<\/li>\n<\/ul>\n<p>S\u00f3n gratu\u00efts per\u00f2 cal fer la\u00a0<strong><a href=\"\/\/agora-eoi.xtec.cat\/eoiblanes\/wp-content\/uploads\/usu2633\/2023\/01\/Sollicitud_Alumnat.pdf\" target=\"_blank\" rel=\"noopener\">sol\u00b7licitud<\/a><\/strong>\u00a0per escrit que s&#8217;ha de presentar al Departament d&#8217;alumnat amb un marge de dos dies d&#8217;antelaci\u00f3 abans del seu lliurament.<\/p>\n<p><strong><a href=\"https:\/\/agora-eoi.xtec.cat\/eoiblanes\/informacio-general\/horari\/\" target=\"_blank\" rel=\"noopener\">Consulteu aqu\u00ed l&#8217;horari d&#8217;atenci\u00f3 al p\u00fablic<\/a><\/strong><\/p>\n","protected":false},"excerpt":{"rendered":"<p>Certificats de nivell A2, B1, B2, C1 i C2 (del Consell d&#8217;Europa)<br \/>\nEls ensenyaments a les Escoles Oficials d\u2019Idiomes es divideixen en\u00a0quatre nivells. Al final de cada nivell els alumnes, si han assolit els objectius, obtenen el Certificat corresponent:<\/p>\n<ul>\n<li>Certificat de\u00a0nivell b\u00e0sic (A2), en acabar el 2n&hellip;  <a href=\"https:\/\/agora-eoi.xtec.cat\/eoiblanes\/secretaria-2\/certificats-i-titols\/\" title=\"Read Certificats i t\u00edtols\">Llegeix m\u00e9s\u00bb<\/a><br \/>\n","protected":false},"author":1,"featured_media":0,"parent":8960,"menu_order":4,"comment_status":"closed","ping_status":"closed","template":"page-templates\/side-menu.php","meta":{"_bbp_topic_count":0,"_bbp_reply_count":0,"_bbp_total_topic_count":0,"_bbp_total_reply_count":0,"_bbp_voice_count":0,"_bbp_anonymous_reply_count":0,"_bbp_topic_count_hidden":0,"_bbp_reply_count_hidden":0,"_bbp_forum_subforum_count":0,"footnotes":""},"class_list":["post-8982","page","type-page","status-publish","hentry"],"post_mailing_queue_ids":[],"_links":{"self":[{"href":"https:\/\/agora-eoi.xtec.cat\/eoiblanes\/wp-json\/wp\/v2\/pages\/8982","targetHints":{"allow":["GET"]}}],"collection":[{"href":"https:\/\/agora-eoi.xtec.cat\/eoiblanes\/wp-json\/wp\/v2\/pages"}],"about":[{"href":"https:\/\/agora-eoi.xtec.cat\/eoiblanes\/wp-json\/wp\/v2\/types\/page"}],"author":[{"embeddable":true,"href":"https:\/\/agora-eoi.xtec.cat\/eoiblanes\/wp-json\/wp\/v2\/users\/1"}],"replies":[{"embeddable":true,"href":"https:\/\/agora-eoi.xtec.cat\/eoiblanes\/wp-json\/wp\/v2\/comments?post=8982"}],"version-history":[{"count":6,"href":"https:\/\/agora-eoi.xtec.cat\/eoiblanes\/wp-json\/wp\/v2\/pages\/8982\/revisions"}],"predecessor-version":[{"id":12231,"href":"https:\/\/agora-eoi.xtec.cat\/eoiblanes\/wp-json\/wp\/v2\/pages\/8982\/revisions\/12231"}],"up":[{"embeddable":true,"href":"https:\/\/agora-eoi.xtec.cat\/eoiblanes\/wp-json\/wp\/v2\/pages\/8960"}],"wp:attachment":[{"href":"https:\/\/agora-eoi.xtec.cat\/eoiblanes\/wp-json\/wp\/v2\/media?parent=8982"}],"curies":[{"name":"wp","href":"https:\/\/api.w.org\/{rel}","templated":true}]}}