{"id":8969,"date":"2022-02-15T10:13:42","date_gmt":"2022-02-15T09:13:42","guid":{"rendered":"https:\/\/agora-eoi.xtec.cat\/eoiblanes\/?page_id=8969"},"modified":"2025-11-20T13:10:04","modified_gmt":"2025-11-20T12:10:04","slug":"normes-administratives","status":"publish","type":"page","link":"https:\/\/agora-eoi.xtec.cat\/eoiblanes\/secretaria-2\/normes-administratives\/","title":{"rendered":"Normes administratives"},"content":{"rendered":"<h3>ASSIST\u00c8NCIA A CLASSE<\/h3>\n<ul>\n<li>L&#8217;assist\u00e8ncia es considera necess\u00e0ria per al bon aprofitament individual i del grup i per a una adequada avaluaci\u00f3 de l&#8217;alumne.<\/li>\n<li>En cas d&#8217;abs\u00e8ncies superiors al 35 % del temps lectiu, l&#8217;alumne no podr\u00e0 ser avaluat de manera cont\u00ednua (nivells A1, A2 i B2.1), i nom\u00e9s podr\u00e0 ser avaluat amb una prova a final de curs.<\/li>\n<li>Si, per alguna ra\u00f3, un alumne no pot assistir a classe durant un temps o definitivament, cal fer-ho saber al professor\/a i a eoiblanes@xtec.cat (per rebre la informaci\u00f3 pel que fa a repeticions, taxes de repetici\u00f3, etc.) al m\u00e9s aviat possible.<\/li>\n<\/ul>\n<h3><a name=\"AVALUACI\u00d3\"><\/a>AVALUACI\u00d3<\/h3>\n<ul>\n<li>L&#8217;avaluaci\u00f3 del proc\u00e9s d&#8217;aprenentatge dels alumnes oficials presencials ser\u00e0 cont\u00ednua i sistem\u00e0tica, globalitzada, integradora i personalitzada a fi de valorar el progr\u00e9s dels alumnes.<\/li>\n<li>Es fomenta l&#8217;intercanvi d&#8217;informaci\u00f3 sobre el proc\u00e9s d&#8217;aprenentatge i ensenyament entre professorat i alumnat. Es valora l&#8217;assist\u00e8ncia a classe, la participaci\u00f3 en les activitats proposades, la realitzaci\u00f3 de les tasques encomanades per fer a casa, el resultat de les proves peri\u00f2diques que es programin. Tanmateix, a banda de l&#8217;avaluaci\u00f3 formativa hi ha una prova d&#8217;assoliment estandaritzada per constatar que s&#8217;han complert els objectius establerts per als casos en qu\u00e8 el professor no tingui prou elements de judici.<\/li>\n<li>L&#8217;avaluaci\u00f3 est\u00e0 elaborada amb criteris objectius de fiabilitat i validesa.<\/li>\n<\/ul>\n<h3><a name=\"BEQUES\"><\/a>BEQUES<\/h3>\n<ul>\n<li>Beques, ajuts i subvencions del Departament d&#8217;Educaci\u00f3 <a href=\"http:\/\/web.gencat.cat\/ca\/tramits\/tramits-temes\/Beques-de-caracter-general-per-a-estudis-postobligatoris?category=7449fd1c-a82c-11e3-a972-000c29052e2c\" target=\"_blank\" rel=\"noopener\">cliqueu aqu\u00ed<\/a>.<\/li>\n<li>Becas, ayudas y premios del Ministerio de Educaci\u00f3n, Gobierno de Espa\u00f1a:\u00a0<a href=\"http:\/\/www.educacionyfp.gob.es\/servicios-al-ciudadano\/catalogo\/estudiantes\/becas-ayudas\/para-estudiar.html\" target=\"_blank\" rel=\"noopener\">www.educacion.gob.es<\/a><\/li>\n<li>Ajuts<a href=\"http:\/\/agaur.gencat.cat\/ca\/beques-i-ajuts\/pagines-especials\/programa-de-terceres-llengues\/\" target=\"_blank\" rel=\"noopener\">\u00a0parla3<\/a>: tercera llengua a la universitat<\/li>\n<\/ul>\n<h3><a name=\"CANVIS D'HORARI\"><\/a>CANVIS D&#8217;HORARI<\/h3>\n<p>Un cop formalitzada la matr\u00edcula, els alumnes que vulguin un canvi d&#8217;horari hauran de presentar una inst\u00e0ncia al Departament d&#8217;alumnat durant l&#8217;horari d&#8217;atenci\u00f3 al p\u00fablic amb les causes degudament justificades, d&#8217;acord amb les condicions seg\u00fcents:<\/p>\n<ul>\n<li>En tots els casos nom\u00e9s es podran concedir canvis en els horaris sol\u00b7licitats en qu\u00e8 hi hagi places vacants.<\/li>\n<li>Podran demanar canvi els alumnes que un cop feta la matr\u00edcula a l&#8217;EOI, s&#8217;hagin matriculat en un altre centre docent oficial (universitat, institut, escola, etc.) i tinguin un horari incompatible, o b\u00e9 alumnes als quals s&#8217;hagi canviat l&#8217;horari laboral, tamb\u00e9 amb posterioritat a la matriculaci\u00f3 en aquesta EOI.<\/li>\n<li>El canvi ser\u00e0 irrenunciable, oficial i definitiu per a\u00a0la resta del curs.<\/li>\n<li>No es tindr\u00e0 en compte cap sol\u00b7licitud que no vagi acompanyada de justificant acreditatiu (fotoc\u00f2pia de matr\u00edcula, certificat de l&#8217;empresa, etc.).<\/li>\n<li>La cap d&#8217;estudis classificar\u00e0 les sol\u00b7licituds rebudes per idioma i horari demanat en primera opci\u00f3 i es procedir\u00e0 a concedir o denegar els canvis d&#8217;acord amb la disponibilitat de places.<\/li>\n<\/ul>\n<p>Un cop\u00a0concedides o denegades les sol\u00b7licituds els\/les alumnes podran incorporar-se immediatament al grup sol\u00b7licitat si els ha estat concedit el canvi. En cas contrari hauran de romandre al grup d&#8217;origen.<\/p>\n<ul>\n<li>Canvi\u00a0d&#8217;horari oficial. Termini per presentar\u00a0<a href=\"https:\/\/agora-eoi.xtec.cat\/eoiblanes\/wp-content\/uploads\/usu2633\/2023\/01\/Sollicitud_CanviGrupHorari.pdf\" target=\"_blank\" rel=\"noopener\">la sol\u00b7licitud de canvi d&#8217;horari<\/a>:\u00a0<span style=\"color: #0000ff;\"><strong>del 22 de setembre fins al 10 d&#8217;octubre de 2025<\/strong><\/span> per al curs<strong> 25-26. <\/strong>La sol\u00b7licitud s\u2019han de presentar personalment al Departament d\u2019alumnat.<\/li>\n<\/ul>\n<h3><a name=\"DEVOLUCI\u00d3 DE TAXES O PREUS P\u00daBLICS\"><\/a>DEVOLUCI\u00d3 DE TAXES O PREUS P\u00daBLICS<\/h3>\n<p>El retorn de taxes \u00e9s compet\u00e8ncia del Departament d&#8217;Educaci\u00f3.<\/p>\n<p>Les taxes o preus p\u00fablics de la matr\u00edcula a les EOI nom\u00e9s es poden retornar en els sup\u00f2sits que s&#8217;indiquen a continuaci\u00f3 i dins dels terminis que, quan escau, s&#8217;assenyalen:<\/p>\n<p><strong>a.<\/strong>\u00a0Ren\u00fancia a la matr\u00edcula oficial, quan la ren\u00fancia i la sol\u00b7licitud <strong>de retorn de taxes o preus p\u00fablics<\/strong> es produeixin fins al\u00a0<span style=\"color: #0000ff;\"><strong>10 d&#8217;octubre de 2025 <\/strong><\/span>per al curs<strong> 25-26<\/strong>, tant en els cursos extensius com en els quadrimestrals i flexibilitzats. Cal aportar justificaci\u00f3. Implica la ren\u00fancia a la matr\u00edcula. L&#8217;alumne perd el dret a assistir a classe i no se li reserva la pla\u00e7a per al curs seg\u00fcent. <span style=\"font-family: inherit; font-size: 1em;\">La sol\u00b7licitud s\u2019han de presentar personalment al Departament d\u2019alumnat.<\/span><\/p>\n<p><strong>b.<\/strong>\u00a0Ren\u00fancia a la inscripci\u00f3 a les proves lliures per a l&#8217;obtenci\u00f3 del certificat de Nivell Intermedi B1, del certificat de Nivell Intermedi B2 o del certificat de Nivell Avan\u00e7at C1 quan la ren\u00fancia i la sol\u00b7licitud de retorn de taxes o de preus p\u00fablics es produeixin abans de la data de publicaci\u00f3 de les llistes definitives d&#8217;admesos.<\/p>\n<p><strong>c.\u00a0<\/strong>Pagaments duplicats o per import superior.<\/p>\n<p><strong>d.<\/strong>\u00a0Inaplicaci\u00f3 de bonificacions o exempcions a les quals l&#8217;alumne t\u00e9 dret en el moment de la matriculaci\u00f3, per l&#8217;import corresponent.<\/p>\n<p><strong>e.\u00a0<\/strong>No prestaci\u00f3 del servei per causes no imputables a l&#8217;alumne. No es consideren sup\u00f2sits de for\u00e7a major els canvis en l&#8217;horari laboral, ni els canvis de domicili o similars.<\/p>\n<p><strong>f.<\/strong>\u00a0En cas de trasllat a una altra comunitat aut\u00f2noma, l&#8217;alumne pot sol\u00b7licitar el retorn de taxes o preus p\u00fablics fins al\u00a0<span style=\"color: #0000ff;\"><strong>28 de novembre de 2025 <\/strong><\/span>per al curs<strong> 25-26<\/strong>. <span style=\"font-family: inherit; font-size: 1em;\">La sol\u00b7licitud s\u2019han de presentar personalment al Departament d\u2019alumnat.<\/span><\/p>\n<ul>\n<li>Pels sup\u00f2sits a. i b. per a sol\u00b7licitud de devoluci\u00f3 de taxes i preus p\u00fablics amb ren\u00fancia a la pla\u00e7a, preferentment per via telem\u00e0tica, accediu a l&#8217;enlla\u00e7 seg\u00fcent\u00a0\u00a0<a href=\"https:\/\/web.gencat.cat\/ca\/tramits\/tramits-temes\/devolucio-ingressos-indeguts\" target=\"_blank\" rel=\"noopener\" data-saferedirecturl=\"https:\/\/www.google.com\/url?q=https:\/\/web.gencat.cat\/ca\/tramits\/tramits-temes\/devolucio-ingressos-indeguts&amp;source=gmail&amp;ust=1730896360656000&amp;usg=AOvVaw33lNkO4kO9QUlTg2gSkLZ7\">https:\/\/web.gencat.<wbr \/>cat\/ca\/tramits\/tramits-temes\/<wbr \/>devolucio-ingressos-indeguts<\/a><\/li>\n<li>Pels altres sup\u00f2sits de devoluci\u00f3 contacteu amb el dept. d&#8217;alumnat, presencialment de dilluns a dijous de 16 a 19h o per correu electr\u00f2nic\u00a0<a href=\"mailto:eoiblanes@xtec.cat\" target=\"_blank\" rel=\"noopener\">eoiblanes@xtec.cat<\/a><\/li>\n<\/ul>\n<p>La ren\u00fancia a la matr\u00edcula oficial amb devoluci\u00f3 de taxes suposa l&#8217;anul\u00b7laci\u00f3 de la matr\u00edcula a tots els efectes i l&#8217;exclusi\u00f3 de la matr\u00edcula de l&#8217;expedient acad\u00e8mic de l&#8217;alumne i, per tant, la ren\u00fancia a la pla\u00e7a per part de l&#8217;alumne. Aix\u00ed mateix es perd la condici\u00f3 d&#8217;antic alumne\/a per a la matr\u00edcula del curs seg\u00fcent.<\/p>\n<h3><a name=\"EX\u00c0MENS CURS OFICIAL\"><\/a>EX\u00c0MENS CURS OFICIAL<\/h3>\n<ul style=\"list-style-type: square;\">\n<li>Els alumnes disposaran, a banda de l&#8217;avaluaci\u00f3 cont\u00ednua, d&#8217;una \u00fanica convocat\u00f2ria d&#8217;examen final durant el curs acad\u00e8mic.<\/li>\n<li>Tota persona que estigui convocada i no es presenti a aquesta prova, rebr\u00e0 un No Presentat (NP) com a nota final i perdr\u00e0 una convocat\u00f2ria. Acad\u00e8micament constar\u00e0 com una repetici\u00f3 de curs (s&#8217;haur\u00e0 perdut una de les convocat\u00f2ries) i econ\u00f2micament s&#8217;aplicar\u00e0 una taxa de repetici\u00f3 al curs seg\u00fcent al qual es matriculi.<\/li>\n<li>Trobareu les dates de les proves de certificaci\u00f3 de la convocat\u00f2ria ordin\u00e0ria al seg\u00fcent <a href=\"https:\/\/educacio.gencat.cat\/ca\/serveis-tramits\/proves\/proves-lliures-obtencio-titols\/convocat-ordinaria-idiomes\/calendari\/\" target=\"_blank\" rel=\"noopener\">enlla\u00e7<\/a>.<\/li>\n<\/ul>\n<h3><a name=\"MENORS\"><\/a>MENORS<\/h3>\n<p><strong>Els ensenyaments que es duen a terme a les EOI s\u00f3n de car\u00e0cter NO REGLAT, \u00e9s a dir, no obligatoris.<\/strong><\/p>\n<p>L&#8217;Escola es compromet a fer un seguiment de l&#8217;assist\u00e8ncia dels alumnes menors d&#8217;edat. A l&#8217;inici del curs, s&#8217;enviar\u00e0 una carta als pares \/ tutors per tal d&#8217;informar-los de com es fa aquest seguiment. Es trucar\u00e0 als pares o tutors en cas que el\/la menor falti a classe; aix\u00ed mateix, es demanar\u00e0 justificant d&#8217;abs\u00e8ncia o retard degudament emplenat i signat pel pare\/mare o tutor\/s.<\/p>\n<p>Trobareu el justificant d&#8217;abs\u00e8ncia a l&#8217;apartat d&#8217;inst\u00e0ncies i sol\u00b7licituds (secretaria).<\/p>\n<h3><a name=\"REN\u00daNCIA A LA MATR\u00cdCULA OFICIAL\"><\/a>REN\u00daNCIA A LA MATR\u00cdCULA OFICIAL<\/h3>\n<ul>\n<li>Es podr\u00e0 renunciar a la matr\u00edcula oficial quan l&#8217;alumne no pugui continuar assistint a classe amb regularitat. La ren\u00fancia implica que no es computi el curs a efectes de repetici\u00f3 i que, si ho demana, mantindr\u00e0 la prioritat per matricular-se l&#8217;any acad\u00e8mic posterior com a antic alumne.<\/li>\n<li>L&#8217;alumne oficial podr\u00e0 presentar al director o directora de l&#8217;escola la ren\u00fancia a la matriculaci\u00f3 en un idioma en un termini que finalitza el dia\u00a0<span style=\"color: #0000ff;\"><strong>28 de novembre de 2025<\/strong><\/span>\u00a0per al curs<strong> 25-26<\/strong>. Trobareu la sol\u00b7licitud en\u00a0<a href=\"https:\/\/agora-eoi.xtec.cat\/eoiblanes\/wp-content\/uploads\/usu2633\/2025\/11\/Sollicitud_Renuncia_Matricula-Oficial.pdf\" target=\"_blank\" rel=\"noopener\">aquest enlla\u00e7<\/a>.\u00a0\u00a0La sol\u00b7licitud s\u2019han de presentar personalment al Departament d\u2019alumnat.<\/li>\n<li>Renunciar a la matr\u00edcula <strong>no dona dret al retorn de l&#8217;import de la matr\u00edcula<\/strong>.<\/li>\n<\/ul>\n<h3><a name=\"PERMAN\u00c8NCIA EN ELS ESTUDIS\"><\/a>PERMAN\u00c8NCIA EN ELS ESTUDIS<\/h3>\n<ul>\n<li>En cada un dels nivells b\u00e0sic, intermedi B1, intermedi B2, avan\u00e7at C1 i avan\u00e7at C2, l&#8217;alumne t\u00e9 dret a romandre matriculat en r\u00e8gim d&#8217;ensenyament oficial, modalitat presencial, durant un m\u00e0xim de cursos acad\u00e8mics equivalents al doble dels cursos de qu\u00e8 consta el nivell per a l&#8217;idioma corresponent.<\/li>\n<li>L&#8217;alumne que cursa per tercera vegada el primer curs del nivell b\u00e0sic, del nivell intermedi B2 o del nivell avan\u00e7at C2 (nom\u00e9s en el cas d&#8217;angl\u00e8s), i no el supera, no pot cursar-lo una altra vegada.<\/li>\n<li>Per cursar per tercera vegada el primer curs del nivell b\u00e0sic, del nivell intermedi B2 o del nivell avan\u00e7at C2 (nom\u00e9s en el cas d&#8217;angl\u00e8s), l&#8217;alumne ha de demanar-ho al director o directora de l&#8217;escola, que ha de valorar les circumst\u00e0ncies al\u00b7legades per l&#8217;alumne en la sol\u00b7licitud i el proc\u00e9s d&#8217;aprenentatge seguit per l&#8217;alumne al llarg dels dos cursos realitzats.<\/li>\n<li>L&#8217;alumne que accedeix directament al segon curs del nivell b\u00e0sic o al segon curs del nivell intermedi B2\u00a0el pot cursar un m\u00e0xim de dues vegades.<\/li>\n<li>Dins de cada nivell C1 i C2 l&#8217;alumne t\u00e9 dret a romandre matriculat en el r\u00e8gim d&#8217;ensenyament oficial, modalitat presencial, un m\u00e0xim de dos cursos acad\u00e8mics. En casos excepcionals, el director o directora podr\u00e0 autoritzar la repetici\u00f3 o perman\u00e8ncia d&#8217;un curs m\u00e9s en r\u00e8gim oficial presencial a l&#8217;alumne que ho sol\u00b7liciti.<\/li>\n<li>En\u00a0<strong>casos excepcionals<\/strong>, que ha de valorar el director o directora de l&#8217;escola i sempre que no representi fer el mateix curs per quarta vegada, el director o directora podr\u00e0 autoritzar la repetici\u00f3 o perman\u00e8ncia d&#8217;un curs m\u00e9s en r\u00e8gim oficial presencial a l&#8217;alumne que ho sol\u00b7liciti, quan ja hagi superat el nombre m\u00e0xim de cursos de perman\u00e8ncia autoritzats amb car\u00e0cter general per al nivell corresponent. Es podr\u00e0 concedir una \u00fanica convocat\u00f2ria addicional per nivell.<\/li>\n<\/ul>\n<h3><a name=\"TRASLLAT DE MATR\u00cdCULA\"><\/a>TRASLLAT DE MATR\u00cdCULA<\/h3>\n<ul>\n<li><strong>Trasllat de l&#8217;alumne durant el curs acad\u00e8mic<\/strong><\/li>\n<li>Si despr\u00e9s de formalitzar la matr\u00edcula en un centre, un alumne demana poder continuar el curs en un altre centre, el trasllat s&#8217;anomena trasllat de\u00a0<strong>matr\u00edcula viva<\/strong>. El termini per efectuar trasllats de matr\u00edcula viva finalitza el\u00a0<span style=\"color: #0000ff;\"><b>30 d&#8217;abril de 2026 <\/b><\/span>per al curs<b> 25-26<\/b>.<\/li>\n<li>La sol\u00b7licitud de matr\u00edcula s&#8217;ha de fer al centre de destinaci\u00f3 mitjan\u00e7ant el model &#8220;<a href=\"https:\/\/agora-eoi.xtec.cat\/eoiblanes\/wp-content\/uploads\/usu2633\/2022\/02\/trasllat_form.pdf\" target=\"_blank\" rel=\"noopener\">Sol\u00b7licitud de trasllat d&#8217;expedient<\/a>&#8221; i queda condicionada a la disponibilitat de places del centre. La documentaci\u00f3 que cal aportar \u00e9s el full de pagament de la matr\u00edcula efectuada en el centre d&#8217;origen. En el moment de produir-se una vacant, l&#8217;EOI de destinaci\u00f3 ho ha de comunicar al sol\u00b7licitant. L&#8217;EOI de destinaci\u00f3 ha de tramitar d&#8217;ofici el trasllat d&#8217;expedient de l&#8217;alumne. En cas de no haver-hi vacants en l&#8217;EOI de destinaci\u00f3, s&#8217;obrir\u00e0 una llista d&#8217;espera en qu\u00e8 els sol\u00b7licitants han de poder indicar els grups i horaris desitjats.<\/li>\n<li><strong>Trasllat de l&#8217;alumne en per\u00edode no lectiu<\/strong><\/li>\n<li>\n<div>Els alumnes oficials, un cop hagin formalitzat la matr\u00edcula al seu centre d&#8217;origen, poden sol\u00b7licitar un trasllat de matr\u00edcula a una altra escola els<strong>\u00a0dies de juliol indicats en el full informatiu per la matr\u00edcula d&#8217;antic alumnat<\/strong>. La sol\u00b7licitud de matr\u00edcula es fa presencialment a l&#8217;escola de destinaci\u00f3, i queda condicionada a la disponibilitat de places. L&#8217;escola de destinaci\u00f3 es posar\u00e0 en contacte amb els alumnes a trav\u00e9s dels mitjans que estableixi, per notificar l&#8217;acceptaci\u00f3 o la denegaci\u00f3 del trasllat. En cas d&#8217;acceptaci\u00f3, el proc\u00e9s de trasllat ha d&#8217;haver acabat abans de finals de juliol. La documentaci\u00f3 que l&#8217;alumne ha d&#8217;aportar en el moment de sol\u00b7licitar el trasllat \u00e9s el full de pagament de la matr\u00edcula. En cas que hi hagi places vacants, l&#8217;escola de destinaci\u00f3 sol\u00b7licitar\u00e0 el trasllat de l&#8217;expedient acad\u00e8mic de l&#8217;alumne a l&#8217;escola d&#8217;origen.<\/div>\n<div><\/div>\n<div>&#8211; L\u2019alumne no pagar\u00e0 taxa de matr\u00edcula si procedeix d\u2019una EOI de Catalunya per\u00f2 s\u00ed que pagar\u00e0 la taxa de matr\u00edcula si procedeix d\u2019una EOI d\u2019una altra comunitat aut\u00f2noma.<\/div>\n<\/li>\n<\/ul>\n","protected":false},"excerpt":{"rendered":"<p>ASSIST\u00c8NCIA A CLASSE<\/p>\n<ul>\n<li>L&#8217;assist\u00e8ncia es considera necess\u00e0ria per al bon aprofitament individual i del grup i per a una adequada avaluaci\u00f3 de l&#8217;alumne.<\/li>\n<li>En cas d&#8217;abs\u00e8ncies superiors al 35 % del temps lectiu, l&#8217;alumne no podr\u00e0 ser avaluat de manera cont\u00ednua (nivells A1, A2 i B2.1), i&hellip;  <a href=\"https:\/\/agora-eoi.xtec.cat\/eoiblanes\/secretaria-2\/normes-administratives\/\" title=\"Read Normes administratives\">Llegeix m\u00e9s\u00bb<\/a><br \/>\n","protected":false},"author":1,"featured_media":0,"parent":8960,"menu_order":2,"comment_status":"closed","ping_status":"closed","template":"page-templates\/side-menu.php","meta":{"_bbp_topic_count":0,"_bbp_reply_count":0,"_bbp_total_topic_count":0,"_bbp_total_reply_count":0,"_bbp_voice_count":0,"_bbp_anonymous_reply_count":0,"_bbp_topic_count_hidden":0,"_bbp_reply_count_hidden":0,"_bbp_forum_subforum_count":0,"footnotes":""},"class_list":["post-8969","page","type-page","status-publish","hentry"],"post_mailing_queue_ids":[],"_links":{"self":[{"href":"https:\/\/agora-eoi.xtec.cat\/eoiblanes\/wp-json\/wp\/v2\/pages\/8969","targetHints":{"allow":["GET"]}}],"collection":[{"href":"https:\/\/agora-eoi.xtec.cat\/eoiblanes\/wp-json\/wp\/v2\/pages"}],"about":[{"href":"https:\/\/agora-eoi.xtec.cat\/eoiblanes\/wp-json\/wp\/v2\/types\/page"}],"author":[{"embeddable":true,"href":"https:\/\/agora-eoi.xtec.cat\/eoiblanes\/wp-json\/wp\/v2\/users\/1"}],"replies":[{"embeddable":true,"href":"https:\/\/agora-eoi.xtec.cat\/eoiblanes\/wp-json\/wp\/v2\/comments?post=8969"}],"version-history":[{"count":6,"href":"https:\/\/agora-eoi.xtec.cat\/eoiblanes\/wp-json\/wp\/v2\/pages\/8969\/revisions"}],"predecessor-version":[{"id":12150,"href":"https:\/\/agora-eoi.xtec.cat\/eoiblanes\/wp-json\/wp\/v2\/pages\/8969\/revisions\/12150"}],"up":[{"embeddable":true,"href":"https:\/\/agora-eoi.xtec.cat\/eoiblanes\/wp-json\/wp\/v2\/pages\/8960"}],"wp:attachment":[{"href":"https:\/\/agora-eoi.xtec.cat\/eoiblanes\/wp-json\/wp\/v2\/media?parent=8969"}],"curies":[{"name":"wp","href":"https:\/\/api.w.org\/{rel}","templated":true}]}}