{"id":8960,"date":"2022-02-15T10:09:43","date_gmt":"2022-02-15T09:09:43","guid":{"rendered":"https:\/\/agora-eoi.xtec.cat\/eoiblanes\/?page_id=8960"},"modified":"2022-10-29T21:40:03","modified_gmt":"2022-10-29T19:40:03","slug":"secretaria-2","status":"publish","type":"page","link":"https:\/\/agora-eoi.xtec.cat\/eoiblanes\/secretaria-2\/","title":{"rendered":"Secretaria"},"content":{"rendered":"<ul>\n<li><a href=\"https:\/\/agora-eoi.xtec.cat\/eoiblanes\/secretaria\/calendari-escolar\/\">Calendari escolar<\/a><\/li>\n<li><a href=\"https:\/\/agora-eoi.xtec.cat\/eoiblanes\/secretaria\/normes-administratives\/\">Normes administratives<\/a><\/li>\n<li><a href=\"https:\/\/agora-eoi.xtec.cat\/eoiblanes\/secretaria\/certificats-i-titols\/\">Certificats i t\u00edtols<\/a><\/li>\n<li><a href=\"https:\/\/agora-eoi.xtec.cat\/eoiblanes\/secretaria\/convalidacions-eso-i-batxillerat\/\">Convalidacions ESO i Batxillerat<\/a><\/li>\n<li><a href=\"https:\/\/agora-eoi.xtec.cat\/eoiblanes\/secretaria\/matricula-antic-alumnat\/\">Matr\u00edcula antic alumnat<\/a><\/li>\n<li><a href=\"https:\/\/agora-eoi.xtec.cat\/eoiblanes\/secretaria\/matricula-nou-alumnat\/\">Matr\u00edcula nou alumnat<\/a><\/li>\n<li><a href=\"https:\/\/agora-eoi.xtec.cat\/eoiblanes\/secretaria\/taxes-i-preus-publics\/\">Taxes i preus p\u00fablics<\/a><\/li>\n<li><a href=\"https:\/\/agora-eoi.xtec.cat\/eoiblanes\/secretaria\/beques-i-ajuts\/\">Beques i ajuts<\/a><\/li>\n<li><a href=\"https:\/\/agora-eoi.xtec.cat\/eoiblanes\/secretaria\/candidats-lliures\/\" rel=\"noopener\">Candidats lliures<\/a><\/li>\n<li><a href=\"https:\/\/agora-eoi.xtec.cat\/eoiblanes\/secretaria\/consulta-de-qualificacions\/\">Consulta de qualificacions<\/a><\/li>\n<li><a href=\"https:\/\/agora-eoi.xtec.cat\/eoiblanes\/secretaria\/formularis-de-sollicituds\/\">Formularis de sol\u00b7licituds<\/a><\/li>\n<li><a href=\"https:\/\/agora-eoi.xtec.cat\/eoiblanes\/secretaria\/actualitzacio-matricula\/\">Matr\u00edcula actualitzaci\u00f3 (curs d&#8217;actualitzaci\u00f3)<\/a><\/li>\n<li><a href=\"https:\/\/agora-eoi.xtec.cat\/eoiblanes\/secretaria\/certificats-reconeguts-per-les-eois\/\">Certificats reconeguts per les EOIs<\/a><\/li>\n<li><a href=\"https:\/\/agora-eoi.xtec.cat\/eoiblanes\/secretaria\/programa-pia-per-al-professorat\/\">Programa PIA per al professorat<\/a><\/li>\n<li><a href=\"https:\/\/agora-eoi.xtec.cat\/eoiblanes\/secretaria\/programa-de-certificacio-alumnat-instituts\/https:\/\/agora-eoi.xtec.cat\/eoiblanes\/general\/programa-de-certificacio-alumnat-instituts\/\" rel=\"noopener\">Programa de certificaci\u00f3 (alumnat instituts)<\/a><\/li>\n<\/ul>\n","protected":false},"excerpt":{"rendered":"<ul>\n<li><a href=\"https:\/\/agora-eoi.xtec.cat\/eoiblanes\/secretaria\/calendari-escolar\/\">Calendari escolar<\/a><\/li>\n<li><a href=\"https:\/\/agora-eoi.xtec.cat\/eoiblanes\/secretaria\/normes-administratives\/\">Normes administratives<\/a><\/li>\n<li><a href=\"https:\/\/agora-eoi.xtec.cat\/eoiblanes\/secretaria\/certificats-i-titols\/\">Certificats i t\u00edtols<\/a><\/li>\n<li><a href=\"https:\/\/agora-eoi.xtec.cat\/eoiblanes\/secretaria\/convalidacions-eso-i-batxillerat\/\">Convalidacions ESO i Batxillerat<\/a><\/li>\n<li><a href=\"https:\/\/agora-eoi.xtec.cat\/eoiblanes\/secretaria\/matricula-antic-alumnat\/\">Matr\u00edcula antic alumnat<\/a><\/li>\n<li><a href=\"https:\/\/agora-eoi.xtec.cat\/eoiblanes\/secretaria\/matricula-nou-alumnat\/\">Matr\u00edcula nou alumnat<\/a><\/li>\n<li><a href=\"https:\/\/agora-eoi.xtec.cat\/eoiblanes\/secretaria\/taxes-i-preus-publics\/\">Taxes i preus p\u00fablics<\/a><\/li>\n<li><a href=\"https:\/\/agora-eoi.xtec.cat\/eoiblanes\/secretaria\/beques-i-ajuts\/\">Beques i ajuts<\/a><\/li>\n<li><a href=\"https:\/\/agora-eoi.xtec.cat\/eoiblanes\/secretaria\/candidats-lliures\/\" rel=\"noopener\">Candidats lliures<\/a><\/li>\n<li><a href=\"https:\/\/agora-eoi.xtec.cat\/eoiblanes\/secretaria\/consulta-de-qualificacions\/\">Consulta de qualificacions<\/a><\/li>\n<li><a href=\"https:\/\/agora-eoi.xtec.cat\/eoiblanes\/secretaria\/formularis-de-sollicituds\/\">Formularis de sol\u00b7licituds<\/a><\/li>\n<li><a href=\"https:\/\/agora-eoi.xtec.cat\/eoiblanes\/secretaria\/actualitzacio-matricula\/\">Matr\u00edcula actualitzaci\u00f3 (curs d&#8217;actualitzaci\u00f3)<\/a><\/li>\n<li><a href=\"https:\/\/agora-eoi.xtec.cat\/eoiblanes\/secretaria\/certificats-reconeguts-per-les-eois\/\">Certificats reconeguts per les EOIs<\/a><\/li>\n<li><a href=\"https:\/\/agora-eoi.xtec.cat\/eoiblanes\/secretaria\/programa-pia-per-al-professorat\/\">Programa PIA&hellip;  <a href=\"https:\/\/agora-eoi.xtec.cat\/eoiblanes\/secretaria-2\/\" title=\"Read Secretaria\">Llegeix m\u00e9s\u00bb<\/a><br \/>\n","protected":false},"author":1,"featured_media":0,"parent":0,"menu_order":0,"comment_status":"closed","ping_status":"closed","template":"page-templates\/side-menu.php","meta":{"_bbp_topic_count":0,"_bbp_reply_count":0,"_bbp_total_topic_count":0,"_bbp_total_reply_count":0,"_bbp_voice_count":0,"_bbp_anonymous_reply_count":0,"_bbp_topic_count_hidden":0,"_bbp_reply_count_hidden":0,"_bbp_forum_subforum_count":0,"footnotes":""},"class_list":["post-8960","page","type-page","status-publish","hentry"],"post_mailing_queue_ids":[],"_links":{"self":[{"href":"https:\/\/agora-eoi.xtec.cat\/eoiblanes\/wp-json\/wp\/v2\/pages\/8960","targetHints":{"allow":["GET"]}}],"collection":[{"href":"https:\/\/agora-eoi.xtec.cat\/eoiblanes\/wp-json\/wp\/v2\/pages"}],"about":[{"href":"https:\/\/agora-eoi.xtec.cat\/eoiblanes\/wp-json\/wp\/v2\/types\/page"}],"author":[{"embeddable":true,"href":"https:\/\/agora-eoi.xtec.cat\/eoiblanes\/wp-json\/wp\/v2\/users\/1"}],"replies":[{"embeddable":true,"href":"https:\/\/agora-eoi.xtec.cat\/eoiblanes\/wp-json\/wp\/v2\/comments?post=8960"}],"version-history":[{"count":3,"href":"https:\/\/agora-eoi.xtec.cat\/eoiblanes\/wp-json\/wp\/v2\/pages\/8960\/revisions"}],"predecessor-version":[{"id":10303,"href":"https:\/\/agora-eoi.xtec.cat\/eoiblanes\/wp-json\/wp\/v2\/pages\/8960\/revisions\/10303"}],"wp:attachment":[{"href":"https:\/\/agora-eoi.xtec.cat\/eoiblanes\/wp-json\/wp\/v2\/media?parent=8960"}],"curies":[{"name":"wp","href":"https:\/\/api.w.org\/{rel}","templated":true}]}}