{"id":8941,"date":"2022-02-15T09:52:56","date_gmt":"2022-02-15T08:52:56","guid":{"rendered":"https:\/\/agora-eoi.xtec.cat\/eoiblanes\/?page_id=8941"},"modified":"2023-09-24T21:13:03","modified_gmt":"2023-09-24T19:13:03","slug":"instruccions-moodle","status":"publish","type":"page","link":"https:\/\/agora-eoi.xtec.cat\/eoiblanes\/serveis\/instruccions-moodle\/","title":{"rendered":"Instruccions Moodle"},"content":{"rendered":"<p>Cal que creeu un compte a la plataforma Moodle (icona de l&#8217;esquerra la p\u00e0gina web) perqu\u00e8 \u00e9s l&#8217;espai on es desenvolupar\u00e0 part de la doc\u00e8ncia.<\/p>\n<p>Cal que seguiu les instruccions que trobareu en <a href=\"https:\/\/agora-eoi.xtec.cat\/eoiblanes\/wp-content\/uploads\/usu2633\/2023\/09\/Informacio-alumnes-_MOODLE_2023-24.pdf\" target=\"_blank\" rel=\"noopener\">aquest document\u00a0<\/a>per crear el compte.<\/p>\n<p><strong>El vostre professor o la vostra professora us indicar\u00e0 quina clau necessiteu per accedir al vostre curs en concret.<\/strong><\/p>\n","protected":false},"excerpt":{"rendered":"<p>Cal que creeu un compte a la plataforma Moodle (icona de l&#8217;esquerra la p\u00e0gina web) perqu\u00e8 \u00e9s l&#8217;espai on es desenvolupar\u00e0 part de la doc\u00e8ncia.<br \/>\nCal que seguiu les instruccions que trobareu en <a href=\"https:\/\/agora-eoi.xtec.cat\/eoiblanes\/wp-content\/uploads\/usu2633\/2023\/09\/Informacio-alumnes-_MOODLE_2023-24.pdf\" target=\"_blank\" rel=\"noopener\">aquest document\u00a0<\/a>per crear el compte.<br \/>\nEl vostre professor o la vostra&hellip;  <a href=\"https:\/\/agora-eoi.xtec.cat\/eoiblanes\/serveis\/instruccions-moodle\/\" title=\"Read Instruccions Moodle\">Llegeix m\u00e9s\u00bb<\/a><\/p>\n","protected":false},"author":1,"featured_media":0,"parent":8411,"menu_order":1,"comment_status":"closed","ping_status":"closed","template":"page-templates\/side-menu.php","meta":{"_bbp_topic_count":0,"_bbp_reply_count":0,"_bbp_total_topic_count":0,"_bbp_total_reply_count":0,"_bbp_voice_count":0,"_bbp_anonymous_reply_count":0,"_bbp_topic_count_hidden":0,"_bbp_reply_count_hidden":0,"_bbp_forum_subforum_count":0,"footnotes":""},"class_list":["post-8941","page","type-page","status-publish","hentry"],"post_mailing_queue_ids":[],"_links":{"self":[{"href":"https:\/\/agora-eoi.xtec.cat\/eoiblanes\/wp-json\/wp\/v2\/pages\/8941","targetHints":{"allow":["GET"]}}],"collection":[{"href":"https:\/\/agora-eoi.xtec.cat\/eoiblanes\/wp-json\/wp\/v2\/pages"}],"about":[{"href":"https:\/\/agora-eoi.xtec.cat\/eoiblanes\/wp-json\/wp\/v2\/types\/page"}],"author":[{"embeddable":true,"href":"https:\/\/agora-eoi.xtec.cat\/eoiblanes\/wp-json\/wp\/v2\/users\/1"}],"replies":[{"embeddable":true,"href":"https:\/\/agora-eoi.xtec.cat\/eoiblanes\/wp-json\/wp\/v2\/comments?post=8941"}],"version-history":[{"count":4,"href":"https:\/\/agora-eoi.xtec.cat\/eoiblanes\/wp-json\/wp\/v2\/pages\/8941\/revisions"}],"predecessor-version":[{"id":11207,"href":"https:\/\/agora-eoi.xtec.cat\/eoiblanes\/wp-json\/wp\/v2\/pages\/8941\/revisions\/11207"}],"up":[{"embeddable":true,"href":"https:\/\/agora-eoi.xtec.cat\/eoiblanes\/wp-json\/wp\/v2\/pages\/8411"}],"wp:attachment":[{"href":"https:\/\/agora-eoi.xtec.cat\/eoiblanes\/wp-json\/wp\/v2\/media?parent=8941"}],"curies":[{"name":"wp","href":"https:\/\/api.w.org\/{rel}","templated":true}]}}