{"id":8931,"date":"2022-02-15T09:41:21","date_gmt":"2022-02-15T08:41:21","guid":{"rendered":"https:\/\/agora-eoi.xtec.cat\/eoiblanes\/?page_id=8931"},"modified":"2024-10-31T22:31:43","modified_gmt":"2024-10-31T21:31:43","slug":"que-es-una-eoi","status":"publish","type":"page","link":"https:\/\/agora-eoi.xtec.cat\/eoiblanes\/el-servei-educatiu\/que-es-una-eoi\/","title":{"rendered":"Qu\u00e8 \u00e9s una EOI?"},"content":{"rendered":"<p>Les Escoles Oficials d&#8217;Idiomes s\u00f3n centres p\u00fablics d&#8217;ensenyament d&#8217;idiomes moderns a adults, a nivell no universitari en r\u00e8gim oficial &#8211; presencial o lliure (<a href=\"http:\/\/xtec.gencat.cat\/ca\/curriculum\/idiomes-a-les-eoi\/\" target=\"_blank\" rel=\"noopener\">cliqueu aqu\u00ed<\/a>\u00a0per a m\u00e9s informaci\u00f3).<\/p>\n<p>La\u00a0<a href=\"http:\/\/www.xtec.cat\/\" target=\"_blank\" rel=\"noopener\">Xarxa Telem\u00e0tica Educativa de Catalunya<\/a>\u00a0(XTEC) \u00e9s un servei p\u00fablic adre\u00e7at a la comunitat educativa catalana del Departament d\u2019Ensenyament de la Generalitat de Catalunya.<\/p>\n","protected":false},"excerpt":{"rendered":"<p>Les Escoles Oficials d&#8217;Idiomes s\u00f3n centres p\u00fablics d&#8217;ensenyament d&#8217;idiomes moderns a adults, a nivell no universitari en r\u00e8gim oficial &#8211; presencial o lliure (<a href=\"http:\/\/xtec.gencat.cat\/ca\/curriculum\/idiomes-a-les-eoi\/\" target=\"_blank\" rel=\"noopener\">cliqueu aqu\u00ed<\/a>\u00a0per a m\u00e9s informaci\u00f3).<br \/>\nLa\u00a0<a href=\"http:\/\/www.xtec.cat\/\" target=\"_blank\" rel=\"noopener\">Xarxa Telem\u00e0tica Educativa de Catalunya<\/a>\u00a0(XTEC) \u00e9s un servei p\u00fablic adre\u00e7at a la&hellip;  <a href=\"https:\/\/agora-eoi.xtec.cat\/eoiblanes\/el-servei-educatiu\/que-es-una-eoi\/\" title=\"Read Qu\u00e8 \u00e9s una EOI?\">Llegeix m\u00e9s\u00bb<\/a><\/p>\n","protected":false},"author":1,"featured_media":0,"parent":806,"menu_order":0,"comment_status":"closed","ping_status":"closed","template":"page-templates\/side-menu.php","meta":{"_bbp_topic_count":0,"_bbp_reply_count":0,"_bbp_total_topic_count":0,"_bbp_total_reply_count":0,"_bbp_voice_count":0,"_bbp_anonymous_reply_count":0,"_bbp_topic_count_hidden":0,"_bbp_reply_count_hidden":0,"_bbp_forum_subforum_count":0,"footnotes":""},"class_list":["post-8931","page","type-page","status-publish","hentry"],"post_mailing_queue_ids":[],"_links":{"self":[{"href":"https:\/\/agora-eoi.xtec.cat\/eoiblanes\/wp-json\/wp\/v2\/pages\/8931","targetHints":{"allow":["GET"]}}],"collection":[{"href":"https:\/\/agora-eoi.xtec.cat\/eoiblanes\/wp-json\/wp\/v2\/pages"}],"about":[{"href":"https:\/\/agora-eoi.xtec.cat\/eoiblanes\/wp-json\/wp\/v2\/types\/page"}],"author":[{"embeddable":true,"href":"https:\/\/agora-eoi.xtec.cat\/eoiblanes\/wp-json\/wp\/v2\/users\/1"}],"replies":[{"embeddable":true,"href":"https:\/\/agora-eoi.xtec.cat\/eoiblanes\/wp-json\/wp\/v2\/comments?post=8931"}],"version-history":[{"count":2,"href":"https:\/\/agora-eoi.xtec.cat\/eoiblanes\/wp-json\/wp\/v2\/pages\/8931\/revisions"}],"predecessor-version":[{"id":11837,"href":"https:\/\/agora-eoi.xtec.cat\/eoiblanes\/wp-json\/wp\/v2\/pages\/8931\/revisions\/11837"}],"up":[{"embeddable":true,"href":"https:\/\/agora-eoi.xtec.cat\/eoiblanes\/wp-json\/wp\/v2\/pages\/806"}],"wp:attachment":[{"href":"https:\/\/agora-eoi.xtec.cat\/eoiblanes\/wp-json\/wp\/v2\/media?parent=8931"}],"curies":[{"name":"wp","href":"https:\/\/api.w.org\/{rel}","templated":true}]}}