{"id":8635,"date":"2016-06-20T11:48:09","date_gmt":"2016-06-20T10:48:09","guid":{"rendered":"https:\/\/agora-eoi.xtec.cat\/eoiblanes\/?page_id=8635"},"modified":"2023-07-24T20:28:40","modified_gmt":"2023-07-24T18:28:40","slug":"projecte-educatiu-de-centre-pec","status":"publish","type":"page","link":"https:\/\/agora-eoi.xtec.cat\/eoiblanes\/el-servei-educatiu\/documents-de-centre\/projecte-educatiu-de-centre-pec\/","title":{"rendered":"Projecte educatiu de centre (PEC)"},"content":{"rendered":"<h2>Projecte educatiu de centre<\/h2>\n<p>El Projecte educatiu de centre (PEC) recull entre d&#8217;altres: els trets d&#8217;identitat del centre, els principis pedag\u00f2gics, el projecte ling\u00fc\u00edstic, l&#8217;estructura organitzativa i l&#8217;avaluaci\u00f3 de centre.<\/p>\n<p>El podeu consultar en aquest\u00a0<a href=\"https:\/\/agora-eoi.xtec.cat\/eoiblanes\/wp-content\/uploads\/usu2633\/2022\/03\/PEC_21_12_20.pdf\">enlla\u00e7<\/a>.<\/p>\n","protected":false},"excerpt":{"rendered":"<p>Projecte educatiu de centre<br \/>\nEl Projecte educatiu de centre (PEC) recull entre d&#8217;altres: els trets d&#8217;identitat del centre, els principis pedag\u00f2gics, el projecte ling\u00fc\u00edstic, l&#8217;estructura organitzativa i l&#8217;avaluaci\u00f3 de centre.<br \/>\nEl podeu consultar en aquest\u00a0<a href=\"https:\/\/agora-eoi.xtec.cat\/eoiblanes\/wp-content\/uploads\/usu2633\/2022\/03\/PEC_21_12_20.pdf\">enlla\u00e7<\/a>.<\/p>\n","protected":false},"author":1,"featured_media":0,"parent":10649,"menu_order":1,"comment_status":"closed","ping_status":"closed","template":"page-templates\/side-menu.php","meta":{"_bbp_topic_count":0,"_bbp_reply_count":0,"_bbp_total_topic_count":0,"_bbp_total_reply_count":0,"_bbp_voice_count":0,"_bbp_anonymous_reply_count":0,"_bbp_topic_count_hidden":0,"_bbp_reply_count_hidden":0,"_bbp_forum_subforum_count":0,"footnotes":""},"class_list":["post-8635","page","type-page","status-publish","hentry"],"post_mailing_queue_ids":[],"_links":{"self":[{"href":"https:\/\/agora-eoi.xtec.cat\/eoiblanes\/wp-json\/wp\/v2\/pages\/8635","targetHints":{"allow":["GET"]}}],"collection":[{"href":"https:\/\/agora-eoi.xtec.cat\/eoiblanes\/wp-json\/wp\/v2\/pages"}],"about":[{"href":"https:\/\/agora-eoi.xtec.cat\/eoiblanes\/wp-json\/wp\/v2\/types\/page"}],"author":[{"embeddable":true,"href":"https:\/\/agora-eoi.xtec.cat\/eoiblanes\/wp-json\/wp\/v2\/users\/1"}],"replies":[{"embeddable":true,"href":"https:\/\/agora-eoi.xtec.cat\/eoiblanes\/wp-json\/wp\/v2\/comments?post=8635"}],"version-history":[{"count":2,"href":"https:\/\/agora-eoi.xtec.cat\/eoiblanes\/wp-json\/wp\/v2\/pages\/8635\/revisions"}],"predecessor-version":[{"id":9347,"href":"https:\/\/agora-eoi.xtec.cat\/eoiblanes\/wp-json\/wp\/v2\/pages\/8635\/revisions\/9347"}],"up":[{"embeddable":true,"href":"https:\/\/agora-eoi.xtec.cat\/eoiblanes\/wp-json\/wp\/v2\/pages\/10649"}],"wp:attachment":[{"href":"https:\/\/agora-eoi.xtec.cat\/eoiblanes\/wp-json\/wp\/v2\/media?parent=8635"}],"curies":[{"name":"wp","href":"https:\/\/api.w.org\/{rel}","templated":true}]}}