{"id":8621,"date":"2016-06-20T11:24:49","date_gmt":"2016-06-20T09:24:49","guid":{"rendered":"https:\/\/agora-eoi.xtec.cat\/eoiblanes\/?page_id=8621"},"modified":"2024-10-31T22:32:41","modified_gmt":"2024-10-31T21:32:41","slug":"consell-escolar","status":"publish","type":"page","link":"https:\/\/agora-eoi.xtec.cat\/eoiblanes\/el-servei-educatiu\/organigrama\/consell-escolar\/","title":{"rendered":"Consell escolar"},"content":{"rendered":"<h2>Consell Escolar<\/h2>\n<p>El Consell Escolar \u00e9s l\u2019\u00f2rgan de participaci\u00f3 de la comunitat educativa que s\u2019encarrega del control i gesti\u00f3 de l\u2019escola, amb funcions de seguiment i avaluaci\u00f3 de la programaci\u00f3 i de les activitats que es duen a terme a l\u2019EOI Blanes. El consell escolar de l\u2019EOI Blanes est\u00e0 format per:<\/p>\n<p><strong>Representants de l\u2019equip directiu<\/strong><\/p>\n<p>Directora: Isabel Puchol Ruiz<br \/>\nSecret\u00e0ria: Ester Giro Ruscalleda<br \/>\nCap d&#8217;estudis: Mar\u00eda \u00c1ngeles S\u00e1nchez Olivares<\/p>\n<p><strong>Representants del professorat<\/strong><\/p>\n<p>Marta Estiu Bruguer, Carles Querol Traver i Yannick Sourisseau<\/p>\n<p><strong>Representants de l&#8217;alumnat<\/strong><\/p>\n<p>Silvia Pizarro Barbas<\/p>\n<p><strong>Representant del personal d\u2019administraci\u00f3 i serveis (PAS)<\/strong><\/p>\n<p>Mar\u00eda Teresa G\u00f3mez Gumbau<\/p>\n<p><strong>Representant de l\u2019Ajuntament<\/strong><\/p>\n<p>A determinar<\/p>\n","protected":false},"excerpt":{"rendered":"<p>Consell Escolar<br \/>\nEl Consell Escolar \u00e9s l\u2019\u00f2rgan de participaci\u00f3 de la comunitat educativa que s\u2019encarrega del control i gesti\u00f3 de l\u2019escola, amb funcions de seguiment i avaluaci\u00f3 de la programaci\u00f3 i de les activitats que es duen a terme a l\u2019EOI Blanes. El consell escolar de&hellip;  <a href=\"https:\/\/agora-eoi.xtec.cat\/eoiblanes\/el-servei-educatiu\/organigrama\/consell-escolar\/\" title=\"Read Consell escolar\">Llegeix m\u00e9s\u00bb<\/a><\/p>\n","protected":false},"author":1,"featured_media":0,"parent":8141,"menu_order":0,"comment_status":"closed","ping_status":"closed","template":"page-templates\/side-menu.php","meta":{"_bbp_topic_count":0,"_bbp_reply_count":0,"_bbp_total_topic_count":0,"_bbp_total_reply_count":0,"_bbp_voice_count":0,"_bbp_anonymous_reply_count":0,"_bbp_topic_count_hidden":0,"_bbp_reply_count_hidden":0,"_bbp_forum_subforum_count":0,"footnotes":""},"class_list":["post-8621","page","type-page","status-publish","hentry"],"post_mailing_queue_ids":[],"_links":{"self":[{"href":"https:\/\/agora-eoi.xtec.cat\/eoiblanes\/wp-json\/wp\/v2\/pages\/8621","targetHints":{"allow":["GET"]}}],"collection":[{"href":"https:\/\/agora-eoi.xtec.cat\/eoiblanes\/wp-json\/wp\/v2\/pages"}],"about":[{"href":"https:\/\/agora-eoi.xtec.cat\/eoiblanes\/wp-json\/wp\/v2\/types\/page"}],"author":[{"embeddable":true,"href":"https:\/\/agora-eoi.xtec.cat\/eoiblanes\/wp-json\/wp\/v2\/users\/1"}],"replies":[{"embeddable":true,"href":"https:\/\/agora-eoi.xtec.cat\/eoiblanes\/wp-json\/wp\/v2\/comments?post=8621"}],"version-history":[{"count":5,"href":"https:\/\/agora-eoi.xtec.cat\/eoiblanes\/wp-json\/wp\/v2\/pages\/8621\/revisions"}],"predecessor-version":[{"id":11839,"href":"https:\/\/agora-eoi.xtec.cat\/eoiblanes\/wp-json\/wp\/v2\/pages\/8621\/revisions\/11839"}],"up":[{"embeddable":true,"href":"https:\/\/agora-eoi.xtec.cat\/eoiblanes\/wp-json\/wp\/v2\/pages\/8141"}],"wp:attachment":[{"href":"https:\/\/agora-eoi.xtec.cat\/eoiblanes\/wp-json\/wp\/v2\/media?parent=8621"}],"curies":[{"name":"wp","href":"https:\/\/api.w.org\/{rel}","templated":true}]}}