{"id":8358,"date":"2016-06-13T12:24:47","date_gmt":"2016-06-13T11:24:47","guid":{"rendered":"https:\/\/agora-eoi.xtec.cat\/eoiblanes\/?page_id=8358"},"modified":"2025-07-01T12:43:33","modified_gmt":"2025-07-01T10:43:33","slug":"secretaria","status":"publish","type":"page","link":"https:\/\/agora-eoi.xtec.cat\/eoiblanes\/el-servei-educatiu\/organigrama\/secretaria\/","title":{"rendered":"Secretaria"},"content":{"rendered":"<p><strong>Mar\u00eda \u00c1ngeles S\u00e1nchez<\/strong><\/p>\n<p>Per a consultes feu un correu electr\u00f2nic a eoiblanes@xtec.cat.<\/p>\n","protected":false},"excerpt":{"rendered":"<p>Mar\u00eda \u00c1ngeles S\u00e1nchez<br \/>\nPer a consultes feu un correu electr\u00f2nic a eoiblanes@xtec.cat.<\/p>\n","protected":false},"author":1,"featured_media":0,"parent":8141,"menu_order":4,"comment_status":"closed","ping_status":"closed","template":"page-templates\/side-menu.php","meta":{"_bbp_topic_count":0,"_bbp_reply_count":0,"_bbp_total_topic_count":0,"_bbp_total_reply_count":0,"_bbp_voice_count":0,"_bbp_anonymous_reply_count":0,"_bbp_topic_count_hidden":0,"_bbp_reply_count_hidden":0,"_bbp_forum_subforum_count":0,"footnotes":""},"class_list":["post-8358","page","type-page","status-publish","hentry"],"post_mailing_queue_ids":[],"_links":{"self":[{"href":"https:\/\/agora-eoi.xtec.cat\/eoiblanes\/wp-json\/wp\/v2\/pages\/8358","targetHints":{"allow":["GET"]}}],"collection":[{"href":"https:\/\/agora-eoi.xtec.cat\/eoiblanes\/wp-json\/wp\/v2\/pages"}],"about":[{"href":"https:\/\/agora-eoi.xtec.cat\/eoiblanes\/wp-json\/wp\/v2\/types\/page"}],"author":[{"embeddable":true,"href":"https:\/\/agora-eoi.xtec.cat\/eoiblanes\/wp-json\/wp\/v2\/users\/1"}],"replies":[{"embeddable":true,"href":"https:\/\/agora-eoi.xtec.cat\/eoiblanes\/wp-json\/wp\/v2\/comments?post=8358"}],"version-history":[{"count":6,"href":"https:\/\/agora-eoi.xtec.cat\/eoiblanes\/wp-json\/wp\/v2\/pages\/8358\/revisions"}],"predecessor-version":[{"id":12049,"href":"https:\/\/agora-eoi.xtec.cat\/eoiblanes\/wp-json\/wp\/v2\/pages\/8358\/revisions\/12049"}],"up":[{"embeddable":true,"href":"https:\/\/agora-eoi.xtec.cat\/eoiblanes\/wp-json\/wp\/v2\/pages\/8141"}],"wp:attachment":[{"href":"https:\/\/agora-eoi.xtec.cat\/eoiblanes\/wp-json\/wp\/v2\/media?parent=8358"}],"curies":[{"name":"wp","href":"https:\/\/api.w.org\/{rel}","templated":true}]}}