{"id":318,"date":"2015-11-24T18:18:24","date_gmt":"2015-11-24T17:18:24","guid":{"rendered":"https:\/\/agora-eoi.xtec.cat\/eoiblanes\/?page_id=318"},"modified":"2024-10-31T22:32:14","modified_gmt":"2024-10-31T21:32:14","slug":"on-som","status":"publish","type":"page","link":"https:\/\/agora-eoi.xtec.cat\/eoiblanes\/el-servei-educatiu\/on-som\/","title":{"rendered":"On som"},"content":{"rendered":"<p style=\"text-align: justify;\"><strong>Escola Oficial d&#8217;Idiomes Blanes<\/strong><\/p>\n<p style=\"text-align: justify;\">Casa De Cultura, Carrer de Moss\u00e8n Jaume Arcel\u00f2s, 7<\/p>\n<p style=\"text-align: justify;\">17300 Blanes, Girona<\/p>\n<p><a href=\"https:\/\/agora-eoi.xtec.cat\/eoiblanes\/wp-content\/uploads\/usu2633\/2022\/04\/EOI-Aerea.jpg\"><img loading=\"lazy\" decoding=\"async\" class=\"wp-image-9672 alignleft\" src=\"https:\/\/agora-eoi.xtec.cat\/eoiblanes\/wp-content\/uploads\/usu2633\/2022\/04\/EOI-Aerea-300x186.jpg\" alt=\"\" width=\"500\" height=\"310\" srcset=\"https:\/\/agora-eoi.xtec.cat\/eoiblanes\/wp-content\/uploads\/usu2633\/2022\/04\/EOI-Aerea-300x186.jpg 300w, https:\/\/agora-eoi.xtec.cat\/eoiblanes\/wp-content\/uploads\/usu2633\/2022\/04\/EOI-Aerea-1024x634.jpg 1024w, https:\/\/agora-eoi.xtec.cat\/eoiblanes\/wp-content\/uploads\/usu2633\/2022\/04\/EOI-Aerea-768x476.jpg 768w, https:\/\/agora-eoi.xtec.cat\/eoiblanes\/wp-content\/uploads\/usu2633\/2022\/04\/EOI-Aerea.jpg 1319w\" sizes=\"auto, (max-width: 500px) 100vw, 500px\" \/><\/a><\/p>\n<p>&nbsp;<\/p>\n<p>&nbsp;<\/p>\n<p>&nbsp;<\/p>\n<p>&nbsp;<\/p>\n<p>&nbsp;<\/p>\n<p>&nbsp;<\/p>\n<p>&nbsp;<\/p>\n<p>&nbsp;<\/p>\n<p><iframe loading=\"lazy\" style=\"border: 0;\" src=\"https:\/\/www.google.com\/maps\/embed?pb=!1m18!1m12!1m3!1d2980.0263994709126!2d2.7854394154512128!3d41.676773279238645!2m3!1f0!2f0!3f0!3m2!1i1024!2i768!4f13.1!3m3!1m2!1s0x12bb16251eee08a9%3A0x58cf22bd8570e56!2sEscuela%20Oficial%20de%20Idiomas%20de%20Blanes!5e0!3m2!1ses!2ses!4v1636016574169!5m2!1ses!2ses\" width=\"600\" height=\"450\" allowfullscreen=\"allowfullscreen\"><\/iframe><\/p>\n<h3><\/h3>\n<h3>BLANES<\/h3>\n<p>La vila de Blanes \u00e9s un poble no gaire gran, davant del mar, amb platges tranquil\u2022les, per\u00f2 tamb\u00e9 a la vora de bonics paisatges de muntanya; amb gent acollidora acostumada d&#8217;antany a rebre visitants. Una vila que combina el tipisme dels tranquils pobles de pescadors del Mediterrani amb una xarxa de serveis de restauraci\u00f3 i d&#8217;allotjament (hotels, c\u00e0mpings, apartaments), serveis esportius i d&#8217;esbarjo, jardins per passejar i botigues. \u00c9s un poble ple d&#8217;hist\u00f2ria i de tradicions, de records; una vila on admirar racons, monuments, mercats, on es pot gaudir de festes populars o b\u00e9 admirar la bellesa del mar i les platges, emmarcats per dos dels jardins bot\u00e0nics m\u00e9s importants de la riba del Mediterrani.<\/p>\n<p>La vila de Blanes es troba a l&#8217;extrem meridional de la prov\u00edncia de Girona, \u00e9s a la comarca de la Selva, al comen\u00e7ament de la Costa Brava. Pel nord, limita amb els termes de Tordera i Lloret de Mar; pel nord-est, amb Lloret de Mar; a l&#8217;oest amb els termes de Tordera, Malgrat de Mar i Palafolls entre els quals el riu Tordera marca la l\u00ednia divis\u00f2ria. I pel sud limita amb la Mediterr\u00e0nia.<\/p>\n","protected":false},"excerpt":{"rendered":"<p>Escola Oficial d&#8217;Idiomes Blanes<br \/>\nCasa De Cultura, Carrer de Moss\u00e8n Jaume Arcel\u00f2s, 7<br \/>\n17300 Blanes, Girona<br \/>\n<a href=\"https:\/\/agora-eoi.xtec.cat\/eoiblanes\/wp-content\/uploads\/usu2633\/2022\/04\/EOI-Aerea.jpg\"><\/a><br \/>\n&nbsp;<br \/>\n&nbsp;<br \/>\n&nbsp;<br \/>\n&nbsp;<br \/>\n&nbsp;<br \/>\n&nbsp;<br \/>\n&nbsp;<br \/>\n&nbsp;<\/p>\n<p>BLANES<br \/>\nLa vila de Blanes \u00e9s un poble no gaire gran, davant del mar, amb platges tranquil\u2022les, per\u00f2 tamb\u00e9 a la vora de bonics paisatges de muntanya; amb gent acollidora acostumada d&#8217;antany&hellip;  <a href=\"https:\/\/agora-eoi.xtec.cat\/eoiblanes\/el-servei-educatiu\/on-som\/\" title=\"Read On som\">Llegeix m\u00e9s\u00bb<\/a><\/p>\n","protected":false},"author":1,"featured_media":0,"parent":806,"menu_order":3,"comment_status":"closed","ping_status":"closed","template":"page-templates\/side-menu.php","meta":{"_bbp_topic_count":0,"_bbp_reply_count":0,"_bbp_total_topic_count":0,"_bbp_total_reply_count":0,"_bbp_voice_count":0,"_bbp_anonymous_reply_count":0,"_bbp_topic_count_hidden":0,"_bbp_reply_count_hidden":0,"_bbp_forum_subforum_count":0,"footnotes":""},"class_list":["post-318","page","type-page","status-publish","hentry"],"post_mailing_queue_ids":[],"_links":{"self":[{"href":"https:\/\/agora-eoi.xtec.cat\/eoiblanes\/wp-json\/wp\/v2\/pages\/318","targetHints":{"allow":["GET"]}}],"collection":[{"href":"https:\/\/agora-eoi.xtec.cat\/eoiblanes\/wp-json\/wp\/v2\/pages"}],"about":[{"href":"https:\/\/agora-eoi.xtec.cat\/eoiblanes\/wp-json\/wp\/v2\/types\/page"}],"author":[{"embeddable":true,"href":"https:\/\/agora-eoi.xtec.cat\/eoiblanes\/wp-json\/wp\/v2\/users\/1"}],"replies":[{"embeddable":true,"href":"https:\/\/agora-eoi.xtec.cat\/eoiblanes\/wp-json\/wp\/v2\/comments?post=318"}],"version-history":[{"count":5,"href":"https:\/\/agora-eoi.xtec.cat\/eoiblanes\/wp-json\/wp\/v2\/pages\/318\/revisions"}],"predecessor-version":[{"id":11838,"href":"https:\/\/agora-eoi.xtec.cat\/eoiblanes\/wp-json\/wp\/v2\/pages\/318\/revisions\/11838"}],"up":[{"embeddable":true,"href":"https:\/\/agora-eoi.xtec.cat\/eoiblanes\/wp-json\/wp\/v2\/pages\/806"}],"wp:attachment":[{"href":"https:\/\/agora-eoi.xtec.cat\/eoiblanes\/wp-json\/wp\/v2\/media?parent=318"}],"curies":[{"name":"wp","href":"https:\/\/api.w.org\/{rel}","templated":true}]}}