{"id":11552,"date":"2024-06-10T17:09:19","date_gmt":"2024-06-10T15:09:19","guid":{"rendered":"https:\/\/agora-eoi.xtec.cat\/eoiblanes\/?page_id=11552"},"modified":"2025-09-19T15:02:49","modified_gmt":"2025-09-19T13:02:49","slug":"catala-horaris-per-al-curs","status":"publish","type":"page","link":"https:\/\/agora-eoi.xtec.cat\/eoiblanes\/idiomes\/catala\/catala-horaris-per-al-curs\/","title":{"rendered":"Horaris per al curs"},"content":{"rendered":"<h2>Horaris per al curs 2025-2026 \u2013 Departament de catal\u00e0<\/h2>\n<table style=\"border-collapse: collapse; width: 63.9807%; height: 160px;\">\n<tbody>\n<tr style=\"height: 32px;\">\n<td style=\"width: 6.72951%; height: 32px; text-align: center;\"><strong><i>NIVELL<\/i><\/strong><\/td>\n<td style=\"width: 31.4172%; height: 32px; text-align: center;\"><strong><i>DIES<\/i><\/strong><\/td>\n<td style=\"width: 14.4285%; height: 32px; text-align: center;\"><strong><i>HORARI<\/i><\/strong><\/td>\n<td style=\"width: 8.93944%; height: 32px; text-align: center;\"><strong><i>AULA<\/i><\/strong><\/td>\n<td style=\"width: 25.6783%; height: 32px; text-align: center;\"><strong><i>PROFESSOR\/A<\/i><\/strong><\/td>\n<\/tr>\n<tr style=\"height: 32px;\">\n<td style=\"width: 6.72951%; height: 32px;\">C2<\/td>\n<td style=\"width: 31.4172%; height: 32px;\">dimecres (semipresencial)<\/td>\n<td style=\"width: 14.4285%; height: 32px;\">16.00 a 18.15<\/td>\n<td style=\"width: 8.93944%; height: 32px; text-align: center;\">1<\/td>\n<td style=\"width: 25.6783%; height: 32px;\">Cl\u00e0udia Sard\u00e0<\/td>\n<\/tr>\n<tr style=\"height: 32px;\">\n<td style=\"width: 6.72951%; height: 32px;\">C2<\/td>\n<td style=\"width: 31.4172%; height: 32px;\">dimecres (semipresencial)<\/td>\n<td style=\"width: 14.4285%; height: 32px;\">18.30 a 20.45<\/td>\n<td style=\"width: 8.93944%; height: 32px; text-align: center;\">1<\/td>\n<td style=\"width: 25.6783%; height: 32px;\">Cl\u00e0udia Sard\u00e0<\/td>\n<\/tr>\n<tr style=\"height: 32px;\">\n<td style=\"width: 6.72951%; height: 32px;\">C2<\/td>\n<td style=\"width: 31.4172%; height: 32px;\">dimarts (semipresencial) &#8211; <strong>mat\u00ed<\/strong><\/td>\n<td style=\"width: 14.4285%; height: 32px;\">10.30 a 12.45<\/td>\n<td style=\"width: 8.93944%; height: 32px; text-align: center;\">5<\/td>\n<td style=\"width: 25.6783%; height: 32px;\">Cl\u00e0udia Sard\u00e0<\/td>\n<\/tr>\n<tr style=\"height: 32px;\">\n<td style=\"width: 6.72951%; height: 32px;\">C2<\/td>\n<td style=\"width: 31.4172%; height: 32px;\">dimarts (semipresencial)<\/td>\n<td style=\"width: 14.4285%; height: 32px;\">16.00 a 18.15<\/td>\n<td style=\"width: 8.93944%; height: 32px; text-align: center;\">5<\/td>\n<td style=\"width: 25.6783%; height: 32px;\">Cl\u00e0udia Sard\u00e0<\/td>\n<\/tr>\n<\/tbody>\n<\/table>\n<p><span style=\"color: #3366ff;\"><strong>Cursos semipresencials<\/strong><\/span> (catal\u00e0 C2): una sessi\u00f3 PRESENCIAL a la setmana de 2 h 15 m. La resta d\u2019hores, fins arribar a una quantitat equivalent a la dels cursos presencials, es far\u00e0 de manera aut\u00f2noma en l\u00ednia mitjan\u00e7ant la plataforma Moodle. Per fer aquesta part no presencial no cal connectar-se de manera sincr\u00f2nica.<\/p>\n<p>L&#8217;alumnat que ha triat:<\/p>\n<ul>\n<li>grup de dilluns i dimecres: la classe presencial \u00e9s <strong>dimecres <\/strong>(la classe de dilluns s&#8217;ha de fer a casa de manera as\u00edncrona).<\/li>\n<li>grup de dimarts i dijous: la classe presencial \u00e9s <strong>dimarts<\/strong> (la classe de dijous s&#8217;ha de fer a casa de manera as\u00edncrona).<\/li>\n<\/ul>\n<p>Cal estar familiaritzat amb les tecnologies i tenir un alt grau d\u2019autonomia.<\/p>\n","protected":false},"excerpt":{"rendered":"<p>Horaris per al curs 2025-2026 \u2013 Departament de catal\u00e0<\/p>\n<p>NIVELL<br \/>\nDIES<br \/>\nHORARI<br \/>\nAULA<br \/>\nPROFESSOR\/A<\/p>\n<p>C2<br \/>\ndimecres (semipresencial)<br \/>\n16.00 a 18.15<br \/>\n1<br \/>\nCl\u00e0udia Sard\u00e0<\/p>\n<p>C2<br \/>\ndimecres (semipresencial)<br \/>\n18.30 a 20.45<br \/>\n1<br \/>\nCl\u00e0udia Sard\u00e0<\/p>\n<p>C2<br \/>\ndimarts (semipresencial) &#8211; mat\u00ed<br \/>\n10.30 a 12.45<br \/>\n5<br \/>\nCl\u00e0udia Sard\u00e0<\/p>\n<p>C2<br \/>\ndimarts (semipresencial)<br \/>\n16.00 a 18.15<br \/>\n5<br \/>\nCl\u00e0udia Sard\u00e0<\/p>\n<p>Cursos semipresencials (catal\u00e0 C2): una sessi\u00f3 PRESENCIAL a la setmana de 2 h 15 m. La resta d\u2019hores, fins&hellip;  <a href=\"https:\/\/agora-eoi.xtec.cat\/eoiblanes\/idiomes\/catala\/catala-horaris-per-al-curs\/\" title=\"Read Horaris per al curs\">Llegeix m\u00e9s\u00bb<\/a><\/p>\n","protected":false},"author":1,"featured_media":0,"parent":11470,"menu_order":1,"comment_status":"closed","ping_status":"closed","template":"page-templates\/side-menu.php","meta":{"_bbp_topic_count":0,"_bbp_reply_count":0,"_bbp_total_topic_count":0,"_bbp_total_reply_count":0,"_bbp_voice_count":0,"_bbp_anonymous_reply_count":0,"_bbp_topic_count_hidden":0,"_bbp_reply_count_hidden":0,"_bbp_forum_subforum_count":0,"footnotes":""},"class_list":["post-11552","page","type-page","status-publish","hentry"],"post_mailing_queue_ids":[],"_links":{"self":[{"href":"https:\/\/agora-eoi.xtec.cat\/eoiblanes\/wp-json\/wp\/v2\/pages\/11552","targetHints":{"allow":["GET"]}}],"collection":[{"href":"https:\/\/agora-eoi.xtec.cat\/eoiblanes\/wp-json\/wp\/v2\/pages"}],"about":[{"href":"https:\/\/agora-eoi.xtec.cat\/eoiblanes\/wp-json\/wp\/v2\/types\/page"}],"author":[{"embeddable":true,"href":"https:\/\/agora-eoi.xtec.cat\/eoiblanes\/wp-json\/wp\/v2\/users\/1"}],"replies":[{"embeddable":true,"href":"https:\/\/agora-eoi.xtec.cat\/eoiblanes\/wp-json\/wp\/v2\/comments?post=11552"}],"version-history":[{"count":7,"href":"https:\/\/agora-eoi.xtec.cat\/eoiblanes\/wp-json\/wp\/v2\/pages\/11552\/revisions"}],"predecessor-version":[{"id":12109,"href":"https:\/\/agora-eoi.xtec.cat\/eoiblanes\/wp-json\/wp\/v2\/pages\/11552\/revisions\/12109"}],"up":[{"embeddable":true,"href":"https:\/\/agora-eoi.xtec.cat\/eoiblanes\/wp-json\/wp\/v2\/pages\/11470"}],"wp:attachment":[{"href":"https:\/\/agora-eoi.xtec.cat\/eoiblanes\/wp-json\/wp\/v2\/media?parent=11552"}],"curies":[{"name":"wp","href":"https:\/\/api.w.org\/{rel}","templated":true}]}}