{"id":11531,"date":"2024-06-10T16:36:22","date_gmt":"2024-06-10T14:36:22","guid":{"rendered":"https:\/\/agora-eoi.xtec.cat\/eoiblanes\/?page_id=11531"},"modified":"2024-11-01T00:18:10","modified_gmt":"2024-10-31T23:18:10","slug":"catala-adreces-dinteres","status":"publish","type":"page","link":"https:\/\/agora-eoi.xtec.cat\/eoiblanes\/idiomes\/catala\/catala-adreces-dinteres\/","title":{"rendered":"Adreces d&#8217;inter\u00e8s"},"content":{"rendered":"<p><strong>DICCIONARIS<\/strong><\/p>\n<p>Diccionari de l\u2019Institut d\u2019Estudis Catalans (DIEC2): <a href=\"https:\/\/dlc.iec.cat\/\">https:\/\/dlc.iec.cat\/<\/a><\/p>\n<p>Diccionari de sin\u00f2nims: <a href=\"https:\/\/sinonims.iec.cat\/\">https:\/\/sinonims.iec.cat\/<\/a><\/p>\n<p>Diccionari catal\u00e0-valenci\u00e0-balear: <a href=\"https:\/\/dcvb.iec.cat\/\">https:\/\/dcvb.iec.cat\/<\/a><\/p>\n<p>Diccionari de l\u2019Enciclop\u00e8dia: <a href=\"https:\/\/www.diccionari.cat\/\">https:\/\/www.diccionari.cat\/<\/a><\/p>\n<p>Diccionari descriptiu de la llengua catalana: <a href=\"https:\/\/dcc.iec.cat\/ddlci\/scripts\/index.html\">https:\/\/dcc.iec.cat\/ddlci\/scripts\/index.html<\/a><\/p>\n<p>Onomasticon Cataloniae (diccionari dels noms propis catalans): <a href=\"https:\/\/oncat.iec.cat\/llista_termes.asp?limit=2&amp;terme=C%C0NTIR&amp;button=Cercar\">https:\/\/oncat.iec.cat\/llista_termes.asp?limit=2&amp;terme=C%C0NTIR&amp;button=Cercar<\/a><\/p>\n<p>Diccionari etimol\u00f2gic i complementari de la llengua catalana (Coromines): <a href=\"https:\/\/decat.iec.cat\/entrada.asp\">https:\/\/decat.iec.cat\/entrada.asp<\/a><\/p>\n<p>Optimot (per a dubtes freq\u00fcents sobre l\u00e8xic i gram\u00e0tica): <a href=\"https:\/\/aplicacions.llengua.gencat.cat\/llc\/AppJava\/index.html\">https:\/\/aplicacions.llengua.gencat.cat\/llc\/AppJava\/index.html<\/a><\/p>\n<p>Termcat (diccionari de terminologia): <a href=\"https:\/\/www.termcat.cat\/ca\">https:\/\/www.termcat.cat\/ca<\/a><\/p>\n<p>\u00c9s a dir (el portal ling\u00fc\u00edstic de 3Cat): <a href=\"https:\/\/esadir.cat\/\">https:\/\/esadir.cat\/<\/a><\/p>\n<p>&nbsp;<\/p>\n<p><strong>GRAM\u00c0TIQUES I ORTOGRAFIES<\/strong><\/p>\n<p>Gram\u00e0tica de la llengua catalana: <a href=\"https:\/\/giec.iec.cat\/inici\">https:\/\/giec.iec.cat\/inici<\/a><\/p>\n<p>Gram\u00e0tica essencial de la llengua catalana (versi\u00f3 redu\u00efda de la gram\u00e0tica): <a href=\"https:\/\/geiec.iec.cat\/inici\">https:\/\/geiec.iec.cat\/inici<\/a><\/p>\n<p>Gram\u00e0tica b\u00e0sica i d\u2019\u00fas de la llengua catalana (versi\u00f3 redu\u00efda de la gram\u00e0tica i adre\u00e7ada a un p\u00fablic no especialitzat): <a href=\"https:\/\/gbu.iec.cat\/inici\">https:\/\/gbu.iec.cat\/inici<\/a><\/p>\n<p>Ortografia catalana: <a href=\"https:\/\/oiec.iec.cat\/inici\">https:\/\/oiec.iec.cat\/inici<\/a><\/p>\n<p>&nbsp;<\/p>\n<p><strong>PREMSA<\/strong><\/p>\n<p>3Cat: <a href=\"https:\/\/www.ccma.cat\/3cat\/#onboarding=true\">https:\/\/www.ccma.cat\/3cat\/#onboarding=true<\/a><\/p>\n<p>Diari Vilaweb: <a href=\"https:\/\/www.vilaweb.cat\/\">https:\/\/www.vilaweb.cat\/<\/a><\/p>\n<p>El Punt Avui: <a href=\"https:\/\/www.elpuntavui.cat\/girona.html\">https:\/\/www.elpuntavui.cat\/girona.html<\/a><\/p>\n<p>Diari Ara: <a href=\"https:\/\/www.ara.cat\/\">https:\/\/www.ara.cat\/<\/a><\/p>\n<p>Diari de Girona: <a href=\"https:\/\/www.diaridegirona.cat\/\">https:\/\/www.diaridegirona.cat\/<\/a><\/p>\n<p>&nbsp;<\/p>\n<p><strong>DIALECTES<\/strong><\/p>\n<p>Quadre resum de les principals caracter\u00edstiques dels dialectes del catal\u00e0: <a href=\"http:\/\/www.xtec.cat\/~aribas4\/llengua\/dialectologia\/index.htm\">http:\/\/www.xtec.cat\/~aribas4\/llengua\/dialectologia\/index.htm<\/a><\/p>\n<p>&nbsp;<\/p>\n<p><strong>JOCS<\/strong><\/p>\n<p>Paraul\u00f2gic: <a href=\"https:\/\/www.vilaweb.cat\/paraulogic\/\">https:\/\/www.vilaweb.cat\/paraulogic\/<\/a><\/p>\n<p>Wordle Cat: <a href=\"https:\/\/gelozp.com\/games\/elmot\/\">https:\/\/gelozp.com\/games\/elmot\/<\/a><\/p>\n<p>&nbsp;<\/p>\n<p><strong>PROGRAMES DE LLENGUA<\/strong><\/p>\n<p>El Gran Dictat: <a href=\"https:\/\/www.ccma.cat\/3cat\/el-gran-dictat\/capitols\/\">https:\/\/www.ccma.cat\/3cat\/el-gran-dictat\/capitols\/<\/a><\/p>\n<p>Tenim paraula: <a href=\"https:\/\/www.ccma.cat\/3cat\/tenim-paraula\/\">https:\/\/www.ccma.cat\/3cat\/tenim-paraula\/<\/a><\/p>\n<p>El llenguado: <a href=\"https:\/\/www.ccma.cat\/3cat\/el-llenguado\/\">https:\/\/www.ccma.cat\/3cat\/el-llenguado\/<\/a><\/p>\n<p>Ca\u00e7adors de paraules: <a href=\"https:\/\/www.ccma.cat\/3cat\/cacadors-de-paraules\/\">https:\/\/www.ccma.cat\/3cat\/cacadors-de-paraules\/<\/a><\/p>\n<p>Catal\u00e0 a l\u2019atac: <a href=\"https:\/\/www.ccma.cat\/3cat\/catalaalatac\/\">https:\/\/www.ccma.cat\/3cat\/catalaalatac\/<\/a><\/p>\n<p>&nbsp;<\/p>\n<p>&nbsp;<\/p>\n","protected":false},"excerpt":{"rendered":"<p>DICCIONARIS<br \/>\nDiccionari de l\u2019Institut d\u2019Estudis Catalans (DIEC2): <a href=\"https:\/\/dlc.iec.cat\/\">https:\/\/dlc.iec.cat\/<\/a><br \/>\nDiccionari de sin\u00f2nims: <a href=\"https:\/\/sinonims.iec.cat\/\">https:\/\/sinonims.iec.cat\/<\/a><br \/>\nDiccionari catal\u00e0-valenci\u00e0-balear: <a href=\"https:\/\/dcvb.iec.cat\/\">https:\/\/dcvb.iec.cat\/<\/a><br \/>\nDiccionari de l\u2019Enciclop\u00e8dia: <a href=\"https:\/\/www.diccionari.cat\/\">https:\/\/www.diccionari.cat\/<\/a><br \/>\nDiccionari descriptiu de la llengua catalana: <a href=\"https:\/\/dcc.iec.cat\/ddlci\/scripts\/index.html\">https:\/\/dcc.iec.cat\/ddlci\/scripts\/index.html<\/a><br \/>\nOnomasticon Cataloniae (diccionari dels noms propis catalans): <a href=\"https:\/\/oncat.iec.cat\/llista_termes.asp?limit=2&amp;terme=C%C0NTIR&amp;button=Cercar\">https:\/\/oncat.iec.cat\/llista_termes.asp?limit=2&amp;terme=C%C0NTIR&amp;button=Cercar<\/a><br \/>\nDiccionari etimol\u00f2gic i complementari de la llengua catalana (Coromines): <a href=\"https:\/\/decat.iec.cat\/entrada.asp\">https:\/\/decat.iec.cat\/entrada.asp<\/a><br \/>\nOptimot (per&hellip;  <a href=\"https:\/\/agora-eoi.xtec.cat\/eoiblanes\/idiomes\/catala\/catala-adreces-dinteres\/\" title=\"Read Adreces d&#8217;inter\u00e8s\">Llegeix m\u00e9s\u00bb<\/a><\/p>\n","protected":false},"author":1,"featured_media":0,"parent":11470,"menu_order":4,"comment_status":"closed","ping_status":"closed","template":"page-templates\/side-menu.php","meta":{"_bbp_topic_count":0,"_bbp_reply_count":0,"_bbp_total_topic_count":0,"_bbp_total_reply_count":0,"_bbp_voice_count":0,"_bbp_anonymous_reply_count":0,"_bbp_topic_count_hidden":0,"_bbp_reply_count_hidden":0,"_bbp_forum_subforum_count":0,"footnotes":""},"class_list":["post-11531","page","type-page","status-publish","hentry"],"post_mailing_queue_ids":[],"_links":{"self":[{"href":"https:\/\/agora-eoi.xtec.cat\/eoiblanes\/wp-json\/wp\/v2\/pages\/11531","targetHints":{"allow":["GET"]}}],"collection":[{"href":"https:\/\/agora-eoi.xtec.cat\/eoiblanes\/wp-json\/wp\/v2\/pages"}],"about":[{"href":"https:\/\/agora-eoi.xtec.cat\/eoiblanes\/wp-json\/wp\/v2\/types\/page"}],"author":[{"embeddable":true,"href":"https:\/\/agora-eoi.xtec.cat\/eoiblanes\/wp-json\/wp\/v2\/users\/1"}],"replies":[{"embeddable":true,"href":"https:\/\/agora-eoi.xtec.cat\/eoiblanes\/wp-json\/wp\/v2\/comments?post=11531"}],"version-history":[{"count":2,"href":"https:\/\/agora-eoi.xtec.cat\/eoiblanes\/wp-json\/wp\/v2\/pages\/11531\/revisions"}],"predecessor-version":[{"id":11868,"href":"https:\/\/agora-eoi.xtec.cat\/eoiblanes\/wp-json\/wp\/v2\/pages\/11531\/revisions\/11868"}],"up":[{"embeddable":true,"href":"https:\/\/agora-eoi.xtec.cat\/eoiblanes\/wp-json\/wp\/v2\/pages\/11470"}],"wp:attachment":[{"href":"https:\/\/agora-eoi.xtec.cat\/eoiblanes\/wp-json\/wp\/v2\/media?parent=11531"}],"curies":[{"name":"wp","href":"https:\/\/api.w.org\/{rel}","templated":true}]}}