{"id":9877,"date":"2023-04-11T13:58:51","date_gmt":"2023-04-11T11:58:51","guid":{"rendered":"https:\/\/agora-eoi.xtec.cat\/eoibarcelona-sants\/?page_id=9877"},"modified":"2024-07-03T12:38:39","modified_gmt":"2024-07-03T10:38:39","slug":"cultura-digital","status":"publish","type":"page","link":"https:\/\/agora-eoi.xtec.cat\/eoibarcelona-sants\/cultura-digital\/","title":{"rendered":"Cultura Digital"},"content":{"rendered":"<p>En aquest apartat podreu trobar informaci\u00f3 sobre elements que defineixen la cultura digital de l&#8217;EOI Sants.<\/p>\n<div>\n<p><b><span style=\"color: #99cc00;\">COMUNICACI\u00d3<\/span> \ud83d\udce2<\/b><\/p>\n<p><b>Web de l\u2019escola<\/b><span style=\"font-weight: 400;\"> &#8211; Des del curs 2022\/23 l\u2019EOI de Barcelona V &#8211; Sants disposa d\u2019una p\u00e0gina web <\/span><strong><a href=\"https:\/\/agora-eoi.xtec.cat\/eoibarcelona-sants\/\">Nodes<\/a><\/strong><span style=\"font-weight: 400;\">. Gr\u00e0cies a aquesta eina l\u2019escola s\u2019obre a l\u2019exterior per donar-se a con\u00e8ixer com escola: la seva estructura, recursos, comunitat, activitats, serveis\u2026 i per facilitar informaci\u00f3 i la comunicaci\u00f3 entre l\u2019escola i la ciutadania.<\/span><\/p>\n<p><strong>Canal Telegram<\/strong>\u00a0&#8211; Des del curs 2023\/24 l&#8217;escola t\u00e9 un <strong><a href=\"https:\/\/t.me\/eoisants\">canal Telegram<\/a><\/strong> on es publiquen autom\u00e0ticament les not\u00edcies del web. Aquesta eina permet rebre notificacions de les novetats sense haver de consultar la p\u00e0gina web directament.<\/p>\n<p><strong><span style=\"color: #99cc00;\">ALUMNAT<\/span> \ud83d\ude4b<\/strong><\/p>\n<p><strong>Moodle i Google Classroom<\/strong> s\u00f3n els entorns virtuals d&#8217;aprenentatge que fa servir el professorat de l&#8217;escola. Fem servir aquestes eines per donar suport a l&#8217;aprenentatge de les sessions presencials. L&#8217;alumnat de l&#8217;escola hi pot accedir per revisar material, fer tasques o informar-se sobre continguts proposats pel professor del curs. Tamb\u00e9 es pot utilitzar aquest canal per part del professorat per fer arribar comunicacions a l&#8217;alumnat.<\/p>\n<p><strong>eP\u00e8rgam<\/strong> &#8211; L&#8217;escola disposa d&#8217;una biblioteca amb un fons de documents en angl\u00e8s i en franc\u00e8s que es pot consultar gr\u00e0cies al programa <strong><a href=\"https:\/\/aplicacions.gestioeducativa.gencat.cat\/epergam\/web\/biblioteca.jsp\" target=\"_blank\" rel=\"noopener\">eP\u00e8rgam<\/a><\/strong>.<\/p>\n<p><b>CentrosNet<\/b><span style=\"font-weight: 400;\"> &#8211; Com les altres EOI de Catalunya, l\u2019EOI de Sants fa servir el programa CentrosNet per registrar i comunicar l\u2019avaluaci\u00f3 final a l\u2019alumnat. Des del curs 22\/23 es fa el seguiment de l&#8217;assist\u00e8ncia de l&#8217;alumnat amb aquesta eina. A m\u00e9s, l&#8217;alumnat pot descarregar l&#8217;aplicaci\u00f3 per a tel\u00e8fons m\u00f2bils per accedir al seu expedient.<\/span><\/p>\n<p><strong><span style=\"color: #99cc00;\">GESTI\u00d3 DEL CENTRE<\/span> \ud83d\udcc4<\/strong><\/p>\n<p><strong>Preinscripci\u00f3, test de nivell i matriculaci\u00f3<\/strong> &#8211; el proc\u00e9s de preinscripci\u00f3, test de nivell i de matriculaci\u00f3 de les EOI de Catalunya es fan de manera telem\u00e0tica dins els per\u00edodes establerts mitjan\u00e7ant el web <strong><a href=\"https:\/\/www.eoidigital.com\/eoicat\/alumnes\/\" target=\"_blank\" rel=\"noopener\">eoidigital.com. <\/a><\/strong>Informem d&#8217;aquest proc\u00e9s a trav\u00e9s de la <strong><a href=\"https:\/\/agora-eoi.xtec.cat\/eoibarcelona-sants\/\" target=\"_blank\" rel=\"noopener\">p\u00e0gina web de l&#8217;escola<\/a><\/strong>.<\/p>\n<p><strong>Digitalitzaci\u00f3 d&#8217;expedients <\/strong>&#8211; Des del curs 2022\/23 s&#8217;estan digitalitzant dels expedients de l&#8217;alumnat amb l&#8217;objectiu d&#8217;acabar amb un total de 1800 expedients digitalitzats.<\/p>\n<p><strong>Pla d&#8217;acollida digital<\/strong> &#8211; L&#8217;EOI de Sants disposa de plans d&#8217;acollida digital en format web dissenyats espec\u00edficament pels diferents col\u00b7lectius que formen l&#8217;escola: l&#8217;alumnat, el PAS i el professorat. En aquests webs es pret\u00e9n introduir i acompanyar, en l&#8217;\u00e0mbit digital, els usuaris a les eines i cultura de treball (Moodle, carpetes DRIVE compartides, Centrosnet) i infraestructures (ordinadors port\u00e0tils i fixos, fotocopiadores, xarxa WIFI) amb les que es treballa al centre.<\/p>\n<p><strong>Coordinaci\u00f3 d&#8217;enc\u00e0rrecs i tasques docents<\/strong> &#8211; Per facilitar l&#8217;acc\u00e9s i la disponibilitat de documents de treball i informaci\u00f3 de l&#8217;escola, la direcci\u00f3 i la coordinaci\u00f3 digital organitzen carpetes de treball al n\u00favol que es comparteixen amb els agents implicats en les diferents tasques.<\/p>\n<\/div>\n<p>&nbsp;<\/p>\n","protected":false},"excerpt":{"rendered":"<p>En aquest apartat podreu trobar informaci\u00f3 sobre elements que defineixen la cultura digital de l&#8217;EOI Sants.<\/p>\n<p>COMUNICACI\u00d3 \ud83d\udce2<br \/>\nWeb de l\u2019escola &#8211; Des del curs 2022\/23 l\u2019EOI de Barcelona V &#8211; Sants disposa d\u2019una p\u00e0gina web <a href=\"https:\/\/agora-eoi.xtec.cat\/eoibarcelona-sants\/\">Nodes<\/a>. Gr\u00e0cies a aquesta eina l\u2019escola s\u2019obre a l\u2019exterior per&hellip;  <a href=\"https:\/\/agora-eoi.xtec.cat\/eoibarcelona-sants\/cultura-digital\/\" title=\"Read Cultura Digital\">Llegeix m\u00e9s\u00bb<\/a><\/p>\n","protected":false},"author":1,"featured_media":0,"parent":0,"menu_order":0,"comment_status":"closed","ping_status":"closed","template":"","meta":{"_bbp_topic_count":0,"_bbp_reply_count":0,"_bbp_total_topic_count":0,"_bbp_total_reply_count":0,"_bbp_voice_count":0,"_bbp_anonymous_reply_count":0,"_bbp_topic_count_hidden":0,"_bbp_reply_count_hidden":0,"_bbp_forum_subforum_count":0,"footnotes":""},"class_list":["post-9877","page","type-page","status-publish","hentry"],"post_mailing_queue_ids":[],"_links":{"self":[{"href":"https:\/\/agora-eoi.xtec.cat\/eoibarcelona-sants\/wp-json\/wp\/v2\/pages\/9877","targetHints":{"allow":["GET"]}}],"collection":[{"href":"https:\/\/agora-eoi.xtec.cat\/eoibarcelona-sants\/wp-json\/wp\/v2\/pages"}],"about":[{"href":"https:\/\/agora-eoi.xtec.cat\/eoibarcelona-sants\/wp-json\/wp\/v2\/types\/page"}],"author":[{"embeddable":true,"href":"https:\/\/agora-eoi.xtec.cat\/eoibarcelona-sants\/wp-json\/wp\/v2\/users\/1"}],"replies":[{"embeddable":true,"href":"https:\/\/agora-eoi.xtec.cat\/eoibarcelona-sants\/wp-json\/wp\/v2\/comments?post=9877"}],"version-history":[{"count":4,"href":"https:\/\/agora-eoi.xtec.cat\/eoibarcelona-sants\/wp-json\/wp\/v2\/pages\/9877\/revisions"}],"predecessor-version":[{"id":10486,"href":"https:\/\/agora-eoi.xtec.cat\/eoibarcelona-sants\/wp-json\/wp\/v2\/pages\/9877\/revisions\/10486"}],"wp:attachment":[{"href":"https:\/\/agora-eoi.xtec.cat\/eoibarcelona-sants\/wp-json\/wp\/v2\/media?parent=9877"}],"curies":[{"name":"wp","href":"https:\/\/api.w.org\/{rel}","templated":true}]}}