{"id":9875,"date":"2023-04-11T13:58:39","date_gmt":"2023-04-11T11:58:39","guid":{"rendered":"https:\/\/agora-eoi.xtec.cat\/eoibarcelona-sants\/?page_id=9875"},"modified":"2023-05-29T20:58:52","modified_gmt":"2023-05-29T18:58:52","slug":"proces-dedc","status":"publish","type":"page","link":"https:\/\/agora-eoi.xtec.cat\/eoibarcelona-sants\/proces-dedc\/","title":{"rendered":"Proc\u00e9s d&#8217;EDC"},"content":{"rendered":"<p>L&#8217;Estrat\u00e8gia Digital de Centre \u00e9s una oportunitat per reflexionar sobre l&#8217;estat del centre i les necessitats presents i futures de l&#8217;escola. Gr\u00e0cies a les eines digitals, volem posar en marxa un proc\u00e9s per fer de l&#8217;EOI de Sants una escola m\u00e9s adaptada a les necessitats de la seva comunitat educativa i de la poblaci\u00f3 en general, m\u00e9s propera i oberta a tothom.<\/p>\n<p>La comissi\u00f3 digital va dissenyar unes enquestes pel professorat i per l&#8217;alumnat, basant-se en la Selfie for Students\/Teachers de la Comissi\u00f3 Europea, per tal de tenir una visi\u00f3 global del perfil digital de la nostra comunitat educativa, les seves expectatives relacionades amb el m\u00f3n digital aix\u00ed com el grau de coneixements sobre les infraestructures digitals del centre. Les enquestes estaven dividides en les sis \u00e0rees seg\u00fcents:<\/p>\n<ol>\n<li><b>Infraestructura i Equipaments<\/b><\/li>\n<li><b style=\"font-family: inherit; font-size: 1em;\">Pedagogia: suports i recursos<\/b><\/li>\n<li><b style=\"font-family: inherit; font-size: 1em;\">Pedagogia: implementaci\u00f3 a l&#8217;aula<\/b><\/li>\n<li><b style=\"font-family: inherit; font-size: 1em;\">Pr\u00e0ctiques d&#8217;avaluaci\u00f3<\/b><\/li>\n<li><b style=\"font-family: inherit; font-size: 1em;\">Compet\u00e8ncies digitals de l&#8217;alumnat<\/b><\/li>\n<li><strong>Maduresa digital<\/strong><\/li>\n<\/ol>\n<p>Amb les respostes de l&#8217;alumnat i del professorat, l&#8217;informe de diagnosi digital i una reflexi\u00f3 en grup per part de la comissi\u00f3 digital, es van poder identificar les fortaleses i les febleses pel que fa a l&#8217;\u00e0mbit digital al nostre centre i establir els seg\u00fcents objectius per a l&#8217;EDC:<\/p>\n<ol>\n<li>Actualitzar les NOFC en relaci\u00f3 a la cultura digital de centre<\/li>\n<li><span data-sheets-value=\"{&quot;1&quot;:2,&quot;2&quot;:&quot;Establir un protocol de revisi\u00f3 i actualitzaci\u00f3 del material digital de centre&quot;}\" data-sheets-userformat=\"{&quot;2&quot;:31555,&quot;3&quot;:{&quot;1&quot;:0},&quot;4&quot;:{&quot;1&quot;:2,&quot;2&quot;:14277081},&quot;9&quot;:1,&quot;11&quot;:4,&quot;12&quot;:0,&quot;14&quot;:{&quot;1&quot;:2,&quot;2&quot;:0},&quot;15&quot;:&quot;Arial&quot;,&quot;16&quot;:12,&quot;17&quot;:1}\">Establir un protocol de revisi\u00f3 i actualitzaci\u00f3 del material digital de centre<\/span><\/li>\n<li><span data-sheets-value=\"{&quot;1&quot;:2,&quot;2&quot;:&quot;Digitalitzaci\u00f3 de la documentaci\u00f3 de la secretaria&quot;}\" data-sheets-userformat=\"{&quot;2&quot;:31615,&quot;3&quot;:{&quot;1&quot;:0},&quot;4&quot;:{&quot;1&quot;:2,&quot;2&quot;:14277081},&quot;5&quot;:{&quot;1&quot;:[{&quot;1&quot;:2,&quot;2&quot;:0,&quot;5&quot;:{&quot;1&quot;:2,&quot;2&quot;:0}},{&quot;1&quot;:0,&quot;2&quot;:0,&quot;3&quot;:3},{&quot;1&quot;:1,&quot;2&quot;:0,&quot;4&quot;:1}]},&quot;6&quot;:{&quot;1&quot;:[{&quot;1&quot;:2,&quot;2&quot;:0,&quot;5&quot;:{&quot;1&quot;:2,&quot;2&quot;:0}},{&quot;1&quot;:0,&quot;2&quot;:0,&quot;3&quot;:3},{&quot;1&quot;:1,&quot;2&quot;:0,&quot;4&quot;:1}]},&quot;7&quot;:{&quot;1&quot;:[{&quot;1&quot;:2,&quot;2&quot;:0,&quot;5&quot;:{&quot;1&quot;:2,&quot;2&quot;:0}},{&quot;1&quot;:0,&quot;2&quot;:0,&quot;3&quot;:3},{&quot;1&quot;:1,&quot;2&quot;:0,&quot;4&quot;:1}]},&quot;8&quot;:{&quot;1&quot;:[{&quot;1&quot;:2,&quot;2&quot;:0,&quot;5&quot;:{&quot;1&quot;:2,&quot;2&quot;:0}},{&quot;1&quot;:0,&quot;2&quot;:0,&quot;3&quot;:3},{&quot;1&quot;:1,&quot;2&quot;:0,&quot;4&quot;:1}]},&quot;9&quot;:1,&quot;11&quot;:4,&quot;12&quot;:0,&quot;14&quot;:{&quot;1&quot;:2,&quot;2&quot;:0},&quot;15&quot;:&quot;Arial&quot;,&quot;16&quot;:12,&quot;17&quot;:1}\">Iniciar la digitalitzaci\u00f3 de la documentaci\u00f3 de la secretaria<\/span><\/li>\n<li><span data-sheets-value=\"{&quot;1&quot;:2,&quot;2&quot;:&quot;Incloure al pla de comunicaci\u00f3 els plans d'acolliment digital de centre&quot;}\" data-sheets-userformat=\"{&quot;2&quot;:31615,&quot;3&quot;:{&quot;1&quot;:0},&quot;4&quot;:{&quot;1&quot;:2,&quot;2&quot;:14277081},&quot;5&quot;:{&quot;1&quot;:[{&quot;1&quot;:2,&quot;2&quot;:0,&quot;5&quot;:{&quot;1&quot;:2,&quot;2&quot;:0}},{&quot;1&quot;:0,&quot;2&quot;:0,&quot;3&quot;:3},{&quot;1&quot;:1,&quot;2&quot;:0,&quot;4&quot;:1}]},&quot;6&quot;:{&quot;1&quot;:[{&quot;1&quot;:2,&quot;2&quot;:0,&quot;5&quot;:{&quot;1&quot;:2,&quot;2&quot;:0}},{&quot;1&quot;:0,&quot;2&quot;:0,&quot;3&quot;:3},{&quot;1&quot;:1,&quot;2&quot;:0,&quot;4&quot;:1}]},&quot;7&quot;:{&quot;1&quot;:[{&quot;1&quot;:2,&quot;2&quot;:0,&quot;5&quot;:{&quot;1&quot;:2,&quot;2&quot;:0}},{&quot;1&quot;:0,&quot;2&quot;:0,&quot;3&quot;:3},{&quot;1&quot;:1,&quot;2&quot;:0,&quot;4&quot;:1}]},&quot;8&quot;:{&quot;1&quot;:[{&quot;1&quot;:2,&quot;2&quot;:0,&quot;5&quot;:{&quot;1&quot;:2,&quot;2&quot;:0}},{&quot;1&quot;:0,&quot;2&quot;:0,&quot;3&quot;:3},{&quot;1&quot;:1,&quot;2&quot;:0,&quot;4&quot;:1}]},&quot;9&quot;:1,&quot;11&quot;:4,&quot;12&quot;:0,&quot;14&quot;:{&quot;1&quot;:2,&quot;2&quot;:0},&quot;15&quot;:&quot;Arial&quot;,&quot;16&quot;:12,&quot;17&quot;:1}\">Incloure al pla de comunicaci\u00f3 els plans d&#8217;acolliment digital de centre<\/span><\/li>\n<li><span data-sheets-value=\"{&quot;1&quot;:2,&quot;2&quot;:&quot;Implementar eines digitals pel seguiment de l\u2019avaluaci\u00f3 cont\u00ednua de l\u2019alumnat (Moodle)&quot;}\" data-sheets-userformat=\"{&quot;2&quot;:31615,&quot;3&quot;:{&quot;1&quot;:0},&quot;4&quot;:{&quot;1&quot;:2,&quot;2&quot;:14277081},&quot;5&quot;:{&quot;1&quot;:[{&quot;1&quot;:2,&quot;2&quot;:0,&quot;5&quot;:{&quot;1&quot;:2,&quot;2&quot;:0}},{&quot;1&quot;:0,&quot;2&quot;:0,&quot;3&quot;:3},{&quot;1&quot;:1,&quot;2&quot;:0,&quot;4&quot;:1}]},&quot;6&quot;:{&quot;1&quot;:[{&quot;1&quot;:2,&quot;2&quot;:0,&quot;5&quot;:{&quot;1&quot;:2,&quot;2&quot;:0}},{&quot;1&quot;:0,&quot;2&quot;:0,&quot;3&quot;:3},{&quot;1&quot;:1,&quot;2&quot;:0,&quot;4&quot;:1}]},&quot;7&quot;:{&quot;1&quot;:[{&quot;1&quot;:2,&quot;2&quot;:0,&quot;5&quot;:{&quot;1&quot;:2,&quot;2&quot;:0}},{&quot;1&quot;:0,&quot;2&quot;:0,&quot;3&quot;:3},{&quot;1&quot;:1,&quot;2&quot;:0,&quot;4&quot;:1}]},&quot;8&quot;:{&quot;1&quot;:[{&quot;1&quot;:2,&quot;2&quot;:0,&quot;5&quot;:{&quot;1&quot;:2,&quot;2&quot;:0}},{&quot;1&quot;:0,&quot;2&quot;:0,&quot;3&quot;:3},{&quot;1&quot;:1,&quot;2&quot;:0,&quot;4&quot;:1}]},&quot;9&quot;:1,&quot;11&quot;:4,&quot;12&quot;:0,&quot;14&quot;:{&quot;1&quot;:2,&quot;2&quot;:0},&quot;15&quot;:&quot;Arial&quot;,&quot;16&quot;:12,&quot;17&quot;:1}\">Implementar eines digitals pel seguiment de l\u2019avaluaci\u00f3 cont\u00ednua de l\u2019alumnat (Moodle)<\/span><\/li>\n<li><span data-sheets-value=\"{&quot;1&quot;:2,&quot;2&quot;:&quot;Fomentar les activitats d\u2019aprenentatge amb suport digital&quot;}\" data-sheets-userformat=\"{&quot;2&quot;:31615,&quot;3&quot;:{&quot;1&quot;:0},&quot;4&quot;:{&quot;1&quot;:2,&quot;2&quot;:14277081},&quot;5&quot;:{&quot;1&quot;:[{&quot;1&quot;:2,&quot;2&quot;:0,&quot;5&quot;:{&quot;1&quot;:2,&quot;2&quot;:0}},{&quot;1&quot;:0,&quot;2&quot;:0,&quot;3&quot;:3},{&quot;1&quot;:1,&quot;2&quot;:0,&quot;4&quot;:1}]},&quot;6&quot;:{&quot;1&quot;:[{&quot;1&quot;:2,&quot;2&quot;:0,&quot;5&quot;:{&quot;1&quot;:2,&quot;2&quot;:0}},{&quot;1&quot;:0,&quot;2&quot;:0,&quot;3&quot;:3},{&quot;1&quot;:1,&quot;2&quot;:0,&quot;4&quot;:1}]},&quot;7&quot;:{&quot;1&quot;:[{&quot;1&quot;:2,&quot;2&quot;:0,&quot;5&quot;:{&quot;1&quot;:2,&quot;2&quot;:0}},{&quot;1&quot;:0,&quot;2&quot;:0,&quot;3&quot;:3},{&quot;1&quot;:1,&quot;2&quot;:0,&quot;4&quot;:1}]},&quot;8&quot;:{&quot;1&quot;:[{&quot;1&quot;:2,&quot;2&quot;:0,&quot;5&quot;:{&quot;1&quot;:2,&quot;2&quot;:0}},{&quot;1&quot;:0,&quot;2&quot;:0,&quot;3&quot;:3},{&quot;1&quot;:1,&quot;2&quot;:0,&quot;4&quot;:1}]},&quot;9&quot;:1,&quot;11&quot;:4,&quot;12&quot;:0,&quot;14&quot;:{&quot;1&quot;:2,&quot;2&quot;:0},&quot;15&quot;:&quot;Arial&quot;,&quot;16&quot;:12,&quot;17&quot;:1}\">Fomentar les activitats d\u2019aprenentatge amb suport digital<\/span><\/li>\n<\/ol>\n","protected":false},"excerpt":{"rendered":"<p>L&#8217;Estrat\u00e8gia Digital de Centre \u00e9s una oportunitat per reflexionar sobre l&#8217;estat del centre i les necessitats presents i futures de l&#8217;escola. Gr\u00e0cies a les eines digitals, volem posar en marxa un proc\u00e9s per fer de l&#8217;EOI de Sants una escola m\u00e9s adaptada a les necessitats&hellip;  <a href=\"https:\/\/agora-eoi.xtec.cat\/eoibarcelona-sants\/proces-dedc\/\" title=\"Read Proc\u00e9s d&#8217;EDC\">Llegeix m\u00e9s\u00bb<\/a><\/p>\n","protected":false},"author":1,"featured_media":0,"parent":0,"menu_order":0,"comment_status":"closed","ping_status":"closed","template":"","meta":{"_bbp_topic_count":0,"_bbp_reply_count":0,"_bbp_total_topic_count":0,"_bbp_total_reply_count":0,"_bbp_voice_count":0,"_bbp_anonymous_reply_count":0,"_bbp_topic_count_hidden":0,"_bbp_reply_count_hidden":0,"_bbp_forum_subforum_count":0,"footnotes":""},"class_list":["post-9875","page","type-page","status-publish","hentry"],"post_mailing_queue_ids":[],"_links":{"self":[{"href":"https:\/\/agora-eoi.xtec.cat\/eoibarcelona-sants\/wp-json\/wp\/v2\/pages\/9875","targetHints":{"allow":["GET"]}}],"collection":[{"href":"https:\/\/agora-eoi.xtec.cat\/eoibarcelona-sants\/wp-json\/wp\/v2\/pages"}],"about":[{"href":"https:\/\/agora-eoi.xtec.cat\/eoibarcelona-sants\/wp-json\/wp\/v2\/types\/page"}],"author":[{"embeddable":true,"href":"https:\/\/agora-eoi.xtec.cat\/eoibarcelona-sants\/wp-json\/wp\/v2\/users\/1"}],"replies":[{"embeddable":true,"href":"https:\/\/agora-eoi.xtec.cat\/eoibarcelona-sants\/wp-json\/wp\/v2\/comments?post=9875"}],"version-history":[{"count":4,"href":"https:\/\/agora-eoi.xtec.cat\/eoibarcelona-sants\/wp-json\/wp\/v2\/pages\/9875\/revisions"}],"predecessor-version":[{"id":9975,"href":"https:\/\/agora-eoi.xtec.cat\/eoibarcelona-sants\/wp-json\/wp\/v2\/pages\/9875\/revisions\/9975"}],"wp:attachment":[{"href":"https:\/\/agora-eoi.xtec.cat\/eoibarcelona-sants\/wp-json\/wp\/v2\/media?parent=9875"}],"curies":[{"name":"wp","href":"https:\/\/api.w.org\/{rel}","templated":true}]}}