{"id":9640,"date":"2022-09-01T12:41:50","date_gmt":"2022-09-01T10:41:50","guid":{"rendered":"https:\/\/agora-eoi.xtec.cat\/eoibarcelona-sants\/?page_id=9640"},"modified":"2022-09-01T12:41:50","modified_gmt":"2022-09-01T10:41:50","slug":"test-de-nivell-en-linea","status":"publish","type":"page","link":"https:\/\/agora-eoi.xtec.cat\/eoibarcelona-sants\/test-de-nivell-en-linea\/","title":{"rendered":"Test de nivell en l\u00ednea"},"content":{"rendered":"<p><strong>En el cas de disposar d&#8217;una titulaci\u00f3 oficial<\/strong> que acrediti el nivell de la llengua que es vol estudiar, cal indicar-ho a l&#8217;aplicatiu de preinscripci\u00f3 i s&#8217;ha d&#8217;adjuntar. El certificat s\u2019haur\u00e0 de validar per la secretaria de l\u2019escola, en cas que no fos v\u00e0lid, es comunicaria des de l\u2019aplicatiu de preinscripci\u00f3 i s\u2019habilitaria la possibilitat de fer el test en l\u00ednia<\/p>\n<p><strong>En el cas de no disposar d&#8217;una titulaci\u00f3 oficial<\/strong> que acrediti el nivell de la llengua que es vol estudiar, s&#8217;ha de fer el test de nivell en l\u00ednea. No consulteu internet, manuals, diccionaris o d&#8217;altres fonts per completar el vostre test. Aix\u00f2 falsejaria el vostre nivell i no us permetria un seguiment normal del curs. Aix\u00ed mateix el resultat del test en l\u00ednea no \u00e9s definitiu i es pot reassignar de nivell si el professorat detecta que un alumne no est\u00e0 ben anivellat.<\/p>\n<p><span style=\"color: #008000;\"><strong>Com accedir-hi?<\/strong><\/span><\/p>\n<p>Des de la preinscripci\u00f3, seleccioneu l&#8217;opci\u00f3 TEST DE NIVELL.<\/p>\n<p><span style=\"color: #008000;\"><strong>Quina funci\u00f3 t\u00e9 el centre de refer\u00e8ncia?<\/strong><\/span><\/p>\n<p>Els usuaris que seleccionen de fer el test de nivell han de marcar un centre de refer\u00e8ncia. En cas que hi hagi alguna incid\u00e8ncia a l\u2019hora de fer el test, cal posar-se en contacte amb el centre d\u2019incid\u00e8ncia al m\u00e9s aviat possible. <strong>Nom\u00e9s el centre de refer\u00e8ncia pot resoldre les incid\u00e8ncies de test.<\/strong><\/p>\n<p><span style=\"color: #008000;\"><strong>En qu\u00e8 consisteix?<\/strong><\/span><\/p>\n<p>El test cont\u00e9 preguntes d\u2019opci\u00f3 m\u00faltiple repartides en tres blocs. El primer bloc avalua l\u2019\u00fas de la llengua, el segon i el tercer bloc avaluen l\u2019\u00fas de la llengua i la comprensi\u00f3 oral. La dificultat de les preguntes augmenta progressivament. En acabar cada bloc els alumnes coneixeran el curs al qual han estat assignats i, segons el resultat obtingut, se\u2019ls permetr\u00e0 continuar al bloc seg\u00fcent, si \u00e9s el cas. L\u2019alumnat al qual se li ofereixi la possibilitat de continuar al bloc seg\u00fcent, podr\u00e0 rebutjar-ho i quedar-se amb l\u2019assignaci\u00f3 obtinguda al bloc anterior, si aix\u00ed ho vol.<\/p>\n<p><span style=\"color: #008000;\"><strong>Quant dura el test?<\/strong><\/span><\/p>\n<p>La durada del primer bloc \u00e9s de 45 minuts, la del segon bloc \u00e9s de 30 minuts i la del tercer \u00e9s de 35 minuts.<\/p>\n<p><span style=\"color: #008000;\"><strong>El test s\u2019ha de fer tot seguit?<\/strong><\/span><\/p>\n<p>No, cada bloc es pot fer en moments diferents. PER\u00d2, les preguntes d\u2019un bloc s\u2019han de respondre en el temps estipulat. Per comen\u00e7ar un bloc nou, cal anar a la ZONA PERSONAL de l\u2019aplicaci\u00f3 de preinscripci\u00f3 i clicar el bot\u00f3 de TEST.<\/p>\n<p><span style=\"color: #008000;\"><strong>Qu\u00e8 cal fer despr\u00e9s del test?<\/strong><\/span><\/p>\n<p>Un cop acabat el test i obtingut el resultat, el candidat\/a haur\u00e0 de triar horaris (pot escollir fins a\u00a0 2 centres i 4 horaris diferents). Per exemple, pot triar 1 centre i 4 horaris diferents d\u2019aquest centre; tamb\u00e9 pot triar 2 centres i 4 horaris diferents (2+2, 3+1, 1+3).<\/p>\n<p><a href=\"https:\/\/preinscripcio.gencat.cat\/web\/.content\/estudis\/idiomes-eoi\/informat\/test-nivell\/nivell_comu_ref.pdf\" target=\"_blank\" rel=\"noopener\"><strong>Descripci\u00f3 dels nivells del Marc Europeu Com\u00fa de Refer\u00e8ncia<\/strong><\/a><\/p>\n<p><iframe loading=\"lazy\" src=\"\/\/giphy.com\/embed\/3otO6zntMrmhpvaYX6\" width=\"480\" height=\"296\" frameborder=\"0\" allowfullscreen=\"allowfullscreen\"><\/iframe><\/p>\n","protected":false},"excerpt":{"rendered":"<p>En el cas de disposar d&#8217;una titulaci\u00f3 oficial que acrediti el nivell de la llengua que es vol estudiar, cal indicar-ho a l&#8217;aplicatiu de preinscripci\u00f3 i s&#8217;ha d&#8217;adjuntar. El certificat s\u2019haur\u00e0 de validar per la secretaria de l\u2019escola, en cas que no fos v\u00e0lid, es&hellip;  <a href=\"https:\/\/agora-eoi.xtec.cat\/eoibarcelona-sants\/test-de-nivell-en-linea\/\" title=\"Read Test de nivell en l\u00ednea\">Llegeix m\u00e9s\u00bb<\/a><\/p>\n","protected":false},"author":1,"featured_media":0,"parent":0,"menu_order":0,"comment_status":"closed","ping_status":"closed","template":"","meta":{"_bbp_topic_count":0,"_bbp_reply_count":0,"_bbp_total_topic_count":0,"_bbp_total_reply_count":0,"_bbp_voice_count":0,"_bbp_anonymous_reply_count":0,"_bbp_topic_count_hidden":0,"_bbp_reply_count_hidden":0,"_bbp_forum_subforum_count":0,"footnotes":""},"class_list":["post-9640","page","type-page","status-publish","hentry"],"post_mailing_queue_ids":[],"_links":{"self":[{"href":"https:\/\/agora-eoi.xtec.cat\/eoibarcelona-sants\/wp-json\/wp\/v2\/pages\/9640","targetHints":{"allow":["GET"]}}],"collection":[{"href":"https:\/\/agora-eoi.xtec.cat\/eoibarcelona-sants\/wp-json\/wp\/v2\/pages"}],"about":[{"href":"https:\/\/agora-eoi.xtec.cat\/eoibarcelona-sants\/wp-json\/wp\/v2\/types\/page"}],"author":[{"embeddable":true,"href":"https:\/\/agora-eoi.xtec.cat\/eoibarcelona-sants\/wp-json\/wp\/v2\/users\/1"}],"replies":[{"embeddable":true,"href":"https:\/\/agora-eoi.xtec.cat\/eoibarcelona-sants\/wp-json\/wp\/v2\/comments?post=9640"}],"version-history":[{"count":3,"href":"https:\/\/agora-eoi.xtec.cat\/eoibarcelona-sants\/wp-json\/wp\/v2\/pages\/9640\/revisions"}],"predecessor-version":[{"id":9647,"href":"https:\/\/agora-eoi.xtec.cat\/eoibarcelona-sants\/wp-json\/wp\/v2\/pages\/9640\/revisions\/9647"}],"wp:attachment":[{"href":"https:\/\/agora-eoi.xtec.cat\/eoibarcelona-sants\/wp-json\/wp\/v2\/media?parent=9640"}],"curies":[{"name":"wp","href":"https:\/\/api.w.org\/{rel}","templated":true}]}}