{"id":9308,"date":"2022-05-12T13:20:33","date_gmt":"2022-05-12T11:20:33","guid":{"rendered":"https:\/\/agora-eoi.xtec.cat\/eoibarcelona-sants\/?page_id=9308"},"modified":"2024-06-28T10:25:27","modified_gmt":"2024-06-28T08:25:27","slug":"programa-pia-docents","status":"publish","type":"page","link":"https:\/\/agora-eoi.xtec.cat\/eoibarcelona-sants\/secretaria\/programa-pia-docents\/","title":{"rendered":"Programa PIA+ (docents)"},"content":{"rendered":"<p>El programa PIA+ \u00e9s una acci\u00f3 per a la millora de la compet\u00e8ncia comunicativa en llengua estrangera del professorat no universitari de centres educatius finan\u00e7ats amb fons p\u00fablics. Llegiu m\u00e9s informaci\u00f3 a<a href=\"https:\/\/xtec.gencat.cat\/ca\/formacio\/formaciogeneralprofessorat\/llengues\/programa-pia\/\" target=\"_blank\" rel=\"noopener\"> Xtec- Xarxa Telem\u00e0tica Educativa de Catalunya<\/a>.<\/p>\n<p>L\u2019acci\u00f3 permet que el professorat matriculat en un curs de llengua d\u2019una Escola Oficial d\u2019Idiomes pugui sol\u00b7licitar la <strong>devoluci\u00f3 de l\u2019ingr\u00e9s de l\u2019import base\u00a0de la matr\u00edcula. La devoluci\u00f3 es fa efectiva pr\u00e8via obtenci\u00f3 de la qualificaci\u00f3 d\u2019aprovat (APTE) o de certificat d\u2019aprofitament (matr\u00edcula d\u2019actualitzaci\u00f3).<\/strong>\u00a0La devoluci\u00f3 no inclou els costos de material,\u00a0d\u2019acc\u00e9s a plataformes digitals, d\u2019expedici\u00f3 de t\u00edtols ni les penalitzacions per repetici\u00f3 de curs, si\u00a0escau.<\/p>\n<p><strong>El retorn de l\u2019import de matr\u00edcula nom\u00e9s es pot sol\u00b7licitar per un curs i per una llengua en concret<\/strong>.<br \/>\nEl curs ha de tenir car\u00e0cter extensiu en el cas de les EOI (no s\u2019hi inclouen, per tant, els cursos d\u2019estiu).<\/p>\n<p><strong>Destinataris:<\/strong><\/p>\n<p>Professorat en actiu de centres educatius p\u00fablics de titularitat del Departament d\u2019Educaci\u00f3 i de\u00a0titularitat municipal, i de centres concertats. Tamb\u00e9 hi poden participar els docents dels serveis\u00a0territorials d\u2019Educaci\u00f3, del Consorci d\u2019Educaci\u00f3 de Barcelona, de les unitats de serveis centrals del\u00a0Departament d\u2019Educaci\u00f3, aix\u00ed com els inspectors i inspectores en actiu.<br \/>\n<strong><br \/>\nLleng\u00fces i cursos:<\/strong><\/p>\n<p>A l&#8217;EOI Barcelona V-Sants, el docent pot demanar el retorn de l\u2019import base de la matr\u00edcula per a les lleng\u00fces i cursos seg\u00fcents:<\/p>\n<p>1. Angl\u00e8s: Cursos EOI: B2.1, B2.2, C1<br \/>\n2. Franc\u00e8s: tots els nivells a partir d\u2019A1<\/p>\n<p><strong>Actualitzaci\u00f3 de matr\u00edcula EOI<br \/>\n<\/strong><br \/>\nEls docents que disposin d\u2019un t\u00edtol oficial expedit per una EOI que faci, com a m\u00ednim, 2 anys de l&#8217;obtenci\u00f3 d\u2019aquest i que vulguin actualitzar els coneixements d\u2019aquella llengua poden inscriure\u2019s en la modalitat \u201cmatr\u00edcula d\u2019actualitzaci\u00f3\u201d. Aquesta modalitat permet la inscripci\u00f3 a les mateixes lleng\u00fces i nivells esmentats.<\/p>\n<p><strong>Requisits:<\/strong><\/p>\n<p>En iniciar el curs, presentar el carnet docent a la secretaria del centre on s\u2019ha matriculat per validar ser docent i estar en actiu en el moment de fer la inscripci\u00f3 al curs i al llarg d\u2019aquest en un dels llocs seg\u00fcents:<\/p>\n<ul>\n<li>En un centre p\u00fablic de titularitat del Departament d\u2019Educaci\u00f3 o b\u00e9 de titularitat<br \/>\nmunicipal.<\/li>\n<li>En un centre educatiu concertat.<\/li>\n<li>En un servei territorial, al Consorci d\u2019Educaci\u00f3 de Barcelona o en una unitat de<br \/>\nserveis centrals del Departament d\u2019Educaci\u00f3.<\/li>\n<li>A la Inspecci\u00f3 d\u2019Educaci\u00f3.<\/li>\n<\/ul>\n<p>En el moment de la formalitzaci\u00f3 de la matr\u00edcula, cal inscriure\u2019s utilitzant el correu corporatiu @<a title=\"xtec.cat\" href=\"http:\/\/xtec.cat\/\" data-saferedirecturl=\"https:\/\/www.google.com\/url?q=http:\/\/xtec.cat&amp;source=gmail&amp;ust=1686658281173000&amp;usg=AOvVaw3ZAND6SKc5Q49IU4X0OSkp\">xtec.cat<\/a><\/p>\n<p><strong>Procediment:<\/strong><\/p>\n<p>El professorat que es vulgui acollir al Programa PIA+ en el curs 2024-2025 haur\u00e0 de seguir el procediment ordinari per a la inscripci\u00f3 als cursos de les EOI. La inscripci\u00f3 s\u2019ha de fer, en tots els casos, utilitzant el correu corporatiu @<a href=\"http:\/\/xtec.cat\/\" data-saferedirecturl=\"https:\/\/www.google.com\/url?q=http:\/\/xtec.cat&amp;source=gmail&amp;ust=1686658281173000&amp;usg=AOvVaw3ZAND6SKc5Q49IU4X0OSkp\">xtec.cat<\/a>. L\u2019alumnat lliure no pot acollir-se al Programa PIA+.<\/p>\n<p>El termini de <strong>presentaci\u00f3 de sol\u00b7licituds de devoluci\u00f3 per al curs 2023-2024 \u00e9s de 1 fins a 12 de juliol de 2024.<\/strong><br \/>\nEs far\u00e0 <strong>exclusivament per internet<\/strong> a trav\u00e9s de la p\u00e0gina web de\u00a0<strong><a title=\"tr\u00e0mits\" href=\"https:\/\/educacio.gencat.cat\/ca\/tramits\/tramits-temes\/devolucio-matricula-pia\" target=\"_blank\" rel=\"noopener\">tr\u00e0mits<\/a><\/strong>.<\/p>\n<p><strong><a href=\"https:\/\/web.gencat.cat\/ca\/tramits\/tramits-temes\/devolucio-matricula-pia?category=bd1b6d64-ca6f-11e5-8c48-005056924a59\" target=\"_blank\" rel=\"noopener\">SOL\u00b7LICITUD DE LA DEVOLUCI\u00d3<\/a>:<\/strong><\/p>\n<ul>\n<li>Podr\u00e0 sol\u00b7licitar la devoluci\u00f3 de l\u2019import base de la matr\u00edcula el\u00a0<strong>professorat que obtingui la qualificaci\u00f3 d\u2019APTE o el certificat d\u2019aprofitament<\/strong>\u00a0(alumnes d\u2019actualitzaci\u00f3 de matr\u00edcula) al final del curs.<\/li>\n<li>La devoluci\u00f3 de la matr\u00edcula es\u00a0<strong>gestionar\u00e0 un cop acabat el curs acad\u00e8mic.<\/strong><\/li>\n<li>Es podr\u00e0 sol\u00b7licitar la devoluci\u00f3 de l\u2019import base de matriculaci\u00f3\u00a0<strong>nom\u00e9s d\u2019un idioma.<\/strong><\/li>\n<\/ul>\n<p><strong>IMPORTANT:<\/strong><\/p>\n<p>&#8211; Cal llegir atentament cada apartat del tr\u00e0mit abans d\u2019emplenar i enviar la sol\u00b7licitud.<\/p>\n<p>&#8211;\u00a0<strong>La sol\u00b7licitud nom\u00e9s estar\u00e0 disponible dins d&#8217;aquest termini: 01\/07\/2024 &#8211; 12\/07\/2024<\/strong>. No ser\u00e0 possible fer la sol\u00b7licitud passat aquest termini.<\/p>\n","protected":false},"excerpt":{"rendered":"<p>El programa PIA+ \u00e9s una acci\u00f3 per a la millora de la compet\u00e8ncia comunicativa en llengua estrangera del professorat no universitari de centres educatius finan\u00e7ats amb fons p\u00fablics. Llegiu m\u00e9s informaci\u00f3 a<a href=\"https:\/\/xtec.gencat.cat\/ca\/formacio\/formaciogeneralprofessorat\/llengues\/programa-pia\/\" target=\"_blank\" rel=\"noopener\"> Xtec- Xarxa Telem\u00e0tica Educativa de Catalunya<\/a>.<br \/>\nL\u2019acci\u00f3 permet que el professorat&hellip;  <a href=\"https:\/\/agora-eoi.xtec.cat\/eoibarcelona-sants\/secretaria\/programa-pia-docents\/\" title=\"Read Programa PIA+ (docents)\">Llegeix m\u00e9s\u00bb<\/a><\/p>\n","protected":false},"author":1,"featured_media":0,"parent":8358,"menu_order":0,"comment_status":"closed","ping_status":"closed","template":"","meta":{"_bbp_topic_count":0,"_bbp_reply_count":0,"_bbp_total_topic_count":0,"_bbp_total_reply_count":0,"_bbp_voice_count":0,"_bbp_anonymous_reply_count":0,"_bbp_topic_count_hidden":0,"_bbp_reply_count_hidden":0,"_bbp_forum_subforum_count":0,"footnotes":""},"class_list":["post-9308","page","type-page","status-publish","hentry"],"post_mailing_queue_ids":[],"_links":{"self":[{"href":"https:\/\/agora-eoi.xtec.cat\/eoibarcelona-sants\/wp-json\/wp\/v2\/pages\/9308","targetHints":{"allow":["GET"]}}],"collection":[{"href":"https:\/\/agora-eoi.xtec.cat\/eoibarcelona-sants\/wp-json\/wp\/v2\/pages"}],"about":[{"href":"https:\/\/agora-eoi.xtec.cat\/eoibarcelona-sants\/wp-json\/wp\/v2\/types\/page"}],"author":[{"embeddable":true,"href":"https:\/\/agora-eoi.xtec.cat\/eoibarcelona-sants\/wp-json\/wp\/v2\/users\/1"}],"replies":[{"embeddable":true,"href":"https:\/\/agora-eoi.xtec.cat\/eoibarcelona-sants\/wp-json\/wp\/v2\/comments?post=9308"}],"version-history":[{"count":7,"href":"https:\/\/agora-eoi.xtec.cat\/eoibarcelona-sants\/wp-json\/wp\/v2\/pages\/9308\/revisions"}],"predecessor-version":[{"id":10476,"href":"https:\/\/agora-eoi.xtec.cat\/eoibarcelona-sants\/wp-json\/wp\/v2\/pages\/9308\/revisions\/10476"}],"up":[{"embeddable":true,"href":"https:\/\/agora-eoi.xtec.cat\/eoibarcelona-sants\/wp-json\/wp\/v2\/pages\/8358"}],"wp:attachment":[{"href":"https:\/\/agora-eoi.xtec.cat\/eoibarcelona-sants\/wp-json\/wp\/v2\/media?parent=9308"}],"curies":[{"name":"wp","href":"https:\/\/api.w.org\/{rel}","templated":true}]}}