{"id":8964,"date":"2021-05-24T11:03:44","date_gmt":"2021-05-24T09:03:44","guid":{"rendered":"https:\/\/agora-eoi.xtec.cat\/eoibarcelona-sants\/?page_id=8964"},"modified":"2022-07-27T16:41:25","modified_gmt":"2022-07-27T14:41:25","slug":"normativa","status":"publish","type":"page","link":"https:\/\/agora-eoi.xtec.cat\/eoibarcelona-sants\/secretaria\/normativa\/","title":{"rendered":"Normativa"},"content":{"rendered":"<ul>\n<li><img loading=\"lazy\" decoding=\"async\" class=\" wp-image-9085 alignright\" src=\"https:\/\/agora-eoi.xtec.cat\/eoibarcelona-sants\/wp-content\/uploads\/usu2248\/2021\/11\/rule-1752415_960_720.jpeg\" alt=\"\" width=\"209\" height=\"139\" srcset=\"https:\/\/agora-eoi.xtec.cat\/eoibarcelona-sants\/wp-content\/uploads\/usu2248\/2021\/11\/rule-1752415_960_720.jpeg 960w, https:\/\/agora-eoi.xtec.cat\/eoibarcelona-sants\/wp-content\/uploads\/usu2248\/2021\/11\/rule-1752415_960_720-300x200.jpeg 300w, https:\/\/agora-eoi.xtec.cat\/eoibarcelona-sants\/wp-content\/uploads\/usu2248\/2021\/11\/rule-1752415_960_720-768x512.jpeg 768w\" sizes=\"auto, (max-width: 209px) 100vw, 209px\" \/>Sistema d&#8217;avaluaci\u00f3 <em>(disponible properament)<\/em><\/li>\n<li><a href=\"https:\/\/agora-eoi.xtec.cat\/eoibarcelona-sants\/guia-de-lalumnat-curs-2022-2023\/\" target=\"_blank\" rel=\"noopener\">Gu\u00eda de l&#8217;alumnat<\/a>. Aqu\u00ed trobareu informaci\u00f3 sobre els seg\u00fcents tr\u00e0mits:\n<ul>\n<li>Perman\u00e8ncia en els estudis<\/li>\n<li>Ren\u00fancies<\/li>\n<li>Trasllats d&#8217;expedient i de matr\u00edcula<\/li>\n<li>Canvis d&#8217;horari<\/li>\n<li>Inst\u00e0ncies i sol\u00b7licituds<\/li>\n<li>&#8230;<\/li>\n<\/ul>\n<\/li>\n<\/ul>\n","protected":false},"excerpt":{"rendered":"<ul>\n<li>Sistema d&#8217;avaluaci\u00f3 (disponible properament)<\/li>\n<li><a href=\"https:\/\/agora-eoi.xtec.cat\/eoibarcelona-sants\/guia-de-lalumnat-curs-2022-2023\/\" target=\"_blank\" rel=\"noopener\">Gu\u00eda de l&#8217;alumnat<\/a>. Aqu\u00ed trobareu informaci\u00f3 sobre els seg\u00fcents tr\u00e0mits:\n<ul>\n<li>Perman\u00e8ncia en els estudis<\/li>\n<li>Ren\u00fancies<\/li>\n<li>Trasllats d&#8217;expedient i de matr\u00edcula<\/li>\n<li>Canvis d&#8217;horari<\/li>\n<li>Inst\u00e0ncies i sol\u00b7licituds<\/li>\n<li>&#8230;<\/li>\n<\/ul>\n<\/li>\n<\/ul>\n","protected":false},"author":5,"featured_media":0,"parent":8358,"menu_order":50,"comment_status":"closed","ping_status":"closed","template":"page-templates\/side-menu.php","meta":{"_bbp_topic_count":0,"_bbp_reply_count":0,"_bbp_total_topic_count":0,"_bbp_total_reply_count":0,"_bbp_voice_count":0,"_bbp_anonymous_reply_count":0,"_bbp_topic_count_hidden":0,"_bbp_reply_count_hidden":0,"_bbp_forum_subforum_count":0,"footnotes":""},"class_list":["post-8964","page","type-page","status-publish","hentry"],"post_mailing_queue_ids":[],"_links":{"self":[{"href":"https:\/\/agora-eoi.xtec.cat\/eoibarcelona-sants\/wp-json\/wp\/v2\/pages\/8964","targetHints":{"allow":["GET"]}}],"collection":[{"href":"https:\/\/agora-eoi.xtec.cat\/eoibarcelona-sants\/wp-json\/wp\/v2\/pages"}],"about":[{"href":"https:\/\/agora-eoi.xtec.cat\/eoibarcelona-sants\/wp-json\/wp\/v2\/types\/page"}],"author":[{"embeddable":true,"href":"https:\/\/agora-eoi.xtec.cat\/eoibarcelona-sants\/wp-json\/wp\/v2\/users\/5"}],"replies":[{"embeddable":true,"href":"https:\/\/agora-eoi.xtec.cat\/eoibarcelona-sants\/wp-json\/wp\/v2\/comments?post=8964"}],"version-history":[{"count":3,"href":"https:\/\/agora-eoi.xtec.cat\/eoibarcelona-sants\/wp-json\/wp\/v2\/pages\/8964\/revisions"}],"predecessor-version":[{"id":9628,"href":"https:\/\/agora-eoi.xtec.cat\/eoibarcelona-sants\/wp-json\/wp\/v2\/pages\/8964\/revisions\/9628"}],"up":[{"embeddable":true,"href":"https:\/\/agora-eoi.xtec.cat\/eoibarcelona-sants\/wp-json\/wp\/v2\/pages\/8358"}],"wp:attachment":[{"href":"https:\/\/agora-eoi.xtec.cat\/eoibarcelona-sants\/wp-json\/wp\/v2\/media?parent=8964"}],"curies":[{"name":"wp","href":"https:\/\/api.w.org\/{rel}","templated":true}]}}