{"id":8619,"date":"2016-06-20T11:24:25","date_gmt":"2016-06-20T10:24:25","guid":{"rendered":"http:\/\/agora-eoi.xtec.cat\/eoibarcelona-sants\/?page_id=8619"},"modified":"2025-10-09T07:56:44","modified_gmt":"2025-10-09T05:56:44","slug":"equip-directiu","status":"publish","type":"page","link":"https:\/\/agora-eoi.xtec.cat\/eoibarcelona-sants\/lescola\/organigrama\/equip-directiu\/","title":{"rendered":"Equip directiu"},"content":{"rendered":"<p><strong><img loading=\"lazy\" decoding=\"async\" class=\"alignright size-full wp-image-8996\" src=\"https:\/\/agora-eoi.xtec.cat\/eoibarcelona-sants\/wp-content\/uploads\/usu2248\/2021\/11\/equipdirectiu.jpeg\" alt=\"\" width=\"160\" height=\"125\" \/>Directora<\/strong>: S\u00f2nia Carrasco<\/p>\n<p><b>Cap d&#8217;estudis<\/b>: Vicent Revert<\/p>\n<p><strong>Secret\u00e0ria acad\u00e8mica<\/strong>: Ang\u00e8lica Sanz<\/p>\n","protected":false},"excerpt":{"rendered":"<p>Directora: S\u00f2nia Carrasco<br \/>\nCap d&#8217;estudis: Vicent Revert<br \/>\nSecret\u00e0ria acad\u00e8mica: Ang\u00e8lica Sanz<\/p>\n","protected":false},"author":1,"featured_media":0,"parent":8141,"menu_order":10,"comment_status":"closed","ping_status":"closed","template":"page-templates\/side-menu.php","meta":{"_bbp_topic_count":0,"_bbp_reply_count":0,"_bbp_total_topic_count":0,"_bbp_total_reply_count":0,"_bbp_voice_count":0,"_bbp_anonymous_reply_count":0,"_bbp_topic_count_hidden":0,"_bbp_reply_count_hidden":0,"_bbp_forum_subforum_count":0,"footnotes":""},"class_list":["post-8619","page","type-page","status-publish","hentry"],"post_mailing_queue_ids":[],"_links":{"self":[{"href":"https:\/\/agora-eoi.xtec.cat\/eoibarcelona-sants\/wp-json\/wp\/v2\/pages\/8619","targetHints":{"allow":["GET"]}}],"collection":[{"href":"https:\/\/agora-eoi.xtec.cat\/eoibarcelona-sants\/wp-json\/wp\/v2\/pages"}],"about":[{"href":"https:\/\/agora-eoi.xtec.cat\/eoibarcelona-sants\/wp-json\/wp\/v2\/types\/page"}],"author":[{"embeddable":true,"href":"https:\/\/agora-eoi.xtec.cat\/eoibarcelona-sants\/wp-json\/wp\/v2\/users\/1"}],"replies":[{"embeddable":true,"href":"https:\/\/agora-eoi.xtec.cat\/eoibarcelona-sants\/wp-json\/wp\/v2\/comments?post=8619"}],"version-history":[{"count":7,"href":"https:\/\/agora-eoi.xtec.cat\/eoibarcelona-sants\/wp-json\/wp\/v2\/pages\/8619\/revisions"}],"predecessor-version":[{"id":10982,"href":"https:\/\/agora-eoi.xtec.cat\/eoibarcelona-sants\/wp-json\/wp\/v2\/pages\/8619\/revisions\/10982"}],"up":[{"embeddable":true,"href":"https:\/\/agora-eoi.xtec.cat\/eoibarcelona-sants\/wp-json\/wp\/v2\/pages\/8141"}],"wp:attachment":[{"href":"https:\/\/agora-eoi.xtec.cat\/eoibarcelona-sants\/wp-json\/wp\/v2\/media?parent=8619"}],"curies":[{"name":"wp","href":"https:\/\/api.w.org\/{rel}","templated":true}]}}