{"id":8434,"date":"2016-06-14T15:41:55","date_gmt":"2016-06-14T13:41:55","guid":{"rendered":"http:\/\/agora-eoi.xtec.cat\/eoibarcelona-sants\/?page_id=8434"},"modified":"2025-11-19T15:27:35","modified_gmt":"2025-11-19T14:27:35","slug":"preinscripcio-matricula-alumnat-nou","status":"publish","type":"page","link":"https:\/\/agora-eoi.xtec.cat\/eoibarcelona-sants\/secretaria\/preinscripcio-matricula-alumnat-nou\/","title":{"rendered":"Preinscripci\u00f3 i matr\u00edcula &#8211; nous alumnes"},"content":{"rendered":"<h2><\/h2>\n<table style=\"width: 100%; border-collapse: collapse; background-color: #dcdcdc;\" border=\"1\">\n<tbody>\n<tr>\n<td style=\"width: 100%;\">\n<h3><strong><img loading=\"lazy\" decoding=\"async\" class=\"alignright wp-image-9080\" src=\"https:\/\/agora-eoi.xtec.cat\/eoibarcelona-sants\/wp-content\/uploads\/usu2248\/2021\/11\/blog1_140_100.jpeg\" alt=\"\" width=\"250\" height=\"179\" \/><\/strong><\/h3>\n<h3><span style=\"color: #000000;\"><strong>PREINSCRIPCI\u00d3 I MATR\u00cdCULA ONLINE &#8211; <\/strong><\/span><strong><span style=\"color: #000000;\">accediu a<\/span> <a href=\"https:\/\/www.eoidigital.com\/eoicat\/alumnes\/index.php\" target=\"_blank\" rel=\"noopener\">la PREINSCRIPCI\u00d3<\/a><\/strong><\/h3>\n<h3><span style=\"color: #000000;\">(activa des de l&#8217;1 de setembre (a les 12h) i fins el 8 de setembre de 2025 (a les 15h)<\/span><\/h3>\n<p>&nbsp;<\/p>\n<h3><a href=\"https:\/\/preinscripcio.gencat.cat\/ca\/estudis\/idiomes-eoi\/inici\/\" target=\"_blank\" rel=\"noopener\"><strong>Informaci\u00f3 del procediment i del termini <\/strong><strong>de preinscripci\u00f3 i matr\u00edcula<\/strong>\u00a0<strong>ONLINE curs 2025\/2026<\/strong><\/a><strong>\u00a0<\/strong><\/h3>\n<\/td>\n<\/tr>\n<\/tbody>\n<\/table>\n<ul>\n<li style=\"list-style-type: none;\">\n<ul style=\"list-style-type: disc;\">\n<li>N\u00famero de places vacants per nou alumnat <em>(publicaci\u00f3 a finals de juliol)<\/em><\/li>\n<li><a href=\"https:\/\/preinscripcio.gencat.cat\/ca\/estudis\/idiomes-eoi\/informat\/\" target=\"_blank\" rel=\"noopener\">Informaci\u00f3 procediment acc\u00e9s i preinscripci\u00f3<\/a>\n<ul style=\"list-style-type: disc;\">\n<li><a href=\"https:\/\/preinscripcio.gencat.cat\/ca\/estudis\/idiomes-eoi\/informat\/test-nivell-a2-c1\/\" target=\"_blank\" rel=\"noopener\">Test de nivell<\/a> <em>(es fa de manera telem\u00e0tica en el moment de fer la preinscripci\u00f3)<\/em><\/li>\n<li><a href=\"https:\/\/preinscripcio.gencat.cat\/ca\/estudis\/idiomes-eoi\/informat\/test-nivell-a2-c1\/\" target=\"_blank\" rel=\"noopener\">Exempcions de test de nivell\u00a0<\/a>&#8211; En cas d&#8217;exempci\u00f3 de test de nivell, cal adjuntar la documentaci\u00f3 acreditativa a l&#8217;aplicaci\u00f3 de preinscripci\u00f3, de l&#8217;1 de setembre al 8 de setembre fins les 17h <em>(nom\u00e9s si heu fet la preinscripci\u00f3 a un nivell superior a A1 i disposeu d&#8217;un certificat\u00a0 que permet l&#8217;exempci\u00f3 del test)<\/em>.<\/li>\n<\/ul>\n<\/li>\n<\/ul>\n<\/li>\n<\/ul>\n<ul>\n<li style=\"list-style-type: none;\">\n<ul style=\"list-style-type: disc;\">\n<li>Consulta <strong>resultats del sorteig<\/strong> d&#8217;assignaci\u00f3 de places: 15 de setembre a partir de les 18h<strong> a l&#8217;aplicaci\u00f3 de la preinscripci\u00f3<\/strong>.<\/li>\n<li><strong>Per\u00edode de matriculaci\u00f3 en l\u00ednia <em>(alumnes admesos)<\/em><\/strong>: del 15 de setembre <em>(a les 18h)<\/em> fins el 17 de setembre a les 23h59.<\/li>\n<li>Per\u00edode de matriculaci\u00f3 en l\u00ednia a les<strong> \u00faltimes places vacants<\/strong>:\n<ul>\n<li style=\"list-style-type: none;\">\n<ul style=\"list-style-type: disc;\">\n<li>Angl\u00e8s: 19 de setembre <em>(des de les 12h)<\/em> fins el 21 de setembre <em>(a les 23h59)<\/em>.<\/li>\n<li>Franc\u00e8s: 20 de setembre <em>(des de les 9h)<\/em> fins al 21 de setembre <em>(a les 23h59)<\/em>.<\/li>\n<\/ul>\n<\/li>\n<\/ul>\n<\/li>\n<\/ul>\n<\/li>\n<\/ul>\n<ul>\n<li style=\"list-style-type: none;\">\n<ul style=\"list-style-type: disc;\">\n<li>Grups i horaris &#8211; angl\u00e8s \/ franc\u00e8s <em>(publicaci\u00f3 a finals de juliol)<\/em><\/li>\n<li><a href=\"https:\/\/educacio.gencat.cat\/ca\/departament\/normativa\/taxes-preus-publics\/taxes\/\" target=\"_blank\" rel=\"noopener\">Taxes<\/a> (Nivell Intermedi B1, B2.1 i B2.2) i <a href=\"https:\/\/educacio.gencat.cat\/ca\/departament\/normativa\/taxes-preus-publics\/preu-public\/\" target=\"_blank\" rel=\"noopener\">preus p\u00fablics<\/a> (Nivell B\u00e0sic A1 i A2 i Nivell Avan\u00e7at C1). En tots els cursos cal abonar <a href=\"https:\/\/educacio.gencat.cat\/ca\/departament\/normativa\/taxes-preus-publics\/preu-public\/\" target=\"_blank\" rel=\"noopener\">tamb\u00e9 el preu p\u00fablic pels serveis d&#8217;acc\u00e9s a plataforma<\/a>.\n<ul>\n<li style=\"list-style-type: none;\">\n<ul style=\"list-style-type: disc;\">\n<li>IMPORTANT: La matr\u00edcula <strong>nom\u00e9s es considera formalitzada<\/strong>\u00a0a tots els efectes quan s\u2019han pagat totes les taxes i preus p\u00fablics aplicables (i, si escau, s\u2019ha presentat tota la documentaci\u00f3 requerida).<\/li>\n<li>Un cop efectuat el pagament, en cas d&#8217;haver declarat alguna BONIFICACI\u00d3 O EXEMPCI\u00d3 cal trametre al centre la documentaci\u00f3 que la justifica a trav\u00e9s del correu electr\u00f2nic<strong> secretari<span style=\"color: #000000;\">a.alumnat<span class=\"\"><span class=\"\">@eoisants<\/span>.c<\/span>at<\/span><\/strong><span style=\"color: #000000;\">.<\/span><\/li>\n<li>En cas de no gaudir de bonificacions o exempcions no cal trametre el resguard de pagament.<\/li>\n<\/ul>\n<\/li>\n<\/ul>\n<\/li>\n<li>Calendari lectiu <em>(propera publicaci\u00f3).<\/em><a href=\"http:\/\/eoisants.cat\/images\/Fitxers\/2020_2021\/4_Actualitzaci%C3%B3_de_cursos_de_certificat_2020_2021.pdf\" target=\"_blank\" rel=\"noopener\"><br \/>\n<\/a><\/li>\n<\/ul>\n<\/li>\n<\/ul>\n<table style=\"width: 100%; border-collapse: collapse; background-color: #dcdcdc;\" border=\"1\">\n<tbody>\n<tr>\n<td style=\"width: 100%;\">\n<h4><span style=\"color: #000000;\">INFORMACI\u00d3 SOBRE LA PREINSCRIPCI\u00d3 i MATR\u00cdCULA DEL NIVELL C2 D&#8217;ANGL\u00c8S<\/span><\/h4>\n<\/td>\n<\/tr>\n<\/tbody>\n<\/table>\n<p>El nivell C2 no s&#8217;imparteix actualment a l&#8217;EOI Barcelona V &#8211; Sants. M\u00e9s informaci\u00f3 al web del <a href=\"https:\/\/triaeducativa.gencat.cat\/ca\/estudis\/?angles&amp;p_id=538\" target=\"_blank\" rel=\"noopener\"><strong>Departament d&#8217;Educaci\u00f3<\/strong><\/a> (centres on s&#8217;imparteix nivell C2 d&#8217;angl\u00e8s).<\/p>\n","protected":false},"excerpt":{"rendered":"<p>PREINSCRIPCI\u00d3 I MATR\u00cdCULA ONLINE &#8211; accediu a <a href=\"https:\/\/www.eoidigital.com\/eoicat\/alumnes\/index.php\" target=\"_blank\" rel=\"noopener\">la PREINSCRIPCI\u00d3<\/a><br \/>\n(activa des de l&#8217;1 de setembre (a les 12h) i fins el 8 de setembre de 2025 (a les 15h)<br \/>\n&nbsp;<br \/>\n<a href=\"https:\/\/preinscripcio.gencat.cat\/ca\/estudis\/idiomes-eoi\/inici\/\" target=\"_blank\" rel=\"noopener\">Informaci\u00f3 del procediment i del termini de preinscripci\u00f3 i matr\u00edcula\u00a0ONLINE curs 2025\/2026<\/a>\u00a0<\/p>\n<ul>\n<li&hellip;  <a href=\"https:\/\/agora-eoi.xtec.cat\/eoibarcelona-sants\/secretaria\/preinscripcio-matricula-alumnat-nou\/\" title=\"Read Preinscripci\u00f3 i matr\u00edcula &#8211; nous alumnes\">Llegeix m\u00e9s\u00bb<\/a><\/p>\n","protected":false},"author":1,"featured_media":0,"parent":8358,"menu_order":40,"comment_status":"closed","ping_status":"closed","template":"page-templates\/side-menu.php","meta":{"_bbp_topic_count":0,"_bbp_reply_count":0,"_bbp_total_topic_count":0,"_bbp_total_reply_count":0,"_bbp_voice_count":0,"_bbp_anonymous_reply_count":0,"_bbp_topic_count_hidden":0,"_bbp_reply_count_hidden":0,"_bbp_forum_subforum_count":0,"footnotes":""},"class_list":["post-8434","page","type-page","status-publish","hentry"],"post_mailing_queue_ids":[],"_links":{"self":[{"href":"https:\/\/agora-eoi.xtec.cat\/eoibarcelona-sants\/wp-json\/wp\/v2\/pages\/8434","targetHints":{"allow":["GET"]}}],"collection":[{"href":"https:\/\/agora-eoi.xtec.cat\/eoibarcelona-sants\/wp-json\/wp\/v2\/pages"}],"about":[{"href":"https:\/\/agora-eoi.xtec.cat\/eoibarcelona-sants\/wp-json\/wp\/v2\/types\/page"}],"author":[{"embeddable":true,"href":"https:\/\/agora-eoi.xtec.cat\/eoibarcelona-sants\/wp-json\/wp\/v2\/users\/1"}],"replies":[{"embeddable":true,"href":"https:\/\/agora-eoi.xtec.cat\/eoibarcelona-sants\/wp-json\/wp\/v2\/comments?post=8434"}],"version-history":[{"count":6,"href":"https:\/\/agora-eoi.xtec.cat\/eoibarcelona-sants\/wp-json\/wp\/v2\/pages\/8434\/revisions"}],"predecessor-version":[{"id":11020,"href":"https:\/\/agora-eoi.xtec.cat\/eoibarcelona-sants\/wp-json\/wp\/v2\/pages\/8434\/revisions\/11020"}],"up":[{"embeddable":true,"href":"https:\/\/agora-eoi.xtec.cat\/eoibarcelona-sants\/wp-json\/wp\/v2\/pages\/8358"}],"wp:attachment":[{"href":"https:\/\/agora-eoi.xtec.cat\/eoibarcelona-sants\/wp-json\/wp\/v2\/media?parent=8434"}],"curies":[{"name":"wp","href":"https:\/\/api.w.org\/{rel}","templated":true}]}}