{"id":8427,"date":"2016-06-14T15:20:45","date_gmt":"2016-06-14T14:20:45","guid":{"rendered":"http:\/\/agora-eoi.xtec.cat\/eoibarcelona-sants\/?page_id=8427"},"modified":"2025-12-18T16:38:12","modified_gmt":"2025-12-18T15:38:12","slug":"sessions-de-conversa","status":"publish","type":"page","link":"https:\/\/agora-eoi.xtec.cat\/eoibarcelona-sants\/serveis\/sessions-de-conversa\/","title":{"rendered":"Sessions de conversa"},"content":{"rendered":"<p><strong><img loading=\"lazy\" decoding=\"async\" class=\"alignright wp-image-9132\" src=\"https:\/\/agora-eoi.xtec.cat\/eoibarcelona-sants\/wp-content\/uploads\/usu2248\/2021\/11\/conversa_web.jpeg\" alt=\"\" width=\"210\" height=\"157\" \/><\/strong> <strong>GRUPS DE CONVERSA PER A L&#8217;ALUMNAT OFICIAL DE L&#8217;ESCOLA<\/strong><\/p>\n<p>L&#8217;escola ofereix <strong>sessions extra de conversa <\/strong>per la pr\u00e0ctica oral d&#8217;angl\u00e8s i franc\u00e8s, durant el curs 2025-2026.<\/p>\n<p>Les sessions <strong>s&#8217;inicien al febrer i finalitzen al maig<\/strong>.<\/p>\n<div style=\"position: relative; width: 100%; height: 0; padding-top: 100.0000%; padding-bottom: 0; box-shadow: 0 2px 8px 0 rgba(63,69,81,0.16); margin-top: 1.6em; margin-bottom: 0.9em; overflow: hidden; border-radius: 8px; will-change: transform;\"><iframe style=\"position: absolute; width: 100%; height: 100%; top: 0; left: 0; border: none; padding: 0; margin: 0;\" src=\"https:\/\/www.canva.com\/design\/DAG6XA0v68E\/vkXdNxp7yADtOGFnJi51eg\/view?embed\" allowfullscreen=\"allowfullscreen\"><br \/>\n<\/iframe><\/div>\n<p>&nbsp;<\/p>\n","protected":false},"excerpt":{"rendered":"<p> GRUPS DE CONVERSA PER A L&#8217;ALUMNAT OFICIAL DE L&#8217;ESCOLA<br \/>\nL&#8217;escola ofereix sessions extra de conversa per la pr\u00e0ctica oral d&#8217;angl\u00e8s i franc\u00e8s, durant el curs 2025-2026.<br \/>\nLes sessions s&#8217;inicien al febrer i finalitzen al maig.<\/p>\n<p>&nbsp;<\/p>\n","protected":false},"author":1,"featured_media":0,"parent":8411,"menu_order":30,"comment_status":"closed","ping_status":"closed","template":"page-templates\/side-menu.php","meta":{"_bbp_topic_count":0,"_bbp_reply_count":0,"_bbp_total_topic_count":0,"_bbp_total_reply_count":0,"_bbp_voice_count":0,"_bbp_anonymous_reply_count":0,"_bbp_topic_count_hidden":0,"_bbp_reply_count_hidden":0,"_bbp_forum_subforum_count":0,"footnotes":""},"class_list":["post-8427","page","type-page","status-publish","hentry"],"post_mailing_queue_ids":[],"_links":{"self":[{"href":"https:\/\/agora-eoi.xtec.cat\/eoibarcelona-sants\/wp-json\/wp\/v2\/pages\/8427","targetHints":{"allow":["GET"]}}],"collection":[{"href":"https:\/\/agora-eoi.xtec.cat\/eoibarcelona-sants\/wp-json\/wp\/v2\/pages"}],"about":[{"href":"https:\/\/agora-eoi.xtec.cat\/eoibarcelona-sants\/wp-json\/wp\/v2\/types\/page"}],"author":[{"embeddable":true,"href":"https:\/\/agora-eoi.xtec.cat\/eoibarcelona-sants\/wp-json\/wp\/v2\/users\/1"}],"replies":[{"embeddable":true,"href":"https:\/\/agora-eoi.xtec.cat\/eoibarcelona-sants\/wp-json\/wp\/v2\/comments?post=8427"}],"version-history":[{"count":6,"href":"https:\/\/agora-eoi.xtec.cat\/eoibarcelona-sants\/wp-json\/wp\/v2\/pages\/8427\/revisions"}],"predecessor-version":[{"id":11045,"href":"https:\/\/agora-eoi.xtec.cat\/eoibarcelona-sants\/wp-json\/wp\/v2\/pages\/8427\/revisions\/11045"}],"up":[{"embeddable":true,"href":"https:\/\/agora-eoi.xtec.cat\/eoibarcelona-sants\/wp-json\/wp\/v2\/pages\/8411"}],"wp:attachment":[{"href":"https:\/\/agora-eoi.xtec.cat\/eoibarcelona-sants\/wp-json\/wp\/v2\/media?parent=8427"}],"curies":[{"name":"wp","href":"https:\/\/api.w.org\/{rel}","templated":true}]}}