{"id":8377,"date":"2016-06-13T13:50:10","date_gmt":"2016-06-13T11:50:10","guid":{"rendered":"http:\/\/agora-eoi.xtec.cat\/eoibarcelona-sants\/?page_id=8377"},"modified":"2023-10-10T23:46:03","modified_gmt":"2023-10-10T21:46:03","slug":"informacions-avisos","status":"publish","type":"page","link":"https:\/\/agora-eoi.xtec.cat\/eoibarcelona-sants\/secretaria\/informacions-avisos\/","title":{"rendered":"Informacions i avisos"},"content":{"rendered":"<p><img loading=\"lazy\" decoding=\"async\" class=\" wp-image-9087 aligncenter\" src=\"https:\/\/agora-eoi.xtec.cat\/eoibarcelona-sants\/wp-content\/uploads\/usu2248\/2021\/11\/avisos_web.png\" alt=\"\" width=\"138\" height=\"130\" \/><\/p>\n<p><span style=\"color: #0000ff;\"><strong>ALUMNAT PIA+ CURS: CONDICIONS DEL PROGRAMA PIA+\u00a0<\/strong><\/span><\/p>\n<p style=\"padding-left: 40px;\">Aqu\u00ed trobareu la informaci\u00f3 referent a les caracter\u00edstiques del programa PIA+ EOI. M\u00e9s informaci\u00f3 <a href=\"http:\/\/xtec.gencat.cat\/ca\/formacio\/formaciogeneralprofessorat\/llengues\/programa-pia\/\" target=\"_blank\" rel=\"noopener\">aqu\u00ed<\/a>.<\/p>\n<p style=\"text-align: center;\">\u00a0***<\/p>\n<h4><span style=\"color: #0000ff;\"><strong>RECORDATORI: ON i COM PUC ACCEDIR PER TAL DE CONSULTAR LES MEVES NOTES i REALITZAR LA MATR\u00cdCULA PER AL CURS VINENT?<\/strong><\/span><strong><br \/>\n<\/strong><\/h4>\n<p>&nbsp;<\/p>\n<p style=\"padding-left: 40px;\">Les <strong>qualificacions acad\u00e8miques<\/strong> (APTE\/A, NO APTE\/A, NO PRESENTAT\/DA i\/o NO QUALIFICAT\/DA) es poden consultar a l&#8217;aplicaci\u00f3 <strong><a href=\"https:\/\/www.informaticacentros.com\/centrosnet\/ultralogin.php?tcentro=EOI&amp;centro=B15\">CentrosNET<\/a><\/strong>\u00a0<strong>.<\/strong> (<em><strong><a href=\"https:\/\/agora-eoi.xtec.cat\/eoibarcelona-sants\/cursos\/examens-oficials\/\">+INFO<\/a> publicaci\u00f3 de resultats <\/strong><\/em>).<\/p>\n<p style=\"padding-left: 40px;\">A trav\u00e9s d&#8217;aquesta aplicaci\u00f3 tamb\u00e9 podreu realitzar la <strong>MATR\u00cdCULA DE L&#8217;ANTIC ALUMNAT<\/strong>\u00a0 (<em><strong><a href=\"https:\/\/agora-eoi.xtec.cat\/eoibarcelona-sants\/cursos\/examens-oficials\/\">+ INFO<\/a> matr\u00edcula antic alumnat )\/<\/strong><\/em><\/p>\n<p><strong><img loading=\"lazy\" decoding=\"async\" class=\"aligncenter\" src=\"http:\/\/eoisants.cat\/images\/galeria\/centrosnet.png\" alt=\"centrosnet\" width=\"214\" height=\"104\" \/><\/strong><\/p>\n<p style=\"padding-left: 40px;\">Teniu a la vostra disposici\u00f3 aquesta\u00a0<a href=\"http:\/\/eoisants.cat\/images\/Fitxers\/2019_2020\/guia_acces_CENTROSNET_2019.pdf\">GU\u00cdA D&#8217;ACC\u00c9S i USOS DE CENTROSNET\u00a0<\/a>per facilitar-vos l&#8217;acc\u00e9s a l&#8217;aplicaci\u00f3 de matr\u00edcula.<\/p>\n<p style=\"padding-left: 40px;\">Per a accedir a <strong>CentrosNET<\/strong> heu d&#8217;introduir <strong>SEMPRE<\/strong> les dades personals dels 3 camps: <strong>USUARI<\/strong> (=data de naixement\u00a0dd\/mm\/aaaa), <strong>CONTRASENYA<\/strong> (= DNI sense lletra,o NIE amb la primera lletra i sense la darrera, o passaport amb tots els n\u00fameros i lletres) i <strong>CONTRASENYA PERSONAL<\/strong> (= aquella que us haureu generat vosaltres mateixos).<\/p>\n<p style=\"text-align: center;\">\u00a0***<\/p>\n<p style=\"padding-left: 40px;\">\n","protected":false},"excerpt":{"rendered":"<p>ALUMNAT PIA+ CURS: CONDICIONS DEL PROGRAMA PIA+\u00a0<br \/>\nAqu\u00ed trobareu la informaci\u00f3 referent a les caracter\u00edstiques del programa PIA+ EOI. M\u00e9s informaci\u00f3 <a href=\"http:\/\/xtec.gencat.cat\/ca\/formacio\/formaciogeneralprofessorat\/llengues\/programa-pia\/\" target=\"_blank\" rel=\"noopener\">aqu\u00ed<\/a>.<br \/>\n\u00a0***<br \/>\nRECORDATORI: ON i COM PUC ACCEDIR PER TAL DE CONSULTAR LES MEVES NOTES i REALITZAR LA MATR\u00cdCULA PER AL CURS VINENT?<\/p>\n<p>&nbsp;<br \/>\nLes qualificacions&hellip;  <a href=\"https:\/\/agora-eoi.xtec.cat\/eoibarcelona-sants\/secretaria\/informacions-avisos\/\" title=\"Read Informacions i avisos\">Llegeix m\u00e9s\u00bb<\/a><\/p>\n","protected":false},"author":1,"featured_media":0,"parent":8358,"menu_order":60,"comment_status":"closed","ping_status":"closed","template":"page-templates\/side-menu.php","meta":{"_bbp_topic_count":0,"_bbp_reply_count":0,"_bbp_total_topic_count":0,"_bbp_total_reply_count":0,"_bbp_voice_count":0,"_bbp_anonymous_reply_count":0,"_bbp_topic_count_hidden":0,"_bbp_reply_count_hidden":0,"_bbp_forum_subforum_count":0,"footnotes":""},"class_list":["post-8377","page","type-page","status-publish","hentry"],"post_mailing_queue_ids":[],"_links":{"self":[{"href":"https:\/\/agora-eoi.xtec.cat\/eoibarcelona-sants\/wp-json\/wp\/v2\/pages\/8377","targetHints":{"allow":["GET"]}}],"collection":[{"href":"https:\/\/agora-eoi.xtec.cat\/eoibarcelona-sants\/wp-json\/wp\/v2\/pages"}],"about":[{"href":"https:\/\/agora-eoi.xtec.cat\/eoibarcelona-sants\/wp-json\/wp\/v2\/types\/page"}],"author":[{"embeddable":true,"href":"https:\/\/agora-eoi.xtec.cat\/eoibarcelona-sants\/wp-json\/wp\/v2\/users\/1"}],"replies":[{"embeddable":true,"href":"https:\/\/agora-eoi.xtec.cat\/eoibarcelona-sants\/wp-json\/wp\/v2\/comments?post=8377"}],"version-history":[{"count":4,"href":"https:\/\/agora-eoi.xtec.cat\/eoibarcelona-sants\/wp-json\/wp\/v2\/pages\/8377\/revisions"}],"predecessor-version":[{"id":10147,"href":"https:\/\/agora-eoi.xtec.cat\/eoibarcelona-sants\/wp-json\/wp\/v2\/pages\/8377\/revisions\/10147"}],"up":[{"embeddable":true,"href":"https:\/\/agora-eoi.xtec.cat\/eoibarcelona-sants\/wp-json\/wp\/v2\/pages\/8358"}],"wp:attachment":[{"href":"https:\/\/agora-eoi.xtec.cat\/eoibarcelona-sants\/wp-json\/wp\/v2\/media?parent=8377"}],"curies":[{"name":"wp","href":"https:\/\/api.w.org\/{rel}","templated":true}]}}