{"id":8164,"date":"2016-06-08T17:00:04","date_gmt":"2016-06-08T15:00:04","guid":{"rendered":"http:\/\/agora-eoi.xtec.cat\/eoibarcelona-sants\/?page_id=8164"},"modified":"2025-11-19T15:28:40","modified_gmt":"2025-11-19T14:28:40","slug":"matricula-antics-alumnes","status":"publish","type":"page","link":"https:\/\/agora-eoi.xtec.cat\/eoibarcelona-sants\/secretaria\/matricula-antics-alumnes\/","title":{"rendered":"Matr\u00edcula d&#8217;antics alumnes &#8211; curs 2025-2026"},"content":{"rendered":"<h3><span style=\"color: #008000;\"><strong>JULIOL 2025<\/strong><\/span><\/h3>\n<h3><b>Calendari de matr\u00edcula d\u2019antics alumnes &#8211; C<\/b><b>urs 2025-2026\u00a0<\/b><\/h3>\n<p><span style=\"font-weight: 400;\">La matr\u00edcula d\u2019antics alumnes, a l\u2019<\/span><b>Escola Oficial d\u2019Idiomes Barcelona V-Sants<\/b><span style=\"font-weight: 400;\">, es realitza per <\/span><b>via telem\u00e0tica<\/b><span style=\"font-weight: 400;\"> els dies que s\u2019indiquen en el calendari seg\u00fcent i d\u2019acord amb les pautes que s\u2019hi descriuen:<\/span><\/p>\n<table style=\"width: 97.7719%; height: 358px;\">\n<tbody>\n<tr>\n<td style=\"width: 11.0029%;\">\n<h5><span style=\"font-weight: 400; color: #000000;\">Dies<\/span><\/h5>\n<h5><span style=\"font-weight: 400; color: #000000;\">1 i 2 de juliol<\/span><\/h5>\n<\/td>\n<td style=\"width: 112.169%;\">\n<h5><span style=\"color: #000000;\"><b>Alumnat d\u2019A1 a B2.2 del curs 2024-2025<\/b><span style=\"font-weight: 400;\"> que ha obtingut la qualificaci\u00f3 d\u2019<\/span><b>APTE\/A<\/b><span style=\"font-weight: 400;\"> i que es vol matricular a un grup de la <\/span><b>mateixa franja hor\u00e0ria <\/b><\/span><span style=\"color: #ff0000;\"><b>*<\/b><\/span><\/h5>\n<\/td>\n<\/tr>\n<tr>\n<td style=\"width: 11.0029%;\">\n<h5><span style=\"font-weight: 400; color: #000000;\">Dies<\/span><\/h5>\n<h5><span style=\"font-weight: 400; color: #000000;\">3 i 4 de juliol<\/span><\/h5>\n<\/td>\n<td style=\"width: 112.169%;\">\n<h5><span style=\"color: #000000;\"><b>Alumnat d\u2019A1 a B2.2 del curs 2024-2025<\/b><span style=\"font-weight: 400;\"> que ha obtingut la qualificaci\u00f3 d\u2019<\/span><b>APTE\/A<\/b><span style=\"font-weight: 400;\"> i que es vol matricular a un grup d\u2019una <\/span><b>franja hor\u00e0ria diferent <\/b><\/span><span style=\"font-weight: 400; color: #ff0000;\">*<\/span><\/h5>\n<\/td>\n<\/tr>\n<tr>\n<td style=\"width: 11.0029%;\">\n<h5><span style=\"font-weight: 400; color: #000000;\">Dies<\/span><\/h5>\n<h5><span style=\"font-weight: 400; color: #000000;\">5, 6 i 7 de juliol<\/span><\/h5>\n<\/td>\n<td style=\"width: 112.169%;\">\n<h5><span style=\"color: #000000;\"><b>Alumnat d\u2019A1 a C1 del curs 2024-2025<\/b><span style=\"font-weight: 400;\"> que ha obtingut la qualificaci\u00f3 de <\/span><b>NO APTE\/A, NO PRESENTAT\/DA<\/b><span style=\"font-weight: 400;\"> o que va fer la <\/span><b>REN\u00daNCIA<\/b><span style=\"font-weight: 400;\"> de matr\u00edcula <\/span><\/span><span style=\"font-weight: 400; color: #ff0000;\">*<\/span><\/h5>\n<\/td>\n<\/tr>\n<\/tbody>\n<\/table>\n<h4><span style=\"font-weight: 400;\"> \u00a0<span style=\"color: #ff0000;\"> *<\/span><\/span><span style=\"color: #ff0000;\"><span style=\"font-weight: 400;\">Consulteu els grups i horaris: <a href=\"https:\/\/docs.google.com\/document\/d\/1zmDOLakCRUuXXtV-GfEw5zwSJEXeU4Pr7E-UC02VQbU\/edit?usp=sharing\" target=\"_blank\" rel=\"noopener\">ANGL\u00c8S<\/a> i <a href=\"https:\/\/docs.google.com\/document\/d\/14xuBQYSw8UOEWddksXVcZdkv-A0ESHm2jq9UfO2iM4A\/edit?usp=sharing\" target=\"_blank\" rel=\"noopener\">FRANC\u00c8S<\/a>.<\/span><span style=\"font-weight: 400;\">\u00a0<\/span><\/span><\/h4>\n<p>&nbsp;<\/p>\n<h5><span style=\"color: #008000;\"><b>Formalitzaci\u00f3 de la matr\u00edcula<\/b><\/span><\/h5>\n<p><span style=\"font-weight: 400;\">L\u2019alumnat haur\u00e0 d\u2019entrar a la p\u00e0gina web de <\/span><b>l\u2019Escola <\/b><b>Oficial d\u2019Idiomes Barcelona V-Sants<\/b> <em><span style=\"font-weight: 400;\">(apartat \u201cexpedient\u201d del men\u00fa esquerre) <\/span><\/em><span style=\"font-weight: 400;\">on trobar\u00e0 <\/span><a href=\"https:\/\/www.informaticacentros.com\/centrosnet\/ultralogin.php?tcentro=EOI&amp;centro=B15\"><span style=\"font-weight: 400;\">l\u2019enlla\u00e7 a l\u2019aplicaci\u00f3 <\/span><\/a><strong><em>(disponible a partir de les 9.00 h del dia 01\/07\/2025) <\/em><\/strong><span style=\"font-weight: 400;\">des del qual far\u00e0 la matr\u00edcula. Aquesta aplicaci\u00f3 obrir\u00e0 cada nou termini a les 9.00\u202fh sense tancar la\u00a0 franja anterior. <\/span><a href=\"https:\/\/www.eoibd.cat\/wp-content\/uploads\/pdfs_alumnat\/ContrasenyaCAT.pdf\"><span style=\"font-weight: 400;\">Podeu consultar la Guia per accedir a l\u2019aplicaci\u00f3.<\/span><\/a><\/p>\n<p style=\"padding-left: 80px;\"><span style=\"color: #000000;\"><strong>\u00a0ATENCI\u00d3<\/strong><\/span>: per a accedir a CENTROSNET i poder matricular-vos, heu d&#8217;introduir SEMPRE les dades personals dels 3 camps:<\/p>\n<ul>\n<li style=\"list-style-type: none;\">\n<ul>\n<li style=\"list-style-type: none;\">\n<ul>\n<li style=\"list-style-type: none;\">\n<ul>\n<li style=\"list-style-type: none;\">\n<ul>\n<li style=\"list-style-type: none;\">\n<ul>\n<li style=\"list-style-type: none;\">\n<ul>\n<li style=\"list-style-type: none;\">\n<ul>\n<li>USUARI<em> (= data de naixement dd\/mm\/aaaa)<\/em><\/li>\n<li>CONTRASENYA <em>(= DNI sense lletra, o NIE amb la primera lletra i sense la darrera, o passaport amb tots els n\u00fameros i lletres)<\/em><\/li>\n<li>CONTRASENYA PERSONAL <em>(= aquella que us haureu generat vosaltres mateixos).<\/em><\/li>\n<\/ul>\n<\/li>\n<\/ul>\n<\/li>\n<\/ul>\n<\/li>\n<\/ul>\n<\/li>\n<\/ul>\n<\/li>\n<\/ul>\n<\/li>\n<\/ul>\n<\/li>\n<\/ul>\n<h5><span style=\"color: #008000;\"><b>Pagament<\/b><\/span><\/h5>\n<p><span style=\"font-weight: 400;\">La matr\u00edcula <\/span><b>nom\u00e9s es considera formalitzada<\/b><span style=\"font-weight: 400;\"> a tots els efectes quan s\u2019han abonat totes les taxes i preus p\u00fablics aplicables. En el moment de formalitzar-la, l\u2019aplicaci\u00f3 generar\u00e0 els \u201cResguards de matr\u00edcula oficial \u2013 Curs 2025-2026\u201d, que permetran fer efectiu l\u2019import a l\u2019entitat banc\u00e0ria. Tamb\u00e9 es pot fer el pagament en l\u00ednia a trav\u00e9s de l\u2019enlla\u00e7 a l\u2019entitat banc\u00e0ria. Tant si es fa el pagament presencial a l\u2019entitat o el pagament telem\u00e0tic, cal tenir en compte que el <\/span><b>termini \u00e9s de 24.00 h<\/b><span style=\"font-weight: 400;\"> a partir de la formalitzaci\u00f3 de la matr\u00edcula.\u00a0<\/span><\/p>\n<p><span style=\"font-weight: 400;\">Informaci\u00f3 import de les <\/span><a href=\"https:\/\/educacio.gencat.cat\/ca\/departament\/normativa\/taxes-preus-publics\/taxes\/\"><b>taxes<\/b><\/a><span style=\"font-weight: 400;\"><em> (Nivell Intermedi B1, B2.1 i B2.2)<\/em> i els <\/span><a href=\"https:\/\/educacio.gencat.cat\/ca\/departament\/normativa\/taxes-preus-publics\/preu-public\/\"><b>preus p\u00fablics<\/b><\/a><span style=\"font-weight: 400;\"><em> (Nivell B\u00e0sic A1 i A2 i Nivell Avan\u00e7at C1)<\/em> al web del Departament d\u2019Educaci\u00f3. <\/span>En tots els cursos cal abonar <strong><a href=\"https:\/\/educacio.gencat.cat\/ca\/departament\/normativa\/taxes-preus-publics\/preu-public\/\" target=\"_blank\" rel=\"noopener\">tamb\u00e9 el preu p\u00fablic pels serveis d&#8217;acc\u00e9s a plataforma.<\/a><\/strong><\/p>\n<p><b>Important:<\/b><span style=\"font-weight: 400;\"> En cas d\u2019al\u00b7legar una bonificaci\u00f3, o b\u00e9 exempci\u00f3 de taxa o preu p\u00fablic, cal presentar al centre la documentaci\u00f3 acreditativa en vigor. La manca d\u2019acreditaci\u00f3 donar\u00e0 lloc a la p\u00e8rdua de la pla\u00e7a.<\/span><\/p>\n<h5><span style=\"color: #008000;\"><b>Consideracions importants<\/b><\/span><\/h5>\n<p><span style=\"font-weight: 400;\">L\u2019alumne que no es matriculi dins d\u2019aquest per\u00edode de matr\u00edcula del mes de juliol perdr\u00e0 la seva prioritat de dia i d\u2019horari respecte als que ja ho hagin fet. <strong>Qualsevol incid\u00e8ncia<\/strong> relacionada amb la matr\u00edcula, es podr\u00e0 resoldre els dies <\/span><b>8 i 9 de juliol<\/b><span style=\"font-weight: 400;\"> presencialment a l\u2019escola.\u00a0<\/span><\/p>\n<p><span style=\"font-weight: 400;\">Els alumnes que es matriculin el mes de juliol <\/span><strong>no<\/strong><span style=\"font-weight: 400;\"><strong> podran preinscriure\u2019s el mes de setembre de la mateixa llengua i curs en una altra escola amb la intenci\u00f3 de traslladar-hi la matr\u00edcula feta<\/strong>. El trasllat de matr\u00edcula d\u2019una escola a una altra es fa, de manera ordin\u00e0ria, durant el curs i en el cas que l\u2019escola a la qual es vulgui traslladar la matr\u00edcula disposi de places.\u00a0<\/span><\/p>\n<h5><span style=\"color: #008000;\"><b>Trasllat de matr\u00edcula al juliol<\/b><\/span><\/h5>\n<p><span style=\"font-weight: 400;\">De manera extraordin\u00e0ria i dins el per\u00edode no lectiu, els alumnes oficials, un cop hagin formalitzat la matr\u00edcula al seu centre d\u2019origen, poden sol\u00b7licitar un trasllat de matr\u00edcula a una altra escola els dies <\/span><b>10 i 11<\/b> <b>de juliol.<\/b><em><span style=\"font-weight: 400;\"> El trasllat de matr\u00edcula d&#8217;alumnes menors d\u2019edat haur\u00e0 de ser tramitat pel representant legal del menor (pare, mare o tutor\/a legal). Cal aportar la documentaci\u00f3 especificada i, a m\u00e9s, la fotoc\u00f2pia del DNI\/NIE o passaport del pare\/mare o tutor\/a legal.<\/span><\/em><\/p>\n<p><span style=\"font-weight: 400;\">La sol\u00b7licitud es far\u00e0 telem\u00e0ticament al correu <\/span><a href=\"mailto:secretaria@eoisants.cat\"><span style=\"font-weight: 400;\">secretaria.alumnat@eoisants.cat<\/span><\/a><span style=\"font-weight: 400;\"> (adjuntant els comprovants de pagament de l\u2019EOI d\u2019origen + <\/span><a href=\"https:\/\/drive.google.com\/file\/d\/1sMp7wr7OqXEiMfA-kQqSqlt2zJ_uPqpx\/view\"><span style=\"font-weight: 400;\">sol\u00b7licitud de trasllat<\/span><\/a><span style=\"font-weight: 400;\"> amb especificaci\u00f3 d\u2019idioma, grup i horari desitjat) i s\u2019atendr\u00e0 per ordre d\u2019arribada. El trasllat quedar\u00e0 condicionat a la disponibilitat de places.<\/span><\/p>\n<p><span style=\"font-weight: 400;\">L\u2019Escola Barcelona V-Sants es posar\u00e0 en contacte amb els alumnes, a trav\u00e9s del correu electr\u00f2nic\/tel\u00e8fon, per notificar\u00a0 l\u2019acceptaci\u00f3 o la denegaci\u00f3 del trasllat. En cas d\u2019acceptaci\u00f3, el proc\u00e9s de trasllat ha d\u2019haver acabat no m\u00e9s tard del <\/span><b>17 de juliol<\/b><span style=\"font-weight: 400;\">. En cas que s\u2019accepti, caldr\u00e0 tramitar el trasllat d\u2019expedient a l\u2019escola d\u2019origen.\u00a0<\/span><\/p>\n<h5><span style=\"color: #008000;\"><b>Convocat\u00f2ria addicional\u00a0 <\/b><\/span><em><span style=\"font-weight: 400; color: #000000;\">(Fer un curs per tercera vegada dins el nivell b\u00e0sic, intermedi o avan\u00e7at)<\/span><\/em><\/h5>\n<p><span style=\"font-weight: 400;\">L\u2019alumne que hagi exhaurit el nombre de convocat\u00f2ries per nivell ha de presentar una sol\u00b7licitud de convocat\u00f2ria addicional del 30 de juny al 4 de juliol a la secretaria. L\u2019escola podr\u00e0 autoritzar una convocat\u00f2ria per nivell sempre que no representi fer el mateix curs per quarta vegada.<\/span><\/p>\n<p><span style=\"font-weight: 400;\">En cas d\u2019obtenir la convocat\u00f2ria addicional, caldr\u00e0 realitzar la matr\u00edcula els dies 8 i 9 de juliol, a la secretaria del centre de 10 a 13 h.<\/span><\/p>\n<h5><span style=\"color: #008000;\"><b>Matr\u00edcula d\u2019actualitzaci\u00f3<\/b><\/span><\/h5>\n<p><span style=\"font-weight: 400;\">Formalitzar una matr\u00edcula d\u2019actualitzaci\u00f3 per al curs 25-26, nom\u00e9s ser\u00e0 possible un cop finalitzat el per\u00edode de matr\u00edcula de nou alumnat al mes de setembre, en cas que quedin vacants.<\/span><\/p>\n<p><span style=\"font-weight: 400;\">Demaneu informaci\u00f3 al respecte a secretaria (secretaria.alumnat@eoisants.cat).<\/span><\/p>\n<p>&nbsp;<\/p>\n","protected":false},"excerpt":{"rendered":"<p>JULIOL 2025<br \/>\nCalendari de matr\u00edcula d\u2019antics alumnes &#8211; Curs 2025-2026\u00a0<br \/>\nLa matr\u00edcula d\u2019antics alumnes, a l\u2019Escola Oficial d\u2019Idiomes Barcelona V-Sants, es realitza per via telem\u00e0tica els dies que s\u2019indiquen en el calendari seg\u00fcent i d\u2019acord amb les pautes que s\u2019hi descriuen:<\/p>\n<p>Dies<br \/>\n1 i 2 de juliol<\/p>\n<p>Alumnat d\u2019A1 a&hellip;  <a href=\"https:\/\/agora-eoi.xtec.cat\/eoibarcelona-sants\/secretaria\/matricula-antics-alumnes\/\" title=\"Read Matr\u00edcula d&#8217;antics alumnes &#8211; curs 2025-2026\">Llegeix m\u00e9s\u00bb<\/a><\/p>\n","protected":false},"author":1,"featured_media":0,"parent":8358,"menu_order":21,"comment_status":"closed","ping_status":"closed","template":"page-templates\/side-menu.php","meta":{"_bbp_topic_count":0,"_bbp_reply_count":0,"_bbp_total_topic_count":0,"_bbp_total_reply_count":0,"_bbp_voice_count":0,"_bbp_anonymous_reply_count":0,"_bbp_topic_count_hidden":0,"_bbp_reply_count_hidden":0,"_bbp_forum_subforum_count":0,"footnotes":""},"class_list":["post-8164","page","type-page","status-publish","hentry"],"post_mailing_queue_ids":[],"_links":{"self":[{"href":"https:\/\/agora-eoi.xtec.cat\/eoibarcelona-sants\/wp-json\/wp\/v2\/pages\/8164","targetHints":{"allow":["GET"]}}],"collection":[{"href":"https:\/\/agora-eoi.xtec.cat\/eoibarcelona-sants\/wp-json\/wp\/v2\/pages"}],"about":[{"href":"https:\/\/agora-eoi.xtec.cat\/eoibarcelona-sants\/wp-json\/wp\/v2\/types\/page"}],"author":[{"embeddable":true,"href":"https:\/\/agora-eoi.xtec.cat\/eoibarcelona-sants\/wp-json\/wp\/v2\/users\/1"}],"replies":[{"embeddable":true,"href":"https:\/\/agora-eoi.xtec.cat\/eoibarcelona-sants\/wp-json\/wp\/v2\/comments?post=8164"}],"version-history":[{"count":7,"href":"https:\/\/agora-eoi.xtec.cat\/eoibarcelona-sants\/wp-json\/wp\/v2\/pages\/8164\/revisions"}],"predecessor-version":[{"id":11021,"href":"https:\/\/agora-eoi.xtec.cat\/eoibarcelona-sants\/wp-json\/wp\/v2\/pages\/8164\/revisions\/11021"}],"up":[{"embeddable":true,"href":"https:\/\/agora-eoi.xtec.cat\/eoibarcelona-sants\/wp-json\/wp\/v2\/pages\/8358"}],"wp:attachment":[{"href":"https:\/\/agora-eoi.xtec.cat\/eoibarcelona-sants\/wp-json\/wp\/v2\/media?parent=8164"}],"curies":[{"name":"wp","href":"https:\/\/api.w.org\/{rel}","templated":true}]}}