{"id":797,"date":"2015-11-28T21:06:57","date_gmt":"2015-11-28T20:06:57","guid":{"rendered":"http:\/\/agora-eoi.xtec.cat\/eoibarcelona-sants\/?page_id=797"},"modified":"2026-01-15T12:30:52","modified_gmt":"2026-01-15T11:30:52","slug":"presentacio","status":"publish","type":"page","link":"https:\/\/agora-eoi.xtec.cat\/eoibarcelona-sants\/lescola\/presentacio\/","title":{"rendered":"Presentaci\u00f3"},"content":{"rendered":"<p>L&#8217;<strong>Escola Oficial d&#8217;Idiomes Barcelona V-Sants<\/strong> va comen\u00e7ar la seva activitat el curs 2003-2004. \u00c9s un centre p\u00fablic d&#8217;ensenyament oficial d&#8217;idiomes moderns i, actualment, s\u2019imparteixen els nivells A1, A2, B1, B2.1, B2.2 i C1 d\u2019angl\u00e8s i franc\u00e8s.<\/p>\n<p>L&#8217;<strong>EOI Barcelona V-Sants <\/strong>forma part d\u2019una gran xarxa d\u2019escoles oficials d\u2019idiomes, sis a Barcelona ciutat i m\u00e9s de quaranta distribu\u00efdes arreu de Catalunya. Aquest fet permet una gran flexibilitat en cas que un trasllat sigui necessari, fins i tot a altres territoris de l\u2019estat.<\/p>\n<p>Les escoles oficials d&#8217;idiomes, a m\u00e9s d&#8217;oferir formaci\u00f3 en els idiomes escollits, administren i expedeixen les certificacions acad\u00e8miques corresponents a aquests ensenyaments especialitzats. <strong>Aquestes certificacions s\u00f3n les oficials<\/strong>, estan validades pel Consell d&#8217;Europa per mitj\u00e0 del Marc Europeu de Refer\u00e8ncia i es poden obtenir tant en la convocat\u00f2ria per l&#8217;alumnat oficial, com en la convocat\u00f2ria pels candidats lliures (<u><a href=\"https:\/\/educacio.gencat.cat\/ca\/serveis-tramits\/proves\/proves-lliures-obtencio-titols\/convocat-extraord-idiomes\/\">extraordin\u00e0ria al mes de febrer<\/a><\/u> \u2013 <u><a href=\"https:\/\/educacio.gencat.cat\/ca\/serveis-tramits\/proves\/proves-lliures-obtencio-titols\/convocat-ordinaria-idiomes\/\">ordin\u00e0ria al mes de juny<\/a><\/u>).<\/p>\n<p>L&#8217;<strong>EOI Barcelona V-Sants <\/strong>est\u00e0 ubicada al districte de Sants, just al l\u00edmit amb els barris de Les Corts i l\u2019Esquerra de l&#8217;Eixample. Gr\u00e0cies a la seva localitzaci\u00f3 estrat\u00e8gica (a dos minuts de Sants Estaci\u00f3) i la gran xarxa de transport p\u00fablic que la rodeja, l&#8217;escola \u00e9s molt accessible per una gran quantitat de persones, fins i tot aquelles que hi acudeixen des de poblacions properes a Barcelona.<\/p>\n<p>Es tracta d\u2019una escola de petites dimensions, per\u00f2 d\u2019intensa activitat, on <strong>tothom \u00e9s important<\/strong>. Per aquesta ra\u00f3, el respecte a totes les persones que conformen la comunitat educativa \u00e9s essencial i \u00e9s un dels principals valors que es defenen des del centre. Nom\u00e9s en un entorn respectu\u00f3s i cohesionat \u00e9s possible un aprenentatge efectiu i motivador.<\/p>\n<h6><strong>M\u00e9s informaci\u00f3<\/strong><\/h6>\n<ul>\n<li><u><a href=\"https:\/\/xtec.gencat.cat\/ca\/curriculum\/idiomes-a-les-eoi\/\">Escoles oficials d&#8217;idiomes<\/a><\/u><\/li>\n<\/ul>\n","protected":false},"excerpt":{"rendered":"<p>L&#8217;Escola Oficial d&#8217;Idiomes Barcelona V-Sants va comen\u00e7ar la seva activitat el curs 2003-2004. \u00c9s un centre p\u00fablic d&#8217;ensenyament oficial d&#8217;idiomes moderns i, actualment, s\u2019imparteixen els nivells A1, A2, B1, B2.1, B2.2 i C1 d\u2019angl\u00e8s i franc\u00e8s.<br \/>\nL&#8217;EOI Barcelona V-Sants forma part d\u2019una gran xarxa d\u2019escoles oficials&hellip;  <a href=\"https:\/\/agora-eoi.xtec.cat\/eoibarcelona-sants\/lescola\/presentacio\/\" title=\"Read Presentaci\u00f3\">Llegeix m\u00e9s\u00bb<\/a><\/p>\n","protected":false},"author":1,"featured_media":0,"parent":806,"menu_order":10,"comment_status":"closed","ping_status":"closed","template":"page-templates\/side-menu.php","meta":{"_bbp_topic_count":0,"_bbp_reply_count":0,"_bbp_total_topic_count":0,"_bbp_total_reply_count":0,"_bbp_voice_count":0,"_bbp_anonymous_reply_count":0,"_bbp_topic_count_hidden":0,"_bbp_reply_count_hidden":0,"_bbp_forum_subforum_count":0,"footnotes":""},"class_list":["post-797","page","type-page","status-publish","hentry"],"post_mailing_queue_ids":[],"_links":{"self":[{"href":"https:\/\/agora-eoi.xtec.cat\/eoibarcelona-sants\/wp-json\/wp\/v2\/pages\/797","targetHints":{"allow":["GET"]}}],"collection":[{"href":"https:\/\/agora-eoi.xtec.cat\/eoibarcelona-sants\/wp-json\/wp\/v2\/pages"}],"about":[{"href":"https:\/\/agora-eoi.xtec.cat\/eoibarcelona-sants\/wp-json\/wp\/v2\/types\/page"}],"author":[{"embeddable":true,"href":"https:\/\/agora-eoi.xtec.cat\/eoibarcelona-sants\/wp-json\/wp\/v2\/users\/1"}],"replies":[{"embeddable":true,"href":"https:\/\/agora-eoi.xtec.cat\/eoibarcelona-sants\/wp-json\/wp\/v2\/comments?post=797"}],"version-history":[{"count":6,"href":"https:\/\/agora-eoi.xtec.cat\/eoibarcelona-sants\/wp-json\/wp\/v2\/pages\/797\/revisions"}],"predecessor-version":[{"id":11072,"href":"https:\/\/agora-eoi.xtec.cat\/eoibarcelona-sants\/wp-json\/wp\/v2\/pages\/797\/revisions\/11072"}],"up":[{"embeddable":true,"href":"https:\/\/agora-eoi.xtec.cat\/eoibarcelona-sants\/wp-json\/wp\/v2\/pages\/806"}],"wp:attachment":[{"href":"https:\/\/agora-eoi.xtec.cat\/eoibarcelona-sants\/wp-json\/wp\/v2\/media?parent=797"}],"curies":[{"name":"wp","href":"https:\/\/api.w.org\/{rel}","templated":true}]}}