{"id":10948,"date":"2025-09-19T22:28:36","date_gmt":"2025-09-19T20:28:36","guid":{"rendered":"https:\/\/agora-eoi.xtec.cat\/eoibarcelona-sants\/?page_id=10948"},"modified":"2026-02-20T13:04:47","modified_gmt":"2026-02-20T12:04:47","slug":"justificacio-absencies-menors","status":"publish","type":"page","link":"https:\/\/agora-eoi.xtec.cat\/eoibarcelona-sants\/justificacio-absencies-menors\/","title":{"rendered":"Menors d&#8217;edat"},"content":{"rendered":"<p><strong>Justificant d&#8217;abs\u00e8ncies d&#8217;alumnat menor d&#8217;edat<\/strong><\/p>\n<p>Descarregueu el <a href=\"https:\/\/drive.google.com\/file\/d\/185-xpaMnD1AQYsMvbxbedF5IFrIpctAu\/view?usp=drive_link\">document<\/a>, i un cop emplenat i signat, lliureu-lo a consergeria, presencialment o per <a href=\"mailto:consergeria@eoisants.cat\">correu electr\u00f2nic<\/a>.<\/p>\n<p><strong>Autoritzaci\u00f3 de participaci\u00f3 en sortides i activitats complement\u00e0ries<\/strong><b><\/b><\/p>\n<p>Descarregueu el <a href=\"https:\/\/docs.google.com\/document\/d\/12Fq9-oN9J9vzLpGDwYReMCfUVH_pcZ2xA-0bnk-NfmA\/edit?tab=t.0\">document<\/a>, i un cop emplenat i signat, lliureu-lo a consergeria, presencialment o per <a href=\"mailto:consergeria@eoisants.cat\">correu electr\u00f2nic<\/a>.<\/p>\n","protected":false},"excerpt":{"rendered":"<p>Justificant d&#8217;abs\u00e8ncies d&#8217;alumnat menor d&#8217;edat<br \/>\nDescarregueu el <a href=\"https:\/\/drive.google.com\/file\/d\/185-xpaMnD1AQYsMvbxbedF5IFrIpctAu\/view?usp=drive_link\">document<\/a>, i un cop emplenat i signat, lliureu-lo a consergeria, presencialment o per <a href=\"mailto:consergeria@eoisants.cat\">correu electr\u00f2nic<\/a>.<br \/>\nAutoritzaci\u00f3 de participaci\u00f3 en sortides i activitats complement\u00e0ries<br \/>\nDescarregueu el <a href=\"https:\/\/docs.google.com\/document\/d\/12Fq9-oN9J9vzLpGDwYReMCfUVH_pcZ2xA-0bnk-NfmA\/edit?tab=t.0\">document<\/a>, i un cop emplenat i signat, lliureu-lo a consergeria, presencialment o per&hellip;  <a href=\"https:\/\/agora-eoi.xtec.cat\/eoibarcelona-sants\/justificacio-absencies-menors\/\" title=\"Read Menors d&#8217;edat\">Llegeix m\u00e9s\u00bb<\/a><\/p>\n","protected":false},"author":1,"featured_media":0,"parent":0,"menu_order":0,"comment_status":"closed","ping_status":"closed","template":"","meta":{"_bbp_topic_count":0,"_bbp_reply_count":0,"_bbp_total_topic_count":0,"_bbp_total_reply_count":0,"_bbp_voice_count":0,"_bbp_anonymous_reply_count":0,"_bbp_topic_count_hidden":0,"_bbp_reply_count_hidden":0,"_bbp_forum_subforum_count":0,"footnotes":""},"class_list":["post-10948","page","type-page","status-publish","hentry"],"post_mailing_queue_ids":[],"_links":{"self":[{"href":"https:\/\/agora-eoi.xtec.cat\/eoibarcelona-sants\/wp-json\/wp\/v2\/pages\/10948","targetHints":{"allow":["GET"]}}],"collection":[{"href":"https:\/\/agora-eoi.xtec.cat\/eoibarcelona-sants\/wp-json\/wp\/v2\/pages"}],"about":[{"href":"https:\/\/agora-eoi.xtec.cat\/eoibarcelona-sants\/wp-json\/wp\/v2\/types\/page"}],"author":[{"embeddable":true,"href":"https:\/\/agora-eoi.xtec.cat\/eoibarcelona-sants\/wp-json\/wp\/v2\/users\/1"}],"replies":[{"embeddable":true,"href":"https:\/\/agora-eoi.xtec.cat\/eoibarcelona-sants\/wp-json\/wp\/v2\/comments?post=10948"}],"version-history":[{"count":6,"href":"https:\/\/agora-eoi.xtec.cat\/eoibarcelona-sants\/wp-json\/wp\/v2\/pages\/10948\/revisions"}],"predecessor-version":[{"id":11101,"href":"https:\/\/agora-eoi.xtec.cat\/eoibarcelona-sants\/wp-json\/wp\/v2\/pages\/10948\/revisions\/11101"}],"wp:attachment":[{"href":"https:\/\/agora-eoi.xtec.cat\/eoibarcelona-sants\/wp-json\/wp\/v2\/media?parent=10948"}],"curies":[{"name":"wp","href":"https:\/\/api.w.org\/{rel}","templated":true}]}}