{"id":10597,"date":"2024-10-14T11:37:02","date_gmt":"2024-10-14T09:37:02","guid":{"rendered":"https:\/\/agora-eoi.xtec.cat\/eoibarcelona-sants\/?page_id=10597"},"modified":"2026-01-15T11:49:55","modified_gmt":"2026-01-15T10:49:55","slug":"aules-virtuals","status":"publish","type":"page","link":"https:\/\/agora-eoi.xtec.cat\/eoibarcelona-sants\/serveis\/aules-virtuals\/","title":{"rendered":"Aules virtuals"},"content":{"rendered":"<p>Els cursos presencials compten amb el suport d\u2019aules virtuals on l\u2019alumnat trobar\u00e0 materials del curs, activitats complement\u00e0ries, deures i retroacci\u00f3 del professorat.<\/p>\n<table style=\"border-collapse: collapse; width: 100%;\">\n<tbody>\n<tr>\n<td style=\"width: 50%; text-align: center;\"><a href=\"https:\/\/accounts.google.com\/v3\/signin\/identifier?continue=https%3A%2F%2Fclassroom.google.com&amp;ifkv=ARpgrqfDXI8O7A_5JVIS8zQ94XxpQoJLO7r_058Lf8HARcaNng2ggZSGG3SHLtsBTiekSf7ISTI8Gw&amp;passive=true&amp;flowName=GlifWebSignIn&amp;flowEntry=ServiceLogin&amp;dsh=S-98637974%3A1728900330281114&amp;ddm=0\">Google Classroom EOI Sants<\/a><\/td>\n<td style=\"width: 50%; text-align: center;\"><a href=\"https:\/\/agora-eoi.xtec.cat\/eoibarcelona-sants\/moodle\/\">Moodle EOI Sants<\/a><\/td>\n<\/tr>\n<tr>\n<td style=\"width: 50%;\"><a href=\"https:\/\/accounts.google.com\/v3\/signin\/identifier?continue=https%3A%2F%2Fclassroom.google.com&amp;ifkv=ARpgrqfDXI8O7A_5JVIS8zQ94XxpQoJLO7r_058Lf8HARcaNng2ggZSGG3SHLtsBTiekSf7ISTI8Gw&amp;passive=true&amp;flowName=GlifWebSignIn&amp;flowEntry=ServiceLogin&amp;dsh=S-98637974%3A1728900330281114&amp;ddm=0\"><img loading=\"lazy\" decoding=\"async\" class=\"wp-image-11866 aligncenter\" src=\"https:\/\/agora-eoi.xtec.cat\/eoibadalona\/wp-content\/uploads\/usu2241\/2023\/08\/Classroom.jpg\" alt=\"\" width=\"99\" height=\"85\" \/><\/a><\/td>\n<td style=\"width: 50%;\"><a href=\"https:\/\/agora-eoi.xtec.cat\/eoibarcelona-sants\/moodle\/\"><img loading=\"lazy\" decoding=\"async\" class=\"aligncenter\" src=\"https:\/\/seeklogo.com\/images\/M\/moodle-logo-0AD03028BB-seeklogo.com.png\" alt=\"Moodle Logo PNG Vectors Free Download\" width=\"103\" height=\"78\" \/><\/a><\/td>\n<\/tr>\n<tr>\n<td style=\"width: 50%; text-align: center;\"><a href=\"https:\/\/play.google.com\/store\/search?q=classroom&amp;c=apps&amp;hl=ca\">Aplicaci\u00f3 Android<\/a><\/td>\n<td style=\"width: 50%; text-align: center;\">Aplicaci\u00f3 Android: <a href=\"https:\/\/play.google.com\/store\/search?q=moodle&amp;c=apps&amp;hl=ca\">oficial Moodle<\/a> &#8211; <a href=\"https:\/\/play.google.com\/store\/apps\/details?id=cat.gencat.mobi.eix&amp;hl=ca\">EIX Gencat<\/a><\/td>\n<\/tr>\n<tr>\n<td style=\"width: 50%; text-align: center;\"><a href=\"https:\/\/apps.apple.com\/es\/app\/google-classroom\/id924620788\">Aplicaci\u00f3 iOS<\/a><\/td>\n<td style=\"width: 50%; text-align: center;\">Aplicaci\u00f3 IOS: <a href=\"https:\/\/apps.apple.com\/es\/app\/moodle\/id633359593\">oficial Moodle<\/a> &#8211; <a href=\"https:\/\/apps.apple.com\/es\/app\/eix-app\/id1553740357\">EIX Gencat<\/a><\/td>\n<\/tr>\n<tr>\n<td style=\"width: 50%; text-align: center;\"><a href=\"https:\/\/docs.google.com\/document\/d\/1baS5ymhurVsyYHOsXTcdE-QZpyUvFuyOS5khMtS_nh8\/edit?usp=drive_link\">Full informatiu<\/a><\/td>\n<td style=\"width: 50%; text-align: center;\"><a href=\"https:\/\/docs.google.com\/document\/d\/1upQagCtEHy8ndLjCjC0Gz55EbWtvSpFcMD_tiVfTfGU\/edit?usp=drive_link\">Full informatiu<\/a><\/td>\n<\/tr>\n<tr>\n<td style=\"width: 50%; text-align: center;\"><\/td>\n<td style=\"width: 50%; text-align: center;\"><a href=\"https:\/\/docs.google.com\/presentation\/d\/e\/2PACX-1vSd44t3HwI_2BribZyBwm3YnmaBtoJ9vQh1hb56HE9PVM9ydd1cUnqLjlrLHsKZRCn3ibbDydYj0ibf\/pub?start=true&amp;loop=true&amp;delayms=5000\">Tutorial creaci\u00f3 compte<\/a><\/td>\n<\/tr>\n<\/tbody>\n<\/table>\n<p>&nbsp;<\/p>\n<p>&nbsp;<\/p>\n<div style=\"display: none;\"><\/div>\n<div style=\"display: none;\"><\/div>\n","protected":false},"excerpt":{"rendered":"<p>Els cursos presencials compten amb el suport d\u2019aules virtuals on l\u2019alumnat trobar\u00e0 materials del curs, activitats complement\u00e0ries, deures i retroacci\u00f3 del professorat.<\/p>\n<p><a href=\"https:\/\/accounts.google.com\/v3\/signin\/identifier?continue=https%3A%2F%2Fclassroom.google.com&amp;ifkv=ARpgrqfDXI8O7A_5JVIS8zQ94XxpQoJLO7r_058Lf8HARcaNng2ggZSGG3SHLtsBTiekSf7ISTI8Gw&amp;passive=true&amp;flowName=GlifWebSignIn&amp;flowEntry=ServiceLogin&amp;dsh=S-98637974%3A1728900330281114&amp;ddm=0\">Google Classroom EOI Sants<\/a><br \/>\n<a href=\"https:\/\/agora-eoi.xtec.cat\/eoibarcelona-sants\/moodle\/\">Moodle EOI Sants<\/a><\/p>\n<p><a href=\"https:\/\/accounts.google.com\/v3\/signin\/identifier?continue=https%3A%2F%2Fclassroom.google.com&amp;ifkv=ARpgrqfDXI8O7A_5JVIS8zQ94XxpQoJLO7r_058Lf8HARcaNng2ggZSGG3SHLtsBTiekSf7ISTI8Gw&amp;passive=true&amp;flowName=GlifWebSignIn&amp;flowEntry=ServiceLogin&amp;dsh=S-98637974%3A1728900330281114&amp;ddm=0\"><\/a><br \/>\n<a href=\"https:\/\/agora-eoi.xtec.cat\/eoibarcelona-sants\/moodle\/\"><\/a><\/p>\n<p><a href=\"https:\/\/play.google.com\/store\/search?q=classroom&amp;c=apps&amp;hl=ca\">Aplicaci\u00f3 Android<\/a><br \/>\nAplicaci\u00f3 Android: <a href=\"https:\/\/play.google.com\/store\/search?q=moodle&amp;c=apps&amp;hl=ca\">oficial Moodle<\/a> &#8211; <a href=\"https:\/\/play.google.com\/store\/apps\/details?id=cat.gencat.mobi.eix&amp;hl=ca\">EIX Gencat<\/a><\/p>\n<p><a href=\"https:\/\/apps.apple.com\/es\/app\/google-classroom\/id924620788\">Aplicaci\u00f3 iOS<\/a><br \/>\nAplicaci\u00f3 IOS: <a&hellip;  <a href=\"https:\/\/agora-eoi.xtec.cat\/eoibarcelona-sants\/serveis\/aules-virtuals\/\" title=\"Read Aules virtuals\">Llegeix m\u00e9s\u00bb<\/a><\/p>\n","protected":false},"author":1,"featured_media":0,"parent":8411,"menu_order":0,"comment_status":"closed","ping_status":"closed","template":"","meta":{"_bbp_topic_count":0,"_bbp_reply_count":0,"_bbp_total_topic_count":0,"_bbp_total_reply_count":0,"_bbp_voice_count":0,"_bbp_anonymous_reply_count":0,"_bbp_topic_count_hidden":0,"_bbp_reply_count_hidden":0,"_bbp_forum_subforum_count":0,"footnotes":""},"class_list":["post-10597","page","type-page","status-publish","hentry"],"post_mailing_queue_ids":[],"_links":{"self":[{"href":"https:\/\/agora-eoi.xtec.cat\/eoibarcelona-sants\/wp-json\/wp\/v2\/pages\/10597","targetHints":{"allow":["GET"]}}],"collection":[{"href":"https:\/\/agora-eoi.xtec.cat\/eoibarcelona-sants\/wp-json\/wp\/v2\/pages"}],"about":[{"href":"https:\/\/agora-eoi.xtec.cat\/eoibarcelona-sants\/wp-json\/wp\/v2\/types\/page"}],"author":[{"embeddable":true,"href":"https:\/\/agora-eoi.xtec.cat\/eoibarcelona-sants\/wp-json\/wp\/v2\/users\/1"}],"replies":[{"embeddable":true,"href":"https:\/\/agora-eoi.xtec.cat\/eoibarcelona-sants\/wp-json\/wp\/v2\/comments?post=10597"}],"version-history":[{"count":6,"href":"https:\/\/agora-eoi.xtec.cat\/eoibarcelona-sants\/wp-json\/wp\/v2\/pages\/10597\/revisions"}],"predecessor-version":[{"id":11061,"href":"https:\/\/agora-eoi.xtec.cat\/eoibarcelona-sants\/wp-json\/wp\/v2\/pages\/10597\/revisions\/11061"}],"up":[{"embeddable":true,"href":"https:\/\/agora-eoi.xtec.cat\/eoibarcelona-sants\/wp-json\/wp\/v2\/pages\/8411"}],"wp:attachment":[{"href":"https:\/\/agora-eoi.xtec.cat\/eoibarcelona-sants\/wp-json\/wp\/v2\/media?parent=10597"}],"curies":[{"name":"wp","href":"https:\/\/api.w.org\/{rel}","templated":true}]}}