{"id":9473,"date":"2022-05-16T12:59:31","date_gmt":"2022-05-16T10:59:31","guid":{"rendered":"https:\/\/agora-eoi.xtec.cat\/eoibanyoles\/?page_id=9473"},"modified":"2024-09-04T12:18:21","modified_gmt":"2024-09-04T10:18:21","slug":"carrecs-de-coordinacio","status":"publish","type":"page","link":"https:\/\/agora-eoi.xtec.cat\/eoibanyoles\/el-servei-educatiu\/organigrama\/carrecs-de-coordinacio\/","title":{"rendered":"C\u00e0rrecs de coordinaci\u00f3"},"content":{"rendered":"<table style=\"border-collapse: collapse; width: 100%;\">\n<tbody>\n<tr>\n<td style=\"width: 100%; background-color: #a0ebce;\">\n<h4><span style=\"color: #000000;\"><strong>Caps de departament<\/strong><\/span><\/h4>\n<\/td>\n<\/tr>\n<\/tbody>\n<\/table>\n<table style=\"border-collapse: collapse; width: 100.201%; height: 89px;\">\n<tbody>\n<tr>\n<td style=\"width: 39.4183%; background-color: #73a0f5; text-align: center;\">\n<h5><span style=\"color: #000000;\"><strong>DEPARTAMENT<\/strong><\/span><\/h5>\n<\/td>\n<td style=\"width: 35.5065%; background-color: #73a0f5; text-align: center;\">\n<h5><span style=\"color: #000000;\"><strong>NOM I COGNOM<\/strong><\/span><\/h5>\n<\/td>\n<td style=\"width: 24.9749%; background-color: #73a0f5; text-align: center;\">\n<h5><span style=\"color: #000000;\"><strong>CORREU<\/strong><\/span><\/h5>\n<\/td>\n<\/tr>\n<tr>\n<td style=\"width: 39.4183%; background-color: #cfedfc; text-align: center;\">\n<h5><span style=\"color: #000000;\">Angl\u00e8s<\/span><\/h5>\n<\/td>\n<td style=\"width: 35.5065%; background-color: #cfedfc; text-align: center;\">\n<h5><span style=\"color: #000000;\">Susanna Padrosa<\/span><\/h5>\n<\/td>\n<td style=\"width: 24.9749%; background-color: #cfedfc; text-align: center;\">\n<h5><span style=\"color: #000000;\">spadrosa@xtec.cat<\/span><\/h5>\n<\/td>\n<\/tr>\n<tr>\n<td style=\"width: 39.4183%; background-color: #e8f4fa; text-align: center;\">\n<h5><span style=\"color: #000000;\">Franc\u00e8s<\/span><\/h5>\n<\/td>\n<td style=\"width: 35.5065%; background-color: #e8f4fa; text-align: center;\">\n<h5><span style=\"color: #000000;\">Marta Vil\u00e0<\/span><\/h5>\n<\/td>\n<td style=\"width: 24.9749%; background-color: #e8f4fa; text-align: center;\">\n<h5><span style=\"color: #000000;\">mvila274@xtec.cat<\/span><\/h5>\n<\/td>\n<\/tr>\n<\/tbody>\n<\/table>\n<h6><\/h6>\n<p>&nbsp;<\/p>\n<table style=\"border-collapse: collapse; width: 100%;\">\n<tbody>\n<tr>\n<td style=\"width: 100%; background-color: #a0ebce;\">\n<h4><span style=\"color: #000000;\"><strong>Coordinacions<\/strong><\/span><\/h4>\n<\/td>\n<\/tr>\n<\/tbody>\n<\/table>\n<table style=\"border-collapse: collapse; width: 100.201%; height: 160px;\">\n<tbody>\n<tr style=\"height: 32px;\">\n<td style=\"width: 48.2358%; background-color: #73a0f5; text-align: center; height: 32px;\">\n<h5><span style=\"color: #000000;\"><strong>COORDINACI\u00d3<\/strong><\/span><\/h5>\n<\/td>\n<td style=\"width: 26.689%; background-color: #73a0f5; text-align: center; height: 32px;\">\n<h5><span style=\"color: #000000;\"><strong>NOM I COGNOM<\/strong><\/span><\/h5>\n<\/td>\n<td style=\"width: 24.9749%; background-color: #73a0f5; text-align: center; height: 32px;\">\n<h5><span style=\"color: #000000;\"><strong>CORREU<\/strong><\/span><\/h5>\n<\/td>\n<\/tr>\n<tr style=\"height: 32px;\">\n<td style=\"width: 48.2358%; background-color: #cfedfc; text-align: center; height: 32px;\">\n<h5><span style=\"color: #000000;\">Coordinadora de coeducaci\u00f3, conviv\u00e8ncia i benestar de l&#8217;alumnat<\/span><\/h5>\n<\/td>\n<td style=\"width: 26.689%; background-color: #cfedfc; text-align: center; height: 32px;\">\n<h5><span style=\"color: #000000;\">Susanna Padrosa<\/span><\/h5>\n<\/td>\n<td style=\"width: 24.9749%; background-color: #cfedfc; text-align: center; height: 32px;\">\n<h5><span style=\"color: #000000;\">spadrosa@xtec.cat<\/span><\/h5>\n<\/td>\n<\/tr>\n<tr style=\"height: 32px;\">\n<td style=\"width: 48.2358%; background-color: #e8f4fa; text-align: center; height: 32px;\">\n<h5><span style=\"color: #000000;\">Coordinador de prevenci\u00f3 de riscos laborals<\/span><\/h5>\n<\/td>\n<td style=\"width: 26.689%; background-color: #e8f4fa; text-align: center; height: 32px;\">\n<h5><span style=\"color: #000000;\">Joan Rafel<\/span><\/h5>\n<\/td>\n<td style=\"width: 24.9749%; background-color: #e8f4fa; text-align: center; height: 32px;\">\n<h5><span style=\"color: #000000;\">jrafel2@xtec.cat<\/span><\/h5>\n<\/td>\n<\/tr>\n<tr style=\"height: 32px;\">\n<td style=\"width: 48.2358%; text-align: center; height: 32px; background-color: #cfedfc;\">\n<h5><span style=\"color: #000000;\">Coordinadora digital<\/span><\/h5>\n<\/td>\n<td style=\"width: 26.689%; text-align: center; height: 32px; background-color: #cfedfc;\">\n<h5><span style=\"color: #000000;\">Iolanda Ribot<\/span><\/h5>\n<\/td>\n<td style=\"width: 24.9749%; text-align: center; height: 32px; background-color: #cfedfc;\">\n<h5><span style=\"color: #000000;\">iribot@xtec.cat<\/span><\/h5>\n<\/td>\n<\/tr>\n<tr style=\"height: 32px;\">\n<td style=\"width: 48.2358%; text-align: center; height: 32px; background-color: #e8f4fa;\">\n<h5><span style=\"color: #000000;\">Coordinadora de llengua, interculturalitat i cohesi\u00f3 social<\/span><\/h5>\n<\/td>\n<td style=\"width: 26.689%; text-align: center; height: 32px; background-color: #e8f4fa;\">\n<h5><span style=\"color: #000000;\">Iolanda Ribot<\/span><\/h5>\n<\/td>\n<td style=\"width: 24.9749%; text-align: center; height: 32px; background-color: #e8f4fa;\">\n<h5><span style=\"color: #000000;\">iribot@xtec.cat<\/span><\/h5>\n<\/td>\n<\/tr>\n<\/tbody>\n<\/table>\n<p>&nbsp;<\/p>\n<p>&nbsp;<\/p>\n","protected":false},"excerpt":{"rendered":"<p>Caps de departament DEPARTAMENT NOM I COGNOM CORREU Angl\u00e8s Susanna Padrosa spadrosa@xtec.cat Franc\u00e8s Marta Vil\u00e0 mvila274@xtec.cat &nbsp; Coordinacions COORDINACI\u00d3 NOM I COGNOM CORREU Coordinadora de coeducaci\u00f3, conviv\u00e8ncia i benestar de l&#8217;alumnat Susanna Padrosa spadrosa@xtec.cat Coordinador de prevenci\u00f3 de riscos laborals Joan Rafel jrafel2@xtec.cat Coordinadora digital Iolanda Ribot iribot@xtec.cat Coordinadora de llengua, interculturalitat i cohesi\u00f3 social [&hellip;]<\/p>\n","protected":false},"author":1,"featured_media":0,"parent":8141,"menu_order":2,"comment_status":"closed","ping_status":"closed","template":"","meta":{"_bbp_topic_count":0,"_bbp_reply_count":0,"_bbp_total_topic_count":0,"_bbp_total_reply_count":0,"_bbp_voice_count":0,"_bbp_anonymous_reply_count":0,"_bbp_topic_count_hidden":0,"_bbp_reply_count_hidden":0,"_bbp_forum_subforum_count":0,"site-sidebar-layout":"default","site-content-layout":"","ast-site-content-layout":"","site-content-style":"default","site-sidebar-style":"default","ast-global-header-display":"","ast-banner-title-visibility":"","ast-main-header-display":"","ast-hfb-above-header-display":"","ast-hfb-below-header-display":"","ast-hfb-mobile-header-display":"","site-post-title":"","ast-breadcrumbs-content":"","ast-featured-img":"","footer-sml-layout":"","theme-transparent-header-meta":"","adv-header-id-meta":"","stick-header-meta":"","header-above-stick-meta":"","header-main-stick-meta":"","header-below-stick-meta":"","astra-migrate-meta-layouts":"default","ast-page-background-enabled":"default","ast-page-background-meta":{"desktop":{"background-color":"var(--ast-global-color-4)","background-image":"","background-repeat":"repeat","background-position":"center center","background-size":"auto","background-attachment":"scroll","background-type":"","background-media":"","overlay-type":"","overlay-color":"","overlay-opacity":"","overlay-gradient":""},"tablet":{"background-color":"","background-image":"","background-repeat":"repeat","background-position":"center center","background-size":"auto","background-attachment":"scroll","background-type":"","background-media":"","overlay-type":"","overlay-color":"","overlay-opacity":"","overlay-gradient":""},"mobile":{"background-color":"","background-image":"","background-repeat":"repeat","background-position":"center center","background-size":"auto","background-attachment":"scroll","background-type":"","background-media":"","overlay-type":"","overlay-color":"","overlay-opacity":"","overlay-gradient":""}},"ast-content-background-meta":{"desktop":{"background-color":"var(--ast-global-color-5)","background-image":"","background-repeat":"repeat","background-position":"center center","background-size":"auto","background-attachment":"scroll","background-type":"","background-media":"","overlay-type":"","overlay-color":"","overlay-opacity":"","overlay-gradient":""},"tablet":{"background-color":"var(--ast-global-color-5)","background-image":"","background-repeat":"repeat","background-position":"center center","background-size":"auto","background-attachment":"scroll","background-type":"","background-media":"","overlay-type":"","overlay-color":"","overlay-opacity":"","overlay-gradient":""},"mobile":{"background-color":"var(--ast-global-color-5)","background-image":"","background-repeat":"repeat","background-position":"center center","background-size":"auto","background-attachment":"scroll","background-type":"","background-media":"","overlay-type":"","overlay-color":"","overlay-opacity":"","overlay-gradient":""}},"footnotes":""},"class_list":["post-9473","page","type-page","status-publish","hentry"],"post_mailing_queue_ids":[],"_links":{"self":[{"href":"https:\/\/agora-eoi.xtec.cat\/eoibanyoles\/wp-json\/wp\/v2\/pages\/9473","targetHints":{"allow":["GET"]}}],"collection":[{"href":"https:\/\/agora-eoi.xtec.cat\/eoibanyoles\/wp-json\/wp\/v2\/pages"}],"about":[{"href":"https:\/\/agora-eoi.xtec.cat\/eoibanyoles\/wp-json\/wp\/v2\/types\/page"}],"author":[{"embeddable":true,"href":"https:\/\/agora-eoi.xtec.cat\/eoibanyoles\/wp-json\/wp\/v2\/users\/1"}],"replies":[{"embeddable":true,"href":"https:\/\/agora-eoi.xtec.cat\/eoibanyoles\/wp-json\/wp\/v2\/comments?post=9473"}],"version-history":[{"count":7,"href":"https:\/\/agora-eoi.xtec.cat\/eoibanyoles\/wp-json\/wp\/v2\/pages\/9473\/revisions"}],"predecessor-version":[{"id":12542,"href":"https:\/\/agora-eoi.xtec.cat\/eoibanyoles\/wp-json\/wp\/v2\/pages\/9473\/revisions\/12542"}],"up":[{"embeddable":true,"href":"https:\/\/agora-eoi.xtec.cat\/eoibanyoles\/wp-json\/wp\/v2\/pages\/8141"}],"wp:attachment":[{"href":"https:\/\/agora-eoi.xtec.cat\/eoibanyoles\/wp-json\/wp\/v2\/media?parent=9473"}],"curies":[{"name":"wp","href":"https:\/\/api.w.org\/{rel}","templated":true}]}}