{"id":8998,"date":"2022-03-21T17:51:32","date_gmt":"2022-03-21T16:51:32","guid":{"rendered":"https:\/\/agora-eoi.xtec.cat\/eoibanyoles\/?page_id=8998"},"modified":"2024-06-19T10:21:22","modified_gmt":"2024-06-19T08:21:22","slug":"erasmus","status":"publish","type":"page","link":"https:\/\/agora-eoi.xtec.cat\/eoibanyoles\/el-servei-educatiu\/erasmus\/","title":{"rendered":"Erasmus+"},"content":{"rendered":"<div id=\"pg-2022-0\" class=\"panel-grid panel-no-style\">\n<div class=\"so-widget-sow-button so-widget-sow-button-atom-c53321daae41-2022\">\n<table style=\"border-collapse: collapse; width: 100%;\">\n<tbody>\n<tr>\n<td style=\"width: 100%; background-color: #a0ebce;\">\n<h4><span style=\"color: #000000;\"><strong>Projectes Erasmus+ amb participaci\u00f3 de l&#8217;EOI Banyoles<\/strong><\/span><\/h4>\n<\/td>\n<\/tr>\n<\/tbody>\n<\/table>\n<\/div>\n<\/div>\n<div id=\"pg-2022-1\" class=\"panel-grid panel-no-style\">\n<div id=\"pgc-2022-1-0\" class=\"panel-grid-cell\">\n<div id=\"panel-2022-1-0-0\" class=\"so-panel widget widget_sow-editor panel-first-child panel-last-child\" data-index=\"1\">\n<div class=\"so-widget-sow-editor so-widget-sow-editor-base\">\n<table style=\"border-collapse: collapse; width: 100%;\">\n<tbody>\n<tr>\n<td style=\"width: 16.6667%; text-align: center; background-color: #cfedfc;\">\n<h5><span style=\"color: #000000;\">Projecte KA1 (2017-2019)<\/span><\/h5>\n<\/td>\n<td style=\"width: 16.6667%; text-align: center; background-color: #cfedfc;\">\n<h5><a href=\"https:\/\/agora-eoi.xtec.cat\/eoibanyoles\/el-servei-educatiu\/erasmus\/projecte-ka1-2017-2019\/\" target=\"_blank\" rel=\"noopener\">Versi\u00f3 en catal\u00e0<\/a><\/h5>\n<\/td>\n<td style=\"width: 33.3333%; text-align: center; background-color: #cfedfc;\">\n<h5><a href=\"https:\/\/agora-eoi.xtec.cat\/eoibanyoles\/el-servei-educatiu\/erasmus\/ka1-project-2017-2019-english-version\/\" target=\"_blank\" rel=\"noopener\">English version<\/a><\/h5>\n<\/td>\n<\/tr>\n<tr>\n<td style=\"width: 16.6667%; text-align: center; background-color: #e8f4fa;\">\n<h5><span style=\"color: #000000;\">Projecte KA1 (2019-2021)<\/span><\/h5>\n<\/td>\n<td style=\"width: 16.6667%; text-align: center; background-color: #e8f4fa;\">\n<h5><a href=\"https:\/\/agora-eoi.xtec.cat\/eoibanyoles\/el-servei-educatiu\/erasmus\/projecte-ka1-2019-2021\/\" target=\"_blank\" rel=\"noopener\">Versi\u00f3 en catal\u00e0<\/a><\/h5>\n<\/td>\n<td style=\"width: 33.3333%; text-align: center; background-color: #e8f4fa;\">\n<h5><a href=\"https:\/\/agora-eoi.xtec.cat\/eoibanyoles\/el-servei-educatiu\/erasmus\/ka1-project-2019-2021-english-version\/\" target=\"_blank\" rel=\"noopener\">English version<\/a><\/h5>\n<\/td>\n<\/tr>\n<\/tbody>\n<\/table>\n<p>Per consultar tota la informaci\u00f3 referent al programa Erasmus, podeu clicar <a href=\"http:\/\/www.erasmusplus.gob.es\/\" target=\"_blank\" rel=\"noopener\">AQU\u00cd<\/a>.<\/p>\n<\/div>\n<\/div>\n<\/div>\n<\/div>\n","protected":false},"excerpt":{"rendered":"<p>Projectes Erasmus+ amb participaci\u00f3 de l&#8217;EOI Banyoles Projecte KA1 (2017-2019) Versi\u00f3 en catal\u00e0 English version Projecte KA1 (2019-2021) Versi\u00f3 en catal\u00e0 English version Per consultar tota la informaci\u00f3 referent al programa Erasmus, podeu clicar AQU\u00cd.<\/p>\n","protected":false},"author":1,"featured_media":0,"parent":806,"menu_order":17,"comment_status":"closed","ping_status":"closed","template":"page-templates\/side-menu.php","meta":{"_bbp_topic_count":0,"_bbp_reply_count":0,"_bbp_total_topic_count":0,"_bbp_total_reply_count":0,"_bbp_voice_count":0,"_bbp_anonymous_reply_count":0,"_bbp_topic_count_hidden":0,"_bbp_reply_count_hidden":0,"_bbp_forum_subforum_count":0,"site-sidebar-layout":"default","site-content-layout":"","ast-site-content-layout":"","site-content-style":"default","site-sidebar-style":"default","ast-global-header-display":"","ast-banner-title-visibility":"","ast-main-header-display":"","ast-hfb-above-header-display":"","ast-hfb-below-header-display":"","ast-hfb-mobile-header-display":"","site-post-title":"","ast-breadcrumbs-content":"","ast-featured-img":"","footer-sml-layout":"","theme-transparent-header-meta":"","adv-header-id-meta":"","stick-header-meta":"","header-above-stick-meta":"","header-main-stick-meta":"","header-below-stick-meta":"","astra-migrate-meta-layouts":"default","ast-page-background-enabled":"default","ast-page-background-meta":{"desktop":{"background-color":"var(--ast-global-color-4)","background-image":"","background-repeat":"repeat","background-position":"center center","background-size":"auto","background-attachment":"scroll","background-type":"","background-media":"","overlay-type":"","overlay-color":"","overlay-opacity":"","overlay-gradient":""},"tablet":{"background-color":"","background-image":"","background-repeat":"repeat","background-position":"center center","background-size":"auto","background-attachment":"scroll","background-type":"","background-media":"","overlay-type":"","overlay-color":"","overlay-opacity":"","overlay-gradient":""},"mobile":{"background-color":"","background-image":"","background-repeat":"repeat","background-position":"center center","background-size":"auto","background-attachment":"scroll","background-type":"","background-media":"","overlay-type":"","overlay-color":"","overlay-opacity":"","overlay-gradient":""}},"ast-content-background-meta":{"desktop":{"background-color":"var(--ast-global-color-5)","background-image":"","background-repeat":"repeat","background-position":"center center","background-size":"auto","background-attachment":"scroll","background-type":"","background-media":"","overlay-type":"","overlay-color":"","overlay-opacity":"","overlay-gradient":""},"tablet":{"background-color":"var(--ast-global-color-5)","background-image":"","background-repeat":"repeat","background-position":"center center","background-size":"auto","background-attachment":"scroll","background-type":"","background-media":"","overlay-type":"","overlay-color":"","overlay-opacity":"","overlay-gradient":""},"mobile":{"background-color":"var(--ast-global-color-5)","background-image":"","background-repeat":"repeat","background-position":"center center","background-size":"auto","background-attachment":"scroll","background-type":"","background-media":"","overlay-type":"","overlay-color":"","overlay-opacity":"","overlay-gradient":""}},"footnotes":""},"class_list":["post-8998","page","type-page","status-publish","hentry"],"post_mailing_queue_ids":[],"_links":{"self":[{"href":"https:\/\/agora-eoi.xtec.cat\/eoibanyoles\/wp-json\/wp\/v2\/pages\/8998","targetHints":{"allow":["GET"]}}],"collection":[{"href":"https:\/\/agora-eoi.xtec.cat\/eoibanyoles\/wp-json\/wp\/v2\/pages"}],"about":[{"href":"https:\/\/agora-eoi.xtec.cat\/eoibanyoles\/wp-json\/wp\/v2\/types\/page"}],"author":[{"embeddable":true,"href":"https:\/\/agora-eoi.xtec.cat\/eoibanyoles\/wp-json\/wp\/v2\/users\/1"}],"replies":[{"embeddable":true,"href":"https:\/\/agora-eoi.xtec.cat\/eoibanyoles\/wp-json\/wp\/v2\/comments?post=8998"}],"version-history":[{"count":6,"href":"https:\/\/agora-eoi.xtec.cat\/eoibanyoles\/wp-json\/wp\/v2\/pages\/8998\/revisions"}],"predecessor-version":[{"id":12251,"href":"https:\/\/agora-eoi.xtec.cat\/eoibanyoles\/wp-json\/wp\/v2\/pages\/8998\/revisions\/12251"}],"up":[{"embeddable":true,"href":"https:\/\/agora-eoi.xtec.cat\/eoibanyoles\/wp-json\/wp\/v2\/pages\/806"}],"wp:attachment":[{"href":"https:\/\/agora-eoi.xtec.cat\/eoibanyoles\/wp-json\/wp\/v2\/media?parent=8998"}],"curies":[{"name":"wp","href":"https:\/\/api.w.org\/{rel}","templated":true}]}}