{"id":8974,"date":"2022-03-21T16:59:13","date_gmt":"2022-03-21T15:59:13","guid":{"rendered":"https:\/\/agora-eoi.xtec.cat\/eoibanyoles\/?page_id=8974"},"modified":"2024-09-10T09:39:10","modified_gmt":"2024-09-10T07:39:10","slug":"matricula-dactualitzacio","status":"publish","type":"page","link":"https:\/\/agora-eoi.xtec.cat\/eoibanyoles\/secretaria\/matricula-dactualitzacio\/","title":{"rendered":"Matr\u00edcula d&#8217;actualitzaci\u00f3: nivell ja cursat"},"content":{"rendered":"<table style=\"border-collapse: collapse; width: 100%;\">\n<tbody>\n<tr>\n<td style=\"width: 100%; background-color: #a0ebce; text-align: center;\">\n<h4><span style=\"color: #000000;\"><strong>Cursos d&#8217;actualitzaci\u00f3: tornar a fer un nivell que ja has assolit<\/strong><\/span><\/h4>\n<\/td>\n<\/tr>\n<\/tbody>\n<\/table>\n<p style=\"text-align: justify;\">En cas d\u2019haver fet i superat un curs a l\u2019EOI aquest mateix any o en un any anterior, es pot tornar a assistir al mateix curs o a un curs inferior.<\/p>\n<p style=\"text-align: justify;\">Aquest tipus de curs no t\u00e9 efectes acad\u00e8mics ni dona lloc a cap certificat oficial. La qualificaci\u00f3 que es fa constar a l\u2019expedient acad\u00e8mic de l\u2019alumne\/a \u00e9s `<em>no qualificat\/ada<\/em>\u00b4.<\/p>\n<p>Per <strong>matricular-te<\/strong>, nom\u00e9s ens has de trucar al <strong>972 584 929 <\/strong>o venir a l&#8217;escola.<\/p>\n<table style=\"border-collapse: collapse; width: 100%; height: 96px;\">\n<tbody>\n<tr style=\"height: 32px;\">\n<td style=\"width: 32.5642%; text-align: center; background-color: #73a0f5; height: 32px;\">\n<h5><span style=\"color: #000000;\"><strong>MATR\u00cdCULA<\/strong><\/span><\/h5>\n<\/td>\n<td style=\"width: 34.1024%; text-align: center; background-color: #73a0f5; height: 32px;\">\n<h5><span style=\"color: #000000;\"><strong>PREUS P\u00daBLICS<\/strong><\/span><\/h5>\n<\/td>\n<td style=\"width: 33.3333%; text-align: center; background-color: #73a0f5; height: 32px;\">\n<h5><span style=\"color: #000000;\"><strong>TAXES<\/strong><\/span><\/h5>\n<\/td>\n<\/tr>\n<tr style=\"height: 32px;\">\n<td style=\"width: 32.5642%; text-align: center; height: 32px; background-color: #cfedfc;\">\n<h5><span style=\"color: #000000;\">finals de setembre a l&#8217;escola<\/span><\/h5>\n<\/td>\n<td style=\"width: 34.1024%; height: 32px; background-color: #cfedfc; text-align: center;\">\n<h5><span style=\"color: #000000;\">275,00\u20ac + 30,00\u20ac*<\/span><\/h5>\n<h5><span style=\"color: #000000;\">(nivells A1, A2, C1 i C2)<\/span><\/h5>\n<\/td>\n<td style=\"width: 33.3333%; height: 32px; background-color: #cfedfc; text-align: center;\">\n<h5><span style=\"color: #000000;\">297,60\u20ac + 30,00\u20ac*<\/span><\/h5>\n<h5><span style=\"color: #000000;\">(nivells B1, B2.1 i B2.2)<\/span><\/h5>\n<\/td>\n<\/tr>\n<\/tbody>\n<\/table>\n<p style=\"text-align: justify;\">La sol\u00b7licitud per a la matr\u00edcula d\u2019actualitzaci\u00f3 s\u2019ha de presentar al centre un cop finalitzat el per\u00edode d\u2019admissi\u00f3 de l\u2019alumnat oficial i l\u2019alumnat nou\u00a0(finals de setembre), i nom\u00e9s s\u2019admet si existeixen vacants en el curs i l\u2019idioma que es demana.<\/p>\n<p style=\"text-align: left;\">El preu del curs \u00e9s el corresponent a les taxes o preu p\u00fablic, <strong>sense penalitzaci\u00f3<\/strong> per repetici\u00f3.<\/p>\n<p style=\"text-align: justify;\">*30,00\u20ac (preu p\u00fablic) (preu pels serveis d\u2019acc\u00e9s a la plataforma i materials did\u00e0ctics dels ensenyaments d\u2019idiomes) (<a href=\"http:\/\/educacio.gencat.cat\/ca\/departament\/normativa\/taxes-preus-publics\/preu-public\/\" target=\"_blank\" rel=\"noopener\">ORDRE EDU\/114\/2021<\/a>\u00a0de 25 de maig). Aquesta quantitat pot variar ja que queda subjecta a les bonificacions o penalitzacions (repetici\u00f3 de curs\u2026) que s\u2019apliquen als preus p\u00fablics.<\/p>\n<p>**Aquests preus\u00a0<em><strong>no<\/strong><\/em>\u00a0inclouen els llibres de text o de lectura que es puguin fer servir durant el curs.<\/p>\n<p style=\"text-align: justify;\"><strong>En cas que es vulgui continuar els estudis l&#8217;any seg\u00fcent com a <span style=\"text-decoration: underline;\">alumnat oficial<\/span>, caldr\u00e0 fer la preinscripci\u00f3 i matr\u00edcula al setembre com a <span style=\"text-decoration: underline;\">alumnat nou<\/span>.<\/strong><\/p>\n<p>&nbsp;<\/p>\n<p>&nbsp;<\/p>\n","protected":false},"excerpt":{"rendered":"<p>Cursos d&#8217;actualitzaci\u00f3: tornar a fer un nivell que ja has assolit En cas d\u2019haver fet i superat un curs a l\u2019EOI aquest mateix any o en un any anterior, es pot tornar a assistir al mateix curs o a un curs inferior. Aquest tipus de curs no t\u00e9 efectes acad\u00e8mics ni dona lloc a cap [&hellip;]<\/p>\n","protected":false},"author":1,"featured_media":0,"parent":8358,"menu_order":13,"comment_status":"closed","ping_status":"closed","template":"page-templates\/side-menu.php","meta":{"_bbp_topic_count":0,"_bbp_reply_count":0,"_bbp_total_topic_count":0,"_bbp_total_reply_count":0,"_bbp_voice_count":0,"_bbp_anonymous_reply_count":0,"_bbp_topic_count_hidden":0,"_bbp_reply_count_hidden":0,"_bbp_forum_subforum_count":0,"site-sidebar-layout":"default","site-content-layout":"","ast-site-content-layout":"","site-content-style":"default","site-sidebar-style":"default","ast-global-header-display":"","ast-banner-title-visibility":"","ast-main-header-display":"","ast-hfb-above-header-display":"","ast-hfb-below-header-display":"","ast-hfb-mobile-header-display":"","site-post-title":"","ast-breadcrumbs-content":"","ast-featured-img":"","footer-sml-layout":"","theme-transparent-header-meta":"","adv-header-id-meta":"","stick-header-meta":"","header-above-stick-meta":"","header-main-stick-meta":"","header-below-stick-meta":"","astra-migrate-meta-layouts":"default","ast-page-background-enabled":"default","ast-page-background-meta":{"desktop":{"background-color":"var(--ast-global-color-4)","background-image":"","background-repeat":"repeat","background-position":"center center","background-size":"auto","background-attachment":"scroll","background-type":"","background-media":"","overlay-type":"","overlay-color":"","overlay-opacity":"","overlay-gradient":""},"tablet":{"background-color":"","background-image":"","background-repeat":"repeat","background-position":"center center","background-size":"auto","background-attachment":"scroll","background-type":"","background-media":"","overlay-type":"","overlay-color":"","overlay-opacity":"","overlay-gradient":""},"mobile":{"background-color":"","background-image":"","background-repeat":"repeat","background-position":"center center","background-size":"auto","background-attachment":"scroll","background-type":"","background-media":"","overlay-type":"","overlay-color":"","overlay-opacity":"","overlay-gradient":""}},"ast-content-background-meta":{"desktop":{"background-color":"var(--ast-global-color-5)","background-image":"","background-repeat":"repeat","background-position":"center center","background-size":"auto","background-attachment":"scroll","background-type":"","background-media":"","overlay-type":"","overlay-color":"","overlay-opacity":"","overlay-gradient":""},"tablet":{"background-color":"var(--ast-global-color-5)","background-image":"","background-repeat":"repeat","background-position":"center center","background-size":"auto","background-attachment":"scroll","background-type":"","background-media":"","overlay-type":"","overlay-color":"","overlay-opacity":"","overlay-gradient":""},"mobile":{"background-color":"var(--ast-global-color-5)","background-image":"","background-repeat":"repeat","background-position":"center center","background-size":"auto","background-attachment":"scroll","background-type":"","background-media":"","overlay-type":"","overlay-color":"","overlay-opacity":"","overlay-gradient":""}},"footnotes":""},"class_list":["post-8974","page","type-page","status-publish","hentry"],"post_mailing_queue_ids":[],"_links":{"self":[{"href":"https:\/\/agora-eoi.xtec.cat\/eoibanyoles\/wp-json\/wp\/v2\/pages\/8974","targetHints":{"allow":["GET"]}}],"collection":[{"href":"https:\/\/agora-eoi.xtec.cat\/eoibanyoles\/wp-json\/wp\/v2\/pages"}],"about":[{"href":"https:\/\/agora-eoi.xtec.cat\/eoibanyoles\/wp-json\/wp\/v2\/types\/page"}],"author":[{"embeddable":true,"href":"https:\/\/agora-eoi.xtec.cat\/eoibanyoles\/wp-json\/wp\/v2\/users\/1"}],"replies":[{"embeddable":true,"href":"https:\/\/agora-eoi.xtec.cat\/eoibanyoles\/wp-json\/wp\/v2\/comments?post=8974"}],"version-history":[{"count":6,"href":"https:\/\/agora-eoi.xtec.cat\/eoibanyoles\/wp-json\/wp\/v2\/pages\/8974\/revisions"}],"predecessor-version":[{"id":12555,"href":"https:\/\/agora-eoi.xtec.cat\/eoibanyoles\/wp-json\/wp\/v2\/pages\/8974\/revisions\/12555"}],"up":[{"embeddable":true,"href":"https:\/\/agora-eoi.xtec.cat\/eoibanyoles\/wp-json\/wp\/v2\/pages\/8358"}],"wp:attachment":[{"href":"https:\/\/agora-eoi.xtec.cat\/eoibanyoles\/wp-json\/wp\/v2\/media?parent=8974"}],"curies":[{"name":"wp","href":"https:\/\/api.w.org\/{rel}","templated":true}]}}