{"id":8966,"date":"2022-03-21T16:37:19","date_gmt":"2022-03-21T15:37:19","guid":{"rendered":"https:\/\/agora-eoi.xtec.cat\/eoibanyoles\/?page_id=8966"},"modified":"2025-06-26T11:48:04","modified_gmt":"2025-06-26T09:48:04","slug":"cursos-de-turisme","status":"publish","type":"page","link":"https:\/\/agora-eoi.xtec.cat\/eoibanyoles\/cursos\/cursos-de-turisme\/","title":{"rendered":"Cursos gratu\u00efts per a professionals del turisme"},"content":{"rendered":"<p>&nbsp;<\/p>\n<table style=\"border-collapse: collapse; width: 100%;\">\n<tbody>\n<tr>\n<td style=\"width: 100%; background-color: #a0ebce; text-align: center;\">\n<h4><span style=\"color: #000000;\"><strong>Cursos d&#8217;idiomes subvencionats per a professionals del sector tur\u00edstic catal\u00e0<\/strong><\/span><\/h4>\n<\/td>\n<\/tr>\n<\/tbody>\n<\/table>\n<h4 style=\"text-align: center;\"><span style=\"color: #ff0000;\"><strong>Pendent d&#8217;aprovaci\u00f3<\/strong><\/span><\/h4>\n<p>&nbsp;<\/p>\n<table style=\"border-collapse: collapse; width: 100%;\">\n<tbody>\n<tr>\n<td style=\"width: 50%; background-color: #cfedfc;\">\n<h4><span style=\"color: #000000;\"><strong>Proper per\u00edode:<\/strong><\/span><\/h4>\n<\/td>\n<td style=\"width: 50%; background-color: #cfedfc;\">\n<h4><em><span style=\"color: #000000;\">pendent<\/span><\/em><\/h4>\n<\/td>\n<\/tr>\n<tr>\n<td style=\"width: 50%; background-color: #e8f4fa;\">\n<h4><span style=\"color: #000000;\"><strong>Inscripci\u00f3:<\/strong><\/span><\/h4>\n<\/td>\n<td style=\"width: 50%; background-color: #e8f4fa;\">\n<h4><span style=\"color: #000000;\">tardor-hivern<\/span><\/h4>\n<\/td>\n<\/tr>\n<tr>\n<td style=\"width: 50%; background-color: #cfedfc;\">\n<h4><span style=\"color: #000000;\"><strong>Comen\u00e7ament de les classes:<\/strong><\/span><\/h4>\n<\/td>\n<td style=\"width: 50%; background-color: #cfedfc;\">\n<h4><\/h4>\n<\/td>\n<\/tr>\n<\/tbody>\n<\/table>\n<h5><\/h5>\n<h5 style=\"text-align: justify;\"><span style=\"color: #000000;\">L\u2019Escola Oficial d\u2019Idiomes de Banyoles imparteix cursos d\u2019angl\u00e8s i franc\u00e8s subvencionats per la <a style=\"color: #000000;\" href=\"https:\/\/empresa.gencat.cat\/ca\/treb_ambits_actuacio\/turisme\/professionals_turisme\/formacio\/idiomes\/\" target=\"_blank\" rel=\"noopener\">Direcci\u00f3 General de Turisme <\/a>(Departament d&#8217;Empresa i Treball de la Generalitat de Catalunya) que s\u00f3n <strong>gratu\u00efts<\/strong> per a les persones que treballen en el sector tur\u00edstic catal\u00e0. Aquests cursos s&#8217;emmarquen en el <em>Pla estrat\u00e8gic de turisme de Catalunya<\/em><strong>,<\/strong> \u00e0mbit d\u2019accions de <em>formaci\u00f3.\u00a0<\/em><\/span><\/h5>\n<h5 style=\"text-align: justify;\"><span style=\"color: #000000;\">Normalment la durada dels cursos \u00e9s de <strong>gener a maig<\/strong> i de <strong>setembre a desembre<\/strong>.<\/span><\/h5>\n<h5 style=\"text-align: justify;\"><span style=\"color: #000000;\">Els cursos que s&#8217;ofereixen s\u00f3n:<\/span><\/h5>\n<p>&nbsp;<\/p>\n<table class=\" aligncenter\" style=\"border-collapse: collapse; width: 85.0135%; height: 171px;\">\n<tbody>\n<tr style=\"height: 32px;\">\n<td style=\"text-align: center; background-color: #73a0f5; height: 32px; width: 11.8509%;\">\n<h5><span style=\"color: #000000;\"><strong>IDIOMA<\/strong><\/span><\/h5>\n<\/td>\n<td style=\"text-align: center; background-color: #73a0f5; width: 13.3156%; height: 32px;\">\n<h5><span style=\"color: #000000;\"><strong>MODALITAT<\/strong><\/span><\/h5>\n<\/td>\n<td style=\"text-align: center; background-color: #73a0f5; width: 34.8282%; height: 32px;\">\n<h5><span style=\"color: #000000;\"><strong>NIVELL<\/strong><\/span><\/h5>\n<\/td>\n<td style=\"text-align: center; background-color: #73a0f5; width: 21.4967%; height: 32px;\">\n<h5><span style=\"color: #000000;\"><strong>HORARI<\/strong><\/span><\/h5>\n<\/td>\n<td style=\"text-align: center; background-color: #73a0f5; width: 30.3893%; height: 32px;\">\n<h5><span style=\"color: #000000;\"><strong>INSCRIPCI\u00d3<\/strong><\/span><\/h5>\n<\/td>\n<\/tr>\n<tr style=\"height: 56px;\">\n<td style=\"width: 11.8509%; background-color: #cfedfc; text-align: center; height: 70px;\">\n<h5><span style=\"color: #000000;\">angl\u00e8s<\/span><\/h5>\n<\/td>\n<td style=\"width: 13.3156%; background-color: #cfedfc; text-align: center; height: 70px;\">\n<h5><span style=\"color: #000000;\">presencial<\/span><\/h5>\n<\/td>\n<td style=\"width: 34.8282%; background-color: #cfedfc; text-align: center; height: 70px;\">\n<h5><span style=\"color: #000000;\">B1 (intermedi)<\/span><\/h5>\n<\/td>\n<td style=\"width: 21.4967%; background-color: #cfedfc; text-align: center; height: 70px;\">\n<h5><span style=\"color: #000000;\">dilluns de 9 h a 12 h<\/span><\/h5>\n<\/td>\n<td style=\"width: 30.3893%; background-color: #cfedfc; text-align: center; height: 70px;\">\n<h5><span style=\"color: #000000;\">clicant <strong>AQU\u00cd<\/strong><\/span><\/h5>\n<\/td>\n<\/tr>\n<tr style=\"height: 57px;\">\n<td style=\"width: 11.8509%; background-color: #cfedfc; text-align: center; height: 69px;\">\n<h5><span style=\"color: #000000;\">franc\u00e8s<\/span><\/h5>\n<\/td>\n<td style=\"width: 13.3156%; background-color: #cfedfc; text-align: center; height: 69px;\">\n<h5><span style=\"color: #000000;\">presencial<\/span><\/h5>\n<\/td>\n<td style=\"width: 34.8282%; background-color: #cfedfc; text-align: center; height: 69px;\">\n<h5><span style=\"color: #000000;\">A2 (b\u00e0sic per\u00f2 amb coneixements m\u00ednims previs)<\/span><\/h5>\n<\/td>\n<td style=\"width: 21.4967%; background-color: #cfedfc; text-align: center; height: 69px;\">\n<h5><span style=\"color: #000000;\">dilluns de 9 h a 12 h<\/span><\/h5>\n<\/td>\n<td style=\"width: 30.3893%; background-color: #cfedfc; text-align: center; height: 69px;\">\n<h5><span style=\"color: #000000;\">clicant <strong>AQU\u00cd<\/strong><\/span><\/h5>\n<\/td>\n<\/tr>\n<\/tbody>\n<\/table>\n<p>&nbsp;<\/p>\n<h5 style=\"text-align: justify;\"><span style=\"color: #000000;\">Caldr\u00e0 un m\u00ednim d\u2019alumnat per poder dur a terme el curs. Per a m\u00e9s informaci\u00f3 podeu trucar a l\u2019escola al 972 58 49 29.<\/span><\/h5>\n","protected":false},"excerpt":{"rendered":"<p>&nbsp; Cursos d&#8217;idiomes subvencionats per a professionals del sector tur\u00edstic catal\u00e0 Pendent d&#8217;aprovaci\u00f3 &nbsp; Proper per\u00edode: pendent Inscripci\u00f3: tardor-hivern Comen\u00e7ament de les classes: L\u2019Escola Oficial d\u2019Idiomes de Banyoles imparteix cursos d\u2019angl\u00e8s i franc\u00e8s subvencionats per la Direcci\u00f3 General de Turisme (Departament d&#8217;Empresa i Treball de la Generalitat de Catalunya) que s\u00f3n gratu\u00efts per a les [&hellip;]<\/p>\n","protected":false},"author":1,"featured_media":0,"parent":8149,"menu_order":12,"comment_status":"closed","ping_status":"closed","template":"","meta":{"_bbp_topic_count":0,"_bbp_reply_count":0,"_bbp_total_topic_count":0,"_bbp_total_reply_count":0,"_bbp_voice_count":0,"_bbp_anonymous_reply_count":0,"_bbp_topic_count_hidden":0,"_bbp_reply_count_hidden":0,"_bbp_forum_subforum_count":0,"site-sidebar-layout":"default","site-content-layout":"","ast-site-content-layout":"default","site-content-style":"default","site-sidebar-style":"default","ast-global-header-display":"","ast-banner-title-visibility":"","ast-main-header-display":"","ast-hfb-above-header-display":"","ast-hfb-below-header-display":"","ast-hfb-mobile-header-display":"","site-post-title":"","ast-breadcrumbs-content":"","ast-featured-img":"","footer-sml-layout":"","theme-transparent-header-meta":"default","adv-header-id-meta":"","stick-header-meta":"","header-above-stick-meta":"","header-main-stick-meta":"","header-below-stick-meta":"","astra-migrate-meta-layouts":"set","ast-page-background-enabled":"default","ast-page-background-meta":{"desktop":{"background-color":"var(--ast-global-color-4)","background-image":"","background-repeat":"repeat","background-position":"center center","background-size":"auto","background-attachment":"scroll","background-type":"","background-media":"","overlay-type":"","overlay-color":"","overlay-opacity":"","overlay-gradient":""},"tablet":{"background-color":"","background-image":"","background-repeat":"repeat","background-position":"center center","background-size":"auto","background-attachment":"scroll","background-type":"","background-media":"","overlay-type":"","overlay-color":"","overlay-opacity":"","overlay-gradient":""},"mobile":{"background-color":"","background-image":"","background-repeat":"repeat","background-position":"center center","background-size":"auto","background-attachment":"scroll","background-type":"","background-media":"","overlay-type":"","overlay-color":"","overlay-opacity":"","overlay-gradient":""}},"ast-content-background-meta":{"desktop":{"background-color":"var(--ast-global-color-5)","background-image":"","background-repeat":"repeat","background-position":"center center","background-size":"auto","background-attachment":"scroll","background-type":"","background-media":"","overlay-type":"","overlay-color":"","overlay-opacity":"","overlay-gradient":""},"tablet":{"background-color":"var(--ast-global-color-5)","background-image":"","background-repeat":"repeat","background-position":"center center","background-size":"auto","background-attachment":"scroll","background-type":"","background-media":"","overlay-type":"","overlay-color":"","overlay-opacity":"","overlay-gradient":""},"mobile":{"background-color":"var(--ast-global-color-5)","background-image":"","background-repeat":"repeat","background-position":"center center","background-size":"auto","background-attachment":"scroll","background-type":"","background-media":"","overlay-type":"","overlay-color":"","overlay-opacity":"","overlay-gradient":""}},"footnotes":""},"class_list":["post-8966","page","type-page","status-publish","hentry"],"post_mailing_queue_ids":[],"_links":{"self":[{"href":"https:\/\/agora-eoi.xtec.cat\/eoibanyoles\/wp-json\/wp\/v2\/pages\/8966","targetHints":{"allow":["GET"]}}],"collection":[{"href":"https:\/\/agora-eoi.xtec.cat\/eoibanyoles\/wp-json\/wp\/v2\/pages"}],"about":[{"href":"https:\/\/agora-eoi.xtec.cat\/eoibanyoles\/wp-json\/wp\/v2\/types\/page"}],"author":[{"embeddable":true,"href":"https:\/\/agora-eoi.xtec.cat\/eoibanyoles\/wp-json\/wp\/v2\/users\/1"}],"replies":[{"embeddable":true,"href":"https:\/\/agora-eoi.xtec.cat\/eoibanyoles\/wp-json\/wp\/v2\/comments?post=8966"}],"version-history":[{"count":7,"href":"https:\/\/agora-eoi.xtec.cat\/eoibanyoles\/wp-json\/wp\/v2\/pages\/8966\/revisions"}],"predecessor-version":[{"id":13344,"href":"https:\/\/agora-eoi.xtec.cat\/eoibanyoles\/wp-json\/wp\/v2\/pages\/8966\/revisions\/13344"}],"up":[{"embeddable":true,"href":"https:\/\/agora-eoi.xtec.cat\/eoibanyoles\/wp-json\/wp\/v2\/pages\/8149"}],"wp:attachment":[{"href":"https:\/\/agora-eoi.xtec.cat\/eoibanyoles\/wp-json\/wp\/v2\/media?parent=8966"}],"curies":[{"name":"wp","href":"https:\/\/api.w.org\/{rel}","templated":true}]}}