{"id":8964,"date":"2022-03-21T16:36:27","date_gmt":"2022-03-21T15:36:27","guid":{"rendered":"https:\/\/agora-eoi.xtec.cat\/eoibanyoles\/?page_id=8964"},"modified":"2026-03-27T08:46:15","modified_gmt":"2026-03-27T07:46:15","slug":"grups-de-conversa-2","status":"publish","type":"page","link":"https:\/\/agora-eoi.xtec.cat\/eoibanyoles\/cursos\/grups-de-conversa-2\/","title":{"rendered":"Grups de conversa"},"content":{"rendered":"<table style=\"border-collapse: collapse; width: 100%;\">\n<tbody>\n<tr>\n<td style=\"width: 100%; background-color: #a0ebce; text-align: center;\">\n<h4><span style=\"color: #000000;\"><strong>Grups de conversa &#8211; curs 2025-2026<\/strong><\/span><\/h4>\n<\/td>\n<\/tr>\n<\/tbody>\n<\/table>\n<table style=\"border-collapse: collapse; width: 100%;\">\n<tbody>\n<tr>\n<td style=\"width: 68.0906%; background-color: #cfedfc;\">\n<h5 style=\"text-align: left;\"><span style=\"color: #000000;\"><strong>Descripci\u00f3<\/strong><\/span><\/h5>\n<h5 style=\"text-align: justify;\"><span style=\"color: #000000;\">Els grups de conversa formen part de les activitats que ofereix l&#8217;EOI Banyoles. Es tracta d&#8217;un servei autofinan\u00e7at per les persones que hi participen i s&#8217;organitzen essencialment per practicar l&#8217;expressi\u00f3 oral.<\/span><\/h5>\n<p>&nbsp;<\/p>\n<h5 style=\"text-align: left;\"><span style=\"color: #000000;\"><strong>Quin objectiu tenen?<\/strong><\/span><\/h5>\n<h5 style=\"text-align: justify;\"><span style=\"color: #000000;\">L&#8217;objectiu principal dels grups de conversa \u00e9s oferir a l&#8217;alumnat i als ex-alumnes de l&#8217;EOI Banyoles l&#8217;oportunitat de fer un \u00fas pr\u00e0ctic i informal de la llengua estrangera que estan estudiant. Amb aquesta activitat es pret\u00e9n complementar i refor\u00e7ar les activitats de conversa que ja es desenvolupen en el curs oficial.<\/span><\/h5>\n<p>&nbsp;<\/p>\n<h5 style=\"text-align: left;\"><span style=\"color: #000000;\"><strong>Qui \u00e9s la persona que condueix el grup?<\/strong><\/span><\/h5>\n<h5 style=\"text-align: justify;\"><span style=\"color: #000000;\">La persona que dirigeix el grup \u00e9s una persona nadiua, o b\u00e9 amb un alt nivell de la llengua, amb aptituds comunicatives per animar el grup, proposar temes diversos i conduir la conversa d&#8217;una manera en qu\u00e8 tothom hi participi. No \u00e9s necess\u00e0riament un professor o professora.<\/span><\/h5>\n<p>&nbsp;<\/p>\n<h5 style=\"text-align: left;\"><span style=\"color: #000000;\"><strong>Informaci\u00f3 i horaris<\/strong><\/span><\/h5>\n<ul>\n<li>\n<h5><span style=\"color: #000000;\">Places limitades.<\/span><\/h5>\n<\/li>\n<li>\n<h5><span style=\"color: #000000;\">La inscripci\u00f3 \u00e9s per a 5 sessions d\u2019una hora a la setmana.<\/span><\/h5>\n<\/li>\n<li>\n<h5 style=\"text-align: justify;\"><span style=\"color: #000000;\">El preu total per a les 5 sessions \u00e9s de 20\u20ac per a l&#8217;alumnat oficial i de 25\u20ac per a l&#8217;alumnat lliure (ex-alumnat o no alumnat de l&#8217;escola durant aquest curs)<\/span><\/h5>\n<\/li>\n<\/ul>\n<\/td>\n<td style=\"width: 31.9094%; background-color: #e8f4fa; text-align: center;\">\n<h5><strong><span style=\"color: #000000;\">ANGL\u00c8S<\/span><\/strong><\/h5>\n<h5><span style=\"color: #339966;\"><strong>Inscripci\u00f3 oberta<\/strong><\/span><\/h5>\n<p>&nbsp;<\/p>\n<h5><span style=\"color: #000000;\">Pots accedir als nivells, horaris i al formulari d&#8217;inscripci\u00f3 clicant <a href=\"https:\/\/forms.gle\/6L2FNHkiSpgwQhLM9\" target=\"_blank\" rel=\"noopener\"><strong>AQU\u00cd<\/strong><\/a>.<\/span><\/h5>\n<p>&nbsp;<\/p>\n<p>&nbsp;<\/p>\n<h5><strong><span style=\"color: #000000;\">FRANC\u00c8S<\/span><\/strong><\/h5>\n<h5><span style=\"color: #339966;\"><strong>Inscripci\u00f3 oberta<\/strong><\/span><\/h5>\n<p>&nbsp;<\/p>\n<h5 style=\"text-align: justify;\"><span style=\"color: #000000;\">Pots accedir als nivells, horaris i al formulari d&#8217;inscripci\u00f3 clicant<\/span><\/h5>\n<h5 style=\"text-align: justify;\"><span style=\"color: #000000;\">\u00a0 \u00a0\u00a0 \u00a0\u00a0 \u00a0\u00a0 <a href=\"https:\/\/forms.gle\/vF1zSNE6c2v1BCy6A\" target=\"_blank\" rel=\"noopener\"><strong>AQU\u00cd<\/strong><\/a>.<\/span><\/h5>\n<h5><\/h5>\n<p>&nbsp;<\/td>\n<\/tr>\n<\/tbody>\n<\/table>\n<p>&nbsp;<\/p>\n<p>&nbsp;<\/p>\n<p>&nbsp;<\/p>\n","protected":false},"excerpt":{"rendered":"<p>Grups de conversa &#8211; curs 2025-2026 Descripci\u00f3 Els grups de conversa formen part de les activitats que ofereix l&#8217;EOI Banyoles. Es tracta d&#8217;un servei autofinan\u00e7at per les persones que hi participen i s&#8217;organitzen essencialment per practicar l&#8217;expressi\u00f3 oral. &nbsp; Quin objectiu tenen? L&#8217;objectiu principal dels grups de conversa \u00e9s oferir a l&#8217;alumnat i als ex-alumnes [&hellip;]<\/p>\n","protected":false},"author":1,"featured_media":0,"parent":8149,"menu_order":13,"comment_status":"closed","ping_status":"closed","template":"","meta":{"_bbp_topic_count":0,"_bbp_reply_count":0,"_bbp_total_topic_count":0,"_bbp_total_reply_count":0,"_bbp_voice_count":0,"_bbp_anonymous_reply_count":0,"_bbp_topic_count_hidden":0,"_bbp_reply_count_hidden":0,"_bbp_forum_subforum_count":0,"site-sidebar-layout":"default","site-content-layout":"","ast-site-content-layout":"default","site-content-style":"default","site-sidebar-style":"default","ast-global-header-display":"","ast-banner-title-visibility":"","ast-main-header-display":"","ast-hfb-above-header-display":"","ast-hfb-below-header-display":"","ast-hfb-mobile-header-display":"","site-post-title":"","ast-breadcrumbs-content":"","ast-featured-img":"","footer-sml-layout":"","theme-transparent-header-meta":"default","adv-header-id-meta":"","stick-header-meta":"","header-above-stick-meta":"","header-main-stick-meta":"","header-below-stick-meta":"","astra-migrate-meta-layouts":"set","ast-page-background-enabled":"default","ast-page-background-meta":{"desktop":{"background-color":"var(--ast-global-color-4)","background-image":"","background-repeat":"repeat","background-position":"center center","background-size":"auto","background-attachment":"scroll","background-type":"","background-media":"","overlay-type":"","overlay-color":"","overlay-opacity":"","overlay-gradient":""},"tablet":{"background-color":"","background-image":"","background-repeat":"repeat","background-position":"center center","background-size":"auto","background-attachment":"scroll","background-type":"","background-media":"","overlay-type":"","overlay-color":"","overlay-opacity":"","overlay-gradient":""},"mobile":{"background-color":"","background-image":"","background-repeat":"repeat","background-position":"center center","background-size":"auto","background-attachment":"scroll","background-type":"","background-media":"","overlay-type":"","overlay-color":"","overlay-opacity":"","overlay-gradient":""}},"ast-content-background-meta":{"desktop":{"background-color":"var(--ast-global-color-5)","background-image":"","background-repeat":"repeat","background-position":"center center","background-size":"auto","background-attachment":"scroll","background-type":"","background-media":"","overlay-type":"","overlay-color":"","overlay-opacity":"","overlay-gradient":""},"tablet":{"background-color":"var(--ast-global-color-5)","background-image":"","background-repeat":"repeat","background-position":"center center","background-size":"auto","background-attachment":"scroll","background-type":"","background-media":"","overlay-type":"","overlay-color":"","overlay-opacity":"","overlay-gradient":""},"mobile":{"background-color":"var(--ast-global-color-5)","background-image":"","background-repeat":"repeat","background-position":"center center","background-size":"auto","background-attachment":"scroll","background-type":"","background-media":"","overlay-type":"","overlay-color":"","overlay-opacity":"","overlay-gradient":""}},"footnotes":""},"class_list":["post-8964","page","type-page","status-publish","hentry"],"post_mailing_queue_ids":[],"_links":{"self":[{"href":"https:\/\/agora-eoi.xtec.cat\/eoibanyoles\/wp-json\/wp\/v2\/pages\/8964","targetHints":{"allow":["GET"]}}],"collection":[{"href":"https:\/\/agora-eoi.xtec.cat\/eoibanyoles\/wp-json\/wp\/v2\/pages"}],"about":[{"href":"https:\/\/agora-eoi.xtec.cat\/eoibanyoles\/wp-json\/wp\/v2\/types\/page"}],"author":[{"embeddable":true,"href":"https:\/\/agora-eoi.xtec.cat\/eoibanyoles\/wp-json\/wp\/v2\/users\/1"}],"replies":[{"embeddable":true,"href":"https:\/\/agora-eoi.xtec.cat\/eoibanyoles\/wp-json\/wp\/v2\/comments?post=8964"}],"version-history":[{"count":6,"href":"https:\/\/agora-eoi.xtec.cat\/eoibanyoles\/wp-json\/wp\/v2\/pages\/8964\/revisions"}],"predecessor-version":[{"id":9084,"href":"https:\/\/agora-eoi.xtec.cat\/eoibanyoles\/wp-json\/wp\/v2\/pages\/8964\/revisions\/9084"}],"up":[{"embeddable":true,"href":"https:\/\/agora-eoi.xtec.cat\/eoibanyoles\/wp-json\/wp\/v2\/pages\/8149"}],"wp:attachment":[{"href":"https:\/\/agora-eoi.xtec.cat\/eoibanyoles\/wp-json\/wp\/v2\/media?parent=8964"}],"curies":[{"name":"wp","href":"https:\/\/api.w.org\/{rel}","templated":true}]}}