{"id":8950,"date":"2022-03-21T16:16:24","date_gmt":"2022-03-21T15:16:24","guid":{"rendered":"https:\/\/agora-eoi.xtec.cat\/eoibanyoles\/?page_id=8950"},"modified":"2022-09-08T09:58:35","modified_gmt":"2022-09-08T07:58:35","slug":"canvi-dhorari","status":"publish","type":"page","link":"https:\/\/agora-eoi.xtec.cat\/eoibanyoles\/serveis\/canvi-dhorari\/","title":{"rendered":"Canvi d&#8217;horari"},"content":{"rendered":"<p style=\"text-align: justify;\">Un cop formalitzada una matr\u00edcula oficial, no es poden admetre canvis en l\u2019horari assignat, si no \u00e9s per causes degudament justificades. Essent aquest el cas, caldr\u00e0 presentar una sol\u00b7licitud de canvi d&#8217;horari a la secretaria de l&#8217;escola dins el termini establert.<\/p>\n<table style=\"border-collapse: collapse; width: 100%;\">\n<tbody>\n<tr>\n<td style=\"width: 50%; text-align: center; background-color: #73a0f5;\">\n<h4><span style=\"color: #000000;\"><strong>Sol\u00b7licitud de canvi d&#8217;horari<\/strong><\/span><\/h4>\n<\/td>\n<td style=\"width: 50%; text-align: center; background-color: #73a0f5;\">\n<h4><span style=\"color: #000000;\"><strong>Per\u00edode de presentaci\u00f3<\/strong><\/span><\/h4>\n<\/td>\n<\/tr>\n<tr>\n<td style=\"width: 50%; background-color: #cfedfc; text-align: center;\">\n<h4><span style=\"color: #000000;\">cliqueu <a href=\"https:\/\/agora-eoi.xtec.cat\/eoibanyoles\/wp-content\/uploads\/usu2302\/2022\/03\/1canvidhorari-5.pdf\" target=\"_blank\" rel=\"noopener\">AQU\u00cd<\/a><\/span><\/h4>\n<\/td>\n<td style=\"width: 50%; background-color: #cfedfc; text-align: center;\">\n<h4><strong><span style=\"color: #ff0000;\">primera quinzena d&#8217;octubre<\/span><\/strong><\/h4>\n<\/td>\n<\/tr>\n<\/tbody>\n<\/table>\n<p style=\"text-align: justify;\">La sol\u00b7licitud de canvi d&#8217;horari ha d\u2019anar sempre acompanyada de la documentaci\u00f3 acreditativa (fotoc\u00f2pia de matr\u00edcula) i justificants (certificat d\u2019empresa, certificat m\u00e8dic, etc.).<\/p>\n<p>En finalitzar el termini, la direcci\u00f3 resoldr\u00e0 totes les sol\u00b7licituds i far\u00e0 arribar la resoluci\u00f3 a l&#8217;interessat\/da.<\/p>\n","protected":false},"excerpt":{"rendered":"<p>Un cop formalitzada una matr\u00edcula oficial, no es poden admetre canvis en l\u2019horari assignat, si no \u00e9s per causes degudament justificades. Essent aquest el cas, caldr\u00e0 presentar una sol\u00b7licitud de canvi d&#8217;horari a la secretaria de l&#8217;escola dins el termini establert. Sol\u00b7licitud de canvi d&#8217;horari Per\u00edode de presentaci\u00f3 cliqueu AQU\u00cd primera quinzena d&#8217;octubre La sol\u00b7licitud [&hellip;]<\/p>\n","protected":false},"author":1,"featured_media":0,"parent":8411,"menu_order":2,"comment_status":"closed","ping_status":"closed","template":"page-templates\/side-menu.php","meta":{"_bbp_topic_count":0,"_bbp_reply_count":0,"_bbp_total_topic_count":0,"_bbp_total_reply_count":0,"_bbp_voice_count":0,"_bbp_anonymous_reply_count":0,"_bbp_topic_count_hidden":0,"_bbp_reply_count_hidden":0,"_bbp_forum_subforum_count":0,"site-sidebar-layout":"default","site-content-layout":"","ast-site-content-layout":"","site-content-style":"default","site-sidebar-style":"default","ast-global-header-display":"","ast-banner-title-visibility":"","ast-main-header-display":"","ast-hfb-above-header-display":"","ast-hfb-below-header-display":"","ast-hfb-mobile-header-display":"","site-post-title":"","ast-breadcrumbs-content":"","ast-featured-img":"","footer-sml-layout":"","theme-transparent-header-meta":"","adv-header-id-meta":"","stick-header-meta":"","header-above-stick-meta":"","header-main-stick-meta":"","header-below-stick-meta":"","astra-migrate-meta-layouts":"default","ast-page-background-enabled":"default","ast-page-background-meta":{"desktop":{"background-color":"var(--ast-global-color-4)","background-image":"","background-repeat":"repeat","background-position":"center center","background-size":"auto","background-attachment":"scroll","background-type":"","background-media":"","overlay-type":"","overlay-color":"","overlay-opacity":"","overlay-gradient":""},"tablet":{"background-color":"","background-image":"","background-repeat":"repeat","background-position":"center center","background-size":"auto","background-attachment":"scroll","background-type":"","background-media":"","overlay-type":"","overlay-color":"","overlay-opacity":"","overlay-gradient":""},"mobile":{"background-color":"","background-image":"","background-repeat":"repeat","background-position":"center center","background-size":"auto","background-attachment":"scroll","background-type":"","background-media":"","overlay-type":"","overlay-color":"","overlay-opacity":"","overlay-gradient":""}},"ast-content-background-meta":{"desktop":{"background-color":"var(--ast-global-color-5)","background-image":"","background-repeat":"repeat","background-position":"center center","background-size":"auto","background-attachment":"scroll","background-type":"","background-media":"","overlay-type":"","overlay-color":"","overlay-opacity":"","overlay-gradient":""},"tablet":{"background-color":"var(--ast-global-color-5)","background-image":"","background-repeat":"repeat","background-position":"center center","background-size":"auto","background-attachment":"scroll","background-type":"","background-media":"","overlay-type":"","overlay-color":"","overlay-opacity":"","overlay-gradient":""},"mobile":{"background-color":"var(--ast-global-color-5)","background-image":"","background-repeat":"repeat","background-position":"center center","background-size":"auto","background-attachment":"scroll","background-type":"","background-media":"","overlay-type":"","overlay-color":"","overlay-opacity":"","overlay-gradient":""}},"footnotes":""},"class_list":["post-8950","page","type-page","status-publish","hentry"],"post_mailing_queue_ids":[],"_links":{"self":[{"href":"https:\/\/agora-eoi.xtec.cat\/eoibanyoles\/wp-json\/wp\/v2\/pages\/8950","targetHints":{"allow":["GET"]}}],"collection":[{"href":"https:\/\/agora-eoi.xtec.cat\/eoibanyoles\/wp-json\/wp\/v2\/pages"}],"about":[{"href":"https:\/\/agora-eoi.xtec.cat\/eoibanyoles\/wp-json\/wp\/v2\/types\/page"}],"author":[{"embeddable":true,"href":"https:\/\/agora-eoi.xtec.cat\/eoibanyoles\/wp-json\/wp\/v2\/users\/1"}],"replies":[{"embeddable":true,"href":"https:\/\/agora-eoi.xtec.cat\/eoibanyoles\/wp-json\/wp\/v2\/comments?post=8950"}],"version-history":[{"count":3,"href":"https:\/\/agora-eoi.xtec.cat\/eoibanyoles\/wp-json\/wp\/v2\/pages\/8950\/revisions"}],"predecessor-version":[{"id":10530,"href":"https:\/\/agora-eoi.xtec.cat\/eoibanyoles\/wp-json\/wp\/v2\/pages\/8950\/revisions\/10530"}],"up":[{"embeddable":true,"href":"https:\/\/agora-eoi.xtec.cat\/eoibanyoles\/wp-json\/wp\/v2\/pages\/8411"}],"wp:attachment":[{"href":"https:\/\/agora-eoi.xtec.cat\/eoibanyoles\/wp-json\/wp\/v2\/media?parent=8950"}],"curies":[{"name":"wp","href":"https:\/\/api.w.org\/{rel}","templated":true}]}}