{"id":8940,"date":"2022-03-21T16:04:45","date_gmt":"2022-03-21T15:04:45","guid":{"rendered":"https:\/\/agora-eoi.xtec.cat\/eoibanyoles\/?page_id=8940"},"modified":"2022-09-08T10:04:21","modified_gmt":"2022-09-08T08:04:21","slug":"permanencia-en-els-estudis","status":"publish","type":"page","link":"https:\/\/agora-eoi.xtec.cat\/eoibanyoles\/serveis\/permanencia-en-els-estudis\/","title":{"rendered":"Perman\u00e8ncia en els estudis"},"content":{"rendered":"<table style=\"border-collapse: collapse; width: 100%;\">\n<tbody>\n<tr>\n<td style=\"width: 100%; background-color: #a0ebce; text-align: center;\">\n<h4><span style=\"color: #000000;\"><strong>NOMBRE DE MATRICULACIONS<\/strong><\/span><\/h4>\n<\/td>\n<\/tr>\n<\/tbody>\n<\/table>\n<p>Dins de cada nivell, l&#8217;alumnat t\u00e9 dret a romandre matriculat en el r\u00e8gim d&#8217;ensenyament oficial, modalitat presencial, durant un m\u00e0xim de cursos acad\u00e8mics equivalents al doble dels cursos de qu\u00e8 consta el nivell per a l&#8217;idioma corresponent.<\/p>\n<table style=\"border-collapse: collapse; width: 100%; height: 160px;\">\n<tbody>\n<tr>\n<td style=\"width: 37.6382%; background-color: #73a0f5; text-align: center;\">\n<h4><span style=\"color: #000000;\"><strong>NIVELL<\/strong><\/span><\/h4>\n<\/td>\n<td style=\"width: 62.3618%; background-color: #73a0f5; text-align: center;\">\n<h4><strong><span style=\"color: #000000;\">NOMBRE DE MATRICULACIONS<\/span><\/strong><\/h4>\n<\/td>\n<\/tr>\n<tr style=\"background-color: #d7e7f7;\">\n<td style=\"width: 37.6382%; height: 32px;\">\n<h4><span style=\"color: #000000;\"><strong>Nivell B\u00e0sic (cursos A1 i A2)<\/strong><\/span><\/h4>\n<\/td>\n<td style=\"width: 62.3618%; height: 32px;\">\n<h4><span style=\"color: #000000;\">es podr\u00e0 matricular dins d&#8217;aquest nivell un <strong>m\u00e0xim de 4 vegades<\/strong><\/span><\/h4>\n<\/td>\n<\/tr>\n<tr style=\"height: 32px;\">\n<td style=\"width: 37.6382%; background-color: #aec8f2; height: 32px;\">\n<h4><span style=\"color: #000000;\"><strong>Nivell Intermedi (curs B1)<\/strong><\/span><\/h4>\n<\/td>\n<td style=\"width: 62.3618%; background-color: #aec8f2; height: 32px;\">\n<h4><span style=\"color: #000000;\">es podr\u00e0 matricular dins d&#8217;aquest nivell un <strong>m\u00e0xim de 2 vegades<\/strong><\/span><\/h4>\n<\/td>\n<\/tr>\n<tr style=\"height: 32px;\">\n<td style=\"width: 37.6382%; background-color: #aec8f2; height: 32px;\">\n<h4><span style=\"color: #000000;\"><strong>Nivell Intermedi (cursos B2.1 i B2.2)<\/strong><\/span><\/h4>\n<\/td>\n<td style=\"width: 62.3618%; background-color: #aec8f2; height: 32px;\">\n<h4><span style=\"color: #000000;\">es podr\u00e0 matricular dins d&#8217;aquest nivell un <strong>m\u00e0xim de 4 vegades<\/strong><\/span><\/h4>\n<\/td>\n<\/tr>\n<tr style=\"background-color: #d7e7f7;\">\n<td style=\"width: 37.6382%; height: 32px;\">\n<h4><span style=\"color: #000000;\"><strong>Nivell Avan\u00e7at (curs C1)<\/strong><\/span><\/h4>\n<\/td>\n<td style=\"width: 62.3618%; height: 32px;\">\n<h4><span style=\"color: #000000;\">es podr\u00e0 matricular dins d&#8217;aquest nivell un <strong>m\u00e0xim de 2 vegades<\/strong><\/span><\/h4>\n<\/td>\n<\/tr>\n<tr style=\"background-color: #d7e7f7;\">\n<td style=\"width: 37.6382%; height: 32px;\">\n<h4><span style=\"color: #000000;\"><strong>Nivell Avan\u00e7at (cursos C2.1 i C2.2)<\/strong><\/span><\/h4>\n<\/td>\n<td style=\"width: 62.3618%; height: 32px;\">\n<h4><span style=\"color: #000000;\">es podr\u00e0 matricular dins d&#8217;aquest nivell un <strong>m\u00e0xim de 4 vegades<\/strong><\/span><\/h4>\n<\/td>\n<\/tr>\n<\/tbody>\n<\/table>\n<table style=\"border-collapse: collapse; width: 100%;\">\n<tbody>\n<tr>\n<td style=\"width: 37.8392%;\">\n<h4><span style=\"color: #000000;\"><strong>Si s&#8217;ha accedit directament a A2 o B2.2<\/strong><\/span><\/h4>\n<\/td>\n<td style=\"width: 62.1608%;\">\n<h4><span style=\"color: #000000;\">es podr\u00e0 matricular dins d&#8217;aquest curs un m\u00e0xim de <strong>2 vegades<\/strong><\/span><\/h4>\n<\/td>\n<\/tr>\n<\/tbody>\n<\/table>\n<p>En cas de <strong>ren\u00fancia<\/strong> durant l&#8217;any acad\u00e8mic, el curs no computar\u00e0 a efectes de repeticions.<\/p>\n<p>&nbsp;<\/p>\n<table style=\"border-collapse: collapse; width: 100%;\">\n<tbody>\n<tr>\n<td style=\"width: 100%; background-color: #a0ebce;\">\n<h4 style=\"text-align: center;\"><strong><span style=\"color: #000000;\">CONVOCAT\u00d2RIA ADDICIONAL<\/span><\/strong><\/h4>\n<\/td>\n<\/tr>\n<\/tbody>\n<\/table>\n<p style=\"text-align: justify;\">En situacions excepcionals que ha de valorar la direcci\u00f3 de l&#8217;escola, i sempre que no representi fer el mateix curs per quarta vegada, es podr\u00e0 autoritzar la repetici\u00f3 o perman\u00e8ncia d&#8217;un curs m\u00e9s a l&#8217;alumnat que ho sol\u00b7liciti quan ja hagi superat el nombre m\u00e0xim de cursos de perman\u00e8ncia autoritzats amb car\u00e0cter general per al nivell corresponent.<\/p>\n<p>Es podr\u00e0 concedir <strong>una \u00fanica convocat\u00f2ria addicional per nivell<\/strong>.<\/p>\n<table style=\"border-collapse: collapse; width: 100%;\">\n<tbody>\n<tr>\n<td style=\"width: 50%; background-color: #73a0f5; text-align: center;\">\n<h4><strong><span style=\"color: #000000;\">SOL\u00b7LICITUD<\/span><\/strong><\/h4>\n<\/td>\n<td style=\"width: 50%; background-color: #73a0f5; text-align: center;\">\n<h4><strong><span style=\"color: #000000;\">TERMINI<\/span><\/strong><\/h4>\n<\/td>\n<\/tr>\n<tr>\n<td style=\"width: 50%; background-color: #cfedfc; text-align: center;\">\n<h4><span style=\"color: #000000;\">cliqueu <a style=\"color: #000000;\" href=\"https:\/\/agora-eoi.xtec.cat\/eoibanyoles\/wp-content\/uploads\/usu2302\/2022\/05\/sol_convocatoriaadiccional.pdf\" target=\"_blank\" rel=\"noopener\">AQU\u00cd<\/a><\/span><\/h4>\n<\/td>\n<td style=\"width: 50%; background-color: #cfedfc; text-align: center;\">\n<h4><span style=\"color: #ff0000;\"><strong>primera quinzena de juliol<\/strong><\/span><\/h4>\n<\/td>\n<\/tr>\n<\/tbody>\n<\/table>\n<p>&nbsp;<\/p>\n","protected":false},"excerpt":{"rendered":"<p>NOMBRE DE MATRICULACIONS Dins de cada nivell, l&#8217;alumnat t\u00e9 dret a romandre matriculat en el r\u00e8gim d&#8217;ensenyament oficial, modalitat presencial, durant un m\u00e0xim de cursos acad\u00e8mics equivalents al doble dels cursos de qu\u00e8 consta el nivell per a l&#8217;idioma corresponent. NIVELL NOMBRE DE MATRICULACIONS Nivell B\u00e0sic (cursos A1 i A2) es podr\u00e0 matricular dins d&#8217;aquest [&hellip;]<\/p>\n","protected":false},"author":1,"featured_media":0,"parent":8411,"menu_order":12,"comment_status":"closed","ping_status":"closed","template":"page-templates\/side-menu.php","meta":{"_bbp_topic_count":0,"_bbp_reply_count":0,"_bbp_total_topic_count":0,"_bbp_total_reply_count":0,"_bbp_voice_count":0,"_bbp_anonymous_reply_count":0,"_bbp_topic_count_hidden":0,"_bbp_reply_count_hidden":0,"_bbp_forum_subforum_count":0,"site-sidebar-layout":"default","site-content-layout":"","ast-site-content-layout":"","site-content-style":"default","site-sidebar-style":"default","ast-global-header-display":"","ast-banner-title-visibility":"","ast-main-header-display":"","ast-hfb-above-header-display":"","ast-hfb-below-header-display":"","ast-hfb-mobile-header-display":"","site-post-title":"","ast-breadcrumbs-content":"","ast-featured-img":"","footer-sml-layout":"","theme-transparent-header-meta":"","adv-header-id-meta":"","stick-header-meta":"","header-above-stick-meta":"","header-main-stick-meta":"","header-below-stick-meta":"","astra-migrate-meta-layouts":"default","ast-page-background-enabled":"default","ast-page-background-meta":{"desktop":{"background-color":"var(--ast-global-color-4)","background-image":"","background-repeat":"repeat","background-position":"center center","background-size":"auto","background-attachment":"scroll","background-type":"","background-media":"","overlay-type":"","overlay-color":"","overlay-opacity":"","overlay-gradient":""},"tablet":{"background-color":"","background-image":"","background-repeat":"repeat","background-position":"center center","background-size":"auto","background-attachment":"scroll","background-type":"","background-media":"","overlay-type":"","overlay-color":"","overlay-opacity":"","overlay-gradient":""},"mobile":{"background-color":"","background-image":"","background-repeat":"repeat","background-position":"center center","background-size":"auto","background-attachment":"scroll","background-type":"","background-media":"","overlay-type":"","overlay-color":"","overlay-opacity":"","overlay-gradient":""}},"ast-content-background-meta":{"desktop":{"background-color":"var(--ast-global-color-5)","background-image":"","background-repeat":"repeat","background-position":"center center","background-size":"auto","background-attachment":"scroll","background-type":"","background-media":"","overlay-type":"","overlay-color":"","overlay-opacity":"","overlay-gradient":""},"tablet":{"background-color":"var(--ast-global-color-5)","background-image":"","background-repeat":"repeat","background-position":"center center","background-size":"auto","background-attachment":"scroll","background-type":"","background-media":"","overlay-type":"","overlay-color":"","overlay-opacity":"","overlay-gradient":""},"mobile":{"background-color":"var(--ast-global-color-5)","background-image":"","background-repeat":"repeat","background-position":"center center","background-size":"auto","background-attachment":"scroll","background-type":"","background-media":"","overlay-type":"","overlay-color":"","overlay-opacity":"","overlay-gradient":""}},"footnotes":""},"class_list":["post-8940","page","type-page","status-publish","hentry"],"post_mailing_queue_ids":[],"_links":{"self":[{"href":"https:\/\/agora-eoi.xtec.cat\/eoibanyoles\/wp-json\/wp\/v2\/pages\/8940","targetHints":{"allow":["GET"]}}],"collection":[{"href":"https:\/\/agora-eoi.xtec.cat\/eoibanyoles\/wp-json\/wp\/v2\/pages"}],"about":[{"href":"https:\/\/agora-eoi.xtec.cat\/eoibanyoles\/wp-json\/wp\/v2\/types\/page"}],"author":[{"embeddable":true,"href":"https:\/\/agora-eoi.xtec.cat\/eoibanyoles\/wp-json\/wp\/v2\/users\/1"}],"replies":[{"embeddable":true,"href":"https:\/\/agora-eoi.xtec.cat\/eoibanyoles\/wp-json\/wp\/v2\/comments?post=8940"}],"version-history":[{"count":4,"href":"https:\/\/agora-eoi.xtec.cat\/eoibanyoles\/wp-json\/wp\/v2\/pages\/8940\/revisions"}],"predecessor-version":[{"id":10403,"href":"https:\/\/agora-eoi.xtec.cat\/eoibanyoles\/wp-json\/wp\/v2\/pages\/8940\/revisions\/10403"}],"up":[{"embeddable":true,"href":"https:\/\/agora-eoi.xtec.cat\/eoibanyoles\/wp-json\/wp\/v2\/pages\/8411"}],"wp:attachment":[{"href":"https:\/\/agora-eoi.xtec.cat\/eoibanyoles\/wp-json\/wp\/v2\/media?parent=8940"}],"curies":[{"name":"wp","href":"https:\/\/api.w.org\/{rel}","templated":true}]}}