{"id":8927,"date":"2022-03-21T16:00:48","date_gmt":"2022-03-21T15:00:48","guid":{"rendered":"https:\/\/agora-eoi.xtec.cat\/eoibanyoles\/?page_id=8927"},"modified":"2024-06-26T09:15:56","modified_gmt":"2024-06-26T07:15:56","slug":"reclamacions-sobre-les-qualificacions","status":"publish","type":"page","link":"https:\/\/agora-eoi.xtec.cat\/eoibanyoles\/serveis\/reclamacions-sobre-les-qualificacions\/","title":{"rendered":"Reclamacions sobre les qualificacions"},"content":{"rendered":"<p style=\"text-align: justify;\">En cas de no estar d&#8217;acord amb els resultats del curs obtinguts, es recomana consultar-ho primer amb el professorat. Si el desacord no es pot resoldre per aquesta via, es podr\u00e0 formalitzar una reclamaci\u00f3. Caldr\u00e0 fer-ho omplint la inst\u00e0ncia general i fer-la arribar a l&#8217;escola. Les sol\u00b7licituds de reclamacions s&#8217;hauran de presentar durant els tres primers dies h\u00e0bils despr\u00e9s de la publicaci\u00f3 dels resultats.<\/p>\n<table style=\"border-collapse: collapse; width: 45.8288%;\">\n<tbody>\n<tr>\n<td style=\"width: 100%; background-color: #73a0f5; text-align: center;\">\n<h4><strong><span style=\"color: #000000;\">Inst\u00e0ncia general<\/span><\/strong><\/h4>\n<\/td>\n<\/tr>\n<tr>\n<td style=\"width: 100%; background-color: #cfedfc; text-align: center;\">\n<h4><span style=\"color: #000000;\">cliqueu <a href=\"https:\/\/agora-eoi.xtec.cat\/eoibanyoles\/wp-content\/uploads\/usu2302\/2024\/06\/ins_eoibanyoles-1.pdf\" target=\"_blank\" rel=\"noopener\">AQU\u00cd<\/a><\/span><\/h4>\n<\/td>\n<\/tr>\n<\/tbody>\n<\/table>\n<p>Aquest model \u00e9s v\u00e0lid per fer qualsevol sol\u00b7licitud al centre.<\/p>\n","protected":false},"excerpt":{"rendered":"<p>En cas de no estar d&#8217;acord amb els resultats del curs obtinguts, es recomana consultar-ho primer amb el professorat. Si el desacord no es pot resoldre per aquesta via, es podr\u00e0 formalitzar una reclamaci\u00f3. Caldr\u00e0 fer-ho omplint la inst\u00e0ncia general i fer-la arribar a l&#8217;escola. Les sol\u00b7licituds de reclamacions s&#8217;hauran de presentar durant els tres [&hellip;]<\/p>\n","protected":false},"author":1,"featured_media":0,"parent":8411,"menu_order":11,"comment_status":"closed","ping_status":"closed","template":"page-templates\/side-menu.php","meta":{"_bbp_topic_count":0,"_bbp_reply_count":0,"_bbp_total_topic_count":0,"_bbp_total_reply_count":0,"_bbp_voice_count":0,"_bbp_anonymous_reply_count":0,"_bbp_topic_count_hidden":0,"_bbp_reply_count_hidden":0,"_bbp_forum_subforum_count":0,"site-sidebar-layout":"default","site-content-layout":"","ast-site-content-layout":"","site-content-style":"default","site-sidebar-style":"default","ast-global-header-display":"","ast-banner-title-visibility":"","ast-main-header-display":"","ast-hfb-above-header-display":"","ast-hfb-below-header-display":"","ast-hfb-mobile-header-display":"","site-post-title":"","ast-breadcrumbs-content":"","ast-featured-img":"","footer-sml-layout":"","theme-transparent-header-meta":"","adv-header-id-meta":"","stick-header-meta":"","header-above-stick-meta":"","header-main-stick-meta":"","header-below-stick-meta":"","astra-migrate-meta-layouts":"default","ast-page-background-enabled":"default","ast-page-background-meta":{"desktop":{"background-color":"var(--ast-global-color-4)","background-image":"","background-repeat":"repeat","background-position":"center center","background-size":"auto","background-attachment":"scroll","background-type":"","background-media":"","overlay-type":"","overlay-color":"","overlay-opacity":"","overlay-gradient":""},"tablet":{"background-color":"","background-image":"","background-repeat":"repeat","background-position":"center center","background-size":"auto","background-attachment":"scroll","background-type":"","background-media":"","overlay-type":"","overlay-color":"","overlay-opacity":"","overlay-gradient":""},"mobile":{"background-color":"","background-image":"","background-repeat":"repeat","background-position":"center center","background-size":"auto","background-attachment":"scroll","background-type":"","background-media":"","overlay-type":"","overlay-color":"","overlay-opacity":"","overlay-gradient":""}},"ast-content-background-meta":{"desktop":{"background-color":"var(--ast-global-color-5)","background-image":"","background-repeat":"repeat","background-position":"center center","background-size":"auto","background-attachment":"scroll","background-type":"","background-media":"","overlay-type":"","overlay-color":"","overlay-opacity":"","overlay-gradient":""},"tablet":{"background-color":"var(--ast-global-color-5)","background-image":"","background-repeat":"repeat","background-position":"center center","background-size":"auto","background-attachment":"scroll","background-type":"","background-media":"","overlay-type":"","overlay-color":"","overlay-opacity":"","overlay-gradient":""},"mobile":{"background-color":"var(--ast-global-color-5)","background-image":"","background-repeat":"repeat","background-position":"center center","background-size":"auto","background-attachment":"scroll","background-type":"","background-media":"","overlay-type":"","overlay-color":"","overlay-opacity":"","overlay-gradient":""}},"footnotes":""},"class_list":["post-8927","page","type-page","status-publish","hentry"],"post_mailing_queue_ids":[],"_links":{"self":[{"href":"https:\/\/agora-eoi.xtec.cat\/eoibanyoles\/wp-json\/wp\/v2\/pages\/8927","targetHints":{"allow":["GET"]}}],"collection":[{"href":"https:\/\/agora-eoi.xtec.cat\/eoibanyoles\/wp-json\/wp\/v2\/pages"}],"about":[{"href":"https:\/\/agora-eoi.xtec.cat\/eoibanyoles\/wp-json\/wp\/v2\/types\/page"}],"author":[{"embeddable":true,"href":"https:\/\/agora-eoi.xtec.cat\/eoibanyoles\/wp-json\/wp\/v2\/users\/1"}],"replies":[{"embeddable":true,"href":"https:\/\/agora-eoi.xtec.cat\/eoibanyoles\/wp-json\/wp\/v2\/comments?post=8927"}],"version-history":[{"count":4,"href":"https:\/\/agora-eoi.xtec.cat\/eoibanyoles\/wp-json\/wp\/v2\/pages\/8927\/revisions"}],"predecessor-version":[{"id":12292,"href":"https:\/\/agora-eoi.xtec.cat\/eoibanyoles\/wp-json\/wp\/v2\/pages\/8927\/revisions\/12292"}],"up":[{"embeddable":true,"href":"https:\/\/agora-eoi.xtec.cat\/eoibanyoles\/wp-json\/wp\/v2\/pages\/8411"}],"wp:attachment":[{"href":"https:\/\/agora-eoi.xtec.cat\/eoibanyoles\/wp-json\/wp\/v2\/media?parent=8927"}],"curies":[{"name":"wp","href":"https:\/\/api.w.org\/{rel}","templated":true}]}}