{"id":8925,"date":"2022-03-21T16:00:26","date_gmt":"2022-03-21T15:00:26","guid":{"rendered":"https:\/\/agora-eoi.xtec.cat\/eoibanyoles\/?page_id=8925"},"modified":"2024-06-26T09:10:52","modified_gmt":"2024-06-26T07:10:52","slug":"alumnes-amb-necessitats-especifiques","status":"publish","type":"page","link":"https:\/\/agora-eoi.xtec.cat\/eoibanyoles\/serveis\/alumnes-amb-necessitats-especifiques\/","title":{"rendered":"Alumnat amb necessitats espec\u00edfiques"},"content":{"rendered":"<p style=\"text-align: justify;\">Els aspirants amb necessitats espec\u00edfiques derivades de discapacitats f\u00edsiques, ps\u00edquiques o sensorials (o altres trastorns greus que tenen el reconeixement oficial de la situaci\u00f3 de discapacitat) poden sol\u00b7licitar els recursos addicionals necessaris per desenvolupar la prova d&#8217;avaluaci\u00f3.<\/p>\n<table style=\"border-collapse: collapse; width: 100%;\">\n<tbody>\n<tr>\n<td style=\"width: 63.9697%; background-color: #73a0f5; text-align: center;\">\n<h4><span style=\"color: #000000;\"><strong>DOCUMENTS QUE CAL APORTAR<\/strong><\/span><\/h4>\n<\/td>\n<td style=\"width: 15.7539%; background-color: #73a0f5; text-align: center;\" colspan=\"2\">\n<h4><span style=\"color: #000000;\"><strong>SOL\u00b7LICITUD<\/strong><\/span><\/h4>\n<\/td>\n<\/tr>\n<tr>\n<td style=\"width: 63.9697%; background-color: #cfedfc;\">\n<h4 style=\"text-align: justify;\"><span style=\"color: #000000;\">a) Certificat de reconeixement de discapacitat del Departament de Treball, Afers Socials i Fam\u00edlies en qu\u00e8 s&#8217;informi del grau de la discapacitat reconeguda i\/o certificat m\u00e8dic oficial<\/span><\/h4>\n<\/td>\n<td style=\"width: 15.7539%; background-color: #cfedfc; text-align: center;\" colspan=\"2\" rowspan=\"3\">\n<h4><span style=\"color: #000000;\">clicant <a style=\"color: #000000;\" href=\"http:\/\/eoibanyoles.cat\/wordpress\/wp-content\/uploads\/2022\/02\/adaptacio.pdf\" target=\"_blank\" rel=\"noopener\">AQU\u00cd<\/a><\/span><\/h4>\n<h4><span style=\"color: #000000;\">\u00a0<\/span><\/h4>\n<h4><span style=\"color: #000000;\">\u00a0<\/span><\/h4>\n<h4><\/h4>\n<h4><strong><span style=\"color: #000000;\"><span style=\"color: #ff0000;\"><em>\u00a0<\/em><\/span><\/span><\/strong><\/h4>\n<h4><strong><span style=\"color: #000000;\"><span style=\"color: #ff0000;\"><em>\u00a0<\/em><\/span><\/span><\/strong><\/h4>\n<\/td>\n<\/tr>\n<tr>\n<td style=\"width: 63.9697%; background-color: #cfedfc;\">\n<h4 style=\"text-align: justify;\"><span style=\"color: #000000;\">b) Certificat em\u00e8s per l&#8217;organisme acreditat corresponent en qu\u00e8 s&#8217;informi de les caracter\u00edstiques de la discapacitat o trastorn, si escau<\/span><\/h4>\n<\/td>\n<\/tr>\n<tr>\n<td style=\"width: 63.9697%; background-color: #cfedfc;\">\n<h4 style=\"text-align: justify;\"><span style=\"color: #000000;\">c) Documentaci\u00f3 justificativa de modificacions i adaptacions curriculars, autoritzades pel Departament d&#8217;Educaci\u00f3 durant els \u00faltims estudis cursats en el sistema educatiu, si escau<\/span><\/h4>\n<\/td>\n<\/tr>\n<\/tbody>\n<\/table>\n<p>S&#8217;haur\u00e0 d\u00b4especificar el tipus d&#8217;adaptaci\u00f3 que es demana: temps extra, taula, auriculars, ordinador, ampliaci\u00f3 examen, etc.<\/p>\n<p>Es pot fer arribar aquesta documentaci\u00f3 a la secretaria de l&#8217;escola o al correu de l&#8217;escola: <strong>eoibanyoles@xtec.cat\u00a0<\/strong><\/p>\n<p>&nbsp;<\/p>\n","protected":false},"excerpt":{"rendered":"<p>Els aspirants amb necessitats espec\u00edfiques derivades de discapacitats f\u00edsiques, ps\u00edquiques o sensorials (o altres trastorns greus que tenen el reconeixement oficial de la situaci\u00f3 de discapacitat) poden sol\u00b7licitar els recursos addicionals necessaris per desenvolupar la prova d&#8217;avaluaci\u00f3. DOCUMENTS QUE CAL APORTAR SOL\u00b7LICITUD a) Certificat de reconeixement de discapacitat del Departament de Treball, Afers Socials i [&hellip;]<\/p>\n","protected":false},"author":1,"featured_media":0,"parent":8411,"menu_order":10,"comment_status":"closed","ping_status":"closed","template":"page-templates\/side-menu.php","meta":{"_bbp_topic_count":0,"_bbp_reply_count":0,"_bbp_total_topic_count":0,"_bbp_total_reply_count":0,"_bbp_voice_count":0,"_bbp_anonymous_reply_count":0,"_bbp_topic_count_hidden":0,"_bbp_reply_count_hidden":0,"_bbp_forum_subforum_count":0,"site-sidebar-layout":"default","site-content-layout":"","ast-site-content-layout":"","site-content-style":"default","site-sidebar-style":"default","ast-global-header-display":"","ast-banner-title-visibility":"","ast-main-header-display":"","ast-hfb-above-header-display":"","ast-hfb-below-header-display":"","ast-hfb-mobile-header-display":"","site-post-title":"","ast-breadcrumbs-content":"","ast-featured-img":"","footer-sml-layout":"","theme-transparent-header-meta":"","adv-header-id-meta":"","stick-header-meta":"","header-above-stick-meta":"","header-main-stick-meta":"","header-below-stick-meta":"","astra-migrate-meta-layouts":"default","ast-page-background-enabled":"default","ast-page-background-meta":{"desktop":{"background-color":"var(--ast-global-color-4)","background-image":"","background-repeat":"repeat","background-position":"center center","background-size":"auto","background-attachment":"scroll","background-type":"","background-media":"","overlay-type":"","overlay-color":"","overlay-opacity":"","overlay-gradient":""},"tablet":{"background-color":"","background-image":"","background-repeat":"repeat","background-position":"center center","background-size":"auto","background-attachment":"scroll","background-type":"","background-media":"","overlay-type":"","overlay-color":"","overlay-opacity":"","overlay-gradient":""},"mobile":{"background-color":"","background-image":"","background-repeat":"repeat","background-position":"center center","background-size":"auto","background-attachment":"scroll","background-type":"","background-media":"","overlay-type":"","overlay-color":"","overlay-opacity":"","overlay-gradient":""}},"ast-content-background-meta":{"desktop":{"background-color":"var(--ast-global-color-5)","background-image":"","background-repeat":"repeat","background-position":"center center","background-size":"auto","background-attachment":"scroll","background-type":"","background-media":"","overlay-type":"","overlay-color":"","overlay-opacity":"","overlay-gradient":""},"tablet":{"background-color":"var(--ast-global-color-5)","background-image":"","background-repeat":"repeat","background-position":"center center","background-size":"auto","background-attachment":"scroll","background-type":"","background-media":"","overlay-type":"","overlay-color":"","overlay-opacity":"","overlay-gradient":""},"mobile":{"background-color":"var(--ast-global-color-5)","background-image":"","background-repeat":"repeat","background-position":"center center","background-size":"auto","background-attachment":"scroll","background-type":"","background-media":"","overlay-type":"","overlay-color":"","overlay-opacity":"","overlay-gradient":""}},"footnotes":""},"class_list":["post-8925","page","type-page","status-publish","hentry"],"post_mailing_queue_ids":[],"_links":{"self":[{"href":"https:\/\/agora-eoi.xtec.cat\/eoibanyoles\/wp-json\/wp\/v2\/pages\/8925","targetHints":{"allow":["GET"]}}],"collection":[{"href":"https:\/\/agora-eoi.xtec.cat\/eoibanyoles\/wp-json\/wp\/v2\/pages"}],"about":[{"href":"https:\/\/agora-eoi.xtec.cat\/eoibanyoles\/wp-json\/wp\/v2\/types\/page"}],"author":[{"embeddable":true,"href":"https:\/\/agora-eoi.xtec.cat\/eoibanyoles\/wp-json\/wp\/v2\/users\/1"}],"replies":[{"embeddable":true,"href":"https:\/\/agora-eoi.xtec.cat\/eoibanyoles\/wp-json\/wp\/v2\/comments?post=8925"}],"version-history":[{"count":6,"href":"https:\/\/agora-eoi.xtec.cat\/eoibanyoles\/wp-json\/wp\/v2\/pages\/8925\/revisions"}],"predecessor-version":[{"id":12290,"href":"https:\/\/agora-eoi.xtec.cat\/eoibanyoles\/wp-json\/wp\/v2\/pages\/8925\/revisions\/12290"}],"up":[{"embeddable":true,"href":"https:\/\/agora-eoi.xtec.cat\/eoibanyoles\/wp-json\/wp\/v2\/pages\/8411"}],"wp:attachment":[{"href":"https:\/\/agora-eoi.xtec.cat\/eoibanyoles\/wp-json\/wp\/v2\/media?parent=8925"}],"curies":[{"name":"wp","href":"https:\/\/api.w.org\/{rel}","templated":true}]}}