{"id":8919,"date":"2022-03-21T15:58:58","date_gmt":"2022-03-21T14:58:58","guid":{"rendered":"https:\/\/agora-eoi.xtec.cat\/eoibanyoles\/?page_id=8919"},"modified":"2026-03-04T17:46:37","modified_gmt":"2026-03-04T16:46:37","slug":"certificats","status":"publish","type":"page","link":"https:\/\/agora-eoi.xtec.cat\/eoibanyoles\/serveis\/certificats\/","title":{"rendered":"Expedici\u00f3 certificats i t\u00edtols"},"content":{"rendered":"<table style=\"border-collapse: collapse; width: 100%;\">\n<tbody>\n<tr>\n<td style=\"width: 100%; background-color: #a0ebce; text-align: center;\">\n<h4><span style=\"color: #000000;\"><strong>Certificat A2 i B1<\/strong><\/span><\/h4>\n<\/td>\n<\/tr>\n<\/tbody>\n<\/table>\n<h5 style=\"text-align: center;\"><span style=\"color: #000000;\"><strong>a partir de l&#8217;1 de juliol<\/strong><\/span><\/h5>\n<p>&nbsp;<\/p>\n<h5 style=\"text-align: justify;\"><span style=\"color: #000000;\">Un cop superada la prova del Nivell <strong>A2<\/strong> o del Nivell <strong>B1<\/strong>, l\u2019alumnat obt\u00e9 el certificat sense haver de sol\u00b7licitar-lo. Es pot recollir a la secretaria de l&#8217;escola a partir de l&#8217;1 de juliol. Caldr\u00e0 venir personalment i signar en el registre de certificats.<\/span><\/h5>\n<p>&nbsp;<\/p>\n<table style=\"border-collapse: collapse; width: 99.6982%; height: 64px;\">\n<tbody>\n<tr style=\"height: 32px;\">\n<td style=\"width: 100%; background-color: #73a0f5; text-align: center; height: 32px;\">\n<h5><span style=\"color: #000000;\"><strong>Documentaci\u00f3 que cal presentar a Secretaria<\/strong><\/span><\/h5>\n<\/td>\n<\/tr>\n<tr style=\"height: 32px;\">\n<td style=\"width: 100%; background-color: #cfedfc; text-align: center; height: 32px;\">\n<h5><span style=\"color: #000000;\">DNI, NIE o passaport<\/span><\/h5>\n<\/td>\n<\/tr>\n<\/tbody>\n<\/table>\n<p>&nbsp;<\/p>\n<table style=\"border-collapse: collapse; width: 99.7965%;\">\n<tbody>\n<tr>\n<td style=\"width: 100%; background-color: #73a0f5; text-align: center;\">\n<h5><span style=\"color: #000000;\"><strong>Documentaci\u00f3 en cas que vingui una altra persona<\/strong><\/span><\/h5>\n<\/td>\n<\/tr>\n<tr>\n<td style=\"width: 100%; background-color: #cfedfc; text-align: center;\">\n<h5><span style=\"color: #000000;\">document d&#8217;autoritzaci\u00f3 clicant <a style=\"color: #000000;\" href=\"http:\/\/eoibanyoles.cat\/wordpress\/wp-content\/uploads\/2021\/06\/autoritzacio-titol-tots-nivells.pdf\" target=\"_blank\" rel=\"noopener\">AQU\u00cd\u00a0<\/a><\/span><\/h5>\n<\/td>\n<\/tr>\n<tr>\n<td style=\"width: 100%; background-color: #e8f4fa; text-align: center;\">\n<h5><span style=\"color: #000000;\">fotoc\u00f2pia del DNI de la persona sol\u00b7licitant del certificat<\/span><\/h5>\n<\/td>\n<\/tr>\n<\/tbody>\n<\/table>\n<p>&nbsp;<\/p>\n<table style=\"border-collapse: collapse; width: 100%;\">\n<tbody>\n<tr>\n<td style=\"width: 100%; background-color: #a0ebce; text-align: center;\">\n<h4><span style=\"color: #000000;\"><strong>Certificats i t\u00edtols B2 i C1<\/strong><\/span><\/h4>\n<\/td>\n<\/tr>\n<\/tbody>\n<\/table>\n<h5 style=\"text-align: center;\"><span style=\"color: #000000;\"><strong>a partir del 15 de juliol<\/strong><\/span><\/h5>\n<p>&nbsp;<\/p>\n<h5 style=\"text-align: justify;\"><span style=\"color: #000000;\"><span style=\"text-decoration: underline;\">Certificaci\u00f3 acad\u00e8mica<\/span>: Una vegada superada la prova del Nivell <strong>B2<\/strong> o del Nivell <strong>C1<\/strong>, es pot demanar una certificaci\u00f3 acad\u00e8mica gratu\u00efta a la secretaria del centre a partir del 15 de juliol.\u00a0<\/span><\/h5>\n<p>&nbsp;<\/p>\n<h5 style=\"text-align: justify;\"><span style=\"color: #000000;\"><strong><u>T\u00edtol<\/u>: l&#8217;alumnat que hagi superat les proves de certificaci\u00f3 del Nivell B2, C1 o C2 podr\u00e0 sol\u00b7licitar el t\u00edtol per mitj\u00e0 d&#8217;aquest <a href=\"https:\/\/tramits.gencat.cat\/ca\/tramits\/tramits-temes\/titols-academics-no-universitaris?category=742b7874-a82c-11e3-a972-000c29052e2c\" target=\"_blank\" rel=\"noopener\">enlla\u00e7<\/a> i informar-ne a la secretaria de l&#8217;EOI perqu\u00e8 el centre ho pugui validar.<\/strong><\/span><\/h5>\n<p>&nbsp;<\/p>\n<h5 style=\"text-align: justify;\"><span style=\"color: #000000;\"><strong>Despr\u00e9s de rebre la notificaci\u00f3 de rebuda del certificat, caldr\u00e0 recollir-lo personalment a la secretaria del centre amb el DNI, passaport o NIE i el resguard del pagament de les taxes. En cas de no poder fer el tr\u00e0mit personalment, ho podr\u00e0 fer una altra persona sempre i quan porti el document d&#8217;autoritzaci\u00f3 signat.<\/strong><\/span><\/h5>\n<p>&nbsp;<\/p>\n<table style=\"border-collapse: collapse; width: 99.7965%;\">\n<tbody>\n<tr>\n<td style=\"width: 100%; background-color: #73a0f5; text-align: center;\">\n<h5><span style=\"color: #000000;\"><strong>Documentaci\u00f3 que cal presentar a Secretaria<\/strong><\/span><\/h5>\n<\/td>\n<\/tr>\n<tr>\n<td style=\"width: 100%; background-color: #e8f4fa; text-align: center;\">\n<h5><span style=\"color: #000000;\">DNI, NIE o passaport<\/span><\/h5>\n<\/td>\n<\/tr>\n<tr>\n<td style=\"width: 100%; background-color: #cfedfc; text-align: center;\">\n<h5><span style=\"color: #000000;\">Carnet de fam\u00edlia nombrosa i\/o monoparental en vig\u00e8ncia, si escau.<\/span><\/h5>\n<\/td>\n<\/tr>\n<tr>\n<td style=\"width: 100%; background-color: #e8f4fa; text-align: center;\">\n<h5><span style=\"color: #000000;\">Certificat de discapacitat igual o superior al 33%, si escau<\/span><\/h5>\n<\/td>\n<\/tr>\n<\/tbody>\n<\/table>\n<p>&nbsp;<\/p>\n<table style=\"border-collapse: collapse; width: 99.9975%;\">\n<tbody>\n<tr>\n<td style=\"width: 100%; background-color: #73a0f5; text-align: center;\">\n<h5><span style=\"color: #000000;\"><strong>Documentaci\u00f3 en cas que vingui una altra persona<\/strong><\/span><\/h5>\n<\/td>\n<\/tr>\n<tr>\n<td style=\"width: 100%; background-color: #cfedfc; text-align: center;\">\n<h5><span style=\"color: #000000;\">document d&#8217;autoritzaci\u00f3 clicant <a style=\"color: #000000;\" href=\"http:\/\/eoibanyoles.cat\/wordpress\/wp-content\/uploads\/2021\/06\/autoritzacio-titol-tots-nivells.pdf\" target=\"_blank\" rel=\"noopener\">AQU\u00cd\u00a0<\/a><\/span><\/h5>\n<\/td>\n<\/tr>\n<tr>\n<td style=\"width: 100%; background-color: #e8f4fa; text-align: center;\">\n<h5><span style=\"color: #000000;\">fotoc\u00f2pia del DNI de la persona sol\u00b7licitant del certificat<\/span><\/h5>\n<\/td>\n<\/tr>\n<\/tbody>\n<\/table>\n<p>&nbsp;<\/p>\n<table style=\"border-collapse: collapse; width: 100%;\">\n<tbody>\n<tr>\n<td style=\"width: 100%; background-color: #a0ebce; text-align: center;\">\n<h4><span style=\"color: #000000;\"><strong>Taxes d&#8217;expedici\u00f3<\/strong><\/span><\/h4>\n<\/td>\n<\/tr>\n<\/tbody>\n<\/table>\n<p><span style=\"color: #000000;\">Podeu consultar les taxes d&#8217;expedici\u00f3 de t\u00edtols acad\u00e8mics i professionals clicant <a style=\"color: #000000;\" href=\"http:\/\/educacio.gencat.cat\/ca\/departament\/normativa\/taxes-preus-publics\/taxes\/\" target=\"_blank\" rel=\"noopener\">AQU\u00cd<\/a>.<\/span><\/p>\n<p><span style=\"color: #000000;\">Per accedir al document, podeu clicar <a style=\"color: #000000;\" href=\"https:\/\/agora-eoi.xtec.cat\/eoibanyoles\/wp-content\/uploads\/usu2302\/2022\/03\/autoritzacio-titol-tots-nivells.pdf\" target=\"_blank\" rel=\"noopener\">AQU\u00cd<\/a>.<\/span><\/p>\n<p><span style=\"color: #000000;\">Consulta l&#8217;estat del t\u00edtol de B2, C1 i C2 al Registre de t\u00edtols no universitaris (MEC) clicant <a style=\"color: #000000;\" href=\"https:\/\/www.educacionfpydeportes.gob.es\/servicios-al-ciudadano\/catalogo\/gestion-titulos\/estudios-no-universitarios\/titulos-espanoles\/consulta-titulos-no-universitarios.html\" target=\"_blank\" rel=\"noopener\">AQU\u00cd<\/a>.<\/span><\/p>\n","protected":false},"excerpt":{"rendered":"<p>Certificat A2 i B1 a partir de l&#8217;1 de juliol &nbsp; Un cop superada la prova del Nivell A2 o del Nivell B1, l\u2019alumnat obt\u00e9 el certificat sense haver de sol\u00b7licitar-lo. Es pot recollir a la secretaria de l&#8217;escola a partir de l&#8217;1 de juliol. Caldr\u00e0 venir personalment i signar en el registre de certificats. [&hellip;]<\/p>\n","protected":false},"author":1,"featured_media":0,"parent":8411,"menu_order":7,"comment_status":"closed","ping_status":"closed","template":"","meta":{"_bbp_topic_count":0,"_bbp_reply_count":0,"_bbp_total_topic_count":0,"_bbp_total_reply_count":0,"_bbp_voice_count":0,"_bbp_anonymous_reply_count":0,"_bbp_topic_count_hidden":0,"_bbp_reply_count_hidden":0,"_bbp_forum_subforum_count":0,"site-sidebar-layout":"default","site-content-layout":"","ast-site-content-layout":"default","site-content-style":"default","site-sidebar-style":"default","ast-global-header-display":"","ast-banner-title-visibility":"","ast-main-header-display":"","ast-hfb-above-header-display":"","ast-hfb-below-header-display":"","ast-hfb-mobile-header-display":"","site-post-title":"","ast-breadcrumbs-content":"","ast-featured-img":"","footer-sml-layout":"","theme-transparent-header-meta":"default","adv-header-id-meta":"","stick-header-meta":"","header-above-stick-meta":"","header-main-stick-meta":"","header-below-stick-meta":"","astra-migrate-meta-layouts":"set","ast-page-background-enabled":"default","ast-page-background-meta":{"desktop":{"background-color":"var(--ast-global-color-4)","background-image":"","background-repeat":"repeat","background-position":"center center","background-size":"auto","background-attachment":"scroll","background-type":"","background-media":"","overlay-type":"","overlay-color":"","overlay-opacity":"","overlay-gradient":""},"tablet":{"background-color":"","background-image":"","background-repeat":"repeat","background-position":"center center","background-size":"auto","background-attachment":"scroll","background-type":"","background-media":"","overlay-type":"","overlay-color":"","overlay-opacity":"","overlay-gradient":""},"mobile":{"background-color":"","background-image":"","background-repeat":"repeat","background-position":"center center","background-size":"auto","background-attachment":"scroll","background-type":"","background-media":"","overlay-type":"","overlay-color":"","overlay-opacity":"","overlay-gradient":""}},"ast-content-background-meta":{"desktop":{"background-color":"var(--ast-global-color-5)","background-image":"","background-repeat":"repeat","background-position":"center center","background-size":"auto","background-attachment":"scroll","background-type":"","background-media":"","overlay-type":"","overlay-color":"","overlay-opacity":"","overlay-gradient":""},"tablet":{"background-color":"var(--ast-global-color-5)","background-image":"","background-repeat":"repeat","background-position":"center center","background-size":"auto","background-attachment":"scroll","background-type":"","background-media":"","overlay-type":"","overlay-color":"","overlay-opacity":"","overlay-gradient":""},"mobile":{"background-color":"var(--ast-global-color-5)","background-image":"","background-repeat":"repeat","background-position":"center center","background-size":"auto","background-attachment":"scroll","background-type":"","background-media":"","overlay-type":"","overlay-color":"","overlay-opacity":"","overlay-gradient":""}},"footnotes":""},"class_list":["post-8919","page","type-page","status-publish","hentry"],"post_mailing_queue_ids":[],"_links":{"self":[{"href":"https:\/\/agora-eoi.xtec.cat\/eoibanyoles\/wp-json\/wp\/v2\/pages\/8919","targetHints":{"allow":["GET"]}}],"collection":[{"href":"https:\/\/agora-eoi.xtec.cat\/eoibanyoles\/wp-json\/wp\/v2\/pages"}],"about":[{"href":"https:\/\/agora-eoi.xtec.cat\/eoibanyoles\/wp-json\/wp\/v2\/types\/page"}],"author":[{"embeddable":true,"href":"https:\/\/agora-eoi.xtec.cat\/eoibanyoles\/wp-json\/wp\/v2\/users\/1"}],"replies":[{"embeddable":true,"href":"https:\/\/agora-eoi.xtec.cat\/eoibanyoles\/wp-json\/wp\/v2\/comments?post=8919"}],"version-history":[{"count":6,"href":"https:\/\/agora-eoi.xtec.cat\/eoibanyoles\/wp-json\/wp\/v2\/pages\/8919\/revisions"}],"predecessor-version":[{"id":13939,"href":"https:\/\/agora-eoi.xtec.cat\/eoibanyoles\/wp-json\/wp\/v2\/pages\/8919\/revisions\/13939"}],"up":[{"embeddable":true,"href":"https:\/\/agora-eoi.xtec.cat\/eoibanyoles\/wp-json\/wp\/v2\/pages\/8411"}],"wp:attachment":[{"href":"https:\/\/agora-eoi.xtec.cat\/eoibanyoles\/wp-json\/wp\/v2\/media?parent=8919"}],"curies":[{"name":"wp","href":"https:\/\/api.w.org\/{rel}","templated":true}]}}