{"id":8916,"date":"2022-03-21T15:56:08","date_gmt":"2022-03-21T14:56:08","guid":{"rendered":"https:\/\/agora-eoi.xtec.cat\/eoibanyoles\/?page_id=8916"},"modified":"2024-11-15T16:39:32","modified_gmt":"2024-11-15T15:39:32","slug":"hi","status":"publish","type":"page","link":"https:\/\/agora-eoi.xtec.cat\/eoibanyoles\/serveis\/hi\/","title":{"rendered":"Ren\u00fancia de convocat\u00f2ria"},"content":{"rendered":"<p style=\"text-align: justify;\">L\u2019alumnat oficial podr\u00e0 presentar a la direcci\u00f3 de l\u2019escola la ren\u00fancia a la matriculaci\u00f3 a un idioma. Aquesta ren\u00fancia no suposar\u00e0 el c\u00f2mput del curs a efectes de repetici\u00f3 (sempre que es faci <strong>dins el termini indicat<\/strong>), ni el dret al retorn de cap taxa.<\/p>\n<table style=\"border-collapse: collapse; width: 100%;\">\n<tbody>\n<tr>\n<td style=\"width: 50%; text-align: center; background-color: #73a0f5;\">\n<h4><span style=\"color: #000000;\"><strong>Sol\u00b7licitud de ren\u00fancia<\/strong><\/span><\/h4>\n<\/td>\n<td style=\"width: 50%; text-align: center; background-color: #73a0f5;\">\n<h4><span style=\"color: #000000;\"><strong>Termini<\/strong><\/span><\/h4>\n<\/td>\n<\/tr>\n<tr>\n<td style=\"width: 50%; background-color: #cfedfc; text-align: center;\">\n<h4><span style=\"color: #000000;\">cliqueu <a href=\"https:\/\/agora-eoi.xtec.cat\/eoibanyoles\/wp-content\/uploads\/usu2302\/2022\/05\/Sol_renuncia.pdf\" target=\"_blank\" rel=\"noopener\">AQU\u00cd<\/a><\/span><\/h4>\n<\/td>\n<td style=\"width: 50%; background-color: #cfedfc; text-align: center;\">\n<h4><strong><span style=\"color: #ff0000;\">fins l\u00b4\u00faltim dia h\u00e0bil de novembre<\/span><\/strong><\/h4>\n<\/td>\n<\/tr>\n<\/tbody>\n<\/table>\n<p style=\"text-align: justify;\">Si s&#8217;abandona <strong>amb posterioritat al termini<\/strong> de ren\u00fancia establert, el curs es computar\u00e0 a efectes de repetici\u00f3 i es tindr\u00e0, a tots els efectes, la consideraci\u00f3 de \u201cno presentat\u201d en la qualificaci\u00f3 final.<\/p>\n<p style=\"text-align: justify;\">Qualsevol persona que tingui un expedient acad\u00e8mic obert en una escola oficial d\u2019idiomes podr\u00e0 sol\u00b7licitar a la direcci\u00f3 de l\u2019escola la ren\u00fancia a un dels cursos acad\u00e8mics superats en aquell idioma, sempre que no siguin cursos que hagin comportat l\u2019obtenci\u00f3 d\u2019un certificat. Els curs renunciat computar\u00e0 a efectes de repetici\u00f3.<\/p>\n","protected":false},"excerpt":{"rendered":"<p>L\u2019alumnat oficial podr\u00e0 presentar a la direcci\u00f3 de l\u2019escola la ren\u00fancia a la matriculaci\u00f3 a un idioma. Aquesta ren\u00fancia no suposar\u00e0 el c\u00f2mput del curs a efectes de repetici\u00f3 (sempre que es faci dins el termini indicat), ni el dret al retorn de cap taxa. Sol\u00b7licitud de ren\u00fancia Termini cliqueu AQU\u00cd fins l\u00b4\u00faltim dia h\u00e0bil [&hellip;]<\/p>\n","protected":false},"author":1,"featured_media":0,"parent":8411,"menu_order":5,"comment_status":"closed","ping_status":"closed","template":"page-templates\/side-menu.php","meta":{"_bbp_topic_count":0,"_bbp_reply_count":0,"_bbp_total_topic_count":0,"_bbp_total_reply_count":0,"_bbp_voice_count":0,"_bbp_anonymous_reply_count":0,"_bbp_topic_count_hidden":0,"_bbp_reply_count_hidden":0,"_bbp_forum_subforum_count":0,"site-sidebar-layout":"default","site-content-layout":"","ast-site-content-layout":"","site-content-style":"default","site-sidebar-style":"default","ast-global-header-display":"","ast-banner-title-visibility":"","ast-main-header-display":"","ast-hfb-above-header-display":"","ast-hfb-below-header-display":"","ast-hfb-mobile-header-display":"","site-post-title":"","ast-breadcrumbs-content":"","ast-featured-img":"","footer-sml-layout":"","theme-transparent-header-meta":"","adv-header-id-meta":"","stick-header-meta":"","header-above-stick-meta":"","header-main-stick-meta":"","header-below-stick-meta":"","astra-migrate-meta-layouts":"default","ast-page-background-enabled":"default","ast-page-background-meta":{"desktop":{"background-color":"var(--ast-global-color-4)","background-image":"","background-repeat":"repeat","background-position":"center center","background-size":"auto","background-attachment":"scroll","background-type":"","background-media":"","overlay-type":"","overlay-color":"","overlay-opacity":"","overlay-gradient":""},"tablet":{"background-color":"","background-image":"","background-repeat":"repeat","background-position":"center center","background-size":"auto","background-attachment":"scroll","background-type":"","background-media":"","overlay-type":"","overlay-color":"","overlay-opacity":"","overlay-gradient":""},"mobile":{"background-color":"","background-image":"","background-repeat":"repeat","background-position":"center center","background-size":"auto","background-attachment":"scroll","background-type":"","background-media":"","overlay-type":"","overlay-color":"","overlay-opacity":"","overlay-gradient":""}},"ast-content-background-meta":{"desktop":{"background-color":"var(--ast-global-color-5)","background-image":"","background-repeat":"repeat","background-position":"center center","background-size":"auto","background-attachment":"scroll","background-type":"","background-media":"","overlay-type":"","overlay-color":"","overlay-opacity":"","overlay-gradient":""},"tablet":{"background-color":"var(--ast-global-color-5)","background-image":"","background-repeat":"repeat","background-position":"center center","background-size":"auto","background-attachment":"scroll","background-type":"","background-media":"","overlay-type":"","overlay-color":"","overlay-opacity":"","overlay-gradient":""},"mobile":{"background-color":"var(--ast-global-color-5)","background-image":"","background-repeat":"repeat","background-position":"center center","background-size":"auto","background-attachment":"scroll","background-type":"","background-media":"","overlay-type":"","overlay-color":"","overlay-opacity":"","overlay-gradient":""}},"footnotes":""},"class_list":["post-8916","page","type-page","status-publish","hentry"],"post_mailing_queue_ids":[],"_links":{"self":[{"href":"https:\/\/agora-eoi.xtec.cat\/eoibanyoles\/wp-json\/wp\/v2\/pages\/8916","targetHints":{"allow":["GET"]}}],"collection":[{"href":"https:\/\/agora-eoi.xtec.cat\/eoibanyoles\/wp-json\/wp\/v2\/pages"}],"about":[{"href":"https:\/\/agora-eoi.xtec.cat\/eoibanyoles\/wp-json\/wp\/v2\/types\/page"}],"author":[{"embeddable":true,"href":"https:\/\/agora-eoi.xtec.cat\/eoibanyoles\/wp-json\/wp\/v2\/users\/1"}],"replies":[{"embeddable":true,"href":"https:\/\/agora-eoi.xtec.cat\/eoibanyoles\/wp-json\/wp\/v2\/comments?post=8916"}],"version-history":[{"count":6,"href":"https:\/\/agora-eoi.xtec.cat\/eoibanyoles\/wp-json\/wp\/v2\/pages\/8916\/revisions"}],"predecessor-version":[{"id":12702,"href":"https:\/\/agora-eoi.xtec.cat\/eoibanyoles\/wp-json\/wp\/v2\/pages\/8916\/revisions\/12702"}],"up":[{"embeddable":true,"href":"https:\/\/agora-eoi.xtec.cat\/eoibanyoles\/wp-json\/wp\/v2\/pages\/8411"}],"wp:attachment":[{"href":"https:\/\/agora-eoi.xtec.cat\/eoibanyoles\/wp-json\/wp\/v2\/media?parent=8916"}],"curies":[{"name":"wp","href":"https:\/\/api.w.org\/{rel}","templated":true}]}}