{"id":8800,"date":"2016-06-23T11:14:50","date_gmt":"2016-06-23T10:14:50","guid":{"rendered":"https:\/\/agora-eoi.xtec.cat\/eoibanyoles\/?page_id=8800"},"modified":"2024-10-16T20:24:14","modified_gmt":"2024-10-16T18:24:14","slug":"pla-dimpuls-de-langles-pia","status":"publish","type":"page","link":"https:\/\/agora-eoi.xtec.cat\/eoibanyoles\/cursos\/pla-dimpuls-de-langles-pia\/","title":{"rendered":"PIA+ per al professorat"},"content":{"rendered":"<table style=\"border-collapse: collapse; width: 100%;\">\n<tbody>\n<tr>\n<td style=\"width: 100%; background-color: #a0ebce; text-align: center;\">\n<h4><span style=\"color: #000000;\"><strong>Programa PIA+. Idiomes i nivells<\/strong><\/span><\/h4>\n<\/td>\n<\/tr>\n<\/tbody>\n<\/table>\n<h5><span style=\"color: #000000;\">El Programa PIA+ \u00e9s un ajut a l\u2019estudi per al professorat que cursi i superi una llengua estrangera en una Escola Oficial d&#8217;Idiomes (EOI) <strong>(l<\/strong><strong>&#8216;EOI Banyoles ofereix angl\u00e8s i franc\u00e8s) <\/strong>o a l\u2019Institut Obert de Catalunya (IOC) per als idiomes i nivells seg\u00fcents:<\/span><\/h5>\n<p>&nbsp;<\/p>\n<table style=\"border-collapse: collapse; width: 100%; height: 192px;\">\n<tbody>\n<tr style=\"height: 32px;\">\n<td style=\"width: 33.3333%; text-align: center; background-color: #73a0f5; height: 32px;\">\n<h4><span style=\"color: #000000;\"><strong>CENTRE<\/strong><\/span><\/h4>\n<\/td>\n<td style=\"width: 33.3333%; text-align: center; background-color: #73a0f5; height: 32px;\">\n<h4><span style=\"color: #000000;\"><strong>IDIOMES<\/strong><\/span><\/h4>\n<\/td>\n<td style=\"width: 33.3333%; text-align: center; background-color: #73a0f5; height: 32px;\">\n<h4><span style=\"color: #000000;\"><strong>NIVELLS<\/strong><\/span><\/h4>\n<\/td>\n<\/tr>\n<tr style=\"height: 32px;\">\n<td style=\"width: 33.3333%; background-color: #cfedfc; text-align: center; height: 32px;\">\n<h4><span style=\"color: #000000;\">EOI<\/span><\/h4>\n<\/td>\n<td style=\"width: 33.3333%; background-color: #cfedfc; text-align: center; height: 32px;\">\n<h4><span style=\"color: #000000;\">angl\u00e8s<\/span><\/h4>\n<\/td>\n<td style=\"width: 33.3333%; background-color: #cfedfc; text-align: center; height: 32px;\">\n<h4><span style=\"color: #000000;\">B2.1, B2.2, C1, C2.1 i C2.2<\/span><\/h4>\n<\/td>\n<\/tr>\n<tr style=\"height: 32px;\">\n<td style=\"width: 33.3333%; background-color: #cfedfc; text-align: center; height: 32px;\">\n<h4><span style=\"color: #000000;\">EOI<\/span><\/h4>\n<\/td>\n<td style=\"width: 33.3333%; background-color: #cfedfc; text-align: center; height: 32px;\">\n<h4><span style=\"color: #000000;\">alemany, franc\u00e8s, itali\u00e0, xin\u00e8s, \u00e0rab, rus, japon\u00e8s, core\u00e0, \u00e8uscar, neerland\u00e8s, grec modern i portugu\u00e8s<\/span><\/h4>\n<\/td>\n<td style=\"width: 33.3333%; background-color: #cfedfc; text-align: center; height: 32px;\">\n<h4><span style=\"color: #000000;\">tots els nivells<\/span><\/h4>\n<\/td>\n<\/tr>\n<tr style=\"height: 32px;\">\n<td style=\"width: 33.3333%; background-color: #cfedfc; text-align: center; height: 32px;\">\n<h4><span style=\"color: #000000;\">EOI<\/span><\/h4>\n<\/td>\n<td style=\"width: 33.3333%; background-color: #cfedfc; text-align: center; height: 32px;\">\n<h4><span style=\"color: #000000;\">catal\u00e0<\/span><\/h4>\n<\/td>\n<td style=\"width: 33.3333%; background-color: #cfedfc; text-align: center; height: 32px;\">\n<h4><span style=\"color: #000000;\">C2<\/span><\/h4>\n<h4><span style=\"color: #000000;\">A1, A2, B1 (exclusivament en els casos dels auxiliars de conversa i el professorat visitant de programes de col\u00b7laboraci\u00f3 institucional esmentats en l\u2019apartat\u00a0<em>destinataris<\/em>)<\/span><\/h4>\n<\/td>\n<\/tr>\n<tr style=\"height: 32px;\">\n<td style=\"width: 33.3333%; background-color: #e8f4fa; text-align: center; height: 32px;\">\n<h4><span style=\"color: #000000;\">IOC<\/span><\/h4>\n<\/td>\n<td style=\"width: 33.3333%; background-color: #e8f4fa; text-align: center; height: 32px;\">\n<h4><span style=\"color: #000000;\">angl\u00e8s<\/span><\/h4>\n<\/td>\n<td style=\"width: 33.3333%; background-color: #e8f4fa; text-align: center; height: 32px;\">\n<h4><span style=\"color: #000000;\">B1, B2.1 i B2.2<\/span><\/h4>\n<\/td>\n<\/tr>\n<tr style=\"height: 32px;\">\n<td style=\"width: 33.3333%; background-color: #e8f4fa; text-align: center; height: 32px;\">\n<h4><span style=\"color: #000000;\">IOC<\/span><\/h4>\n<\/td>\n<td style=\"width: 33.3333%; background-color: #e8f4fa; text-align: center; height: 32px;\">\n<h4><span style=\"color: #000000;\">alemany<\/span><\/h4>\n<\/td>\n<td style=\"width: 33.3333%; background-color: #e8f4fa; text-align: center; height: 32px;\">\n<h4><span style=\"color: #000000;\">A1 i A2<\/span><\/h4>\n<\/td>\n<\/tr>\n<tr>\n<td style=\"width: 33.3333%; background-color: #e8f4fa; text-align: center;\">\n<h4><span style=\"color: #000000;\">IOC<\/span><\/h4>\n<\/td>\n<td style=\"width: 33.3333%; background-color: #e8f4fa; text-align: center;\">\n<h4><span style=\"color: #000000;\">catal\u00e0<\/span><\/h4>\n<\/td>\n<td style=\"width: 33.3333%; background-color: #e8f4fa; text-align: center;\">\n<h4><span style=\"color: #000000;\">C2.2<\/span><\/h4>\n<\/td>\n<\/tr>\n<\/tbody>\n<\/table>\n<p>&nbsp;<\/p>\n<table style=\"border-collapse: collapse; width: 100%;\">\n<tbody>\n<tr>\n<td style=\"width: 100%; background-color: #a0ebce; text-align: center;\">\n<h4><span style=\"color: #000000;\"><strong>Requisits<\/strong><\/span><\/h4>\n<\/td>\n<\/tr>\n<\/tbody>\n<\/table>\n<ol>\n<li>\n<h5><span style=\"color: #000000;\">Docents:<\/span><\/h5>\n<h5><span style=\"color: #000000;\">Estar en actiu en el moment de fer la inscripci\u00f3 al curs o al llarg d\u2019aquest en un dels llocs seg\u00fcents:<\/span><\/h5>\n<\/li>\n<\/ol>\n<ul>\n<li>\n<h5><span style=\"color: #000000;\">En un centre p\u00fablic de titularitat del Departament d\u2019Educaci\u00f3 o b\u00e9 de titularitat municipal.<\/span><\/h5>\n<\/li>\n<li>\n<h5><span style=\"color: #000000;\">En un centre educatiu concertat.<\/span><\/h5>\n<\/li>\n<li>\n<h5><span style=\"color: #000000;\">En un servei territorial, al Consorci d\u2019Educaci\u00f3 de Barcelona o en una unitat de serveis centrals del Departament d\u2019Educaci\u00f3.<\/span><\/h5>\n<\/li>\n<li>\n<h5><span style=\"color: #000000;\">A la Inspecci\u00f3 d\u2019Educaci\u00f3.<\/span><\/h5>\n<\/li>\n<\/ul>\n<h5><\/h5>\n<ol start=\"2\">\n<li>\n<h5><span style=\"color: #000000;\">Auxiliars de conversa i professorat visitant de programes de col\u00b7laboraci\u00f3 institucional:<\/span><\/h5>\n<h5><span style=\"color: #000000;\">Participar en un d\u2019aquests programes institucionals:<\/span><\/h5>\n<\/li>\n<\/ol>\n<ul>\n<li>\n<h5><span style=\"color: #000000;\">Programa d\u2019Auxiliars de Conversa que gestiona el Departament d\u2019Educaci\u00f3.<\/span><\/h5>\n<\/li>\n<li>\n<h5><span style=\"color: #000000;\">Programes de Llengua \u00c0rab i Cultura Marroquina, Llengua i Cultura Portugueses, i Llengua i Civilitzaci\u00f3 Romaneses.<\/span><\/h5>\n<\/li>\n<\/ul>\n<h5><span style=\"color: #000000;\">En el moment de la formalitzaci\u00f3 de la matr\u00edcula, cal inscriure\u2019s utilitzant el correu corporatiu\u00a0<strong>@<a style=\"color: #000000;\" href=\"http:\/\/xtec.cat\/\"><u>xtec.cat<\/u><\/a><\/strong>\u00a0(a excepci\u00f3 dels auxiliars de conversa).<\/span><\/h5>\n<p>&nbsp;<\/p>\n<table style=\"border-collapse: collapse; width: 100%;\">\n<tbody>\n<tr>\n<td style=\"width: 100%; background-color: #a0ebce; text-align: center;\">\n<h4><span style=\"color: #000000;\"><strong>Matr\u00edcula<\/strong><\/span><\/h4>\n<\/td>\n<\/tr>\n<\/tbody>\n<\/table>\n<h5 style=\"text-align: justify;\"><span style=\"color: #000000;\">El professorat que es vulgui acollir al Programa PIA+ en el curs 2024-2025 haur\u00e0 de seguir el procediment ordinari per a la inscripci\u00f3 als cursos de les EOI i l\u2019IOC. La inscripci\u00f3 s\u2019ha de fer, en tots els casos, utilitzant el correu corporatiu @xtec.cat. L\u2019alumnat lliure no pot acollir-se al Programa PIA+.<\/span><\/h5>\n<h5><span style=\"color: #000000;\">El Programa PIA+ tamb\u00e9 \u00e9s aplicable per a la modalitat de <em>Matr\u00edcula d\u2019actualitzaci\u00f3<\/em> a les EOI.<\/span><\/h5>\n<h5><\/h5>\n<p>&nbsp;<\/p>\n<table style=\"border-collapse: collapse; width: 100%;\">\n<tbody>\n<tr>\n<td style=\"width: 100%; background-color: #a0ebce; text-align: center;\">\n<h4><span style=\"color: #000000;\"><strong>M\u00e9s informaci\u00f3<\/strong><\/span><\/h4>\n<\/td>\n<\/tr>\n<\/tbody>\n<\/table>\n<h5><span style=\"color: #000000;\">Trobareu m\u00e9s informaci\u00f3 clicant <strong><a style=\"color: #000000;\" href=\"http:\/\/xtec.gencat.cat\/ca\/formacio\/formaciogeneralprofessorat\/llengues\/programa-pia\/\" target=\"_blank\" rel=\"noopener\">AQU\u00cd<\/a><\/strong>.<\/span><\/h5>\n<p>&nbsp;<\/p>\n","protected":false},"excerpt":{"rendered":"<p>Programa PIA+. Idiomes i nivells El Programa PIA+ \u00e9s un ajut a l\u2019estudi per al professorat que cursi i superi una llengua estrangera en una Escola Oficial d&#8217;Idiomes (EOI) (l&#8216;EOI Banyoles ofereix angl\u00e8s i franc\u00e8s) o a l\u2019Institut Obert de Catalunya (IOC) per als idiomes i nivells seg\u00fcents: &nbsp; CENTRE IDIOMES NIVELLS EOI angl\u00e8s B2.1, [&hellip;]<\/p>\n","protected":false},"author":1,"featured_media":0,"parent":8149,"menu_order":11,"comment_status":"closed","ping_status":"closed","template":"page-templates\/side-menu.php","meta":{"_bbp_topic_count":0,"_bbp_reply_count":0,"_bbp_total_topic_count":0,"_bbp_total_reply_count":0,"_bbp_voice_count":0,"_bbp_anonymous_reply_count":0,"_bbp_topic_count_hidden":0,"_bbp_reply_count_hidden":0,"_bbp_forum_subforum_count":0,"site-sidebar-layout":"default","site-content-layout":"","ast-site-content-layout":"","site-content-style":"default","site-sidebar-style":"default","ast-global-header-display":"","ast-banner-title-visibility":"","ast-main-header-display":"","ast-hfb-above-header-display":"","ast-hfb-below-header-display":"","ast-hfb-mobile-header-display":"","site-post-title":"","ast-breadcrumbs-content":"","ast-featured-img":"","footer-sml-layout":"","theme-transparent-header-meta":"","adv-header-id-meta":"","stick-header-meta":"","header-above-stick-meta":"","header-main-stick-meta":"","header-below-stick-meta":"","astra-migrate-meta-layouts":"default","ast-page-background-enabled":"default","ast-page-background-meta":{"desktop":{"background-color":"var(--ast-global-color-4)","background-image":"","background-repeat":"repeat","background-position":"center center","background-size":"auto","background-attachment":"scroll","background-type":"","background-media":"","overlay-type":"","overlay-color":"","overlay-opacity":"","overlay-gradient":""},"tablet":{"background-color":"","background-image":"","background-repeat":"repeat","background-position":"center center","background-size":"auto","background-attachment":"scroll","background-type":"","background-media":"","overlay-type":"","overlay-color":"","overlay-opacity":"","overlay-gradient":""},"mobile":{"background-color":"","background-image":"","background-repeat":"repeat","background-position":"center center","background-size":"auto","background-attachment":"scroll","background-type":"","background-media":"","overlay-type":"","overlay-color":"","overlay-opacity":"","overlay-gradient":""}},"ast-content-background-meta":{"desktop":{"background-color":"var(--ast-global-color-5)","background-image":"","background-repeat":"repeat","background-position":"center center","background-size":"auto","background-attachment":"scroll","background-type":"","background-media":"","overlay-type":"","overlay-color":"","overlay-opacity":"","overlay-gradient":""},"tablet":{"background-color":"var(--ast-global-color-5)","background-image":"","background-repeat":"repeat","background-position":"center center","background-size":"auto","background-attachment":"scroll","background-type":"","background-media":"","overlay-type":"","overlay-color":"","overlay-opacity":"","overlay-gradient":""},"mobile":{"background-color":"var(--ast-global-color-5)","background-image":"","background-repeat":"repeat","background-position":"center center","background-size":"auto","background-attachment":"scroll","background-type":"","background-media":"","overlay-type":"","overlay-color":"","overlay-opacity":"","overlay-gradient":""}},"footnotes":""},"class_list":["post-8800","page","type-page","status-publish","hentry"],"post_mailing_queue_ids":[],"_links":{"self":[{"href":"https:\/\/agora-eoi.xtec.cat\/eoibanyoles\/wp-json\/wp\/v2\/pages\/8800","targetHints":{"allow":["GET"]}}],"collection":[{"href":"https:\/\/agora-eoi.xtec.cat\/eoibanyoles\/wp-json\/wp\/v2\/pages"}],"about":[{"href":"https:\/\/agora-eoi.xtec.cat\/eoibanyoles\/wp-json\/wp\/v2\/types\/page"}],"author":[{"embeddable":true,"href":"https:\/\/agora-eoi.xtec.cat\/eoibanyoles\/wp-json\/wp\/v2\/users\/1"}],"replies":[{"embeddable":true,"href":"https:\/\/agora-eoi.xtec.cat\/eoibanyoles\/wp-json\/wp\/v2\/comments?post=8800"}],"version-history":[{"count":6,"href":"https:\/\/agora-eoi.xtec.cat\/eoibanyoles\/wp-json\/wp\/v2\/pages\/8800\/revisions"}],"predecessor-version":[{"id":12622,"href":"https:\/\/agora-eoi.xtec.cat\/eoibanyoles\/wp-json\/wp\/v2\/pages\/8800\/revisions\/12622"}],"up":[{"embeddable":true,"href":"https:\/\/agora-eoi.xtec.cat\/eoibanyoles\/wp-json\/wp\/v2\/pages\/8149"}],"wp:attachment":[{"href":"https:\/\/agora-eoi.xtec.cat\/eoibanyoles\/wp-json\/wp\/v2\/media?parent=8800"}],"curies":[{"name":"wp","href":"https:\/\/api.w.org\/{rel}","templated":true}]}}