{"id":8434,"date":"2016-06-14T15:41:55","date_gmt":"2016-06-14T14:41:55","guid":{"rendered":"https:\/\/agora-eoi.xtec.cat\/eoibanyoles\/?page_id=8434"},"modified":"2025-03-26T17:59:25","modified_gmt":"2025-03-26T16:59:25","slug":"beques","status":"publish","type":"page","link":"https:\/\/agora-eoi.xtec.cat\/eoibanyoles\/secretaria\/beques\/","title":{"rendered":"Beques i ajuts"},"content":{"rendered":"<table style=\"border-collapse: collapse; width: 100%;\">\n<tbody>\n<tr>\n<td style=\"width: 50%; background-color: #73a0f5; text-align: center;\" colspan=\"2\">\n<h5><span style=\"color: #000000;\"><strong>Beques i ajuts<\/strong><\/span><\/h5>\n<\/td>\n<\/tr>\n<tr>\n<td style=\"width: 50%; background-color: #cfedfc;\">\n<h5 style=\"text-align: center;\"><span style=\"color: #000000;\"><strong>Departament d&#8217;Educaci\u00f3 i Formaci\u00f3 Professional de la Generalitat de Catalunya<\/strong><\/span><\/h5>\n<\/td>\n<td style=\"width: 50%; background-color: #cfedfc; text-align: center;\">\n<h5><span style=\"color: #000000;\">Acc\u00e9s a l&#8217;enlla\u00e7, clicant <a style=\"color: #000000;\" href=\"https:\/\/educacio.gencat.cat\/ca\/serveis-tramits\/beques\/\" target=\"_blank\" rel=\"noopener\">AQU\u00cd<\/a><\/span><\/h5>\n<\/td>\n<\/tr>\n<tr>\n<td style=\"width: 50%; background-color: #e8f4fa;\">\n<h5 style=\"text-align: center;\"><span style=\"color: #000000;\"><strong>Departament de Recerca i Universitats<\/strong><\/span><\/h5>\n<h5 style=\"text-align: center;\"><span style=\"color: #000000;\"><strong>(Programa de terceres lleng\u00fces &#8211; Ajuts Parla 3)<\/strong><\/span><\/h5>\n<\/td>\n<td style=\"width: 50%; text-align: center; background-color: #e8f4fa;\">\n<h5><span style=\"color: #000000;\">Acc\u00e9s a l&#8217;enlla\u00e7, clicant <a style=\"color: #000000;\" href=\"https:\/\/agaur.gencat.cat\/ca\/beques-i-ajuts\/pagines-especials\/programa-de-terceres-llengues\/\" target=\"_blank\" rel=\"noopener\">AQU\u00cd<\/a><\/span><\/h5>\n<\/td>\n<\/tr>\n<tr>\n<td style=\"width: 50%; background-color: #cfedfc;\">\n<h5 style=\"text-align: center;\"><span style=\"color: #000000;\"><strong>Ministerio de Educaci\u00f3n, Formaci\u00f3n Profesional y Deportes<\/strong><\/span><\/h5>\n<\/td>\n<td style=\"width: 50%; text-align: center; background-color: #cfedfc;\">\n<h5><span style=\"color: #000000;\">Acc\u00e9s a l&#8217;enlla\u00e7, clicant <a style=\"color: #000000;\" href=\"http:\/\/www.educacionyfp.gob.es\/servicios-al-ciudadano\/catalogo\/estudiantes\/becas-ayudas.html\" target=\"_blank\" rel=\"noopener\">AQU\u00cd<\/a><\/span><\/h5>\n<\/td>\n<\/tr>\n<\/tbody>\n<\/table>\n<p>&nbsp;<\/p>\n","protected":false},"excerpt":{"rendered":"<p>Beques i ajuts Departament d&#8217;Educaci\u00f3 i Formaci\u00f3 Professional de la Generalitat de Catalunya Acc\u00e9s a l&#8217;enlla\u00e7, clicant AQU\u00cd Departament de Recerca i Universitats (Programa de terceres lleng\u00fces &#8211; Ajuts Parla 3) Acc\u00e9s a l&#8217;enlla\u00e7, clicant AQU\u00cd Ministerio de Educaci\u00f3n, Formaci\u00f3n Profesional y Deportes Acc\u00e9s a l&#8217;enlla\u00e7, clicant AQU\u00cd &nbsp;<\/p>\n","protected":false},"author":1,"featured_media":0,"parent":8358,"menu_order":27,"comment_status":"closed","ping_status":"closed","template":"page-templates\/side-menu.php","meta":{"_bbp_topic_count":0,"_bbp_reply_count":0,"_bbp_total_topic_count":0,"_bbp_total_reply_count":0,"_bbp_voice_count":0,"_bbp_anonymous_reply_count":0,"_bbp_topic_count_hidden":0,"_bbp_reply_count_hidden":0,"_bbp_forum_subforum_count":0,"site-sidebar-layout":"default","site-content-layout":"","ast-site-content-layout":"","site-content-style":"default","site-sidebar-style":"default","ast-global-header-display":"","ast-banner-title-visibility":"","ast-main-header-display":"","ast-hfb-above-header-display":"","ast-hfb-below-header-display":"","ast-hfb-mobile-header-display":"","site-post-title":"","ast-breadcrumbs-content":"","ast-featured-img":"","footer-sml-layout":"","theme-transparent-header-meta":"","adv-header-id-meta":"","stick-header-meta":"","header-above-stick-meta":"","header-main-stick-meta":"","header-below-stick-meta":"","astra-migrate-meta-layouts":"default","ast-page-background-enabled":"default","ast-page-background-meta":{"desktop":{"background-color":"var(--ast-global-color-4)","background-image":"","background-repeat":"repeat","background-position":"center center","background-size":"auto","background-attachment":"scroll","background-type":"","background-media":"","overlay-type":"","overlay-color":"","overlay-opacity":"","overlay-gradient":""},"tablet":{"background-color":"","background-image":"","background-repeat":"repeat","background-position":"center center","background-size":"auto","background-attachment":"scroll","background-type":"","background-media":"","overlay-type":"","overlay-color":"","overlay-opacity":"","overlay-gradient":""},"mobile":{"background-color":"","background-image":"","background-repeat":"repeat","background-position":"center center","background-size":"auto","background-attachment":"scroll","background-type":"","background-media":"","overlay-type":"","overlay-color":"","overlay-opacity":"","overlay-gradient":""}},"ast-content-background-meta":{"desktop":{"background-color":"var(--ast-global-color-5)","background-image":"","background-repeat":"repeat","background-position":"center center","background-size":"auto","background-attachment":"scroll","background-type":"","background-media":"","overlay-type":"","overlay-color":"","overlay-opacity":"","overlay-gradient":""},"tablet":{"background-color":"var(--ast-global-color-5)","background-image":"","background-repeat":"repeat","background-position":"center center","background-size":"auto","background-attachment":"scroll","background-type":"","background-media":"","overlay-type":"","overlay-color":"","overlay-opacity":"","overlay-gradient":""},"mobile":{"background-color":"var(--ast-global-color-5)","background-image":"","background-repeat":"repeat","background-position":"center center","background-size":"auto","background-attachment":"scroll","background-type":"","background-media":"","overlay-type":"","overlay-color":"","overlay-opacity":"","overlay-gradient":""}},"footnotes":""},"class_list":["post-8434","page","type-page","status-publish","hentry"],"post_mailing_queue_ids":[],"_links":{"self":[{"href":"https:\/\/agora-eoi.xtec.cat\/eoibanyoles\/wp-json\/wp\/v2\/pages\/8434","targetHints":{"allow":["GET"]}}],"collection":[{"href":"https:\/\/agora-eoi.xtec.cat\/eoibanyoles\/wp-json\/wp\/v2\/pages"}],"about":[{"href":"https:\/\/agora-eoi.xtec.cat\/eoibanyoles\/wp-json\/wp\/v2\/types\/page"}],"author":[{"embeddable":true,"href":"https:\/\/agora-eoi.xtec.cat\/eoibanyoles\/wp-json\/wp\/v2\/users\/1"}],"replies":[{"embeddable":true,"href":"https:\/\/agora-eoi.xtec.cat\/eoibanyoles\/wp-json\/wp\/v2\/comments?post=8434"}],"version-history":[{"count":6,"href":"https:\/\/agora-eoi.xtec.cat\/eoibanyoles\/wp-json\/wp\/v2\/pages\/8434\/revisions"}],"predecessor-version":[{"id":12918,"href":"https:\/\/agora-eoi.xtec.cat\/eoibanyoles\/wp-json\/wp\/v2\/pages\/8434\/revisions\/12918"}],"up":[{"embeddable":true,"href":"https:\/\/agora-eoi.xtec.cat\/eoibanyoles\/wp-json\/wp\/v2\/pages\/8358"}],"wp:attachment":[{"href":"https:\/\/agora-eoi.xtec.cat\/eoibanyoles\/wp-json\/wp\/v2\/media?parent=8434"}],"curies":[{"name":"wp","href":"https:\/\/api.w.org\/{rel}","templated":true}]}}