{"id":8377,"date":"2016-06-13T13:50:10","date_gmt":"2016-06-13T12:50:10","guid":{"rendered":"https:\/\/agora-eoi.xtec.cat\/eoibanyoles\/?page_id=8377"},"modified":"2024-10-23T18:05:33","modified_gmt":"2024-10-23T16:05:33","slug":"expedicio-de-titols","status":"publish","type":"page","link":"https:\/\/agora-eoi.xtec.cat\/eoibanyoles\/secretaria\/expedicio-de-titols\/","title":{"rendered":"Convalidacions ESO i Batxillerat"},"content":{"rendered":"<table style=\"border-collapse: collapse; width: 100%;\">\n<tbody>\n<tr>\n<td style=\"width: 100%; background-color: #a0ebce; text-align: center;\">\n<h3><span style=\"color: #000000;\"><strong>CONVALIDACIONS 3ESO<\/strong><\/span><\/h3>\n<\/td>\n<\/tr>\n<\/tbody>\n<\/table>\n<h5 style=\"text-align: justify;\"><span style=\"color: #000000;\">L\u2019alumnat d&#8217;ESO que cursa una <strong>segona llengua estrangera a l&#8217;EOI <\/strong>perqu\u00e8 <strong>no l\u2019ofereix el centre educatiu <\/strong>on est\u00e0 estudiant pot sol\u00b7licitar-ne el reconeixement. Els candidats han de tenir una edat m\u00ednima de 14 anys fets abans del 31 de desembre de l&#8217;any en qu\u00e8 es fa la matr\u00edcula a l&#8217;EOI.<\/span><\/h5>\n<h5><span style=\"color: #000000;\">El tr\u00e0mit que han de fer les fam\u00edlies dels alumnes \u00e9s el seg\u00fcent:<\/span><\/h5>\n<p>&nbsp;<\/p>\n<h6><\/h6>\n<table style=\"border-collapse: collapse; width: 100%; height: 120px;\">\n<tbody>\n<tr style=\"height: 65px;\">\n<td style=\"width: 15.3251%; background-color: #cfedfc; text-align: justify; height: 65px;\">\n<h4><span style=\"color: #000000;\"><strong>Sol\u00b7licitud<\/strong><\/span><\/h4>\n<\/td>\n<td style=\"width: 84.6749%; text-align: justify; background-color: #cfedfc; height: 65px;\">\n<h4><span style=\"color: #000000;\">Sol\u00b7licitar al centre de secund\u00e0ria el reconeixement dels estudis com a mat\u00e8ria optativa de s<em>egona llengua estrangera<\/em> (per accedir al <strong>document de sol\u00b7licitud podeu clicar <a style=\"color: #000000;\" href=\"https:\/\/documents.espai.educacio.gencat.cat\/FormularisModels\/CentresDocumentacioAcademica\/APU546.pdf\" target=\"_blank\" rel=\"noopener\">AQU\u00cd<\/a><\/strong>). Caldr\u00e0 fer aquesta sol\u00b7licitud cada any i adjuntar en el document el comprovant de matr\u00edcula.<\/span><\/h4>\n<\/td>\n<\/tr>\n<tr style=\"height: 55px;\">\n<td style=\"width: 15.3251%; background-color: #e8f4fa; text-align: justify; height: 55px;\">\n<h4><span style=\"color: #000000;\"><strong>Final de curs<\/strong><\/span><\/h4>\n<\/td>\n<td style=\"width: 84.6749%; text-align: justify; background-color: #e8f4fa; height: 55px;\">\n<h4><span style=\"color: #000000;\">Presentar a l&#8217;institut a final de curs el certificat o diploma de superaci\u00f3 dels estudis expedit per l\u2019EOI.<\/span><\/h4>\n<\/td>\n<\/tr>\n<\/tbody>\n<\/table>\n<h5><\/h5>\n<h5><span style=\"color: #000000;\">El reconeixement de la formaci\u00f3 com a <em>Segona Llengua Estrangera<\/em> es fa efectiu en finalitzar el curs acad\u00e8mic.<\/span><\/h5>\n<p>&nbsp;<\/p>\n<table style=\"border-collapse: collapse; width: 100%;\">\n<tbody>\n<tr>\n<td style=\"width: 100%; background-color: #a0ebce; text-align: center;\">\n<h3><span style=\"color: #000000;\"><strong>CONVALIDACIONS BATXILLERAT<\/strong><\/span><\/h3>\n<\/td>\n<\/tr>\n<\/tbody>\n<\/table>\n<h5 style=\"text-align: justify;\"><span style=\"color: #000000;\">L&#8217;alumnat que cursa el <strong>batxillerat<\/strong> i, al mateix temps, una <span style=\"text-decoration: underline;\">segona llengua estrangera<\/span> en una <strong>escola oficial d\u2019idiomes<\/strong> (EOI) pot sol\u00b7licitar la convalidaci\u00f3 de mat\u00e8ries optatives de batxillerat sempre que es donin aquestes combinacions de curs en cada centre:<\/span><\/h5>\n<p>&nbsp;<\/p>\n<table style=\"border-collapse: collapse; width: 100%; height: 147px;\">\n<tbody>\n<tr style=\"height: 49px;\">\n<td style=\"width: 50%; background-color: #73a0f5; text-align: center; height: 49px;\">\n<h4><span style=\"color: #000000;\"><strong>EOI<\/strong><\/span><\/h4>\n<\/td>\n<td style=\"width: 50%; background-color: #73a0f5; text-align: center; height: 49px;\">\n<h4><span style=\"color: #000000;\"><strong>Centre on es fa el batxillerat<\/strong><\/span><\/h4>\n<\/td>\n<\/tr>\n<tr style=\"height: 49px;\">\n<td style=\"width: 50%; background-color: #cfedfc; text-align: center; height: 49px;\">\n<h4><span style=\"color: #000000;\">nivell B2 o superior<\/span><\/h4>\n<\/td>\n<td style=\"width: 50%; background-color: #cfedfc; text-align: center; height: 49px;\">\n<h4><span style=\"color: #000000;\">segona llengua estrangera que <strong>s\u00ed<\/strong> ofereix el centre<\/span><\/h4>\n<\/td>\n<\/tr>\n<tr style=\"height: 49px;\">\n<td style=\"width: 50%; background-color: #e8f4fa; text-align: center; height: 49px;\">\n<h4><span style=\"color: #000000;\">tots els nivells<\/span><\/h4>\n<\/td>\n<td style=\"width: 50%; background-color: #e8f4fa; text-align: center; height: 49px;\">\n<h4><span style=\"color: #000000;\">llengua estrangera que <strong>no<\/strong> ofereix el centre<\/span><\/h4>\n<\/td>\n<\/tr>\n<\/tbody>\n<\/table>\n<p>&nbsp;<\/p>\n<h5><span style=\"color: #000000;\">Les convalidacions segons el curs de batxillerat que es faci s\u00f3n les seg\u00fcents:<\/span><\/h5>\n<p>&nbsp;<\/p>\n<table style=\"border-collapse: collapse; width: 100%; height: 120px;\">\n<tbody>\n<tr style=\"height: 65px;\">\n<td style=\"width: 29.5916%; background-color: #cfedfc; text-align: justify; height: 65px;\">\n<h4><span style=\"color: #000000;\"><strong>Alumnat\u00a0 primer batxillerat<\/strong><\/span><\/h4>\n<\/td>\n<td style=\"width: 70.4084%; text-align: justify; background-color: #cfedfc; height: 65px;\">\n<h4><span style=\"color: #000000;\">convalidaci\u00f3 de 6 hores setmanals\u00a0<\/span><\/h4>\n<\/td>\n<\/tr>\n<tr style=\"height: 55px;\">\n<td style=\"width: 29.5916%; background-color: #e8f4fa; text-align: justify; height: 55px;\">\n<h4><span style=\"color: #000000;\"><strong>Alumnat segon batxillerat<\/strong><\/span><\/h4>\n<\/td>\n<td style=\"width: 70.4084%; text-align: justify; background-color: #e8f4fa; height: 55px;\">\n<h4><span style=\"color: #000000;\">convalidaci\u00f3 de 4 hores setmanals<\/span><\/h4>\n<\/td>\n<\/tr>\n<\/tbody>\n<\/table>\n<h5><\/h5>\n<h5><\/h5>\n<h5 style=\"text-align: justify;\"><span style=\"color: #000000;\">La sol\u00b7licitud de convalidaci\u00f3 l&#8217;ha de presentar l\u2019alumnat abans del darrer dia lectiu del mes d&#8217;octubre al centre on estudia batxillerat, amb el certificat expedit per l&#8217;EOI que acredita el curs de la segona llengua estrangera que cursa l&#8217;alumnat. <\/span><span style=\"color: #000000;\">La convalidaci\u00f3 est\u00e0 condicionada a la superaci\u00f3 del curs a l\u2019EOI, que caldr\u00e0 documentar amb un certificat del nivell assolit expedit per la secretaria de l\u2019EOI.<\/span><\/h5>\n<p>&nbsp;<\/p>\n<table style=\"border-collapse: collapse; width: 100%; height: 120px;\">\n<tbody>\n<tr style=\"height: 65px;\">\n<td style=\"width: 20.9572%; background-color: #cfedfc; text-align: justify; height: 65px;\" rowspan=\"2\">\n<h4 style=\"text-align: left;\"><span style=\"color: #000000;\"><strong>Documentaci\u00f3 que cal presentar<\/strong><\/span><\/h4>\n<h4><\/h4>\n<\/td>\n<td style=\"width: 79.0428%; text-align: justify; background-color: #cfedfc; height: 65px;\">\n<h4><a href=\"https:\/\/agora-eoi.xtec.cat\/eoibanyoles\/wp-content\/uploads\/usu2302\/2024\/06\/A1298.pdf\" target=\"_blank\" rel=\"noopener\"><span style=\"color: #000000;\">Sol\u00b7licitud de convalidaci\u00f3 de mat\u00e8ries de la franja d&#8217;optatives de batxillerat basant-se en estudis cursats a l\u2019EOI (CEO1)<\/span><\/a><\/h4>\n<\/td>\n<\/tr>\n<tr style=\"height: 55px;\">\n<td style=\"width: 79.0428%; text-align: justify; background-color: #e8f4fa; height: 55px;\">\n<h4><a href=\"https:\/\/agora-eoi.xtec.cat\/eoibanyoles\/wp-content\/uploads\/usu2302\/2024\/06\/A1299.pdf\" target=\"_blank\" rel=\"noopener\"><span style=\"color: #000000;\">Certificat expedit per l\u2019EOI en qu\u00e8 s&#8217;acredita el curs de la segona llengua<\/span><\/a><\/h4>\n<h4><span style=\"color: #000000;\">estrangera que cursa l\u2019alumne\/a (CEO2)<\/span><\/h4>\n<\/td>\n<\/tr>\n<\/tbody>\n<\/table>\n<h5><\/h5>\n<p>&nbsp;<\/p>\n<h5 style=\"text-align: justify;\"><span style=\"color: #000000;\"><strong>Bonificaci\u00f3 del 50%:<\/strong> En els cursos A1, A2, C1, C2.2 i C2.1, en qu\u00e8 el preu de la matr\u00edcula \u00e9s <strong>preu p\u00fablic<\/strong>, l&#8217;alumnat tindr\u00e0 un 50% de bonificaci\u00f3 (Article 7.1 Bonificacions, apartat c) `Els alumnes dels centres sostinguts amb fons p\u00fablics que es matriculen d&#8217;una segona llengua estrangera en una escola oficial d&#8217;idiomes diferent a la llengua estrangera obligat\u00f2ria del curr\u00edculum que estudien en el centre educatiu tenen una bonificaci\u00f3 del 50 del preu p\u00fablic.\u00b4).<\/span><\/h5>\n<h5><\/h5>\n<h5><span style=\"color: #000000;\">Podeu trobar la informaci\u00f3 a la p\u00e0gina del Departament d&#8217;Educaci\u00f3 i Formaci\u00f3 Professional clicant <a style=\"color: #000000;\" href=\"https:\/\/triaeducativa.gencat.cat\/ca\/batxillerat\/convalidacions\/index.html\" target=\"_blank\" rel=\"noopener\">AQU\u00cd<\/a>.<\/span><\/h5>\n<h5><\/h5>\n<p>&nbsp;<\/p>\n<p>&nbsp;<\/p>\n","protected":false},"excerpt":{"rendered":"<p>CONVALIDACIONS 3ESO L\u2019alumnat d&#8217;ESO que cursa una segona llengua estrangera a l&#8217;EOI perqu\u00e8 no l\u2019ofereix el centre educatiu on est\u00e0 estudiant pot sol\u00b7licitar-ne el reconeixement. Els candidats han de tenir una edat m\u00ednima de 14 anys fets abans del 31 de desembre de l&#8217;any en qu\u00e8 es fa la matr\u00edcula a l&#8217;EOI. El tr\u00e0mit que [&hellip;]<\/p>\n","protected":false},"author":1,"featured_media":0,"parent":8358,"menu_order":80,"comment_status":"closed","ping_status":"closed","template":"page-templates\/side-menu.php","meta":{"_bbp_topic_count":0,"_bbp_reply_count":0,"_bbp_total_topic_count":0,"_bbp_total_reply_count":0,"_bbp_voice_count":0,"_bbp_anonymous_reply_count":0,"_bbp_topic_count_hidden":0,"_bbp_reply_count_hidden":0,"_bbp_forum_subforum_count":0,"site-sidebar-layout":"default","site-content-layout":"","ast-site-content-layout":"","site-content-style":"default","site-sidebar-style":"default","ast-global-header-display":"","ast-banner-title-visibility":"","ast-main-header-display":"","ast-hfb-above-header-display":"","ast-hfb-below-header-display":"","ast-hfb-mobile-header-display":"","site-post-title":"","ast-breadcrumbs-content":"","ast-featured-img":"","footer-sml-layout":"","theme-transparent-header-meta":"","adv-header-id-meta":"","stick-header-meta":"","header-above-stick-meta":"","header-main-stick-meta":"","header-below-stick-meta":"","astra-migrate-meta-layouts":"default","ast-page-background-enabled":"default","ast-page-background-meta":{"desktop":{"background-color":"var(--ast-global-color-4)","background-image":"","background-repeat":"repeat","background-position":"center center","background-size":"auto","background-attachment":"scroll","background-type":"","background-media":"","overlay-type":"","overlay-color":"","overlay-opacity":"","overlay-gradient":""},"tablet":{"background-color":"","background-image":"","background-repeat":"repeat","background-position":"center center","background-size":"auto","background-attachment":"scroll","background-type":"","background-media":"","overlay-type":"","overlay-color":"","overlay-opacity":"","overlay-gradient":""},"mobile":{"background-color":"","background-image":"","background-repeat":"repeat","background-position":"center center","background-size":"auto","background-attachment":"scroll","background-type":"","background-media":"","overlay-type":"","overlay-color":"","overlay-opacity":"","overlay-gradient":""}},"ast-content-background-meta":{"desktop":{"background-color":"var(--ast-global-color-5)","background-image":"","background-repeat":"repeat","background-position":"center center","background-size":"auto","background-attachment":"scroll","background-type":"","background-media":"","overlay-type":"","overlay-color":"","overlay-opacity":"","overlay-gradient":""},"tablet":{"background-color":"var(--ast-global-color-5)","background-image":"","background-repeat":"repeat","background-position":"center center","background-size":"auto","background-attachment":"scroll","background-type":"","background-media":"","overlay-type":"","overlay-color":"","overlay-opacity":"","overlay-gradient":""},"mobile":{"background-color":"var(--ast-global-color-5)","background-image":"","background-repeat":"repeat","background-position":"center center","background-size":"auto","background-attachment":"scroll","background-type":"","background-media":"","overlay-type":"","overlay-color":"","overlay-opacity":"","overlay-gradient":""}},"footnotes":""},"class_list":["post-8377","page","type-page","status-publish","hentry"],"post_mailing_queue_ids":[],"_links":{"self":[{"href":"https:\/\/agora-eoi.xtec.cat\/eoibanyoles\/wp-json\/wp\/v2\/pages\/8377","targetHints":{"allow":["GET"]}}],"collection":[{"href":"https:\/\/agora-eoi.xtec.cat\/eoibanyoles\/wp-json\/wp\/v2\/pages"}],"about":[{"href":"https:\/\/agora-eoi.xtec.cat\/eoibanyoles\/wp-json\/wp\/v2\/types\/page"}],"author":[{"embeddable":true,"href":"https:\/\/agora-eoi.xtec.cat\/eoibanyoles\/wp-json\/wp\/v2\/users\/1"}],"replies":[{"embeddable":true,"href":"https:\/\/agora-eoi.xtec.cat\/eoibanyoles\/wp-json\/wp\/v2\/comments?post=8377"}],"version-history":[{"count":7,"href":"https:\/\/agora-eoi.xtec.cat\/eoibanyoles\/wp-json\/wp\/v2\/pages\/8377\/revisions"}],"predecessor-version":[{"id":12638,"href":"https:\/\/agora-eoi.xtec.cat\/eoibanyoles\/wp-json\/wp\/v2\/pages\/8377\/revisions\/12638"}],"up":[{"embeddable":true,"href":"https:\/\/agora-eoi.xtec.cat\/eoibanyoles\/wp-json\/wp\/v2\/pages\/8358"}],"wp:attachment":[{"href":"https:\/\/agora-eoi.xtec.cat\/eoibanyoles\/wp-json\/wp\/v2\/media?parent=8377"}],"curies":[{"name":"wp","href":"https:\/\/api.w.org\/{rel}","templated":true}]}}