{"id":8195,"date":"2016-06-09T14:35:19","date_gmt":"2016-06-09T13:35:19","guid":{"rendered":"https:\/\/agora-eoi.xtec.cat\/eoibanyoles\/?page_id=8195"},"modified":"2024-07-29T14:16:45","modified_gmt":"2024-07-29T12:16:45","slug":"frances","status":"publish","type":"page","link":"https:\/\/agora-eoi.xtec.cat\/eoibanyoles\/frances\/","title":{"rendered":"Franc\u00e8s"},"content":{"rendered":"<h5 style=\"text-align: justify;\"><a href=\"https:\/\/agora-eoi.xtec.cat\/eoibanyoles\/wp-content\/uploads\/usu2302\/2016\/06\/Eiffel-Tower-96-1.png\" rel=\"attachment wp-att-8404\"><img loading=\"lazy\" decoding=\"async\" class=\" wp-image-8404 alignleft\" src=\"https:\/\/agora-eoi.xtec.cat\/eoibanyoles\/wp-content\/uploads\/usu2302\/2016\/06\/Eiffel-Tower-96-1.png\" alt=\"Eiffel Tower-96 (1)\" width=\"125\" height=\"125\" \/><\/a><span style=\"color: #000000;\">Les classes que s&#8217;ofereixen s\u00f3n de <span style=\"color: #000080;\"><strong>dues hores i quinze minuts dos dies a la setmana<\/strong><\/span> i els nivells de franc\u00e8s que actualment imparteix l&#8217;EOI Banyoles s\u00f3n <span style=\"color: #000080;\"><strong>A1, A2 i B1<\/strong><\/span>.<\/span><\/h5>\n<h5 style=\"text-align: justify;\"><span style=\"color: #000000;\">En el <span style=\"color: #000080;\"><strong>men\u00fa de la vostra esquerra <\/strong><\/span><\/span><span style=\"color: #000000;\"><span style=\"color: #000080;\"><strong>(part inferior si consulteu amb el tel\u00e8fon m\u00f2bil)<\/strong><\/span><\/span><span style=\"color: #000000;\">, podeu trobar m\u00e9s informaci\u00f3 en relaci\u00f3 als horaris i professorat, llibres i lectures, avaluaci\u00f3 i assist\u00e8ncia a classe&#8230;<\/span><\/h5>\n<p>&nbsp;<\/p>\n<p>&nbsp;<\/p>\n","protected":false},"excerpt":{"rendered":"<p>Les classes que s&#8217;ofereixen s\u00f3n de dues hores i quinze minuts dos dies a la setmana i els nivells de franc\u00e8s que actualment imparteix l&#8217;EOI Banyoles s\u00f3n A1, A2 i B1. En el men\u00fa de la vostra esquerra (part inferior si consulteu amb el tel\u00e8fon m\u00f2bil), podeu trobar m\u00e9s informaci\u00f3 en relaci\u00f3 als horaris i [&hellip;]<\/p>\n","protected":false},"author":1,"featured_media":0,"parent":0,"menu_order":0,"comment_status":"closed","ping_status":"closed","template":"page-templates\/side-menu.php","meta":{"_bbp_topic_count":0,"_bbp_reply_count":0,"_bbp_total_topic_count":0,"_bbp_total_reply_count":0,"_bbp_voice_count":0,"_bbp_anonymous_reply_count":0,"_bbp_topic_count_hidden":0,"_bbp_reply_count_hidden":0,"_bbp_forum_subforum_count":0,"site-sidebar-layout":"default","site-content-layout":"","ast-site-content-layout":"","site-content-style":"default","site-sidebar-style":"default","ast-global-header-display":"","ast-banner-title-visibility":"","ast-main-header-display":"","ast-hfb-above-header-display":"","ast-hfb-below-header-display":"","ast-hfb-mobile-header-display":"","site-post-title":"","ast-breadcrumbs-content":"","ast-featured-img":"","footer-sml-layout":"","theme-transparent-header-meta":"","adv-header-id-meta":"","stick-header-meta":"","header-above-stick-meta":"","header-main-stick-meta":"","header-below-stick-meta":"","astra-migrate-meta-layouts":"default","ast-page-background-enabled":"default","ast-page-background-meta":{"desktop":{"background-color":"var(--ast-global-color-4)","background-image":"","background-repeat":"repeat","background-position":"center center","background-size":"auto","background-attachment":"scroll","background-type":"","background-media":"","overlay-type":"","overlay-color":"","overlay-opacity":"","overlay-gradient":""},"tablet":{"background-color":"","background-image":"","background-repeat":"repeat","background-position":"center center","background-size":"auto","background-attachment":"scroll","background-type":"","background-media":"","overlay-type":"","overlay-color":"","overlay-opacity":"","overlay-gradient":""},"mobile":{"background-color":"","background-image":"","background-repeat":"repeat","background-position":"center center","background-size":"auto","background-attachment":"scroll","background-type":"","background-media":"","overlay-type":"","overlay-color":"","overlay-opacity":"","overlay-gradient":""}},"ast-content-background-meta":{"desktop":{"background-color":"var(--ast-global-color-5)","background-image":"","background-repeat":"repeat","background-position":"center center","background-size":"auto","background-attachment":"scroll","background-type":"","background-media":"","overlay-type":"","overlay-color":"","overlay-opacity":"","overlay-gradient":""},"tablet":{"background-color":"var(--ast-global-color-5)","background-image":"","background-repeat":"repeat","background-position":"center center","background-size":"auto","background-attachment":"scroll","background-type":"","background-media":"","overlay-type":"","overlay-color":"","overlay-opacity":"","overlay-gradient":""},"mobile":{"background-color":"var(--ast-global-color-5)","background-image":"","background-repeat":"repeat","background-position":"center center","background-size":"auto","background-attachment":"scroll","background-type":"","background-media":"","overlay-type":"","overlay-color":"","overlay-opacity":"","overlay-gradient":""}},"footnotes":""},"class_list":["post-8195","page","type-page","status-publish","hentry"],"post_mailing_queue_ids":[],"_links":{"self":[{"href":"https:\/\/agora-eoi.xtec.cat\/eoibanyoles\/wp-json\/wp\/v2\/pages\/8195","targetHints":{"allow":["GET"]}}],"collection":[{"href":"https:\/\/agora-eoi.xtec.cat\/eoibanyoles\/wp-json\/wp\/v2\/pages"}],"about":[{"href":"https:\/\/agora-eoi.xtec.cat\/eoibanyoles\/wp-json\/wp\/v2\/types\/page"}],"author":[{"embeddable":true,"href":"https:\/\/agora-eoi.xtec.cat\/eoibanyoles\/wp-json\/wp\/v2\/users\/1"}],"replies":[{"embeddable":true,"href":"https:\/\/agora-eoi.xtec.cat\/eoibanyoles\/wp-json\/wp\/v2\/comments?post=8195"}],"version-history":[{"count":5,"href":"https:\/\/agora-eoi.xtec.cat\/eoibanyoles\/wp-json\/wp\/v2\/pages\/8195\/revisions"}],"predecessor-version":[{"id":12511,"href":"https:\/\/agora-eoi.xtec.cat\/eoibanyoles\/wp-json\/wp\/v2\/pages\/8195\/revisions\/12511"}],"wp:attachment":[{"href":"https:\/\/agora-eoi.xtec.cat\/eoibanyoles\/wp-json\/wp\/v2\/media?parent=8195"}],"curies":[{"name":"wp","href":"https:\/\/api.w.org\/{rel}","templated":true}]}}