{"id":8168,"date":"2016-06-08T17:05:08","date_gmt":"2016-06-08T16:05:08","guid":{"rendered":"https:\/\/agora-eoi.xtec.cat\/eoibanyoles\/?page_id=8168"},"modified":"2024-06-19T12:56:00","modified_gmt":"2024-06-19T10:56:00","slug":"pla-dimpuls-de-langles-professorat","status":"publish","type":"page","link":"https:\/\/agora-eoi.xtec.cat\/eoibanyoles\/secretaria\/pla-dimpuls-de-langles-professorat\/","title":{"rendered":"Professorat (PIA+)"},"content":{"rendered":"<table style=\"border-collapse: collapse; width: 100%;\">\n<tbody>\n<tr>\n<td style=\"width: 100%; background-color: #a0ebce; text-align: center;\">\n<h4><span style=\"color: #000000;\"><strong>Programa PIA+. Idiomes i nivells<\/strong><\/span><\/h4>\n<\/td>\n<\/tr>\n<\/tbody>\n<\/table>\n<p style=\"text-align: justify;\">El Programa PIA+ \u00e9s un ajut a l\u2019estudi per al professorat que cursi i superi una llengua estrangera en una Escola Oficial d&#8217;Idiomes (EOI) <span style=\"color: #0000ff;\"><strong>(l<\/strong><strong>&#8216;EOI Banyoles ofereix angl\u00e8s i franc\u00e8s) <\/strong><\/span>o a l\u2019Institut Obert de Catalunya (IOC) per als idiomes i nivells seg\u00fcents:<\/p>\n<table style=\"border-collapse: collapse; width: 100%; height: 192px;\">\n<tbody>\n<tr style=\"height: 32px;\">\n<td style=\"width: 33.3333%; text-align: center; background-color: #73a0f5; height: 32px;\">\n<h4><span style=\"color: #000000;\"><strong>CENTRE<\/strong><\/span><\/h4>\n<\/td>\n<td style=\"width: 33.3333%; text-align: center; background-color: #73a0f5; height: 32px;\">\n<h4><span style=\"color: #000000;\"><strong>IDIOMES<\/strong><\/span><\/h4>\n<\/td>\n<td style=\"width: 33.3333%; text-align: center; background-color: #73a0f5; height: 32px;\">\n<h4><span style=\"color: #000000;\"><strong>NIVELLS<\/strong><\/span><\/h4>\n<\/td>\n<\/tr>\n<tr style=\"height: 32px;\">\n<td style=\"width: 33.3333%; background-color: #cfedfc; text-align: center; height: 32px;\">\n<h4><span style=\"color: #000000;\">EOI<\/span><\/h4>\n<\/td>\n<td style=\"width: 33.3333%; background-color: #cfedfc; text-align: center; height: 32px;\">\n<h4><span style=\"color: #000000;\">angl\u00e8s<\/span><\/h4>\n<\/td>\n<td style=\"width: 33.3333%; background-color: #cfedfc; text-align: center; height: 32px;\">\n<h4><span style=\"color: #000000;\">B2.1, B2.2, C1, C2.1 i C2.2<\/span><\/h4>\n<\/td>\n<\/tr>\n<tr style=\"height: 32px;\">\n<td style=\"width: 33.3333%; background-color: #cfedfc; text-align: center; height: 32px;\">\n<h4><span style=\"color: #000000;\">EOI<\/span><\/h4>\n<\/td>\n<td style=\"width: 33.3333%; background-color: #cfedfc; text-align: center; height: 32px;\">\n<h4><span style=\"color: #000000;\">alemany, franc\u00e8s, itali\u00e0, xin\u00e8s, \u00e0rab, rus, japon\u00e8s, core\u00e0, \u00e8uscar, neerland\u00e8s, grec modern i portugu\u00e8s<\/span><\/h4>\n<\/td>\n<td style=\"width: 33.3333%; background-color: #cfedfc; text-align: center; height: 32px;\">\n<h4><span style=\"color: #000000;\">tots els nivells<\/span><\/h4>\n<\/td>\n<\/tr>\n<tr style=\"height: 32px;\">\n<td style=\"width: 33.3333%; background-color: #cfedfc; text-align: center; height: 32px;\">\n<h4><span style=\"color: #000000;\">EOI<\/span><\/h4>\n<\/td>\n<td style=\"width: 33.3333%; background-color: #cfedfc; text-align: center; height: 32px;\">\n<h4><span style=\"color: #000000;\">catal\u00e0<\/span><\/h4>\n<\/td>\n<td style=\"width: 33.3333%; background-color: #cfedfc; text-align: center; height: 32px;\">\n<h4><span style=\"color: #000000;\">C2<\/span><\/h4>\n<\/td>\n<\/tr>\n<tr style=\"height: 32px;\">\n<td style=\"width: 33.3333%; background-color: #e8f4fa; text-align: center; height: 32px;\">\n<h4><span style=\"color: #000000;\">IOC<\/span><\/h4>\n<\/td>\n<td style=\"width: 33.3333%; background-color: #e8f4fa; text-align: center; height: 32px;\">\n<h4><span style=\"color: #000000;\">angl\u00e8s<\/span><\/h4>\n<\/td>\n<td style=\"width: 33.3333%; background-color: #e8f4fa; text-align: center; height: 32px;\">\n<h4><span style=\"color: #000000;\">B1, B2.1 i B2.2<\/span><\/h4>\n<\/td>\n<\/tr>\n<tr style=\"height: 32px;\">\n<td style=\"width: 33.3333%; background-color: #e8f4fa; text-align: center; height: 32px;\">\n<h4><span style=\"color: #000000;\">IOC<\/span><\/h4>\n<\/td>\n<td style=\"width: 33.3333%; background-color: #e8f4fa; text-align: center; height: 32px;\">\n<h4><span style=\"color: #000000;\">alemany<\/span><\/h4>\n<\/td>\n<td style=\"width: 33.3333%; background-color: #e8f4fa; text-align: center; height: 32px;\">\n<h4><span style=\"color: #000000;\">A1 i A2<\/span><\/h4>\n<\/td>\n<\/tr>\n<tr>\n<td style=\"width: 33.3333%; background-color: #e8f4fa; text-align: center;\">\n<h4><span style=\"color: #000000;\">IOC<\/span><\/h4>\n<\/td>\n<td style=\"width: 33.3333%; background-color: #e8f4fa; text-align: center;\">\n<h4><span style=\"color: #000000;\">catal\u00e0<\/span><\/h4>\n<\/td>\n<td style=\"width: 33.3333%; background-color: #e8f4fa; text-align: center;\">\n<h4><span style=\"color: #000000;\">C2.2<\/span><\/h4>\n<\/td>\n<\/tr>\n<\/tbody>\n<\/table>\n<p>&nbsp;<\/p>\n<table style=\"border-collapse: collapse; width: 100%;\">\n<tbody>\n<tr>\n<td style=\"width: 100%; background-color: #a0ebce; text-align: center;\">\n<h4><span style=\"color: #000000;\"><strong>Requisits<\/strong><\/span><\/h4>\n<\/td>\n<\/tr>\n<\/tbody>\n<\/table>\n<p>El requisit per poder participar en el Programa PIA+ \u00e9s disposar d\u2019un correu xtec i ser docent actiu en un d\u2019aquests llocs:<\/p>\n<ul>\n<li>centre p\u00fablic, concertat o municipal<\/li>\n<li>Serveis Territorials, Consorci d\u2019Educaci\u00f3 de Barcelona o Serveis Centrals del Departament d\u2019Educaci\u00f3<\/li>\n<li>Cos de la Inspecci\u00f3 Educativa<\/li>\n<\/ul>\n<p>&nbsp;<\/p>\n<table style=\"border-collapse: collapse; width: 100%;\">\n<tbody>\n<tr>\n<td style=\"width: 100%; background-color: #a0ebce; text-align: center;\">\n<h4><span style=\"color: #000000;\"><strong>Matr\u00edcula<\/strong><\/span><\/h4>\n<\/td>\n<\/tr>\n<\/tbody>\n<\/table>\n<p>El professorat que es vulgui acollir al Programa PIA+ en el curs 2024-2025 haur\u00e0 de seguir el procediment ordinari per a la inscripci\u00f3 als cursos de les EOI i l\u2019IOC. La inscripci\u00f3 s\u2019ha de fer, en tots els casos, utilitzant el correu corporatiu @xtec.cat. L\u2019alumnat lliure no pot acollir-se al Programa PIA+.<\/p>\n<p>El Programa PIA+ tamb\u00e9 \u00e9s aplicable per a la modalitat de <em>Matr\u00edcula d\u2019actualitzaci\u00f3<\/em> a les EOI.<\/p>\n<p>&nbsp;<\/p>\n<table style=\"border-collapse: collapse; width: 100%;\">\n<tbody>\n<tr>\n<td style=\"width: 100%; background-color: #a0ebce; text-align: center;\">\n<h4><span style=\"color: #000000;\"><strong>M\u00e9s informaci\u00f3<\/strong><\/span><\/h4>\n<\/td>\n<\/tr>\n<\/tbody>\n<\/table>\n<p>Trobareu m\u00e9s informaci\u00f3 clicant <strong><a href=\"http:\/\/xtec.gencat.cat\/ca\/formacio\/formaciogeneralprofessorat\/llengues\/programa-pia\/\" target=\"_blank\" rel=\"noopener\">AQU\u00cd<\/a><\/strong>.<\/p>\n","protected":false},"excerpt":{"rendered":"<p>Programa PIA+. Idiomes i nivells El Programa PIA+ \u00e9s un ajut a l\u2019estudi per al professorat que cursi i superi una llengua estrangera en una Escola Oficial d&#8217;Idiomes (EOI) (l&#8216;EOI Banyoles ofereix angl\u00e8s i franc\u00e8s) o a l\u2019Institut Obert de Catalunya (IOC) per als idiomes i nivells seg\u00fcents: CENTRE IDIOMES NIVELLS EOI angl\u00e8s B2.1, B2.2, [&hellip;]<\/p>\n","protected":false},"author":1,"featured_media":0,"parent":8358,"menu_order":12,"comment_status":"closed","ping_status":"closed","template":"page-templates\/side-menu.php","meta":{"_bbp_topic_count":0,"_bbp_reply_count":0,"_bbp_total_topic_count":0,"_bbp_total_reply_count":0,"_bbp_voice_count":0,"_bbp_anonymous_reply_count":0,"_bbp_topic_count_hidden":0,"_bbp_reply_count_hidden":0,"_bbp_forum_subforum_count":0,"site-sidebar-layout":"default","site-content-layout":"","ast-site-content-layout":"","site-content-style":"default","site-sidebar-style":"default","ast-global-header-display":"","ast-banner-title-visibility":"","ast-main-header-display":"","ast-hfb-above-header-display":"","ast-hfb-below-header-display":"","ast-hfb-mobile-header-display":"","site-post-title":"","ast-breadcrumbs-content":"","ast-featured-img":"","footer-sml-layout":"","theme-transparent-header-meta":"","adv-header-id-meta":"","stick-header-meta":"","header-above-stick-meta":"","header-main-stick-meta":"","header-below-stick-meta":"","astra-migrate-meta-layouts":"default","ast-page-background-enabled":"default","ast-page-background-meta":{"desktop":{"background-color":"var(--ast-global-color-4)","background-image":"","background-repeat":"repeat","background-position":"center center","background-size":"auto","background-attachment":"scroll","background-type":"","background-media":"","overlay-type":"","overlay-color":"","overlay-opacity":"","overlay-gradient":""},"tablet":{"background-color":"","background-image":"","background-repeat":"repeat","background-position":"center center","background-size":"auto","background-attachment":"scroll","background-type":"","background-media":"","overlay-type":"","overlay-color":"","overlay-opacity":"","overlay-gradient":""},"mobile":{"background-color":"","background-image":"","background-repeat":"repeat","background-position":"center center","background-size":"auto","background-attachment":"scroll","background-type":"","background-media":"","overlay-type":"","overlay-color":"","overlay-opacity":"","overlay-gradient":""}},"ast-content-background-meta":{"desktop":{"background-color":"var(--ast-global-color-5)","background-image":"","background-repeat":"repeat","background-position":"center center","background-size":"auto","background-attachment":"scroll","background-type":"","background-media":"","overlay-type":"","overlay-color":"","overlay-opacity":"","overlay-gradient":""},"tablet":{"background-color":"var(--ast-global-color-5)","background-image":"","background-repeat":"repeat","background-position":"center center","background-size":"auto","background-attachment":"scroll","background-type":"","background-media":"","overlay-type":"","overlay-color":"","overlay-opacity":"","overlay-gradient":""},"mobile":{"background-color":"var(--ast-global-color-5)","background-image":"","background-repeat":"repeat","background-position":"center center","background-size":"auto","background-attachment":"scroll","background-type":"","background-media":"","overlay-type":"","overlay-color":"","overlay-opacity":"","overlay-gradient":""}},"footnotes":""},"class_list":["post-8168","page","type-page","status-publish","hentry"],"post_mailing_queue_ids":[],"_links":{"self":[{"href":"https:\/\/agora-eoi.xtec.cat\/eoibanyoles\/wp-json\/wp\/v2\/pages\/8168","targetHints":{"allow":["GET"]}}],"collection":[{"href":"https:\/\/agora-eoi.xtec.cat\/eoibanyoles\/wp-json\/wp\/v2\/pages"}],"about":[{"href":"https:\/\/agora-eoi.xtec.cat\/eoibanyoles\/wp-json\/wp\/v2\/types\/page"}],"author":[{"embeddable":true,"href":"https:\/\/agora-eoi.xtec.cat\/eoibanyoles\/wp-json\/wp\/v2\/users\/1"}],"replies":[{"embeddable":true,"href":"https:\/\/agora-eoi.xtec.cat\/eoibanyoles\/wp-json\/wp\/v2\/comments?post=8168"}],"version-history":[{"count":7,"href":"https:\/\/agora-eoi.xtec.cat\/eoibanyoles\/wp-json\/wp\/v2\/pages\/8168\/revisions"}],"predecessor-version":[{"id":12278,"href":"https:\/\/agora-eoi.xtec.cat\/eoibanyoles\/wp-json\/wp\/v2\/pages\/8168\/revisions\/12278"}],"up":[{"embeddable":true,"href":"https:\/\/agora-eoi.xtec.cat\/eoibanyoles\/wp-json\/wp\/v2\/pages\/8358"}],"wp:attachment":[{"href":"https:\/\/agora-eoi.xtec.cat\/eoibanyoles\/wp-json\/wp\/v2\/media?parent=8168"}],"curies":[{"name":"wp","href":"https:\/\/api.w.org\/{rel}","templated":true}]}}